{"id":3454,"date":"2019-02-10T14:41:32","date_gmt":"2019-02-10T13:41:32","guid":{"rendered":"https:\/\/fs.kswe.ch\/spo\/?page_id=3454"},"modified":"2019-02-10T14:54:06","modified_gmt":"2019-02-10T13:54:06","slug":"sporttag09","status":"publish","type":"page","link":"https:\/\/fs.kswe.ch\/spo\/sporttag09\/","title":{"rendered":"Sporttag09"},"content":{"rendered":"<div class=\"wpb-content-wrapper\"><p>[vc_row row_type=&#8220;row&#8220; use_row_as_full_screen_section=&#8220;no&#8220; type=&#8220;full_width&#8220; text_align=&#8220;left&#8220; background_animation=&#8220;none&#8220; css_animation=&#8220;&#8220;][vc_column width=&#8220;2\/3&#8243;][vc_column_text]<em><strong>Sporttag 2009<\/strong><\/em>[\/vc_column_text][\/vc_column][vc_column width=&#8220;1\/3&#8243;][\/vc_column][\/vc_row][vc_row row_type=&#8220;row&#8220; use_row_as_full_screen_section=&#8220;no&#8220; type=&#8220;full_width&#8220; text_align=&#8220;left&#8220; background_animation=&#8220;none&#8220; css_animation=&#8220;&#8220;][vc_column][vc_empty_space][\/vc_column][\/vc_row][vc_row row_type=&#8220;row&#8220; use_row_as_full_screen_section=&#8220;no&#8220; type=&#8220;full_width&#8220; text_align=&#8220;left&#8220; background_animation=&#8220;none&#8220; css_animation=&#8220;&#8220;][vc_column][vc_column_text]Am 25. Juni fand bei leicht bew\u00f6lktem Wetter und angenehmen Temperaturen der allj\u00e4hrliche Sporttag der Kantonsschule Wettingen statt. Dieses Jahr drehte sich alles um Fussball, Volleyball und Wald. Beim Waldtrophy mussten sich die 700 Teilnehmerinnen und Teilnehmer in den verschiedenen Disziplinen Orientierung, Bike, Kooperation, Wahrnehmung und Koordinierung messen. Bei mehreren Fussball- und Volleyballturnieren konnten die Teams in den Gruppen Damen, Herren und Mixed gegeneinander antreten. Die Fussball- und Volleyballturniere fanden auf dem Sportplatz, den Wiesen und dem Beach-Volleyballfeld statt. Die Wald-Wettbewerbe wurden im R\u00fcslerwald und auf dem Chr\u00fczliberg bei Neuenhof ausgetragen. \u00dcber den Mittag wurde den Sportlerinnen und Sportlern sowie auch den Helfern ein leckeres Essen der Mensa zur Verf\u00fcgung gestellt. Auch der bereitgestellte Tee und die erfrischenden Fr\u00fcchte fanden grossen Anklang. Die ausgelassene Stimmung, die schon am Morgen herrschte, hielt den ganzen Tag an. Alle Sch\u00fclerinnen und Sch\u00fcler waren mit Begeisterung dabei und auch die Lehrpersonen und Helfer bem\u00fchten sich, den Sporttag zu einem unvergesslichen Erlebnis zu machen. So ging auch dieses Jahr der Sporttag reibungslos \u00fcber die B\u00fchne.<\/p>\n<p>&nbsp;<\/p>\n<p>Am Sp\u00e4tnachmittag fand die mit Spannung erwartete Siegerehrung statt, bei der die einzelnen Abteilungen in den verschiedenen Disziplinen f\u00fcr ihre guten Leistungen belohnt wurden. Als Preis f\u00fcr den Gesamtsieg gab es f\u00fcr die Abteilung G3F dieses Jahr ein gr\u00fcnes KSWE-T-Shirt. Der Sporttag war wieder einmal ein Riesenerfolg und wird allen Teilnehmern und Helfern sicher positiv in Erinnerung bleiben.<\/p>\n<p>&nbsp;<\/p>\n<p>Larissa Willi G1C &amp; Nadin Meier F1A[\/vc_column_text][\/vc_column][\/vc_row][vc_row row_type=&#8220;row&#8220; use_row_as_full_screen_section=&#8220;no&#8220; type=&#8220;full_width&#8220; text_align=&#8220;left&#8220; background_animation=&#8220;none&#8220; css_animation=&#8220;&#8220;][vc_column][vc_empty_space][vc_separator type=&#8220;normal&#8220; border_style=&#8220;&#8220;][\/vc_column][\/vc_row][vc_row row_type=&#8220;row&#8220; use_row_as_full_screen_section=&#8220;no&#8220; type=&#8220;full_width&#8220; text_align=&#8220;left&#8220; background_animation=&#8220;none&#8220; css_animation=&#8220;&#8220;][vc_column width=&#8220;5\/6&#8243;][vc_column_text]<\/p>\n<ul>\n<li><a href=\"https:\/\/fs.kswe.ch\/spo\/wp-content\/uploads\/sites\/9\/2019\/02\/RanglistenSporttag09.pdf\"><span style=\"color: #800000\">Ranglisten<\/span><\/a><\/li>\n<\/ul>\n<p>[\/vc_column_text][\/vc_column][vc_column width=&#8220;1\/6&#8243;][vc_column_text]<\/p>\n<ul>\n<li style=\"text-align: right\"><a href=\"https:\/\/fs.kswe.ch\/spo\/sporttag\/\"><span style=\"color: #800000\">zur\u00fcck<\/span><\/a><\/li>\n<\/ul>\n<p>[\/vc_column_text][\/vc_column][\/vc_row][vc_row row_type=&#8220;row&#8220; use_row_as_full_screen_section=&#8220;no&#8220; type=&#8220;full_width&#8220; text_align=&#8220;left&#8220; background_animation=&#8220;none&#8220; css_animation=&#8220;&#8220;][vc_column][vc_empty_space height=&#8220;12px&#8220;][vc_separator type=&#8220;normal&#8220; border_style=&#8220;&#8220;][vc_empty_space][\/vc_column][\/vc_row][vc_row row_type=&#8220;row&#8220; use_row_as_full_screen_section=&#8220;no&#8220; type=&#8220;full_width&#8220; text_align=&#8220;left&#8220; background_animation=&#8220;none&#8220; css_animation=&#8220;&#8220;][vc_column][vc_column_text]Bildergalerie[\/vc_column_text][\/vc_column][\/vc_row][vc_row row_type=&#8220;row&#8220; use_row_as_full_screen_section=&#8220;no&#8220; type=&#8220;full_width&#8220; text_align=&#8220;left&#8220; background_animation=&#8220;none&#8220; css_animation=&#8220;&#8220;][vc_column][vc_empty_space][\/vc_column][\/vc_row][vc_row row_type=&#8220;row&#8220; use_row_as_full_screen_section=&#8220;no&#8220; type=&#8220;full_width&#8220; text_align=&#8220;left&#8220; background_animation=&#8220;none&#8220; css_animation=&#8220;&#8220;][vc_column][vc_gallery type=&#8220;image_grid&#8220; images=&#8220;3355,3354,3353,3352,3351,3350,3349,3347,3346,3345,3344,3342,3340,3339,3338,3337,3336,3330,3329,3328,3327,3326,3325,3324,3323,3322,3321,3320,3319,3317,3316,3315,3314,3313,3312,3311,3310,3309,3308,3307,3306,3305,3303,3302,3300,3299,3298,3297,3296,3294,3293,3292,3291,3290,3289,3288,3287,3286,3285,3284,3283,3282,3281,3280,3279,3278,3277,3276,3275,3274,3273,3272,3271,3270,3269,3268,3267,3266,3265,3264,3263,3260,3259,3258&#8243; img_size=&#8220;full&#8220; onclick=&#8220;&#8220; column_number=&#8220;0&#8243; grayscale=&#8220;no&#8220; space_between_images=&#8220;no&#8220;][\/vc_column][\/vc_row]<\/p>\n<\/div>","protected":false},"excerpt":{"rendered":"<p>[vc_row row_type=&#8220;row&#8220; use_row_as_full_screen_section=&#8220;no&#8220; type=&#8220;full_width&#8220; text_align=&#8220;left&#8220; background_animation=&#8220;none&#8220; css_animation=&#8220;&#8220;][vc_column width=&#8220;2\/3&#8243;][vc_column_text]Sporttag 2009[\/vc_column_text][\/vc_column][vc_column width=&#8220;1\/3&#8243;][\/vc_column][\/vc_row][vc_row row_type=&#8220;row&#8220; use_row_as_full_screen_section=&#8220;no&#8220; type=&#8220;full_width&#8220; text_align=&#8220;left&#8220; background_animation=&#8220;none&#8220; css_animation=&#8220;&#8220;][vc_column][vc_empty_space][\/vc_column][\/vc_row][vc_row row_type=&#8220;row&#8220; use_row_as_full_screen_section=&#8220;no&#8220; type=&#8220;full_width&#8220; text_align=&#8220;left&#8220; background_animation=&#8220;none&#8220; css_animation=&#8220;&#8220;][vc_column][vc_column_text]Am 25. Juni fand bei leicht bew\u00f6lktem Wetter und angenehmen Temperaturen der allj\u00e4hrliche Sporttag der Kantonsschule Wettingen statt. Dieses Jahr drehte sich alles um&#8230;<\/p>\n","protected":false},"author":10,"featured_media":0,"parent":0,"menu_order":0,"comment_status":"closed","ping_status":"closed","template":"","meta":{"footnotes":""},"class_list":["post-3454","page","type-page","status-publish","hentry"],"_links":{"self":[{"href":"https:\/\/fs.kswe.ch\/spo\/wp-json\/wp\/v2\/pages\/3454","targetHints":{"allow":["GET"]}}],"collection":[{"href":"https:\/\/fs.kswe.ch\/spo\/wp-json\/wp\/v2\/pages"}],"about":[{"href":"https:\/\/fs.kswe.ch\/spo\/wp-json\/wp\/v2\/types\/page"}],"author":[{"embeddable":true,"href":"https:\/\/fs.kswe.ch\/spo\/wp-json\/wp\/v2\/users\/10"}],"replies":[{"embeddable":true,"href":"https:\/\/fs.kswe.ch\/spo\/wp-json\/wp\/v2\/comments?post=3454"}],"version-history":[{"count":6,"href":"https:\/\/fs.kswe.ch\/spo\/wp-json\/wp\/v2\/pages\/3454\/revisions"}],"predecessor-version":[{"id":3464,"href":"https:\/\/fs.kswe.ch\/spo\/wp-json\/wp\/v2\/pages\/3454\/revisions\/3464"}],"wp:attachment":[{"href":"https:\/\/fs.kswe.ch\/spo\/wp-json\/wp\/v2\/media?parent=3454"}],"curies":[{"name":"wp","href":"https:\/\/api.w.org\/{rel}","templated":true}]}}