{"id":3247,"date":"2019-02-10T03:33:51","date_gmt":"2019-02-10T02:33:51","guid":{"rendered":"https:\/\/fs.kswe.ch\/spo\/?page_id=3247"},"modified":"2019-02-10T03:45:50","modified_gmt":"2019-02-10T02:45:50","slug":"sporttag10","status":"publish","type":"page","link":"https:\/\/fs.kswe.ch\/spo\/sporttag10\/","title":{"rendered":"Sporttag10"},"content":{"rendered":"<div class=\"wpb-content-wrapper\"><p>[vc_row row_type=&#8220;row&#8220; use_row_as_full_screen_section=&#8220;no&#8220; type=&#8220;full_width&#8220; text_align=&#8220;left&#8220; background_animation=&#8220;none&#8220; css_animation=&#8220;&#8220;][vc_column width=&#8220;2\/3&#8243;][vc_column_text]<em><strong>Sporttag 2010<br \/>\n<\/strong><\/em>[\/vc_column_text][\/vc_column][vc_column width=&#8220;1\/3&#8243;][\/vc_column][\/vc_row][vc_row row_type=&#8220;row&#8220; use_row_as_full_screen_section=&#8220;no&#8220; type=&#8220;full_width&#8220; text_align=&#8220;left&#8220; background_animation=&#8220;none&#8220; css_animation=&#8220;&#8220;][vc_column][vc_empty_space][\/vc_column][\/vc_row][vc_row row_type=&#8220;row&#8220; use_row_as_full_screen_section=&#8220;no&#8220; type=&#8220;full_width&#8220; text_align=&#8220;left&#8220; background_animation=&#8220;none&#8220; css_animation=&#8220;&#8220;][vc_column][vc_column_text]Der Sporttag der Kantonsschule Wettingen fand dieses Jahr am Donnerstag, dem 24. Juni, statt. Nach wochenlanger Eiszeit waren wir froh, dass sich die Sonne endlich blicken liess und Sommerstimmung aufkommen konnte. Das super Wetter sorgte bereits von den ersten Morgenstunden an f\u00fcr gute Laune unter den rund 700 Sch\u00fclerinnen und Sch\u00fclern.<\/p>\n<p>&nbsp;<\/p>\n<p>F\u00fcr viel Spass sorgte auch das abwechslungsreiche Programm: Einerseits fanden wieder Frauen-, Herren-, und Mixed-Turniere in den Sportarten Volleyball, Fussball, Basketball und Unihockey statt, andererseits war ein Kloster-Cup zu bew\u00e4ltigen, bei dem die Teilnehmenden ihre Geschicklichkeit an 8 Posten beweisen konnten. Bei verschiedenen M\u00f6nchst\u00e4tigkeiten, von Eselreiten und Kr\u00e4uter bestimmen \u00fcber Blechdosen wegspritzen und N\u00e4gel einschlagen bis hin zu Biertransport, Hufeisenwerfen, Fischen und Obstfangen, mussten die Wettk\u00e4mpferinnen und Wettk\u00e4mpfer zeigen, dass sie w\u00fcrdig sind, in einem Kloster zur Schule zu gehen. F\u00fcr Unterhaltung war also gesorgt und die teilweise sehr ausgeflippten Tenues trugen das ihre zur ausgelassenen Stimmung bei. Die Turniere fanden in den Sporthallen, auf dem Beachfeld, den Wiesen und dem roten Platz statt, w\u00e4hrend der Kloster-Cup rund um das ganze Klostergel\u00e4nde ausgetragen wurde. Und wie jedes Jahr begl\u00fcckte uns die Mensa wieder mit ihrem leckeren und grossz\u00fcgigen Zmittag, die fleissigen Eisteebrauer l\u00f6schten gerne den Durst der sportlichen Teilnehmerinnen und Teilnehmer und sorgten f\u00fcr viel energiereichen Zucker im Blut. Somit konnten alle trotz der Hitze und der prallen Sonne vollen Einsatz zeigen.<\/p>\n<p>&nbsp;<\/p>\n<p>Am sp\u00e4teren Nachmittag wurden schliesslich die Sieger des Kloster-Cups, die Abteilung G3B geehrt, welche f\u00fcr ihre Leistungen mit einem Preis (froschgr\u00fcne T-Shirts von gecko-sports) belohnt wurden. Doch am Ende waren alle Teilnehmenden Sieger, denn sie haben alle eine sch\u00f6ne Erinnerung an diesen Sporttag gewonnen, welcher auch dank den Organisatoren und Helfern zu einem unvergesslichen Tag wurde.<\/p>\n<p>&nbsp;<\/p>\n<p>Livia Rubi, Seraina Schwenk (die 2 Kaputten vom G2C)[\/vc_column_text][\/vc_column][\/vc_row][vc_row row_type=&#8220;row&#8220; use_row_as_full_screen_section=&#8220;no&#8220; type=&#8220;full_width&#8220; text_align=&#8220;left&#8220; background_animation=&#8220;none&#8220; css_animation=&#8220;&#8220;][vc_column][vc_empty_space][vc_separator type=&#8220;normal&#8220; border_style=&#8220;&#8220;][\/vc_column][\/vc_row][vc_row row_type=&#8220;row&#8220; use_row_as_full_screen_section=&#8220;no&#8220; type=&#8220;full_width&#8220; text_align=&#8220;left&#8220; background_animation=&#8220;none&#8220; css_animation=&#8220;&#8220;][vc_column width=&#8220;5\/6&#8243;][vc_column_text]<\/p>\n<ul>\n<li><a href=\"https:\/\/fs.kswe.ch\/spo\/wp-content\/uploads\/sites\/9\/2019\/02\/RanglisteSporttag10_1.pdf\"><span style=\"color: #800000\">Rangliste Chlostercup<\/span><\/a><\/li>\n<li><a href=\"https:\/\/fs.kswe.ch\/spo\/wp-content\/uploads\/sites\/9\/2019\/02\/RanglisteSporttag10_2.pdf\"><span style=\"color: #800000\">Rangliste Spiele<\/span><\/a><\/li>\n<\/ul>\n<p>[\/vc_column_text][\/vc_column][vc_column width=&#8220;1\/6&#8243;][vc_column_text]<\/p>\n<ul>\n<li style=\"text-align: right\"><a href=\"https:\/\/fs.kswe.ch\/spo\/sporttag\/\"><span style=\"color: #800000\">zur\u00fcck<\/span><\/a><\/li>\n<\/ul>\n<p>[\/vc_column_text][\/vc_column][\/vc_row][vc_row row_type=&#8220;row&#8220; use_row_as_full_screen_section=&#8220;no&#8220; type=&#8220;full_width&#8220; text_align=&#8220;left&#8220; background_animation=&#8220;none&#8220; css_animation=&#8220;&#8220;][vc_column][vc_empty_space height=&#8220;12px&#8220;][vc_separator type=&#8220;normal&#8220; border_style=&#8220;&#8220;][vc_empty_space][\/vc_column][\/vc_row][vc_row row_type=&#8220;row&#8220; use_row_as_full_screen_section=&#8220;no&#8220; type=&#8220;full_width&#8220; text_align=&#8220;left&#8220; background_animation=&#8220;none&#8220; css_animation=&#8220;&#8220;][vc_column][vc_column_text]Bildergalerie[\/vc_column_text][\/vc_column][\/vc_row][vc_row row_type=&#8220;row&#8220; use_row_as_full_screen_section=&#8220;no&#8220; type=&#8220;full_width&#8220; text_align=&#8220;left&#8220; background_animation=&#8220;none&#8220; css_animation=&#8220;&#8220;][vc_column][vc_empty_space][\/vc_column][\/vc_row][vc_row row_type=&#8220;row&#8220; use_row_as_full_screen_section=&#8220;no&#8220; type=&#8220;full_width&#8220; text_align=&#8220;left&#8220; background_animation=&#8220;none&#8220; css_animation=&#8220;&#8220;][vc_column][vc_gallery type=&#8220;image_grid&#8220; images=&#8220;3244,3243,3242,3241,3240,3239,3238,3237,3236,3235,3234,3233,3218,3217,3216,3215,3214,3213,3212,3211,3210,3209,3208,3207,3206,3205,3204,3203,3202,3201,3200,3199,3198,3197,3196,3195,3194,3193,3192,3191,3190,3189,3188,3187,3186,3185,3232,3231,3230,3229,3228,3227,3226,3225,3224,3223,3222,3221,3219,3220&#8243; img_size=&#8220;full&#8220; onclick=&#8220;&#8220; column_number=&#8220;0&#8243; grayscale=&#8220;no&#8220; space_between_images=&#8220;no&#8220;][\/vc_column][\/vc_row]<\/p>\n<\/div>","protected":false},"excerpt":{"rendered":"<p>[vc_row row_type=&#8220;row&#8220; use_row_as_full_screen_section=&#8220;no&#8220; type=&#8220;full_width&#8220; text_align=&#8220;left&#8220; background_animation=&#8220;none&#8220; css_animation=&#8220;&#8220;][vc_column width=&#8220;2\/3&#8243;][vc_column_text]Sporttag 2010 [\/vc_column_text][\/vc_column][vc_column width=&#8220;1\/3&#8243;][\/vc_column][\/vc_row][vc_row row_type=&#8220;row&#8220; use_row_as_full_screen_section=&#8220;no&#8220; type=&#8220;full_width&#8220; text_align=&#8220;left&#8220; background_animation=&#8220;none&#8220; css_animation=&#8220;&#8220;][vc_column][vc_empty_space][\/vc_column][\/vc_row][vc_row row_type=&#8220;row&#8220; use_row_as_full_screen_section=&#8220;no&#8220; type=&#8220;full_width&#8220; text_align=&#8220;left&#8220; background_animation=&#8220;none&#8220; css_animation=&#8220;&#8220;][vc_column][vc_column_text]Der Sporttag der Kantonsschule Wettingen fand dieses Jahr am Donnerstag, dem 24. Juni, statt. Nach wochenlanger Eiszeit waren wir froh, dass sich die&#8230;<\/p>\n","protected":false},"author":10,"featured_media":0,"parent":0,"menu_order":0,"comment_status":"closed","ping_status":"closed","template":"","meta":{"footnotes":""},"class_list":["post-3247","page","type-page","status-publish","hentry"],"_links":{"self":[{"href":"https:\/\/fs.kswe.ch\/spo\/wp-json\/wp\/v2\/pages\/3247","targetHints":{"allow":["GET"]}}],"collection":[{"href":"https:\/\/fs.kswe.ch\/spo\/wp-json\/wp\/v2\/pages"}],"about":[{"href":"https:\/\/fs.kswe.ch\/spo\/wp-json\/wp\/v2\/types\/page"}],"author":[{"embeddable":true,"href":"https:\/\/fs.kswe.ch\/spo\/wp-json\/wp\/v2\/users\/10"}],"replies":[{"embeddable":true,"href":"https:\/\/fs.kswe.ch\/spo\/wp-json\/wp\/v2\/comments?post=3247"}],"version-history":[{"count":5,"href":"https:\/\/fs.kswe.ch\/spo\/wp-json\/wp\/v2\/pages\/3247\/revisions"}],"predecessor-version":[{"id":3256,"href":"https:\/\/fs.kswe.ch\/spo\/wp-json\/wp\/v2\/pages\/3247\/revisions\/3256"}],"wp:attachment":[{"href":"https:\/\/fs.kswe.ch\/spo\/wp-json\/wp\/v2\/media?parent=3247"}],"curies":[{"name":"wp","href":"https:\/\/api.w.org\/{rel}","templated":true}]}}