{"id":2327,"date":"2019-02-08T01:33:50","date_gmt":"2019-02-08T00:33:50","guid":{"rendered":"https:\/\/fs.kswe.ch\/spo\/?page_id=2327"},"modified":"2019-05-23T22:18:11","modified_gmt":"2019-05-23T20:18:11","slug":"letsmove18","status":"publish","type":"page","link":"https:\/\/fs.kswe.ch\/spo\/letsmove18\/","title":{"rendered":"Let&#8217;s move 18"},"content":{"rendered":"<div class=\"wpb-content-wrapper\"><p>[vc_row row_type=&#8220;row&#8220; use_row_as_full_screen_section=&#8220;no&#8220; type=&#8220;full_width&#8220; text_align=&#8220;left&#8220; background_animation=&#8220;none&#8220; css_animation=&#8220;&#8220;][vc_column][vc_empty_space height=&#8220;24px&#8220;][vc_column_text]<em><strong>Let`s Move 2018 &#8211; <\/strong><strong>Faszinierende Tanzshow<\/strong><\/em>[\/vc_column_text][\/vc_column][\/vc_row][vc_row row_type=&#8220;row&#8220; use_row_as_full_screen_section=&#8220;no&#8220; type=&#8220;full_width&#8220; text_align=&#8220;left&#8220; background_animation=&#8220;none&#8220; css_animation=&#8220;&#8220;][vc_column][vc_empty_space][\/vc_column][\/vc_row][vc_row row_type=&#8220;row&#8220; use_row_as_full_screen_section=&#8220;no&#8220; type=&#8220;full_width&#8220; text_align=&#8220;left&#8220; background_animation=&#8220;none&#8220; css_animation=&#8220;&#8220;][vc_column][vc_column_text]Zum dreizehnten Mal fand an der Kantonsschule Wettingen die beliebte Tanz-Show \u201aLet\u2019s Move\u2019 statt. Unter dem Thema \u201aNah und fern\u2019 choreografierten 13 Sportlehrpersonen mit insgesamt 340 Sch\u00fcler*innen ein Programm mit 21 Darbietungen in Tanz und Akrobatik. Der Event bot dem Publikum ein abwechslungsreiches und t\u00e4nzerisch anspruchsvolles Programm. Eine Tanz-Show mit einer geballten Ladung an Power und guter Stimmung. Fortsetzung erw\u00fcnscht. Alle zwei Jahre organisiert die Fachschaft Sport die grosse Tanzshow \u201aLet\u2019s Move\u2019 zusammen mit den Sch\u00fcler*innen der Kantonsschule Wettingen. Vom Aufbau der B\u00fchne bis zum Flyerdruck sind alle Aufgaben im Drehbuch festgehalten. Dank der bew\u00e4hrten Zusammenarbeit mit dem Sekretariat, dem Hausdienst, der G\u00e4rtnerei und der Schulleitung kann die Fachschaft Sport auch diesmal auf ein gelungenes \u201aLet\u2019s Move\u2019 zur\u00fcckblicken.<\/p>\n<p>&nbsp;<\/p>\n<p><strong>\u201aLet\u2019s Move\u2019 seit \u00fcber 25 Jahren<\/strong><\/p>\n<p>&nbsp;<\/p>\n<p>Erstmals wurde 1992 an der Kantonsschule Wettingen die Tanzshow pr\u00e4sentiert. Damals noch ohne B\u00fchne oder Trib\u00fcne, einzig die St\u00fchle und ein paar Schweinwerfer erinnerten an eine Show. Inzwischen ist der Event zu einem logistisch anspruchsvollen Event gewachsen. Dazu wird die Sporthalle zur B\u00fchne mit spezieller Beleuchtung und Technik umfunktioniert und eine Zuschauertrib\u00fcne aufgebaut. Von Anfang an bis heute dabei sind unsere Sportlehrpersonen Christoph Baldinger und Barbara Humbel.<\/p>\n<p>&nbsp;<\/p>\n<p><strong>Tanz und Akrobatik<\/strong><\/p>\n<p>&nbsp;<\/p>\n<p>Verschiedene Sportabteilungen der ersten bis dritten Stufen, die Freif\u00e4cher Tanzen Fortgeschrittene, Vertikaltuch, Salsa, der Wahlsport Rock\u2019n Roll und das Erg\u00e4nzungsfach Sport erarbeiteten mit viel Engagement und Motivation Choreografien f\u00fcr T\u00e4nze und akrobatische, turnerische Darbietungen. Die Kreativit\u00e4t wurde dabei gross geschrieben. Die drei Vorstellungen waren schnell ausverkauft. In den 2h Stunden wurde das Publikum mit kreativen und spektakul\u00e4ren Darbietungen unterhalten und zum Mitklatschen animiert. Von Jive \u00fcber Funky HipHop zu Brasilian Afro, von Jumpstyle zu Jazz oder Ballett \u2013 die Vielfalt der Tanzstile beeindruckte. Mit einer Streetdance-Choreografie durfte nat\u00fcrlich auch der Tanz der Fachschaft Sport nicht fehlen. Nach der Pause faszinierte mit witzigen Einlagen die traditionelle Rock\u2019n Roll Tanzshow \u201aLockere Fuess\u2019 oder \u201aFlight around the world\u2019 vom Erg\u00e4nzungsfach Sport. Die Kunstradfahrerin, die Turnerinnen am Vertikaltuch und Luftring und nat\u00fcrlich der Breakdancer Mario Jacky liessen den Puls der Zuschauenden h\u00f6her schlagen. Im finalen Dancemob sorgten alle T\u00e4nzer*innen nochmals f\u00fcr bombastische Stimmung.<\/p>\n<p>&nbsp;<\/p>\n<p><strong>Sportabteilung steht im Mittelpunkt<\/strong><\/p>\n<p>&nbsp;<\/p>\n<p>Die H\u00e4lfte der 21 Darbietungen entstand aus dem Verband der Sportabteilungen heraus. Beim Auftritt am \u201aLet\u2019s Move\u2019 wird nicht Perfektion erwartet. Wichtig ist, dass ganze Sportabteilungen motiviert mitmachen und es nicht nur eine Auswahl der Besten ist. Die 340 mitwirkenden Sch\u00fcler*innen zeigten in ihren Tanzdarbietungen denn auch, wie viel positive Energie frei wird, wenn man f\u00fcreinander und miteinander \u00fcber l\u00e4ngere Zeit an einem Projekt arbeitet. Der p\u00e4dagogische Wert liegt dabei in der gemeinsamen Erarbeitung des Tanzes und im Auftreten vor Publikum. Der gesamte Prozess von der Musikwahl \u00fcbers Einstudieren und \u00dcben bis zum B\u00fchnenauftritt ist nicht immer geradlinig und l\u00e4sst den Puls der Sportlehrpersonen auch ab und zu h\u00f6her schlagen. Der wachsende Zusammenhalt in der Sportabteilung durch das gemeinsame Tanzprojekt, der Auftritt vor Publikum und die dabei entstehende gute Stimmung aber ist schliesslich etwas vom besten, was einer Schule oder einer Klasse passieren kann.<\/p>\n<p>&nbsp;<\/p>\n<p><strong>\u201aTanzfamilie\u2019 mit Power<\/strong><\/p>\n<p>&nbsp;<\/p>\n<p>Die Tanzshow \u201aLet\u2019s Move 2018\u2019 ist zwar vorbei, die motivierende Stimmung aber hallt nach. Wer an der dritten und letzten Vorstellung des \u201aLet\u2019s Move\u2019 dabei war, erlebte beim Finale 340 motivierte Sch\u00fcler*innen, die ihrem Power und ihrer Freude beim Dancemob nochmals Ausdruck verliehen. Die einzelnen Tanzgruppen schmolzen zu einer grossen Tanzfamilie, die Vollgas gab und das Publikum mitriss. Die geballte Ladung an Energie in den Wellen war nochmals ein H\u00f6hepunkt des Abends.<\/p>\n<p>&nbsp;<\/p>\n<p>Die Fachschaft Sport gratuliert allen Sch\u00fcler*innen zu diesem einmaligen \u201aLet\u2019s Move 2018\u2019. Ein unvergessliches Erlebnis.<\/p>\n<p>&nbsp;<\/p>\n<p>Text: Andrea Baumeler<br \/>\nBilder: Simone Zuberb\u00fchler[\/vc_column_text][\/vc_column][\/vc_row][vc_row row_type=&#8220;row&#8220; use_row_as_full_screen_section=&#8220;no&#8220; type=&#8220;full_width&#8220; text_align=&#8220;left&#8220; background_animation=&#8220;none&#8220; css_animation=&#8220;&#8220;][vc_column][vc_empty_space][\/vc_column][\/vc_row][vc_row row_type=&#8220;row&#8220; use_row_as_full_screen_section=&#8220;no&#8220; type=&#8220;full_width&#8220; text_align=&#8220;left&#8220; background_animation=&#8220;none&#8220; css_animation=&#8220;&#8220;][vc_column][vc_column_text]<\/p>\n<ul>\n<li><a href=\"https:\/\/fs.kswe.ch\/spo\/letsmove\/\"><span style=\"color: #800000\">zur\u00fcck<\/span><\/a><\/li>\n<\/ul>\n<p>[\/vc_column_text][\/vc_column][\/vc_row][vc_row row_type=&#8220;row&#8220; use_row_as_full_screen_section=&#8220;no&#8220; type=&#8220;full_width&#8220; text_align=&#8220;left&#8220; background_animation=&#8220;none&#8220; css_animation=&#8220;&#8220;][vc_column][vc_empty_space height=&#8220;24px&#8220;][\/vc_column][\/vc_row][vc_row row_type=&#8220;row&#8220; use_row_as_full_screen_section=&#8220;no&#8220; type=&#8220;full_width&#8220; text_align=&#8220;left&#8220; background_animation=&#8220;none&#8220; css_animation=&#8220;&#8220;][vc_column][vc_separator type=&#8220;normal&#8220; border_style=&#8220;&#8220;][\/vc_column][\/vc_row][vc_row row_type=&#8220;row&#8220; use_row_as_full_screen_section=&#8220;no&#8220; type=&#8220;full_width&#8220; text_align=&#8220;left&#8220; background_animation=&#8220;none&#8220; css_animation=&#8220;&#8220;][vc_column][vc_empty_space height=&#8220;24px&#8220;][\/vc_column][\/vc_row][vc_row row_type=&#8220;row&#8220; use_row_as_full_screen_section=&#8220;no&#8220; type=&#8220;full_width&#8220; text_align=&#8220;left&#8220; background_animation=&#8220;none&#8220; css_animation=&#8220;&#8220;][vc_column][vc_column_text]Bildergalerie[\/vc_column_text][\/vc_column][\/vc_row][vc_row row_type=&#8220;row&#8220; use_row_as_full_screen_section=&#8220;no&#8220; type=&#8220;full_width&#8220; text_align=&#8220;left&#8220; background_animation=&#8220;none&#8220; css_animation=&#8220;&#8220;][vc_column][vc_empty_space height=&#8220;12px&#8220;][\/vc_column][\/vc_row][vc_row row_type=&#8220;row&#8220; use_row_as_full_screen_section=&#8220;no&#8220; type=&#8220;full_width&#8220; text_align=&#8220;left&#8220; background_animation=&#8220;none&#8220; css_animation=&#8220;&#8220;][vc_column][vc_gallery type=&#8220;image_grid&#8220; images=&#8220;4211,4208,4207,4205,4204,4202,4201,4199,4198,4197,4196,4194,4193,4191,4189,4188,4187,4186,4185,4184,4183,4180,4175,4174,4171,4169,4168,4167,4166,4164,4163,4159,4156,4155,4154,4153,4152,4151,4150,4149,4148,4147,4146,4145,4144,4142,4139,4138,4137,4135,4133,4132,4131,4126,4122,4121,4120,4119,4117,4116,4115,4114,4113,4112,4111,4109,4108,4107,4106,4105,4104,4102,4100,4099,4098,4097,4096,4095,4094,4092,4089,4088,4087,4086,4085,4084,4081,4080,4078,4076,4074,4061,4060,4059,4058,4057,4056,4055,4054,4052,4049,4041,4037&#8243; img_size=&#8220;full&#8220; onclick=&#8220;&#8220; column_number=&#8220;0&#8243; grayscale=&#8220;no&#8220; space_between_images=&#8220;no&#8220; css=&#8220;.vc_custom_1558642639065{border-radius: 5px !important;}&#8220;][\/vc_column][\/vc_row]<\/p>\n<\/div>","protected":false},"excerpt":{"rendered":"<p>[vc_row row_type=&#8220;row&#8220; use_row_as_full_screen_section=&#8220;no&#8220; type=&#8220;full_width&#8220; text_align=&#8220;left&#8220; background_animation=&#8220;none&#8220; css_animation=&#8220;&#8220;][vc_column][vc_empty_space height=&#8220;24px&#8220;][vc_column_text]Let`s Move 2018 &#8211; Faszinierende Tanzshow[\/vc_column_text][\/vc_column][\/vc_row][vc_row row_type=&#8220;row&#8220; use_row_as_full_screen_section=&#8220;no&#8220; type=&#8220;full_width&#8220; text_align=&#8220;left&#8220; background_animation=&#8220;none&#8220; css_animation=&#8220;&#8220;][vc_column][vc_empty_space][\/vc_column][\/vc_row][vc_row row_type=&#8220;row&#8220; use_row_as_full_screen_section=&#8220;no&#8220; type=&#8220;full_width&#8220; text_align=&#8220;left&#8220; background_animation=&#8220;none&#8220; css_animation=&#8220;&#8220;][vc_column][vc_column_text]Zum dreizehnten Mal fand an der Kantonsschule Wettingen die beliebte Tanz-Show \u201aLet\u2019s Move\u2019 statt. Unter dem Thema \u201aNah und fern\u2019 choreografierten&#8230;<\/p>\n","protected":false},"author":10,"featured_media":0,"parent":0,"menu_order":0,"comment_status":"closed","ping_status":"closed","template":"","meta":{"footnotes":""},"class_list":["post-2327","page","type-page","status-publish","hentry"],"_links":{"self":[{"href":"https:\/\/fs.kswe.ch\/spo\/wp-json\/wp\/v2\/pages\/2327","targetHints":{"allow":["GET"]}}],"collection":[{"href":"https:\/\/fs.kswe.ch\/spo\/wp-json\/wp\/v2\/pages"}],"about":[{"href":"https:\/\/fs.kswe.ch\/spo\/wp-json\/wp\/v2\/types\/page"}],"author":[{"embeddable":true,"href":"https:\/\/fs.kswe.ch\/spo\/wp-json\/wp\/v2\/users\/10"}],"replies":[{"embeddable":true,"href":"https:\/\/fs.kswe.ch\/spo\/wp-json\/wp\/v2\/comments?post=2327"}],"version-history":[{"count":62,"href":"https:\/\/fs.kswe.ch\/spo\/wp-json\/wp\/v2\/pages\/2327\/revisions"}],"predecessor-version":[{"id":7203,"href":"https:\/\/fs.kswe.ch\/spo\/wp-json\/wp\/v2\/pages\/2327\/revisions\/7203"}],"wp:attachment":[{"href":"https:\/\/fs.kswe.ch\/spo\/wp-json\/wp\/v2\/media?parent=2327"}],"curies":[{"name":"wp","href":"https:\/\/api.w.org\/{rel}","templated":true}]}}