{"id":1980,"date":"2019-02-06T02:41:52","date_gmt":"2019-02-06T01:41:52","guid":{"rendered":"https:\/\/fs.kswe.ch\/spo\/?page_id=1980"},"modified":"2019-02-16T21:23:07","modified_gmt":"2019-02-16T20:23:07","slug":"sporttag11","status":"publish","type":"page","link":"https:\/\/fs.kswe.ch\/spo\/sporttag11\/","title":{"rendered":"Sporttag11"},"content":{"rendered":"<div class=\"wpb-content-wrapper\"><p>[vc_row row_type=&#8220;row&#8220; use_row_as_full_screen_section=&#8220;no&#8220; type=&#8220;full_width&#8220; text_align=&#8220;left&#8220; background_animation=&#8220;none&#8220; css_animation=&#8220;&#8220;][vc_column width=&#8220;2\/3&#8243;][vc_column_text]<em><strong>Highlandgames<\/strong><\/em>[\/vc_column_text][\/vc_column][vc_column width=&#8220;1\/3&#8243;][\/vc_column][\/vc_row][vc_row row_type=&#8220;row&#8220; use_row_as_full_screen_section=&#8220;no&#8220; type=&#8220;full_width&#8220; text_align=&#8220;left&#8220; background_animation=&#8220;none&#8220; css_animation=&#8220;&#8220;][vc_column][vc_empty_space][\/vc_column][\/vc_row][vc_row row_type=&#8220;row&#8220; use_row_as_full_screen_section=&#8220;no&#8220; type=&#8220;full_width&#8220; text_align=&#8220;left&#8220; background_animation=&#8220;none&#8220; css_animation=&#8220;&#8220;][vc_column][vc_column_text]Endlich war es wieder soweit! Der allj\u00e4hrliche Sporttag der Kanti Wettingen fand am Mittwoch, 29. Juni 2011 statt. Bei ungewissem Wetter, mit Gewitter- und B\u00f6enprognosen, aber warmen Temperaturen, versammelten sich die rund 750 Sch\u00fclerinnen und Sch\u00fcler am Morgen an ihren Posten. Auch dieses Jahr wurde wieder ein abwechslungsreiches Programm geboten. Die Spieler mussten sich in den so genannten &#8222;Highlandgames&#8220; beweisen, bei denen vor allem Teamgeist und Geschicklichkeit gefragt waren. Beim &#8222;Striking the Church-Bell&#8220; ging es darum, die Kletterstange m\u00f6glichst schnell hinaufzuklettern. Bei &#8222;Digging in the Ribs&#8220; musste man den Gegner mit einem Strohsack vom Balken werfen und dabei aufpassen, dass man niemandem die Rippen brach. Beim &#8222;Throwing the milestone&#8220; sollte man einen Stein m\u00f6glichst weit stossen. Danach kam der Posten &#8222;Saw the tree&#8220;, bei dem m\u00f6glichst schnell ein St\u00fcck Holz von einem Balken abges\u00e4gt und dann in einen Ring geworfen werden musste. Weiter ging es zum &#8222;Hunting the Highlandbull&#8220;. Dabei sollte man m\u00f6glichst viele Punkte beim Bogenschiessen und Rennen sammeln. Der n\u00e4chste Posten war &#8222;Tug of war&#8220;, auch als Seilziehen bekannt und danach Baumstammwerfen, &#8222;Caber toss&#8220; genannt. Am Ende dieses Postenlaufs war dann noch &#8222;Ride the Bull&#8220; dran, bei dem m\u00f6glichst die leichteren Sch\u00fclerinnen herumgetragen und geschoben wurden.<\/p>\n<p>&nbsp;<\/p>\n<p>P\u00fcnktlich um die Mittagszeit hatte das K\u00fcchenteam ein leckeres Essen vorbereitet, auf das sich die hungrigen Sportler st\u00fcrzten. Mit k\u00fchlem Tee und frischen Fr\u00fcchten konnte man Energie f\u00fcr den Nachmittag auftanken, bevor es wieder losging. In den verschiedenen Turnhallen wurde Unihockey und auf den Feldern Fussball und Streetball gespielt. Volleyball konnte sowohl auf dem Beachfeld, als auch auf den normalen Grasfeldern gespielt werden. Ein spezielles Highlight war der Dudelsackspieler, der w\u00e4hrend des Mittagessens hinter der Mensa und anschliessend auf den Sportfeldern auf seinem Instrument blies, und den schottischen Touch des Tages unterst\u00fctzte. Die teils kuriosen Outfits der Sch\u00fclerinnen und Sch\u00fcler -Schottenr\u00f6cke, aufblasbare Schwimmhilfen, blaue Gesichter oder Kriegsbemalung- und die ausgelassene Stimmung sorgten den ganzen Tag f\u00fcr super Laune.<\/p>\n<p>&nbsp;<\/p>\n<p>Am sp\u00e4teren Nachmittag fand dann die Preisverleihung statt, bei dem die Sieger geehrt und die besten Outfits gek\u00fcrt wurden. Am Ende dieses Tages gingen die ersch\u00f6pften Sch\u00fclerinnen und Sch\u00fcler gl\u00fccklich nach Hause. Sie werden auch diesen Sporttag sicherlich in guter Erinnerung behalten<\/p>\n<p>&nbsp;<\/p>\n<p>Priscilla Stuber G1I[\/vc_column_text][\/vc_column][\/vc_row][vc_row row_type=&#8220;row&#8220; use_row_as_full_screen_section=&#8220;no&#8220; type=&#8220;full_width&#8220; text_align=&#8220;left&#8220; background_animation=&#8220;none&#8220; css_animation=&#8220;&#8220;][vc_column][vc_empty_space][vc_separator type=&#8220;normal&#8220; border_style=&#8220;&#8220;][\/vc_column][\/vc_row][vc_row row_type=&#8220;row&#8220; use_row_as_full_screen_section=&#8220;no&#8220; type=&#8220;full_width&#8220; text_align=&#8220;left&#8220; background_animation=&#8220;none&#8220; css_animation=&#8220;&#8220;][vc_column width=&#8220;5\/6&#8243;][vc_column_text]<\/p>\n<ul>\n<li><a href=\"https:\/\/fs.kswe.ch\/spo\/wp-content\/uploads\/sites\/9\/2019\/02\/ResultateSporttag11_Highlandgames.pdf\"><span style=\"color: #800000\">Resultate Highlandgames<\/span><\/a><\/li>\n<li><a href=\"https:\/\/fs.kswe.ch\/spo\/wp-content\/uploads\/sites\/9\/2019\/02\/RanglistenSporttag11_Spiele.pdf\"><span style=\"color: #800000\">Rangliste Spiele<\/span><\/a><\/li>\n<\/ul>\n<p>[\/vc_column_text][\/vc_column][vc_column width=&#8220;1\/6&#8243;][vc_column_text]<\/p>\n<ul>\n<li style=\"text-align: right\"><a href=\"https:\/\/fs.kswe.ch\/spo\/sporttag\/\"><span style=\"color: #800000\">zur\u00fcck<\/span><\/a><\/li>\n<\/ul>\n<p>[\/vc_column_text][\/vc_column][\/vc_row][vc_row row_type=&#8220;row&#8220; use_row_as_full_screen_section=&#8220;no&#8220; type=&#8220;full_width&#8220; text_align=&#8220;left&#8220; background_animation=&#8220;none&#8220; css_animation=&#8220;&#8220;][vc_column][vc_empty_space height=&#8220;12px&#8220;][vc_separator type=&#8220;normal&#8220; border_style=&#8220;&#8220;][vc_empty_space][\/vc_column][\/vc_row][vc_row row_type=&#8220;row&#8220; use_row_as_full_screen_section=&#8220;no&#8220; type=&#8220;full_width&#8220; text_align=&#8220;left&#8220; background_animation=&#8220;none&#8220; css_animation=&#8220;&#8220;][vc_column][vc_column_text]Bildergalerie[\/vc_column_text][\/vc_column][\/vc_row][vc_row row_type=&#8220;row&#8220; use_row_as_full_screen_section=&#8220;no&#8220; type=&#8220;full_width&#8220; text_align=&#8220;left&#8220; background_animation=&#8220;none&#8220; css_animation=&#8220;&#8220;][vc_column][vc_empty_space][\/vc_column][\/vc_row][vc_row row_type=&#8220;row&#8220; use_row_as_full_screen_section=&#8220;no&#8220; type=&#8220;full_width&#8220; text_align=&#8220;left&#8220; background_animation=&#8220;none&#8220; css_animation=&#8220;&#8220;][vc_column][vc_gallery type=&#8220;image_grid&#8220; images=&#8220;3162,3161,3160,3159,3158,3157,3156,3155,3154,3153,3152,3151,3150,3149,3148,3147,3146,3145,3144,3143,3142,3141,3140,3139,3138,3137,3136,3135,3134,3133,3132,3131,3130,3129,3128,3127,3126,3125,3124,3123,3122,3121,3120,3119,3118,3117,3116,3108,3109,3110,3111,3112,3113,3114,3115,3107,3106,3105,3104,3103,3102,3101,3100,3099,3098,3097,3096,3095,3094,3093,3092,3091,3090,3089,3088,3163,3164,3165,3166,3167,3168,3169,3170,3171,3172,3173,3174,3175,3176,3177,3178&#8243; img_size=&#8220;full&#8220; onclick=&#8220;&#8220; column_number=&#8220;0&#8243; grayscale=&#8220;no&#8220; space_between_images=&#8220;no&#8220;][\/vc_column][\/vc_row]<\/p>\n<\/div>","protected":false},"excerpt":{"rendered":"<p>[vc_row row_type=&#8220;row&#8220; use_row_as_full_screen_section=&#8220;no&#8220; type=&#8220;full_width&#8220; text_align=&#8220;left&#8220; background_animation=&#8220;none&#8220; css_animation=&#8220;&#8220;][vc_column width=&#8220;2\/3&#8243;][vc_column_text]Highlandgames[\/vc_column_text][\/vc_column][vc_column width=&#8220;1\/3&#8243;][\/vc_column][\/vc_row][vc_row row_type=&#8220;row&#8220; use_row_as_full_screen_section=&#8220;no&#8220; type=&#8220;full_width&#8220; text_align=&#8220;left&#8220; background_animation=&#8220;none&#8220; css_animation=&#8220;&#8220;][vc_column][vc_empty_space][\/vc_column][\/vc_row][vc_row row_type=&#8220;row&#8220; use_row_as_full_screen_section=&#8220;no&#8220; type=&#8220;full_width&#8220; text_align=&#8220;left&#8220; background_animation=&#8220;none&#8220; css_animation=&#8220;&#8220;][vc_column][vc_column_text]Endlich war es wieder soweit! Der allj\u00e4hrliche Sporttag der Kanti Wettingen fand am Mittwoch, 29. Juni 2011 statt. Bei ungewissem Wetter, mit Gewitter- und B\u00f6enprognosen,&#8230;<\/p>\n","protected":false},"author":10,"featured_media":0,"parent":0,"menu_order":0,"comment_status":"closed","ping_status":"closed","template":"","meta":{"footnotes":""},"class_list":["post-1980","page","type-page","status-publish","hentry"],"_links":{"self":[{"href":"https:\/\/fs.kswe.ch\/spo\/wp-json\/wp\/v2\/pages\/1980","targetHints":{"allow":["GET"]}}],"collection":[{"href":"https:\/\/fs.kswe.ch\/spo\/wp-json\/wp\/v2\/pages"}],"about":[{"href":"https:\/\/fs.kswe.ch\/spo\/wp-json\/wp\/v2\/types\/page"}],"author":[{"embeddable":true,"href":"https:\/\/fs.kswe.ch\/spo\/wp-json\/wp\/v2\/users\/10"}],"replies":[{"embeddable":true,"href":"https:\/\/fs.kswe.ch\/spo\/wp-json\/wp\/v2\/comments?post=1980"}],"version-history":[{"count":19,"href":"https:\/\/fs.kswe.ch\/spo\/wp-json\/wp\/v2\/pages\/1980\/revisions"}],"predecessor-version":[{"id":4398,"href":"https:\/\/fs.kswe.ch\/spo\/wp-json\/wp\/v2\/pages\/1980\/revisions\/4398"}],"wp:attachment":[{"href":"https:\/\/fs.kswe.ch\/spo\/wp-json\/wp\/v2\/media?parent=1980"}],"curies":[{"name":"wp","href":"https:\/\/api.w.org\/{rel}","templated":true}]}}