{"id":1639,"date":"2019-02-06T01:29:56","date_gmt":"2019-02-06T00:29:56","guid":{"rendered":"https:\/\/fs.kswe.ch\/spo\/?page_id=1639"},"modified":"2019-02-10T02:39:30","modified_gmt":"2019-02-10T01:39:30","slug":"sporttag13","status":"publish","type":"page","link":"https:\/\/fs.kswe.ch\/spo\/sporttag13\/","title":{"rendered":"Sporttag13"},"content":{"rendered":"<div class=\"wpb-content-wrapper\"><p>[vc_row row_type=&#8220;row&#8220; use_row_as_full_screen_section=&#8220;no&#8220; type=&#8220;full_width&#8220; text_align=&#8220;left&#8220; background_animation=&#8220;none&#8220; css_animation=&#8220;&#8220;][vc_column][vc_column_text]<strong><em>Sporttag 2013<br \/>\n<\/em><\/strong>[\/vc_column_text][\/vc_column][\/vc_row][vc_row row_type=&#8220;row&#8220; use_row_as_full_screen_section=&#8220;no&#8220; type=&#8220;full_width&#8220; text_align=&#8220;left&#8220; background_animation=&#8220;none&#8220; css_animation=&#8220;&#8220;][vc_column][vc_empty_space][\/vc_column][\/vc_row][vc_row row_type=&#8220;row&#8220; use_row_as_full_screen_section=&#8220;no&#8220; type=&#8220;full_width&#8220; text_align=&#8220;left&#8220; background_animation=&#8220;none&#8220; css_animation=&#8220;&#8220;][vc_column][vc_column_text]Nachdem der Sporttag wegen schlechten Wetterprognosen um eine Woche verschoben werden musste, fand er am <strong>Donnerstag, 4. Juli 2013<\/strong>, kurz vor den lange ersehnten Sommerferien statt. Nach viel schlechtem Wetter waren alle froh um die Abwechslung. Morgens war es zwar noch bew\u00f6lkt und k\u00fchl und die Wiesen und Pl\u00e4tze waren rutschig, aber mit dem feinen Mittagessen kam auch die Sonne hinter den Wolken hervor und es begann warm zu werden. Hinter der Cafeteria konnten wieder alle feinen H\u00f6rnlisalat, Fr\u00fcchte, Br\u00f6tchen und Tee geniessen. Wie jedes Jahr pr\u00e4gten die bunten Kleider und Kost\u00fcmideen auch diesen Sporttag. Die beste Verkleidung gewann ein Spaghetti-Set mit Saucen, Teigwaren und Sieb \u2013 der Aufwand lohnte sich also.<\/p>\n<p>&nbsp;<\/p>\n<p>Welche Klasse ist am besten tauglich f\u00fcr das Leben im Kloster Wettingen? Um dies herauszufinden fand an diesem Donnerstag der \u201eChlostercup\u201c statt. Die Klassen haben im Vorfeld je einen Abt oder eine \u00c4btissin bestimmt, die dann den \u00dcberblick \u00fcber die Aufgaben hatten und die Klassen jeweils zur richtigen Zeit an den richtigen Ort f\u00fchrten. An den Posten wurden jeweils alle nochmals kurz eingef\u00fchrt und dann half die ganze Klasse mit, die Herausforderungen zu meistern. Die neun Aufgaben, die Namen wie \u201eTrunkenbolde\u201c oder \u201eQuer durch den Kr\u00e4utergarten\u201c trugen, forderten nicht nur Muskelkraft, sondern auch Geschwindigkeit, Geschicklichkeit und Pr\u00e4zision. Dabei galt: Wer die Aufgabe am effizientesten l\u00f6st, gewinnt. Die Kommandos \u00fcbert\u00f6nten nur manchmal das Gel\u00e4chter. Jedem und jeder wurde eine Aufgabe zugewiesen, der er oder sie gewachsen war und alle konnten ihre Qualit\u00e4ten zeigen. Die grosse Mehrheit war begeistert von den kreativen Spielen, die sich die Sportlehrpersonen ausgedacht hatten. Die gemeinsame Zeit als Klasse schweisste alle noch mehr zusammen und verbreitete positive Stimmung auf dem ganzen Areal. Nicht nur f\u00fcr die Sch\u00fclerinnen und Sch\u00fcler war dies ein Abwechslungsreicher Sporttag. Auch Lehrpersonen begegneten anderen Herausforderungen, als sie im Unterricht begegnen. Sie und dispensierte Sch\u00fcler und Sch\u00fclerinnen halfen mit, damit dies ein gelungener Tag wurde.<\/p>\n<p>&nbsp;<\/p>\n<p>Neben dem \u201eChlostercup\u201c gab es die allj\u00e4hrlichen Spielturniere in den vier Disziplinen Fussball, Volleyball, Streetball und Unihockey. Jede Klasse teilte sich in Teams auf und spielte mit. Musik t\u00f6nte \u00fcber die Sportpl\u00e4tze und sorgte f\u00fcr gelassene Stimmung w\u00e4hrend dem in den Hallen, auf dem Beachfeld, den Wiesen und dem roten Platz die Spiele stattfanden. Auswechselspieler_innen und Fans unterst\u00fctzten ihre Teams und freuten sich \u00fcber jeden Sieg. Aber auch f\u00fcr Teams ohne Siege war der Sporttag ein Erfolg. Sie genossen die Zeit mit ihren Klassenkameraden und freuten sich \u00fcber die gute Stimmung und das sommerliche Wetter.<\/p>\n<p>&nbsp;<\/p>\n<p>Die Rangverk\u00fcndigung und Preisverleihung schlossen diesen Tag f\u00fcr die Sch\u00fcler*innen ab.<\/p>\n<p>&nbsp;<\/p>\n<p>Gina Fassino G2A[\/vc_column_text][\/vc_column][\/vc_row][vc_row row_type=&#8220;row&#8220; use_row_as_full_screen_section=&#8220;no&#8220; type=&#8220;full_width&#8220; text_align=&#8220;left&#8220; background_animation=&#8220;none&#8220; css_animation=&#8220;&#8220;][vc_column][vc_empty_space][vc_separator type=&#8220;normal&#8220; border_style=&#8220;&#8220;][\/vc_column][\/vc_row][vc_row row_type=&#8220;row&#8220; use_row_as_full_screen_section=&#8220;no&#8220; type=&#8220;full_width&#8220; text_align=&#8220;left&#8220; background_animation=&#8220;none&#8220; css_animation=&#8220;&#8220;][vc_column width=&#8220;5\/6&#8243;][vc_column_text]<\/p>\n<ul>\n<li><a href=\"https:\/\/fs.kswe.ch\/spo\/wp-content\/uploads\/sites\/9\/2019\/02\/RanglisteTurniere13.pdf\"><span style=\"color: #800000\">Resultate Spiele<\/span><\/a><\/li>\n<li><a href=\"https:\/\/fs.kswe.ch\/spo\/wp-content\/uploads\/sites\/9\/2019\/02\/RanglisteSporttagChlostercup13.pdf\"><span style=\"color: #800000\">Resultate Chlostercup<\/span><\/a><\/li>\n<\/ul>\n<p>[\/vc_column_text][\/vc_column][vc_column width=&#8220;1\/6&#8243;][vc_column_text]<\/p>\n<ul>\n<li style=\"text-align: right\"><a href=\"https:\/\/fs.kswe.ch\/spo\/sporttag\/\"><span style=\"color: #800000\">zur\u00fcck<\/span><\/a><\/li>\n<\/ul>\n<p>[\/vc_column_text][\/vc_column][\/vc_row][vc_row row_type=&#8220;row&#8220; use_row_as_full_screen_section=&#8220;no&#8220; type=&#8220;full_width&#8220; text_align=&#8220;left&#8220; background_animation=&#8220;none&#8220; css_animation=&#8220;&#8220;][vc_column][vc_empty_space height=&#8220;12px&#8220;][vc_separator type=&#8220;normal&#8220; border_style=&#8220;&#8220;][vc_empty_space][\/vc_column][\/vc_row][vc_row row_type=&#8220;row&#8220; use_row_as_full_screen_section=&#8220;no&#8220; type=&#8220;full_width&#8220; text_align=&#8220;left&#8220; background_animation=&#8220;none&#8220; css_animation=&#8220;&#8220;][vc_column][vc_column_text]Bildergalerie[\/vc_column_text][\/vc_column][\/vc_row][vc_row row_type=&#8220;row&#8220; use_row_as_full_screen_section=&#8220;no&#8220; type=&#8220;full_width&#8220; text_align=&#8220;left&#8220; background_animation=&#8220;none&#8220; css_animation=&#8220;&#8220;][vc_column][vc_empty_space][\/vc_column][\/vc_row][vc_row row_type=&#8220;row&#8220; use_row_as_full_screen_section=&#8220;no&#8220; type=&#8220;full_width&#8220; text_align=&#8220;left&#8220; background_animation=&#8220;none&#8220; css_animation=&#8220;&#8220;][vc_column][vc_gallery type=&#8220;image_grid&#8220; images=&#8220;2941,2940,2939,2938,2937,2933,2934,2935,2936,2932,2931,2930,2929,2923,2924,2925,2926,2922,2921,2920,2914,2915,2916,2917,2913,2912,2911,2910,2906,2907,2908,2909,2905,2904,2903,2902,2898,2899,2900,2901,2897,2896,2895,2894,2890,2891,2892,2893,2889,2887,2886,2885,2881,2882,2883,2884,2880,2879,2878,2877,2873,2874,2875,2876,2872,2871,2870,2868,2864,2865,2866,2867,2863,2862,2861,2860,2855,2856,2858,2859,2854,2853,2851,2852,2847,2848,2850,2846,2845,2844,2843,2842,2841,2840,2839,2835,2836,2837,2838,2834,2833,2832,2831,2830,2829,2828,2827,2826&#8243; img_size=&#8220;full&#8220; onclick=&#8220;&#8220; column_number=&#8220;0&#8243; grayscale=&#8220;no&#8220; space_between_images=&#8220;no&#8220;][\/vc_column][\/vc_row]<\/p>\n<\/div>","protected":false},"excerpt":{"rendered":"<p>[vc_row row_type=&#8220;row&#8220; use_row_as_full_screen_section=&#8220;no&#8220; type=&#8220;full_width&#8220; text_align=&#8220;left&#8220; background_animation=&#8220;none&#8220; css_animation=&#8220;&#8220;][vc_column][vc_column_text]Sporttag 2013 [\/vc_column_text][\/vc_column][\/vc_row][vc_row row_type=&#8220;row&#8220; use_row_as_full_screen_section=&#8220;no&#8220; type=&#8220;full_width&#8220; text_align=&#8220;left&#8220; background_animation=&#8220;none&#8220; css_animation=&#8220;&#8220;][vc_column][vc_empty_space][\/vc_column][\/vc_row][vc_row row_type=&#8220;row&#8220; use_row_as_full_screen_section=&#8220;no&#8220; type=&#8220;full_width&#8220; text_align=&#8220;left&#8220; background_animation=&#8220;none&#8220; css_animation=&#8220;&#8220;][vc_column][vc_column_text]Nachdem der Sporttag wegen schlechten Wetterprognosen um eine Woche verschoben werden musste, fand er am Donnerstag, 4. Juli 2013, kurz vor den lange ersehnten Sommerferien&#8230;<\/p>\n","protected":false},"author":10,"featured_media":0,"parent":0,"menu_order":0,"comment_status":"closed","ping_status":"closed","template":"","meta":{"footnotes":""},"class_list":["post-1639","page","type-page","status-publish","hentry"],"_links":{"self":[{"href":"https:\/\/fs.kswe.ch\/spo\/wp-json\/wp\/v2\/pages\/1639","targetHints":{"allow":["GET"]}}],"collection":[{"href":"https:\/\/fs.kswe.ch\/spo\/wp-json\/wp\/v2\/pages"}],"about":[{"href":"https:\/\/fs.kswe.ch\/spo\/wp-json\/wp\/v2\/types\/page"}],"author":[{"embeddable":true,"href":"https:\/\/fs.kswe.ch\/spo\/wp-json\/wp\/v2\/users\/10"}],"replies":[{"embeddable":true,"href":"https:\/\/fs.kswe.ch\/spo\/wp-json\/wp\/v2\/comments?post=1639"}],"version-history":[{"count":13,"href":"https:\/\/fs.kswe.ch\/spo\/wp-json\/wp\/v2\/pages\/1639\/revisions"}],"predecessor-version":[{"id":2944,"href":"https:\/\/fs.kswe.ch\/spo\/wp-json\/wp\/v2\/pages\/1639\/revisions\/2944"}],"wp:attachment":[{"href":"https:\/\/fs.kswe.ch\/spo\/wp-json\/wp\/v2\/media?parent=1639"}],"curies":[{"name":"wp","href":"https:\/\/api.w.org\/{rel}","templated":true}]}}