{"id":1630,"date":"2019-02-06T01:14:34","date_gmt":"2019-02-06T00:14:34","guid":{"rendered":"https:\/\/fs.kswe.ch\/spo\/?page_id=1630"},"modified":"2019-02-16T21:21:44","modified_gmt":"2019-02-16T20:21:44","slug":"sporttag12","status":"publish","type":"page","link":"https:\/\/fs.kswe.ch\/spo\/sporttag12\/","title":{"rendered":"Sporttag12"},"content":{"rendered":"<div class=\"wpb-content-wrapper\"><p>[vc_row row_type=&#8220;row&#8220; use_row_as_full_screen_section=&#8220;no&#8220; type=&#8220;full_width&#8220; text_align=&#8220;left&#8220; background_animation=&#8220;none&#8220; css_animation=&#8220;&#8220;][vc_column width=&#8220;2\/3&#8243;][vc_column_text]<em><strong>Triathlon 2012<br \/>\n<\/strong><\/em>[\/vc_column_text][\/vc_column][vc_column width=&#8220;1\/3&#8243;][\/vc_column][\/vc_row][vc_row row_type=&#8220;row&#8220; use_row_as_full_screen_section=&#8220;no&#8220; type=&#8220;full_width&#8220; text_align=&#8220;left&#8220; background_animation=&#8220;none&#8220; css_animation=&#8220;&#8220;][vc_column][vc_empty_space][\/vc_column][\/vc_row][vc_row row_type=&#8220;row&#8220; use_row_as_full_screen_section=&#8220;no&#8220; type=&#8220;full_width&#8220; text_align=&#8220;left&#8220; background_animation=&#8220;none&#8220; css_animation=&#8220;&#8220;][vc_column][vc_column_text]Am 28. Juni fand bei hochsommerlichen Temperaturen und strahlendem Sonnenschein der diesj\u00e4hrige Sporttag statt. Der rundum sportliche Tag stand im Zeichen des Triathlons. Im Vorfeld konnten sich die Sch\u00fcler und Sch\u00fclerinnen in Dreier bzw. Vierer-Teams einteilen und sich f\u00fcr eine der drei Triathlon \u2013 Varianten anmelden. Neben der klassischen Form standen auch ein Wassertriathlon und ein Waldtriathlon zur Auswahl. Im Wald mussten die Teams neben der Laufdistanz einen Hindernisparcours sowie einen Postenlauf absolvieren. Im Wasser galt es zus\u00e4tzlich zur Laufstrecke eine Paddelrunde mit dem Surfboard zu bew\u00e4ltigen und in einem Parcours zum Thema Wasser seine koordinativen F\u00e4higkeiten und guten Teamgeist unter Beweis zu stellen. Neben dem halbt\u00e4gigen Triathlon fanden auf den Sportanlagen der KSWE die allseits beliebten Spielturniere statt. Die Spielteams wetteiferten in den Disziplinen Fussball, Volleyball, Unihockey und Streetball. Die Teams gaben ihr Bestes und k\u00e4mpften ehrgeizig, jedoch fair um Rang und Punkte.<\/p>\n<p>&nbsp;<\/p>\n<p>Am Ende des Tages standen dann die Siegerteams der verschiedenen Triathlons sowie der Spielturniere fest, welche an der Rangverk\u00fcndigung mit Applaus und Preisen belohnt wurden.<br \/>\nFroh waren alle Teilnehmenden wie auch die Helferinnen und Helfer um die super Verpflegung, die das Mensateam f\u00fcr\u2019s Mittagessen zubereitet hatte. Ohne energiespendenden H\u00f6rnlisalat, Fr\u00fcchte und Tee w\u00e4ren einige sportlich auf der Strecke geblieben. Jene Sch\u00fcler und Sch\u00fclerinnen, die sich nicht f\u00fcr einen der drei Triathlons begeistern konnten, hatten die M\u00f6glichkeit, sich auf einer der zwei Tageswanderungen sportlich zu bet\u00e4tigen. Die eine Wanderung f\u00fchrte \u00fcber Stock und Stein zum Egelsee die Andere zum Kloster Fahr und wieder zur\u00fcck.<\/p>\n<p>&nbsp;<\/p>\n<p>Der diesj\u00e4hrige Sporttag der Kantonsschule Wettingen ergab wieder ein positives Echo und war sicherlich f\u00fcr viele Teilnehmende ein sch\u00f6nes Erlebnis. Bedanken m\u00f6chten wir uns bei allen, welche die Fachschaft Sport bei der Durchf\u00fchrung unterst\u00fctzt haben: bei den Helferinnen und Helfern an den vielen Einsatzorten in den Triathlons, bei den BegleiterInnen der Wanderung, dem Mensateam und beim Hausdienst. Ihre Hilfe hat wesentlich zum Gelingen dieses grossen Traditionsanlasses beigetragen. Herzliche Gratulation an alle Preistr\u00e4gerinnen und Preistr\u00e4ger.<\/p>\n<p>&nbsp;<\/p>\n<p>F\u00fcr die Fachschaft Sport<\/p>\n<p>Rico Hischb\u00fchl[\/vc_column_text][\/vc_column][\/vc_row][vc_row row_type=&#8220;row&#8220; use_row_as_full_screen_section=&#8220;no&#8220; type=&#8220;full_width&#8220; text_align=&#8220;left&#8220; background_animation=&#8220;none&#8220; css_animation=&#8220;&#8220;][vc_column][vc_empty_space][vc_separator type=&#8220;normal&#8220; border_style=&#8220;&#8220;][\/vc_column][\/vc_row][vc_row row_type=&#8220;row&#8220; use_row_as_full_screen_section=&#8220;no&#8220; type=&#8220;full_width&#8220; text_align=&#8220;left&#8220; background_animation=&#8220;none&#8220; css_animation=&#8220;&#8220;][vc_column width=&#8220;5\/6&#8243;][vc_column_text]<\/p>\n<ul>\n<li><a href=\"https:\/\/fs.kswe.ch\/spo\/wp-content\/uploads\/sites\/9\/2019\/02\/RanglisteSporttag12_Classic.pdf\"><span style=\"color: #800000\">Resultate Triathlon Classic<\/span><\/a><\/li>\n<li><a href=\"https:\/\/fs.kswe.ch\/spo\/wp-content\/uploads\/sites\/9\/2019\/02\/RanglisteSporttag12_Wasser.pdf\"><span style=\"color: #800000\">Resultate Triathlon Wasser<\/span><\/a><\/li>\n<li><a href=\"https:\/\/fs.kswe.ch\/spo\/wp-content\/uploads\/sites\/9\/2019\/02\/RanglisteSporttag12_Wald.pdf\"><span style=\"color: #800000\">Resultate Triathlon Wald<\/span><\/a><\/li>\n<li><span style=\"color: #800000\"><a style=\"color: #800000\" href=\"https:\/\/fs.kswe.ch\/spo\/wp-content\/uploads\/sites\/9\/2019\/02\/ResultateSpiele2012.pdf\"><span style=\"color: #800000\">Resultate Spiele<\/span><\/a><\/span><\/li>\n<\/ul>\n<p>[\/vc_column_text][\/vc_column][vc_column width=&#8220;1\/6&#8243;][vc_column_text]<\/p>\n<ul>\n<li style=\"text-align: right\"><a href=\"https:\/\/fs.kswe.ch\/spo\/sporttag\/\"><span style=\"color: #800000\">zur\u00fcck<\/span><\/a><\/li>\n<\/ul>\n<p>[\/vc_column_text][\/vc_column][\/vc_row][vc_row row_type=&#8220;row&#8220; use_row_as_full_screen_section=&#8220;no&#8220; type=&#8220;full_width&#8220; text_align=&#8220;left&#8220; background_animation=&#8220;none&#8220; css_animation=&#8220;&#8220;][vc_column][vc_empty_space height=&#8220;12px&#8220;][vc_separator type=&#8220;normal&#8220; border_style=&#8220;&#8220;][vc_empty_space][\/vc_column][\/vc_row][vc_row row_type=&#8220;row&#8220; use_row_as_full_screen_section=&#8220;no&#8220; type=&#8220;full_width&#8220; text_align=&#8220;left&#8220; background_animation=&#8220;none&#8220; css_animation=&#8220;&#8220;][vc_column][vc_column_text]Bildergalerie[\/vc_column_text][\/vc_column][\/vc_row][vc_row row_type=&#8220;row&#8220; use_row_as_full_screen_section=&#8220;no&#8220; type=&#8220;full_width&#8220; text_align=&#8220;left&#8220; background_animation=&#8220;none&#8220; css_animation=&#8220;&#8220;][vc_column][vc_empty_space][\/vc_column][\/vc_row][vc_row row_type=&#8220;row&#8220; use_row_as_full_screen_section=&#8220;no&#8220; type=&#8220;full_width&#8220; text_align=&#8220;left&#8220; background_animation=&#8220;none&#8220; css_animation=&#8220;&#8220;][vc_column][vc_gallery type=&#8220;image_grid&#8220; images=&#8220;3081,3077,3078,3079,3080,3076,3075,3074,3073,3072,3070,3069,3068,3064,3065,3066,3067,3063,3062,3061,3060,3056,3057,3058,3059,3055,3054,3053,3052,3048,3049,3050,3051,3047,3046,3045,3044,3040,3041,3042,3043,3039,3038,3037,3036,3032,3033,3034,3035,3031,3030,3029,3028,3024,3025,3026,3027,3023,3022,3021,3020,3016,3017,3018,3019,3015,3014,3013,3012,3008,3009,3010,3011,3007,3006,3005,3004,3000,3001,3002,3003,2999,2998,2997,2996,2992,2993,2994,2995,2991,2990,2989,2988,2984,2985,2986,2987,2983,2982,2981,2980,2976,2977,2978,2979,2975,2974,2973,2972,2968,2969,2970,2971,2967,2966,2965,2964,2961,2962,2963,2960,2956,2957,2958,2959,2955,2954,2953,2952,2948,2949,2950,2951,2947,2946,2945,3084,3083,3082&#8243; img_size=&#8220;full&#8220; onclick=&#8220;&#8220; column_number=&#8220;0&#8243; grayscale=&#8220;no&#8220; space_between_images=&#8220;no&#8220;][\/vc_column][\/vc_row]<\/p>\n<\/div>","protected":false},"excerpt":{"rendered":"<p>[vc_row row_type=&#8220;row&#8220; use_row_as_full_screen_section=&#8220;no&#8220; type=&#8220;full_width&#8220; text_align=&#8220;left&#8220; background_animation=&#8220;none&#8220; css_animation=&#8220;&#8220;][vc_column width=&#8220;2\/3&#8243;][vc_column_text]Triathlon 2012 [\/vc_column_text][\/vc_column][vc_column width=&#8220;1\/3&#8243;][\/vc_column][\/vc_row][vc_row row_type=&#8220;row&#8220; use_row_as_full_screen_section=&#8220;no&#8220; type=&#8220;full_width&#8220; text_align=&#8220;left&#8220; background_animation=&#8220;none&#8220; css_animation=&#8220;&#8220;][vc_column][vc_empty_space][\/vc_column][\/vc_row][vc_row row_type=&#8220;row&#8220; use_row_as_full_screen_section=&#8220;no&#8220; type=&#8220;full_width&#8220; text_align=&#8220;left&#8220; background_animation=&#8220;none&#8220; css_animation=&#8220;&#8220;][vc_column][vc_column_text]Am 28. Juni fand bei hochsommerlichen Temperaturen und strahlendem Sonnenschein der diesj\u00e4hrige Sporttag statt. Der rundum sportliche Tag stand im Zeichen des Triathlons&#8230;.<\/p>\n","protected":false},"author":10,"featured_media":0,"parent":0,"menu_order":0,"comment_status":"closed","ping_status":"closed","template":"","meta":{"footnotes":""},"class_list":["post-1630","page","type-page","status-publish","hentry"],"_links":{"self":[{"href":"https:\/\/fs.kswe.ch\/spo\/wp-json\/wp\/v2\/pages\/1630","targetHints":{"allow":["GET"]}}],"collection":[{"href":"https:\/\/fs.kswe.ch\/spo\/wp-json\/wp\/v2\/pages"}],"about":[{"href":"https:\/\/fs.kswe.ch\/spo\/wp-json\/wp\/v2\/types\/page"}],"author":[{"embeddable":true,"href":"https:\/\/fs.kswe.ch\/spo\/wp-json\/wp\/v2\/users\/10"}],"replies":[{"embeddable":true,"href":"https:\/\/fs.kswe.ch\/spo\/wp-json\/wp\/v2\/comments?post=1630"}],"version-history":[{"count":24,"href":"https:\/\/fs.kswe.ch\/spo\/wp-json\/wp\/v2\/pages\/1630\/revisions"}],"predecessor-version":[{"id":4397,"href":"https:\/\/fs.kswe.ch\/spo\/wp-json\/wp\/v2\/pages\/1630\/revisions\/4397"}],"wp:attachment":[{"href":"https:\/\/fs.kswe.ch\/spo\/wp-json\/wp\/v2\/media?parent=1630"}],"curies":[{"name":"wp","href":"https:\/\/api.w.org\/{rel}","templated":true}]}}