{"id":14668,"date":"2026-04-05T18:16:29","date_gmt":"2026-04-05T16:16:29","guid":{"rendered":"https:\/\/fs.kswe.ch\/spo\/?page_id=14668"},"modified":"2026-04-05T18:16:29","modified_gmt":"2026-04-05T16:16:29","slug":"smvolley26","status":"publish","type":"page","link":"https:\/\/fs.kswe.ch\/spo\/smvolley26\/","title":{"rendered":"SMVolleyball26"},"content":{"rendered":"<div class=\"wpb-content-wrapper\"><p>[vc_row row_type=&#8220;row&#8220; use_row_as_full_screen_section=&#8220;no&#8220; type=&#8220;full_width&#8220; text_align=&#8220;left&#8220; background_animation=&#8220;none&#8220; css_animation=&#8220;&#8220;][vc_column width=&#8220;2\/3&#8243;][vc_empty_space height=&#8220;24px&#8220;][\/vc_column][vc_column width=&#8220;1\/3&#8243;][\/vc_column][\/vc_row][vc_row row_type=&#8220;row&#8220; use_row_as_full_screen_section=&#8220;no&#8220; type=&#8220;full_width&#8220; text_align=&#8220;left&#8220; background_animation=&#8220;none&#8220; css_animation=&#8220;&#8220;][vc_column][vc_column_text css=&#8220;&#8220;]<\/p>\n<p><strong>Volleyball Mittelschul-Schweizermeisterschaften 2026 (Herren)<\/strong><\/p>\n<p>&nbsp;<\/p>\n<p>Die Volleyball Mittelschul-Schweizermeisterschaft 2026 vom 1. April in Sargans bot spannenden Volleyballsport auf hohem Niveau \u2013 und mittendrin die Volleyballer der Kanti Wettingen, die mit neuen Shirts und \u00abStella Maris\u00bb auf der Brust zu \u00fcberzeugen wussten.<\/p>\n<p>&nbsp;<\/p>\n<p>Nach einer starken und konzentrierten Vorrunde (insbesondere der entscheidende Sieg gegen Luzern erh\u00f6hte die Hoffnung auf mehr) erspielte sich die breit aufgestellte Mannschaft aus Wettingen eine vielversprechende Ausgangslage f\u00fcr eine Top-Platzierung.<\/p>\n<p>Im Viertelfinale wartete mit Kreuzlingen ein starker Gegner. Nach einigen verpassten Break-Chancen der KSWE verschafften sich die Thurgauer im stark verk\u00fcrzt gef\u00fchrten Satz (Beginn bei 10:10) mit einer einzigen Punkteserie etwas Luft. Die Kanti Wettingen \u00fcberholte die Thurgauer am Ende des 1. Satzes dank einem Kill-Block und gewann diesen zum Schock des Gegners mit 27:25. Die KSWE hielt auch im 2. Satz gut mit und zeigte phasenweise ihr bestes Volleyball, musste sich am Ende aber dennoch im 3. Satz gegen die mit NLB-Spielern antretenden Kreuzlinger knapp geschlagen geben. Die erhoffte Sensation \u2013 der Einzug ins Halbfinale \u2013 blieb somit hauchd\u00fcnn aus.<\/p>\n<p>&nbsp;<\/p>\n<p>Im anschliessenden Platzierungsspiel gegen die Alte Kanti Aarau kam es zum emotionalen Derby. Die Entt\u00e4uschung aber auch die physische Ersch\u00f6pfung aus den bereits gespielten Matches war den Wettingern jedoch noch anzumerken. Einige Schl\u00fcsselspieler fanden nicht rechtzeitig zu ihrer bisherigen Form zur\u00fcck. In einem qualitativ schwachen Spiel musste man dem Kantonsrivalen den Vortritt gew\u00e4hren.<\/p>\n<p>&nbsp;<\/p>\n<p>Im Abschlussspiel um Platz 7 zeigte die Mannschaft dann nochmals ihr Sonnengesicht. Gegen das Gymi Friedberg aus Gossau dominierte die Kanti Wettingen von Beginn an klar. Dank der richtigen Dosierung im Angriffsmanagement und dem Einsatz aller Teammitglieder liessen sie dem Gegner keine Chance und sicherten sich mit einem deutlichen Sieg den 7. Schlussrang.<\/p>\n<p>&nbsp;<\/p>\n<p>Auch wenn die ganz grosse \u00dcberraschung ausblieb, kann die Kanti Wettingen auf ein insgesamt gelungenes Turnier zur\u00fcckblicken. Etwas Wehmut \u00fcber die verpasste Chance im Viertelfinale bleibt \u2013 vielleicht auch zum Wohle vom damit (noch) nicht gestillten Hunger nach Erfolg f\u00fcr 2027? Bis auf eine Ausnahme k\u00f6nnen altersbedingt alle Mitglieder auch im n\u00e4chsten Jahr noch einmal angreifen.<\/p>\n<p>&nbsp;<\/p>\n<p>&nbsp;<\/p>\n<p>&nbsp;<\/p>\n<p>[\/vc_column_text][\/vc_column][\/vc_row][vc_row row_type=&#8220;row&#8220; use_row_as_full_screen_section=&#8220;no&#8220; type=&#8220;full_width&#8220; text_align=&#8220;left&#8220; background_animation=&#8220;none&#8220; css_animation=&#8220;&#8220;][vc_column][vc_empty_space][\/vc_column][\/vc_row][vc_row row_type=&#8220;row&#8220; use_row_as_full_screen_section=&#8220;no&#8220; type=&#8220;full_width&#8220; text_align=&#8220;left&#8220; background_animation=&#8220;none&#8220; css_animation=&#8220;&#8220;][vc_column][vc_separator type=&#8220;normal&#8220; border_style=&#8220;&#8220;][\/vc_column][\/vc_row][vc_row row_type=&#8220;row&#8220; use_row_as_full_screen_section=&#8220;no&#8220; type=&#8220;full_width&#8220; text_align=&#8220;left&#8220; background_animation=&#8220;none&#8220; css_animation=&#8220;&#8220;][vc_column][vc_column_text]<\/p>\n<ul>\n<li style=\"text-align: left\"><a href=\"https:\/\/fs.kswe.ch\/spo\/mittelschulmeisterschaften\/\"><span style=\"color: #800000\">zur\u00fcck<\/span><\/a><\/li>\n<\/ul>\n<p>[\/vc_column_text][\/vc_column][\/vc_row][vc_row row_type=&#8220;row&#8220; use_row_as_full_screen_section=&#8220;no&#8220; type=&#8220;full_width&#8220; text_align=&#8220;left&#8220; background_animation=&#8220;none&#8220; css_animation=&#8220;&#8220;][vc_column][vc_empty_space height=&#8220;12px&#8220;][vc_separator type=&#8220;normal&#8220; border_style=&#8220;&#8220;][vc_empty_space height=&#8220;24px&#8220;][\/vc_column][\/vc_row][vc_row row_type=&#8220;row&#8220; use_row_as_full_screen_section=&#8220;no&#8220; type=&#8220;full_width&#8220; text_align=&#8220;left&#8220; background_animation=&#8220;none&#8220; css_animation=&#8220;&#8220;][vc_column][vc_empty_space height=&#8220;12px&#8220;][\/vc_column][\/vc_row][vc_row row_type=&#8220;row&#8220; use_row_as_full_screen_section=&#8220;no&#8220; type=&#8220;full_width&#8220; text_align=&#8220;left&#8220; background_animation=&#8220;none&#8220; css_animation=&#8220;&#8220;][vc_column][vc_gallery type=&#8220;image_grid&#8220; images=&#8220;14670&#8243; img_size=&#8220;full&#8220; onclick=&#8220;&#8220; css=&#8220;&#8220; column_number=&#8220;0&#8243; grayscale=&#8220;no&#8220; space_between_images=&#8220;no&#8220;][\/vc_column][\/vc_row][vc_row row_type=&#8220;row&#8220; use_row_as_full_screen_section=&#8220;no&#8220; type=&#8220;full_width&#8220; text_align=&#8220;left&#8220; background_animation=&#8220;none&#8220; css_animation=&#8220;&#8220;][vc_column][vc_empty_space height=&#8220;60px&#8220;][\/vc_column][\/vc_row]<\/p>\n<\/div>","protected":false},"excerpt":{"rendered":"<p>[vc_row row_type=&#8220;row&#8220; use_row_as_full_screen_section=&#8220;no&#8220; type=&#8220;full_width&#8220; text_align=&#8220;left&#8220; background_animation=&#8220;none&#8220; css_animation=&#8220;&#8220;][vc_column width=&#8220;2\/3&#8243;][vc_empty_space height=&#8220;24px&#8220;][\/vc_column][vc_column width=&#8220;1\/3&#8243;][\/vc_column][\/vc_row][vc_row row_type=&#8220;row&#8220; use_row_as_full_screen_section=&#8220;no&#8220; type=&#8220;full_width&#8220; text_align=&#8220;left&#8220; background_animation=&#8220;none&#8220; css_animation=&#8220;&#8220;][vc_column][vc_column_text css=&#8220;&#8220;] Volleyball Mittelschul-Schweizermeisterschaften 2026 (Herren) &nbsp; Die Volleyball Mittelschul-Schweizermeisterschaft 2026 vom 1. April in Sargans bot spannenden Volleyballsport auf hohem Niveau \u2013 und mittendrin die Volleyballer der Kanti Wettingen,&#8230;<\/p>\n","protected":false},"author":25,"featured_media":0,"parent":0,"menu_order":0,"comment_status":"closed","ping_status":"closed","template":"","meta":{"footnotes":""},"class_list":["post-14668","page","type-page","status-publish","hentry"],"_links":{"self":[{"href":"https:\/\/fs.kswe.ch\/spo\/wp-json\/wp\/v2\/pages\/14668","targetHints":{"allow":["GET"]}}],"collection":[{"href":"https:\/\/fs.kswe.ch\/spo\/wp-json\/wp\/v2\/pages"}],"about":[{"href":"https:\/\/fs.kswe.ch\/spo\/wp-json\/wp\/v2\/types\/page"}],"author":[{"embeddable":true,"href":"https:\/\/fs.kswe.ch\/spo\/wp-json\/wp\/v2\/users\/25"}],"replies":[{"embeddable":true,"href":"https:\/\/fs.kswe.ch\/spo\/wp-json\/wp\/v2\/comments?post=14668"}],"version-history":[{"count":4,"href":"https:\/\/fs.kswe.ch\/spo\/wp-json\/wp\/v2\/pages\/14668\/revisions"}],"predecessor-version":[{"id":14677,"href":"https:\/\/fs.kswe.ch\/spo\/wp-json\/wp\/v2\/pages\/14668\/revisions\/14677"}],"wp:attachment":[{"href":"https:\/\/fs.kswe.ch\/spo\/wp-json\/wp\/v2\/media?parent=14668"}],"curies":[{"name":"wp","href":"https:\/\/api.w.org\/{rel}","templated":true}]}}