{"id":14546,"date":"2026-02-16T15:55:45","date_gmt":"2026-02-16T14:55:45","guid":{"rendered":"https:\/\/fs.kswe.ch\/spo\/?page_id=14546"},"modified":"2026-02-16T15:55:45","modified_gmt":"2026-02-16T14:55:45","slug":"msmuh26","status":"publish","type":"page","link":"https:\/\/fs.kswe.ch\/spo\/msmuh26\/","title":{"rendered":"MSMUH26"},"content":{"rendered":"<div class=\"wpb-content-wrapper\"><p>[vc_row row_type=&#8220;row&#8220; use_row_as_full_screen_section=&#8220;no&#8220; type=&#8220;full_width&#8220; text_align=&#8220;left&#8220; background_animation=&#8220;none&#8220; css_animation=&#8220;&#8220;][vc_column width=&#8220;2\/3&#8243;][vc_empty_space height=&#8220;24px&#8220;][vc_column_text css=&#8220;&#8220;]<em><strong>MSM Unihockey 2026<\/strong><\/em>[\/vc_column_text][\/vc_column][vc_column width=&#8220;1\/3&#8243;][\/vc_column][\/vc_row][vc_row row_type=&#8220;row&#8220; use_row_as_full_screen_section=&#8220;no&#8220; type=&#8220;full_width&#8220; text_align=&#8220;left&#8220; background_animation=&#8220;none&#8220; css_animation=&#8220;&#8220;][vc_column][vc_empty_space][\/vc_column][\/vc_row][vc_row row_type=&#8220;row&#8220; use_row_as_full_screen_section=&#8220;no&#8220; type=&#8220;full_width&#8220; text_align=&#8220;left&#8220; background_animation=&#8220;none&#8220; css_animation=&#8220;&#8220;][vc_column][vc_column_text css=&#8220;&#8220;]<strong>Mittelschulmeisterschaften Unihockey 2026<\/strong><\/p>\n<p>&nbsp;<\/p>\n<p><strong>Teams aus Baden und Zofingen l\u00f6sen langj\u00e4hrige Dominanz der Aarauer Teams ab<\/strong><\/p>\n<p>&nbsp;<\/p>\n<p>Der letzte Freitag vor der ISW bzw. vor den Sportferien war auch in diesem Jahr der Austragungstag der Aargauischen Mittelschulmeisterschaft im Unihockey. Die Kanti Wettingen lud zum Turnier ein \u2013 erfreulicherweise nahmen s\u00e4mtliche Mittelschulen mit je einem Herren- bzw. Damen-Team teil.<\/p>\n<p>&nbsp;<\/p>\n<p>Bei den Damen verteidigte die Kanti Baden ihren Titel aus dem Vorjahr trotz d\u00fcnnem Kader souver\u00e4n. Einzig das Spiel gegen das Heimteam aus Wettingen war resultatm\u00e4ssig knapp (3:5). Die Spielerinnen \u00fcberzeugten sowohl offensiv als auch defensiv und freuen sich, auch in diesem Jahr mit den anderen besten Mittelschul-Teams der Schweiz in Burgdorf messen zu k\u00f6nnen. Dahinter erk\u00e4mpfte sich die Kanti Zofingen dank einem \u00ablast-minute-goal\u00bb gegen Wettingen mit 4:3 den zweiten Platz und damit die Chance, nebst Baden ebenfalls an der CHMSM teilnehmen zu k\u00f6nnen. Wettingen verteidigt damit den starken aber etwas undankbare dritte Platz aus dem Vorjahr.<\/p>\n<p>&nbsp;<\/p>\n<p>Ein etwas weniger deutliches Bild \u00fcber die St\u00e4rkenverh\u00e4ltnisse zeigte sich bei den Herren. Als das junge Team aus Wohlen schon in der zweiten Runde die langj\u00e4hrigen Dominatoren der Alten Kanti Aarau mit 7:5 besiegte, dieses wiederum gegen ein entfesseltes und kampfstarkes Zofingen mit 7:9 verlor, war hinter dem souver\u00e4n agierenden Baden (Vize-Schweizermeister 2025) pl\u00f6tzlich ein enges Rennen um den zweiten Platz lanciert. Weil Zofingen in der Schlussrunde gegen Wettingen standesgem\u00e4ss dominierte (8:1) und die Alte Kanti auch gegen Baden mit 2:4 den K\u00fcrzeren zog, feierten die Zofinger den zweiten Rang wie einen Turniersieg und reisen zusammen mit Baden ans Turnier nach Burgdorf. Noch vor 2-3 Jahren war an den Teams aus Aarau kein Vorbeikommen, f\u00fcr die Zukunft scheint das Rennen um die vorderen Pl\u00e4tze hinter Baden offener denn je.<\/p>\n<p>&nbsp;<\/p>\n<p>Die Fachschaft Sport der Kanti Wettingen dankt den Spielenden und Betreuungspersonen f\u00fcr die gelebten sportlichen Werte beim Turnier und w\u00fcnscht den f\u00fcr die SM qualifizierten Teams viel Erfolg.<\/p>\n<p>&nbsp;<\/p>\n<table>\n<tbody>\n<tr>\n<td colspan=\"8\" width=\"466\">Ranglisten<\/td>\n<\/tr>\n<tr>\n<td colspan=\"3\" width=\"200\">Damen<\/td>\n<td width=\"24\"><\/td>\n<td colspan=\"4\" width=\"241\">Herren<\/td>\n<\/tr>\n<tr>\n<td width=\"40\">1.<\/td>\n<td width=\"125\">Kanti Baden<\/td>\n<td width=\"35\">10<\/td>\n<td width=\"24\"><\/td>\n<td width=\"40\">1.<\/td>\n<td width=\"130\">Kanti Baden<\/td>\n<td width=\"46\">10<\/td>\n<td width=\"25\"><\/td>\n<\/tr>\n<tr>\n<td width=\"40\">2.<\/td>\n<td width=\"125\">Kanti Zofingen<\/td>\n<td width=\"35\">8<\/td>\n<td width=\"24\"><\/td>\n<td width=\"40\">2.<\/td>\n<td width=\"130\">Kanti Zofingen<\/td>\n<td width=\"46\">7<\/td>\n<td width=\"25\"><\/td>\n<\/tr>\n<tr>\n<td width=\"40\">3.<\/td>\n<td width=\"125\">Kanti Wettingen<\/td>\n<td width=\"35\">6<\/td>\n<td width=\"24\"><\/td>\n<td width=\"40\">3.<\/td>\n<td width=\"130\">Kanti Wohlen<\/td>\n<td width=\"46\">5<\/td>\n<td width=\"25\"><\/td>\n<\/tr>\n<tr>\n<td width=\"40\">4.<\/td>\n<td width=\"125\">Neue Kanti Aarau<\/td>\n<td width=\"35\">4<\/td>\n<td width=\"24\"><\/td>\n<td width=\"40\">4.<\/td>\n<td width=\"130\">Alte Kanti Aarau<\/td>\n<td width=\"46\">5<\/td>\n<td width=\"25\"><\/td>\n<\/tr>\n<tr>\n<td width=\"40\">5.<\/td>\n<td width=\"125\">Kanti Wohlen<\/td>\n<td width=\"35\">2<\/td>\n<td width=\"24\"><\/td>\n<td width=\"40\">5.<\/td>\n<td width=\"130\">Kanti Wettingen<\/td>\n<td width=\"46\">2<\/td>\n<td width=\"25\"><\/td>\n<\/tr>\n<tr>\n<td width=\"40\">6.<\/td>\n<td width=\"125\">Alte Kanti Aarau<\/td>\n<td width=\"35\">0<\/td>\n<td width=\"24\"><\/td>\n<td width=\"40\">6.<\/td>\n<td width=\"130\">Neue Kanti Aarau<\/td>\n<td width=\"46\">1<\/td>\n<td width=\"25\"><\/td>\n<\/tr>\n<\/tbody>\n<\/table>\n<p>&nbsp;<\/p>\n<p>&nbsp;<\/p>\n<p>Text und Fotos: Florian Lier<\/p>\n<p>&nbsp;<\/p>\n<p>[\/vc_column_text][\/vc_column][\/vc_row][vc_row row_type=&#8220;row&#8220; use_row_as_full_screen_section=&#8220;no&#8220; type=&#8220;full_width&#8220; text_align=&#8220;left&#8220; background_animation=&#8220;none&#8220; css_animation=&#8220;&#8220;][vc_column][vc_empty_space][\/vc_column][\/vc_row][vc_row row_type=&#8220;row&#8220; use_row_as_full_screen_section=&#8220;no&#8220; type=&#8220;full_width&#8220; text_align=&#8220;left&#8220; background_animation=&#8220;none&#8220; css_animation=&#8220;&#8220;][vc_column][vc_separator type=&#8220;normal&#8220; border_style=&#8220;&#8220;][vc_empty_space height=&#8220;12px&#8220;][\/vc_column][\/vc_row][vc_row row_type=&#8220;row&#8220; use_row_as_full_screen_section=&#8220;no&#8220; type=&#8220;full_width&#8220; text_align=&#8220;left&#8220; background_animation=&#8220;none&#8220; css_animation=&#8220;&#8220;][vc_column width=&#8220;5\/6&#8243;][vc_column_text css=&#8220;&#8220;]<\/p>\n<p>[\/vc_column_text][\/vc_column][vc_column width=&#8220;1\/6&#8243;][vc_column_text]<\/p>\n<ul>\n<li style=\"text-align: right\"><a href=\"https:\/\/fs.kswe.ch\/spo\/mittelschulmeisterschaften\/\"><span style=\"color: #800000\">zur\u00fcck<\/span><\/a><\/li>\n<\/ul>\n<p>[\/vc_column_text][\/vc_column][\/vc_row][vc_row row_type=&#8220;row&#8220; use_row_as_full_screen_section=&#8220;no&#8220; type=&#8220;full_width&#8220; text_align=&#8220;left&#8220; background_animation=&#8220;none&#8220; css_animation=&#8220;&#8220;][vc_column][vc_empty_space height=&#8220;12px&#8220;][vc_separator type=&#8220;normal&#8220; border_style=&#8220;&#8220;][vc_empty_space][\/vc_column][\/vc_row][vc_row row_type=&#8220;row&#8220; use_row_as_full_screen_section=&#8220;no&#8220; type=&#8220;full_width&#8220; text_align=&#8220;left&#8220; background_animation=&#8220;none&#8220; css_animation=&#8220;&#8220;][vc_column][vc_column_text]Bildergalerie[\/vc_column_text][\/vc_column][\/vc_row][vc_row row_type=&#8220;row&#8220; use_row_as_full_screen_section=&#8220;no&#8220; type=&#8220;full_width&#8220; text_align=&#8220;left&#8220; background_animation=&#8220;none&#8220; css_animation=&#8220;&#8220;][vc_column][vc_empty_space][\/vc_column][\/vc_row][vc_row row_type=&#8220;row&#8220; use_row_as_full_screen_section=&#8220;no&#8220; type=&#8220;full_width&#8220; text_align=&#8220;left&#8220; background_animation=&#8220;none&#8220; css_animation=&#8220;&#8220;][vc_column][vc_gallery type=&#8220;image_grid&#8220; images=&#8220;14553,14568,14558,14557,14556,14555,14554,14552,14551,14550,14549,14548&#8243; img_size=&#8220;full&#8220; onclick=&#8220;&#8220; css=&#8220;&#8220; column_number=&#8220;0&#8243; grayscale=&#8220;no&#8220; space_between_images=&#8220;no&#8220;][\/vc_column][\/vc_row][vc_row row_type=&#8220;row&#8220; use_row_as_full_screen_section=&#8220;no&#8220; type=&#8220;full_width&#8220; text_align=&#8220;left&#8220; background_animation=&#8220;none&#8220; css_animation=&#8220;&#8220;][vc_column][vc_empty_space height=&#8220;60px&#8220;][\/vc_column][\/vc_row]<\/p>\n<\/div>","protected":false},"excerpt":{"rendered":"<p>[vc_row row_type=&#8220;row&#8220; use_row_as_full_screen_section=&#8220;no&#8220; type=&#8220;full_width&#8220; text_align=&#8220;left&#8220; background_animation=&#8220;none&#8220; css_animation=&#8220;&#8220;][vc_column width=&#8220;2\/3&#8243;][vc_empty_space height=&#8220;24px&#8220;][vc_column_text css=&#8220;&#8220;]MSM Unihockey 2026[\/vc_column_text][\/vc_column][vc_column width=&#8220;1\/3&#8243;][\/vc_column][\/vc_row][vc_row row_type=&#8220;row&#8220; use_row_as_full_screen_section=&#8220;no&#8220; type=&#8220;full_width&#8220; text_align=&#8220;left&#8220; background_animation=&#8220;none&#8220; css_animation=&#8220;&#8220;][vc_column][vc_empty_space][\/vc_column][\/vc_row][vc_row row_type=&#8220;row&#8220; use_row_as_full_screen_section=&#8220;no&#8220; type=&#8220;full_width&#8220; text_align=&#8220;left&#8220; background_animation=&#8220;none&#8220; css_animation=&#8220;&#8220;][vc_column][vc_column_text css=&#8220;&#8220;]Mittelschulmeisterschaften Unihockey 2026 &nbsp; Teams aus Baden und Zofingen l\u00f6sen langj\u00e4hrige Dominanz der Aarauer Teams ab &nbsp; Der letzte Freitag&#8230;<\/p>\n","protected":false},"author":25,"featured_media":0,"parent":0,"menu_order":0,"comment_status":"closed","ping_status":"closed","template":"","meta":{"footnotes":""},"class_list":["post-14546","page","type-page","status-publish","hentry"],"_links":{"self":[{"href":"https:\/\/fs.kswe.ch\/spo\/wp-json\/wp\/v2\/pages\/14546","targetHints":{"allow":["GET"]}}],"collection":[{"href":"https:\/\/fs.kswe.ch\/spo\/wp-json\/wp\/v2\/pages"}],"about":[{"href":"https:\/\/fs.kswe.ch\/spo\/wp-json\/wp\/v2\/types\/page"}],"author":[{"embeddable":true,"href":"https:\/\/fs.kswe.ch\/spo\/wp-json\/wp\/v2\/users\/25"}],"replies":[{"embeddable":true,"href":"https:\/\/fs.kswe.ch\/spo\/wp-json\/wp\/v2\/comments?post=14546"}],"version-history":[{"count":3,"href":"https:\/\/fs.kswe.ch\/spo\/wp-json\/wp\/v2\/pages\/14546\/revisions"}],"predecessor-version":[{"id":14569,"href":"https:\/\/fs.kswe.ch\/spo\/wp-json\/wp\/v2\/pages\/14546\/revisions\/14569"}],"wp:attachment":[{"href":"https:\/\/fs.kswe.ch\/spo\/wp-json\/wp\/v2\/media?parent=14546"}],"curies":[{"name":"wp","href":"https:\/\/api.w.org\/{rel}","templated":true}]}}