{"id":14398,"date":"2025-10-29T15:58:40","date_gmt":"2025-10-29T14:58:40","guid":{"rendered":"https:\/\/fs.kswe.ch\/spo\/?page_id=14398"},"modified":"2025-10-29T16:06:03","modified_gmt":"2025-10-29T15:06:03","slug":"stauseelauf25","status":"publish","type":"page","link":"https:\/\/fs.kswe.ch\/spo\/stauseelauf25\/","title":{"rendered":"Stauseelauf25"},"content":{"rendered":"<div class=\"wpb-content-wrapper\"><p>[vc_row row_type=&#8220;row&#8220; use_row_as_full_screen_section=&#8220;no&#8220; type=&#8220;full_width&#8220; text_align=&#8220;left&#8220; background_animation=&#8220;none&#8220; css_animation=&#8220;&#8220;][vc_column width=&#8220;2\/3&#8243;][vc_column_text css=&#8220;&#8220;]<em><strong>Stauseelauf 2025<\/strong><\/em>[\/vc_column_text][\/vc_column][vc_column width=&#8220;1\/3&#8243;][\/vc_column][\/vc_row][vc_row row_type=&#8220;row&#8220; use_row_as_full_screen_section=&#8220;no&#8220; type=&#8220;full_width&#8220; text_align=&#8220;left&#8220; background_animation=&#8220;none&#8220; css_animation=&#8220;&#8220;][vc_column][vc_empty_space][\/vc_column][\/vc_row][vc_row row_type=&#8220;row&#8220; use_row_as_full_screen_section=&#8220;no&#8220; type=&#8220;full_width&#8220; text_align=&#8220;left&#8220; background_animation=&#8220;none&#8220; css_animation=&#8220;&#8220;][vc_column][vc_column_text css=&#8220;&#8220;]<\/p>\n<p><span data-contrast=\"auto\">Am vergangenen Dienstag fand erneut der traditionelle Stauseelauf der Kanti Wettingen statt. Die Sch\u00fclerinnen und Sch\u00fcler der 3.Klassen des Gymnasiums und der FMS versammelten sich in den Startbl\u00f6cken, um die 8,5 Kilometer lange Strecke zu bew\u00e4ltigen. Die Stimmung vor dem Start war sp\u00fcrbar angespannt. Einige L\u00e4uferinnen und L\u00e4ufer w\u00e4rmten sich auf, andere bereiteten sich mental auf die Herausforderung vor. Trotz der Nervosit\u00e4t lag auch eine gewisse Freude in der Luft. Das sonnige Herbstwetter trug zur guten Stimmung bei. Mit dem Startruf setzte sich schliesslich der erste Block in Bewegung. Begleitet vom Applaus und dem Anfeuern der Helfenden und Lehrkr\u00e4fte startete nach und nach jede Gruppe. Einige liefen entspannt in ihrem eigenen Tempo, andere versuchten, sich selbst herauszufordern und eine m\u00f6glichst gute Zeit zu erreichen. W\u00e4hrend die L\u00e4uferinnen und L\u00e4ufer auf der Strecke waren, setzte leichter Regen ein, doch das hielt sie nicht davon ab, motiviert weiterzulaufen. Mit roten Gesichtern und schweren Beinen erreichten nach und nach alle Teilnehmenden die Ziellinie. Die Erleichterung war allen deutlich anzusehen.\u00a0<\/span><span data-ccp-props=\"{}\">\u00a0<\/span><\/p>\n<p><span data-ccp-props=\"{}\">\u00a0<\/span><\/p>\n<p><span data-contrast=\"auto\">Mit einer herausragenden Leistung von 45:25 ging Am\u00e9lie Senn als erste Frau durchs Ziel. Den ersten Platz bei den M\u00e4nnern sicherte sich Florian Hauser mit einer Zeit von 38:08. Herzliche Gratulation!<\/span><\/p>\n<p><span data-ccp-props=\"{}\">\u00a0<\/span><\/p>\n<p><span data-contrast=\"auto\">Im Namen der Fachschaft Sport bedanken wir uns herzlich beim Pace-Team, den motivierten Helfenden sowie allen weiteren Mitwirkenden f\u00fcr ihren beeindruckenden Einsatz. Den Laufenden w\u00fcnschen wir eine schnelle Erholung.<\/span><span data-ccp-props=\"{}\">\u00a0<\/span><\/p>\n<p><span data-contrast=\"auto\">Die Fachschaft Sport gratuliert allen, die den Lauf absolviert haben zu ihrer Leistung!<\/span><span data-ccp-props=\"{}\">\u00a0<\/span><\/p>\n<p><span data-ccp-props=\"{}\">\u00a0<\/span><\/p>\n<p style=\"font-weight: 400\">Text: Eliana Simdorn, F3C<\/p>\n<p>&nbsp;<\/p>\n<p>Fotos: Roland Herzog<\/p>\n<p>&nbsp;<\/p>\n<p>&nbsp;<\/p>\n<p style=\"font-weight: 400\"><span style=\"color: #800000\"><a style=\"color: #800000\" href=\"https:\/\/fs.kswe.ch\/spo\/wp-content\/uploads\/sites\/9\/2025\/10\/Frauen-Top-90.pdf\">Rangliste Damen (Top 90)<\/a><\/span><\/p>\n<p style=\"font-weight: 400\"><span style=\"color: #800000\"><a style=\"color: #800000\" href=\"https:\/\/fs.kswe.ch\/spo\/wp-content\/uploads\/sites\/9\/2025\/10\/Maenner-Top-50-.pdf\">Rangliste Herren (Top 50)<\/a><\/span><\/p>\n<p>&nbsp;<\/p>\n<p>[\/vc_column_text][\/vc_column][\/vc_row][vc_row row_type=&#8220;row&#8220; use_row_as_full_screen_section=&#8220;no&#8220; type=&#8220;full_width&#8220; text_align=&#8220;left&#8220; background_animation=&#8220;none&#8220; css_animation=&#8220;&#8220;][vc_column][vc_empty_space][\/vc_column][\/vc_row][vc_row row_type=&#8220;row&#8220; use_row_as_full_screen_section=&#8220;no&#8220; type=&#8220;full_width&#8220; text_align=&#8220;left&#8220; background_animation=&#8220;none&#8220; css_animation=&#8220;&#8220;][vc_column width=&#8220;5\/6&#8243;][vc_column_text]<\/p>\n<ul>\n<li style=\"text-align: left\"><a href=\"https:\/\/fs.kswe.ch\/spo\/stauseelauf\/\"><span style=\"color: #800000\">zur\u00fcck<\/span><\/a><\/li>\n<\/ul>\n<p>[\/vc_column_text][\/vc_column][vc_column width=&#8220;1\/6&#8243;][\/vc_column][\/vc_row][vc_row row_type=&#8220;row&#8220; use_row_as_full_screen_section=&#8220;no&#8220; type=&#8220;full_width&#8220; text_align=&#8220;left&#8220; background_animation=&#8220;none&#8220; css_animation=&#8220;&#8220;][vc_column][vc_empty_space height=&#8220;12px&#8220;][vc_separator type=&#8220;normal&#8220; border_style=&#8220;&#8220;][vc_empty_space][\/vc_column][\/vc_row][vc_row row_type=&#8220;row&#8220; use_row_as_full_screen_section=&#8220;no&#8220; type=&#8220;full_width&#8220; text_align=&#8220;left&#8220; background_animation=&#8220;none&#8220; css_animation=&#8220;&#8220;][vc_column][vc_column_text]Bildergalerie[\/vc_column_text][\/vc_column][\/vc_row][vc_row row_type=&#8220;row&#8220; use_row_as_full_screen_section=&#8220;no&#8220; type=&#8220;full_width&#8220; text_align=&#8220;left&#8220; background_animation=&#8220;none&#8220; css_animation=&#8220;&#8220;][vc_column][vc_empty_space][\/vc_column][\/vc_row][vc_row row_type=&#8220;row&#8220; use_row_as_full_screen_section=&#8220;no&#8220; type=&#8220;full_width&#8220; text_align=&#8220;left&#8220; background_animation=&#8220;none&#8220; css_animation=&#8220;&#8220;][vc_column width=&#8220;2\/3&#8243;][vc_gallery type=&#8220;image_grid&#8220; images=&#8220;14395,14394,14393,14392,14391,14390,14389,14388,14387,14386,14385,14384,14383,14382,14381,14380,14379,14378,14377,14376,14375,14374,14373,14372,14371,14370,14369,14368,14367,14366,14365,14364,14363,14362,14361,14360,14359,14357,14356,14355,14354&#8243; img_size=&#8220;full&#8220; onclick=&#8220;&#8220; css=&#8220;&#8220; column_number=&#8220;0&#8243; grayscale=&#8220;no&#8220; space_between_images=&#8220;no&#8220;][\/vc_column][vc_column width=&#8220;1\/3&#8243;][\/vc_column][\/vc_row][vc_row row_type=&#8220;row&#8220; use_row_as_full_screen_section=&#8220;no&#8220; type=&#8220;full_width&#8220; text_align=&#8220;left&#8220; background_animation=&#8220;none&#8220; css_animation=&#8220;&#8220;][vc_column][vc_empty_space][\/vc_column][\/vc_row]<\/p>\n<\/div>","protected":false},"excerpt":{"rendered":"<p>[vc_row row_type=&#8220;row&#8220; use_row_as_full_screen_section=&#8220;no&#8220; type=&#8220;full_width&#8220; text_align=&#8220;left&#8220; background_animation=&#8220;none&#8220; css_animation=&#8220;&#8220;][vc_column width=&#8220;2\/3&#8243;][vc_column_text css=&#8220;&#8220;]Stauseelauf 2025[\/vc_column_text][\/vc_column][vc_column width=&#8220;1\/3&#8243;][\/vc_column][\/vc_row][vc_row row_type=&#8220;row&#8220; use_row_as_full_screen_section=&#8220;no&#8220; type=&#8220;full_width&#8220; text_align=&#8220;left&#8220; background_animation=&#8220;none&#8220; css_animation=&#8220;&#8220;][vc_column][vc_empty_space][\/vc_column][\/vc_row][vc_row row_type=&#8220;row&#8220; use_row_as_full_screen_section=&#8220;no&#8220; type=&#8220;full_width&#8220; text_align=&#8220;left&#8220; background_animation=&#8220;none&#8220; css_animation=&#8220;&#8220;][vc_column][vc_column_text css=&#8220;&#8220;] Am vergangenen Dienstag fand erneut der traditionelle Stauseelauf der Kanti Wettingen statt. Die Sch\u00fclerinnen und Sch\u00fcler der 3.Klassen des Gymnasiums und&#8230;<\/p>\n","protected":false},"author":25,"featured_media":0,"parent":0,"menu_order":0,"comment_status":"closed","ping_status":"closed","template":"","meta":{"footnotes":""},"class_list":["post-14398","page","type-page","status-publish","hentry"],"_links":{"self":[{"href":"https:\/\/fs.kswe.ch\/spo\/wp-json\/wp\/v2\/pages\/14398","targetHints":{"allow":["GET"]}}],"collection":[{"href":"https:\/\/fs.kswe.ch\/spo\/wp-json\/wp\/v2\/pages"}],"about":[{"href":"https:\/\/fs.kswe.ch\/spo\/wp-json\/wp\/v2\/types\/page"}],"author":[{"embeddable":true,"href":"https:\/\/fs.kswe.ch\/spo\/wp-json\/wp\/v2\/users\/25"}],"replies":[{"embeddable":true,"href":"https:\/\/fs.kswe.ch\/spo\/wp-json\/wp\/v2\/comments?post=14398"}],"version-history":[{"count":3,"href":"https:\/\/fs.kswe.ch\/spo\/wp-json\/wp\/v2\/pages\/14398\/revisions"}],"predecessor-version":[{"id":14401,"href":"https:\/\/fs.kswe.ch\/spo\/wp-json\/wp\/v2\/pages\/14398\/revisions\/14401"}],"wp:attachment":[{"href":"https:\/\/fs.kswe.ch\/spo\/wp-json\/wp\/v2\/media?parent=14398"}],"curies":[{"name":"wp","href":"https:\/\/api.w.org\/{rel}","templated":true}]}}