{"id":14344,"date":"2025-10-05T19:03:36","date_gmt":"2025-10-05T17:03:36","guid":{"rendered":"https:\/\/fs.kswe.ch\/spo\/?page_id=14344"},"modified":"2025-10-06T20:21:19","modified_gmt":"2025-10-06T18:21:19","slug":"sporttag25_1","status":"publish","type":"page","link":"https:\/\/fs.kswe.ch\/spo\/sporttag25_1\/","title":{"rendered":"Sporttag25_1"},"content":{"rendered":"<div class=\"wpb-content-wrapper\"><p>[vc_row row_type=&#8220;row&#8220; use_row_as_full_screen_section=&#8220;no&#8220; type=&#8220;full_width&#8220; text_align=&#8220;left&#8220; background_animation=&#8220;none&#8220; css_animation=&#8220;&#8220;][vc_column width=&#8220;2\/3&#8243;][vc_column_text css=&#8220;&#8220;]<strong><em>Sporttag 2025- Spielturnier in den Abteilungen<\/em><\/strong><\/p>\n<p>[\/vc_column_text][\/vc_column][vc_column width=&#8220;1\/3&#8243;][\/vc_column][\/vc_row][vc_row row_type=&#8220;row&#8220; use_row_as_full_screen_section=&#8220;no&#8220; type=&#8220;full_width&#8220; text_align=&#8220;left&#8220; background_animation=&#8220;none&#8220; css_animation=&#8220;&#8220;][vc_column][vc_empty_space][\/vc_column][\/vc_row][vc_row row_type=&#8220;row&#8220; use_row_as_full_screen_section=&#8220;no&#8220; type=&#8220;full_width&#8220; text_align=&#8220;left&#8220; background_animation=&#8220;none&#8220; css_animation=&#8220;&#8220;][vc_column][vc_column_text css=&#8220;&#8220;]<strong>Teamgeist, Sonne und volle Action<\/strong><\/p>\n<p>&nbsp;<\/p>\n<p>Am 16. September fand bei sp\u00e4tsommerlichen Temperaturen der Sporttag der KSWE statt. Zum allerersten Mal nahmen nicht alle Klassen teil, sondern nur ein Teil der Sch\u00fclerinnen und Sch\u00fcler. Die \u00a02., 3. und 4. Klassen der Fachmittelschule sowie die 3. und 4. Klassen der Gymisch\u00fclerinnen und -sch\u00fcler waren dabei.<\/p>\n<p>&nbsp;<\/p>\n<p>In den vier Spielsportarten Volleyball, Streetball, Pantherball und Ultimate zeigten die Sch\u00fclerinnen und Sch\u00fcler vollen Einsatz, Fairness und echten Teamgeist. Jeweils zwei Klassen traten gegeneinander an und k\u00e4mpften mit viel Energie und Ehrgeiz um jeden einzelnen Punkt.<\/p>\n<p>&nbsp;<\/p>\n<p>Es gab unterschiedliche Meinungen der Sch\u00fclerinnen und Sch\u00fcler bez\u00fcglich der Gruppeneinteilung. Frauenklassen berichteten, dass ein Sieg gegen eine Mixedabteilung fast unm\u00f6glich sei. Trotzdem hatten alle Spass, denn der Sporttag war nicht nur sportlich intensiv, sondern bot auch eine willkommene Abwechslung zum Schulalltag.<\/p>\n<p>&nbsp;<\/p>\n<p>Ein herzliches Dankesch\u00f6n geht an die Fachschaft Sport f\u00fcr die engagierte und reibungslose Organisation des Sporttags. Nat\u00fcrlich gilt ein grosses Dankesch\u00f6n ebenfalls den Sch\u00fclerinnen und Sch\u00fcler, welche mit vollem Einsatz dabei waren, denn ohne sie w\u00e4re die gute Stimmung am Sporttag nicht m\u00f6glich gewesen.<\/p>\n<p>&nbsp;<\/p>\n<p>Wir freuen uns schon auf das n\u00e4chste Jahr!<\/p>\n<p>&nbsp;<\/p>\n<p>Text: Paula Roth und Maja Ilic, F3E<\/p>\n<p>Fotos: Roland Herzog<\/p>\n<p>&nbsp;<\/p>\n<p>&nbsp;<\/p>\n<p>Podestpl\u00e4tze Mixedabteilungen:<\/p>\n<ol>\n<li>G4D<\/li>\n<li>G4G<\/li>\n<li>F3B<\/li>\n<\/ol>\n<p>&nbsp;<\/p>\n<p>Podestpl\u00e4tze Frauenabteilungen<\/p>\n<ol>\n<li>F3D<\/li>\n<li>F2E<\/li>\n<\/ol>\n<p>&nbsp;<\/p>\n<p>&nbsp;<\/p>\n<p>[\/vc_column_text][\/vc_column][\/vc_row][vc_row row_type=&#8220;row&#8220; use_row_as_full_screen_section=&#8220;no&#8220; type=&#8220;full_width&#8220; text_align=&#8220;left&#8220; background_animation=&#8220;none&#8220; css_animation=&#8220;&#8220;][vc_column][vc_empty_space][vc_separator type=&#8220;normal&#8220; border_style=&#8220;&#8220;][\/vc_column][\/vc_row][vc_row row_type=&#8220;row&#8220; use_row_as_full_screen_section=&#8220;no&#8220; type=&#8220;full_width&#8220; text_align=&#8220;left&#8220; background_animation=&#8220;none&#8220; css_animation=&#8220;&#8220;][vc_column width=&#8220;1\/3&#8243;][vc_column_text css=&#8220;&#8220;]<\/p>\n<ul>\n<li><span style=\"color: #800000\"><a style=\"color: #800000\" href=\"https:\/\/fs.kswe.ch\/spo\/wp-content\/uploads\/sites\/9\/2025\/10\/Rangliste-Spielsporttag-September-25.pdf\"><span style=\"color: #800000\">Gesamtrangliste<\/span><\/a><\/span><\/li>\n<\/ul>\n<p>[\/vc_column_text][\/vc_column][vc_column width=&#8220;1\/3&#8243;][vc_column_text][\/vc_column_text][\/vc_column][vc_column width=&#8220;1\/3&#8243;][vc_column_text]<\/p>\n<ul>\n<li style=\"text-align: right\"><a href=\"https:\/\/fs.kswe.ch\/spo\/sporttag\"><span style=\"color: #800000\">zur\u00fcck<\/span><\/a><\/li>\n<\/ul>\n<p>[\/vc_column_text][\/vc_column][\/vc_row][vc_row row_type=&#8220;row&#8220; use_row_as_full_screen_section=&#8220;no&#8220; type=&#8220;full_width&#8220; text_align=&#8220;left&#8220; background_animation=&#8220;none&#8220; css_animation=&#8220;&#8220;][vc_column][vc_empty_space height=&#8220;12px&#8220;][vc_separator type=&#8220;normal&#8220; border_style=&#8220;&#8220;][vc_empty_space height=&#8220;24px&#8220;][\/vc_column][\/vc_row][vc_row row_type=&#8220;row&#8220; use_row_as_full_screen_section=&#8220;no&#8220; type=&#8220;full_width&#8220; text_align=&#8220;left&#8220; background_animation=&#8220;none&#8220; css_animation=&#8220;&#8220;][vc_column][vc_column_text]<\/p>\n<ul>\n<li style=\"text-align: left\">Bildergalerie<\/li>\n<\/ul>\n<p>[\/vc_column_text][\/vc_column][\/vc_row][vc_row row_type=&#8220;row&#8220; use_row_as_full_screen_section=&#8220;no&#8220; type=&#8220;full_width&#8220; text_align=&#8220;left&#8220; background_animation=&#8220;none&#8220; css_animation=&#8220;&#8220;][vc_column][vc_empty_space][\/vc_column][\/vc_row][vc_row row_type=&#8220;row&#8220; use_row_as_full_screen_section=&#8220;no&#8220; type=&#8220;full_width&#8220; text_align=&#8220;left&#8220; background_animation=&#8220;none&#8220; css_animation=&#8220;&#8220;][vc_column][vc_gallery type=&#8220;image_grid&#8220; images=&#8220;14340,14339,14338,14337,14336,14335,14334,14333,14332,14331,14330,14329,14328,14327,14326,14325,14324,14323,14322,14321,14320,14319,14318,14317,14316,14315,14314,14313,14312,14311,14310,14309,14308,14307,14342,14341&#8243; img_size=&#8220;full&#8220; onclick=&#8220;&#8220; css=&#8220;&#8220; column_number=&#8220;0&#8243; grayscale=&#8220;no&#8220; space_between_images=&#8220;no&#8220;][\/vc_column][\/vc_row][vc_row row_type=&#8220;row&#8220; use_row_as_full_screen_section=&#8220;no&#8220; type=&#8220;full_width&#8220; text_align=&#8220;left&#8220; background_animation=&#8220;none&#8220; css_animation=&#8220;&#8220;][vc_column][\/vc_column][\/vc_row]<\/p>\n<\/div>","protected":false},"excerpt":{"rendered":"<p>[vc_row row_type=&#8220;row&#8220; use_row_as_full_screen_section=&#8220;no&#8220; type=&#8220;full_width&#8220; text_align=&#8220;left&#8220; background_animation=&#8220;none&#8220; css_animation=&#8220;&#8220;][vc_column width=&#8220;2\/3&#8243;][vc_column_text css=&#8220;&#8220;]Sporttag 2025- Spielturnier in den Abteilungen [\/vc_column_text][\/vc_column][vc_column width=&#8220;1\/3&#8243;][\/vc_column][\/vc_row][vc_row row_type=&#8220;row&#8220; use_row_as_full_screen_section=&#8220;no&#8220; type=&#8220;full_width&#8220; text_align=&#8220;left&#8220; background_animation=&#8220;none&#8220; css_animation=&#8220;&#8220;][vc_column][vc_empty_space][\/vc_column][\/vc_row][vc_row row_type=&#8220;row&#8220; use_row_as_full_screen_section=&#8220;no&#8220; type=&#8220;full_width&#8220; text_align=&#8220;left&#8220; background_animation=&#8220;none&#8220; css_animation=&#8220;&#8220;][vc_column][vc_column_text css=&#8220;&#8220;]Teamgeist, Sonne und volle Action &nbsp; Am 16. September fand bei sp\u00e4tsommerlichen Temperaturen der Sporttag der KSWE&#8230;<\/p>\n","protected":false},"author":25,"featured_media":0,"parent":0,"menu_order":0,"comment_status":"closed","ping_status":"closed","template":"","meta":{"footnotes":""},"class_list":["post-14344","page","type-page","status-publish","hentry"],"_links":{"self":[{"href":"https:\/\/fs.kswe.ch\/spo\/wp-json\/wp\/v2\/pages\/14344","targetHints":{"allow":["GET"]}}],"collection":[{"href":"https:\/\/fs.kswe.ch\/spo\/wp-json\/wp\/v2\/pages"}],"about":[{"href":"https:\/\/fs.kswe.ch\/spo\/wp-json\/wp\/v2\/types\/page"}],"author":[{"embeddable":true,"href":"https:\/\/fs.kswe.ch\/spo\/wp-json\/wp\/v2\/users\/25"}],"replies":[{"embeddable":true,"href":"https:\/\/fs.kswe.ch\/spo\/wp-json\/wp\/v2\/comments?post=14344"}],"version-history":[{"count":5,"href":"https:\/\/fs.kswe.ch\/spo\/wp-json\/wp\/v2\/pages\/14344\/revisions"}],"predecessor-version":[{"id":14352,"href":"https:\/\/fs.kswe.ch\/spo\/wp-json\/wp\/v2\/pages\/14344\/revisions\/14352"}],"wp:attachment":[{"href":"https:\/\/fs.kswe.ch\/spo\/wp-json\/wp\/v2\/media?parent=14344"}],"curies":[{"name":"wp","href":"https:\/\/api.w.org\/{rel}","templated":true}]}}