{"id":14275,"date":"2025-09-09T15:48:22","date_gmt":"2025-09-09T13:48:22","guid":{"rendered":"https:\/\/fs.kswe.ch\/spo\/?page_id=14275"},"modified":"2025-09-09T15:48:22","modified_gmt":"2025-09-09T13:48:22","slug":"msmbeach25","status":"publish","type":"page","link":"https:\/\/fs.kswe.ch\/spo\/msmbeach25\/","title":{"rendered":"MSMBeach25"},"content":{"rendered":"<div class=\"wpb-content-wrapper\"><p>[vc_row row_type=&#8220;row&#8220; use_row_as_full_screen_section=&#8220;no&#8220; type=&#8220;full_width&#8220; text_align=&#8220;left&#8220; background_animation=&#8220;none&#8220; css_animation=&#8220;&#8220;][vc_column width=&#8220;2\/3&#8243;][vc_empty_space height=&#8220;24px&#8220;][\/vc_column][vc_column width=&#8220;1\/3&#8243;][\/vc_column][\/vc_row][vc_row row_type=&#8220;row&#8220; use_row_as_full_screen_section=&#8220;no&#8220; type=&#8220;full_width&#8220; text_align=&#8220;left&#8220; background_animation=&#8220;none&#8220; css_animation=&#8220;&#8220;][vc_column][vc_column_text css=&#8220;&#8220;]<\/p>\n<div class=\"articletext\">\n<p style=\"font-weight: 400\"><strong>Beachvolleyball Mittelschulmeisterschaften 2025<\/strong><\/p>\n<p>&nbsp;<\/p>\n<p><strong>Favorisierte Teams setzen sich durch<\/strong><\/p>\n<p>&nbsp;<\/p>\n<p>Sowohl bei den Damen (2. September) als auch bei den Herren (1. September) behielten die leicht favorisierten Teams der Neuen Kanti Aarau (Spielmann\/Mayer) bzw. der Kanti Wohlen (Rottenschweiler\/Jacob) in den Finalspielen auf den KSWE-Beachfeldern die Oberhand. Aus turnierorganisatorischer Sicht war erfreulich, dass bei beiden Kategorien je ein Team der Kanti Wettingen im Final vertreten war. Polina Korishkina\/Noemi Hitz bei den Damen und Mauri Fueter\/Felix Funk bei den Herren erk\u00e4mpften sich den Vize-Meister-Titel.<\/p>\n<p>Etwas entt\u00e4uschend (auch aus der Sicht der Spielenden) war, dass im Vergleich zu den letzten Jahren vor allem bei den Damen deutlich weniger Teams am Start waren. Wir hoffen, dass dies die Folge von nicht beeinflussbaren Ereignissen war und w\u00fcnschen uns f\u00fcrs Jahr 2026 wieder alle Aargauer Kantonsschulen mit ihren Beachvolleyballbegeisterten Sch\u00fclerinnen und Sch\u00fclern am Start.<\/p>\n<p>&nbsp;<\/p>\n<p>Die Fachschaft Sport der Kanti Wettingen dankt allen teilnehmenden Teams und deren Lehrpersonen f\u00fcr die fairen Spiele und gelebten sportlichen Werte.<\/p>\n<\/div>\n<p>&nbsp;<\/p>\n<div class=\"articletext\">\n<p>Die Turnierleitung:<\/p>\n<p>&nbsp;<\/p>\n<p>Adrian Probst und Florian Lier<\/p>\n<p style=\"font-weight: 400\">\n<\/div>\n<div class=\"articleend\"><\/div>\n<p>[\/vc_column_text][\/vc_column][\/vc_row][vc_row row_type=&#8220;row&#8220; use_row_as_full_screen_section=&#8220;no&#8220; type=&#8220;full_width&#8220; text_align=&#8220;left&#8220; background_animation=&#8220;none&#8220; css_animation=&#8220;&#8220;][vc_column][vc_empty_space][\/vc_column][\/vc_row][vc_row row_type=&#8220;row&#8220; use_row_as_full_screen_section=&#8220;no&#8220; type=&#8220;full_width&#8220; text_align=&#8220;left&#8220; background_animation=&#8220;none&#8220; css_animation=&#8220;&#8220;][vc_column][vc_separator type=&#8220;normal&#8220; border_style=&#8220;&#8220;][\/vc_column][\/vc_row][vc_row row_type=&#8220;row&#8220; use_row_as_full_screen_section=&#8220;no&#8220; type=&#8220;full_width&#8220; text_align=&#8220;left&#8220; background_animation=&#8220;none&#8220; css_animation=&#8220;&#8220;][vc_column][vc_column_text]<\/p>\n<ul>\n<li style=\"text-align: left\"><a href=\"https:\/\/fs.kswe.ch\/spo\/mittelschulmeisterschaften\/\"><span style=\"color: #800000\">zur\u00fcck<\/span><\/a><\/li>\n<\/ul>\n<p>[\/vc_column_text][\/vc_column][\/vc_row][vc_row row_type=&#8220;row&#8220; use_row_as_full_screen_section=&#8220;no&#8220; type=&#8220;full_width&#8220; text_align=&#8220;left&#8220; background_animation=&#8220;none&#8220; css_animation=&#8220;&#8220;][vc_column][vc_empty_space height=&#8220;12px&#8220;][vc_separator type=&#8220;normal&#8220; border_style=&#8220;&#8220;][vc_empty_space height=&#8220;24px&#8220;][\/vc_column][\/vc_row][vc_row row_type=&#8220;row&#8220; use_row_as_full_screen_section=&#8220;no&#8220; type=&#8220;full_width&#8220; text_align=&#8220;left&#8220; background_animation=&#8220;none&#8220; css_animation=&#8220;&#8220;][vc_column][vc_empty_space height=&#8220;12px&#8220;][\/vc_column][\/vc_row][vc_row row_type=&#8220;row&#8220; use_row_as_full_screen_section=&#8220;no&#8220; type=&#8220;full_width&#8220; text_align=&#8220;left&#8220; background_animation=&#8220;none&#8220; css_animation=&#8220;&#8220;][vc_column][vc_gallery type=&#8220;image_grid&#8220; images=&#8220;14274,14273&#8243; img_size=&#8220;full&#8220; onclick=&#8220;&#8220; css=&#8220;&#8220; column_number=&#8220;0&#8243; grayscale=&#8220;no&#8220; space_between_images=&#8220;no&#8220;][\/vc_column][\/vc_row][vc_row row_type=&#8220;row&#8220; use_row_as_full_screen_section=&#8220;no&#8220; type=&#8220;full_width&#8220; text_align=&#8220;left&#8220; background_animation=&#8220;none&#8220; css_animation=&#8220;&#8220;][vc_column][vc_empty_space height=&#8220;60px&#8220;][\/vc_column][\/vc_row]<\/p>\n<\/div>","protected":false},"excerpt":{"rendered":"<p>[vc_row row_type=&#8220;row&#8220; use_row_as_full_screen_section=&#8220;no&#8220; type=&#8220;full_width&#8220; text_align=&#8220;left&#8220; background_animation=&#8220;none&#8220; css_animation=&#8220;&#8220;][vc_column width=&#8220;2\/3&#8243;][vc_empty_space height=&#8220;24px&#8220;][\/vc_column][vc_column width=&#8220;1\/3&#8243;][\/vc_column][\/vc_row][vc_row row_type=&#8220;row&#8220; use_row_as_full_screen_section=&#8220;no&#8220; type=&#8220;full_width&#8220; text_align=&#8220;left&#8220; background_animation=&#8220;none&#8220; css_animation=&#8220;&#8220;][vc_column][vc_column_text css=&#8220;&#8220;] Beachvolleyball Mittelschulmeisterschaften 2025 &nbsp; Favorisierte Teams setzen sich durch &nbsp; Sowohl bei den Damen (2. September) als auch bei den Herren (1. September) behielten die leicht favorisierten Teams&#8230;<\/p>\n","protected":false},"author":25,"featured_media":0,"parent":0,"menu_order":0,"comment_status":"closed","ping_status":"closed","template":"","meta":{"footnotes":""},"class_list":["post-14275","page","type-page","status-publish","hentry"],"_links":{"self":[{"href":"https:\/\/fs.kswe.ch\/spo\/wp-json\/wp\/v2\/pages\/14275","targetHints":{"allow":["GET"]}}],"collection":[{"href":"https:\/\/fs.kswe.ch\/spo\/wp-json\/wp\/v2\/pages"}],"about":[{"href":"https:\/\/fs.kswe.ch\/spo\/wp-json\/wp\/v2\/types\/page"}],"author":[{"embeddable":true,"href":"https:\/\/fs.kswe.ch\/spo\/wp-json\/wp\/v2\/users\/25"}],"replies":[{"embeddable":true,"href":"https:\/\/fs.kswe.ch\/spo\/wp-json\/wp\/v2\/comments?post=14275"}],"version-history":[{"count":2,"href":"https:\/\/fs.kswe.ch\/spo\/wp-json\/wp\/v2\/pages\/14275\/revisions"}],"predecessor-version":[{"id":14280,"href":"https:\/\/fs.kswe.ch\/spo\/wp-json\/wp\/v2\/pages\/14275\/revisions\/14280"}],"wp:attachment":[{"href":"https:\/\/fs.kswe.ch\/spo\/wp-json\/wp\/v2\/media?parent=14275"}],"curies":[{"name":"wp","href":"https:\/\/api.w.org\/{rel}","templated":true}]}}