{"id":14244,"date":"2025-07-02T15:35:48","date_gmt":"2025-07-02T13:35:48","guid":{"rendered":"https:\/\/fs.kswe.ch\/spo\/?page_id=14244"},"modified":"2025-07-02T15:36:38","modified_gmt":"2025-07-02T13:36:38","slug":"frauenlauf25","status":"publish","type":"page","link":"https:\/\/fs.kswe.ch\/spo\/frauenlauf25\/","title":{"rendered":"Frauenlauf25"},"content":{"rendered":"<div class=\"wpb-content-wrapper\"><p>[vc_row row_type=&#8220;row&#8220; use_row_as_full_screen_section=&#8220;no&#8220; type=&#8220;full_width&#8220; text_align=&#8220;left&#8220; background_animation=&#8220;none&#8220; css_animation=&#8220;&#8220;][vc_column width=&#8220;2\/3&#8243;][vc_column_text css=&#8220;&#8220;]<em><strong>Frauenlauf 2025<\/strong><\/em>[\/vc_column_text][\/vc_column][vc_column width=&#8220;1\/3&#8243;][\/vc_column][\/vc_row][vc_row row_type=&#8220;row&#8220; use_row_as_full_screen_section=&#8220;no&#8220; type=&#8220;full_width&#8220; text_align=&#8220;left&#8220; background_animation=&#8220;none&#8220; css_animation=&#8220;&#8220;][vc_column][vc_empty_space][\/vc_column][\/vc_row][vc_row row_type=&#8220;row&#8220; use_row_as_full_screen_section=&#8220;no&#8220; type=&#8220;full_width&#8220; text_align=&#8220;left&#8220; background_animation=&#8220;none&#8220; css_animation=&#8220;&#8220;][vc_column][vc_column_text css=&#8220;&#8220;]<strong>Ein sch\u00f6nes Finisherinnen-Shirt in \u00abAare-gr\u00fcn\u00bb, Endorphin und viel Freude als Belohnung f\u00fcr den erfolgreich absolvierten Frauenlauf 2025!<\/strong><\/p>\n<p><strong>\u00a0<\/strong><\/p>\n<p>&nbsp;<\/p>\n<p>Bei hoch sommerlichen Temperaturen absolvierten am Sonntag 16. Juni 2025 insgesamt 38 Sch\u00fclerinnen und 2 Lehrerinnen der Kanti Wettingen die 5 bzw. 10km lange Laufstrecke in Bern- mit viel Teamgeist und gegenseitiger Unterst\u00fctzung. Letztere erhielten sie auch vom zahlreich erschienenen Publikum, welche die 12&#8217;000 L\u00e4ufer:innen mit viel Elan anfeuerten. Einen zus\u00e4tzlichen Motivationsschub boten die aus den privaten G\u00e4rten ragenden Gartenschl\u00e4uche und die Wasserpistolen der Kinder: Eine willkommene Abk\u00fchlung!<\/p>\n<p>&nbsp;<\/p>\n<p>&nbsp;<\/p>\n<p>Die (Steel-) Bands lenkten einen ebenso von der Anstrengung ab wie die Zurufe der Zuschauer:innen. So meinte eine Sch\u00fclerin nach dem Lauf, dass sie kaum paar Schritte gelaufen war, als ihr jemand \u00abChum, das magsch du d\u00fcrezieh\u00bb zurief und sie dementsprechend wieder zu rennen begann, was umgehend mit einem lauten \u00abBravoooo, weiter so!\u00bb vom Publikum belohnt wurde.<\/p>\n<p>&nbsp;<\/p>\n<p>&nbsp;<\/p>\n<p>Genau dies zeichnet den Frauenlauf seit Jahren aus: Nebst der Leistung steht die fr\u00f6hliche, positive, animierende Atmosph\u00e4re im Zentrum. Und trotzdem, die Sekunden, Minuten und R\u00e4nge z\u00e4hlen letztlich ebenso. So gelang es Lisa Steger (G3A) beim 10km-Lauf in der Kategorie U20 als 10. von 96 Teilnehmerinnen zu brillieren und Svenja Ronner (G1D) konnte sich beim 5km-Lauf in der Kategorie U18 den hervorragenden 25. Rang von 243 L\u00e4uferinnen sichern. Herzliche Gratulation den beiden KSWE-Sch\u00fclerinnen- und ein ganz grosses Bravo allen weiteren 38 Vertreterinnen des Teams \u00abKanti Wettingen\u00bb! Kaum im Ziel, hiess es von vielen \u00abN\u00e4chstes Jahr bin ich bestimmt wieder dabei!\u00bb Wir freuen uns schon jetzt- und lassen hier bereits wissen, dass es im 2026 wohl zum ersten Mal auch ein Team \u00abEhemalige Kanti Wettingen\u00bb geben wird- cool!<\/p>\n<p>&nbsp;<\/p>\n<div><\/div>\n<div><\/div>\n<div class=\"articleinfos\"><\/div>\n<div><\/div>\n<div><\/div>\n<div><\/div>\n<div><\/div>\n<div><\/div>\n<div><\/div>\n<div><\/div>\n<div><\/div>\n<div><\/div>\n<div><\/div>\n<div><\/div>\n<div><\/div>\n<div><\/div>\n<div>Text und Foto: Manuela Blum<\/div>\n<div class=\"articleend\"><\/div>\n<p>[\/vc_column_text][\/vc_column][\/vc_row][vc_row row_type=&#8220;row&#8220; use_row_as_full_screen_section=&#8220;no&#8220; type=&#8220;full_width&#8220; text_align=&#8220;left&#8220; background_animation=&#8220;none&#8220; css_animation=&#8220;&#8220;][vc_column][vc_empty_space][\/vc_column][\/vc_row][vc_row row_type=&#8220;row&#8220; use_row_as_full_screen_section=&#8220;no&#8220; type=&#8220;full_width&#8220; text_align=&#8220;left&#8220; background_animation=&#8220;none&#8220; css_animation=&#8220;&#8220;][vc_column width=&#8220;5\/6&#8243;][vc_column_text]<\/p>\n<ul>\n<li style=\"text-align: left\"><a href=\"https:\/\/fs.kswe.ch\/spo\/frauenlauf\/\" target=\"_blank\" rel=\"noopener\"><span style=\"color: #800000\">zur\u00fcck<\/span><\/a><\/li>\n<\/ul>\n<p>[\/vc_column_text][\/vc_column][vc_column width=&#8220;1\/6&#8243;][\/vc_column][\/vc_row][vc_row row_type=&#8220;row&#8220; use_row_as_full_screen_section=&#8220;no&#8220; type=&#8220;full_width&#8220; text_align=&#8220;left&#8220; background_animation=&#8220;none&#8220; css_animation=&#8220;&#8220;][vc_column][vc_empty_space height=&#8220;12px&#8220;][vc_separator type=&#8220;normal&#8220; border_style=&#8220;&#8220;][vc_empty_space][\/vc_column][\/vc_row][vc_row row_type=&#8220;row&#8220; use_row_as_full_screen_section=&#8220;no&#8220; type=&#8220;full_width&#8220; text_align=&#8220;left&#8220; background_animation=&#8220;none&#8220; css_animation=&#8220;&#8220;][vc_column][vc_column_text]Bildergalerie[\/vc_column_text][\/vc_column][\/vc_row][vc_row row_type=&#8220;row&#8220; use_row_as_full_screen_section=&#8220;no&#8220; type=&#8220;full_width&#8220; text_align=&#8220;left&#8220; background_animation=&#8220;none&#8220; css_animation=&#8220;&#8220;][vc_column][vc_empty_space][\/vc_column][\/vc_row][vc_row row_type=&#8220;row&#8220; use_row_as_full_screen_section=&#8220;no&#8220; type=&#8220;full_width&#8220; text_align=&#8220;left&#8220; background_animation=&#8220;none&#8220; css_animation=&#8220;&#8220;][vc_column][vc_gallery type=&#8220;image_grid&#8220; images=&#8220;14243,14242,14245&#8243; img_size=&#8220;full&#8220; onclick=&#8220;&#8220; css=&#8220;&#8220; column_number=&#8220;0&#8243; grayscale=&#8220;no&#8220; space_between_images=&#8220;no&#8220;][\/vc_column][\/vc_row]<\/p>\n<\/div>","protected":false},"excerpt":{"rendered":"<p>[vc_row row_type=&#8220;row&#8220; use_row_as_full_screen_section=&#8220;no&#8220; type=&#8220;full_width&#8220; text_align=&#8220;left&#8220; background_animation=&#8220;none&#8220; css_animation=&#8220;&#8220;][vc_column width=&#8220;2\/3&#8243;][vc_column_text css=&#8220;&#8220;]Frauenlauf 2025[\/vc_column_text][\/vc_column][vc_column width=&#8220;1\/3&#8243;][\/vc_column][\/vc_row][vc_row row_type=&#8220;row&#8220; use_row_as_full_screen_section=&#8220;no&#8220; type=&#8220;full_width&#8220; text_align=&#8220;left&#8220; background_animation=&#8220;none&#8220; css_animation=&#8220;&#8220;][vc_column][vc_empty_space][\/vc_column][\/vc_row][vc_row row_type=&#8220;row&#8220; use_row_as_full_screen_section=&#8220;no&#8220; type=&#8220;full_width&#8220; text_align=&#8220;left&#8220; background_animation=&#8220;none&#8220; css_animation=&#8220;&#8220;][vc_column][vc_column_text css=&#8220;&#8220;]Ein sch\u00f6nes Finisherinnen-Shirt in \u00abAare-gr\u00fcn\u00bb, Endorphin und viel Freude als Belohnung f\u00fcr den erfolgreich absolvierten Frauenlauf 2025! \u00a0 &nbsp; Bei hoch sommerlichen&#8230;<\/p>\n","protected":false},"author":25,"featured_media":0,"parent":0,"menu_order":0,"comment_status":"closed","ping_status":"closed","template":"","meta":{"footnotes":""},"class_list":["post-14244","page","type-page","status-publish","hentry"],"_links":{"self":[{"href":"https:\/\/fs.kswe.ch\/spo\/wp-json\/wp\/v2\/pages\/14244","targetHints":{"allow":["GET"]}}],"collection":[{"href":"https:\/\/fs.kswe.ch\/spo\/wp-json\/wp\/v2\/pages"}],"about":[{"href":"https:\/\/fs.kswe.ch\/spo\/wp-json\/wp\/v2\/types\/page"}],"author":[{"embeddable":true,"href":"https:\/\/fs.kswe.ch\/spo\/wp-json\/wp\/v2\/users\/25"}],"replies":[{"embeddable":true,"href":"https:\/\/fs.kswe.ch\/spo\/wp-json\/wp\/v2\/comments?post=14244"}],"version-history":[{"count":2,"href":"https:\/\/fs.kswe.ch\/spo\/wp-json\/wp\/v2\/pages\/14244\/revisions"}],"predecessor-version":[{"id":14249,"href":"https:\/\/fs.kswe.ch\/spo\/wp-json\/wp\/v2\/pages\/14244\/revisions\/14249"}],"wp:attachment":[{"href":"https:\/\/fs.kswe.ch\/spo\/wp-json\/wp\/v2\/media?parent=14244"}],"curies":[{"name":"wp","href":"https:\/\/api.w.org\/{rel}","templated":true}]}}