{"id":14179,"date":"2025-03-12T19:20:50","date_gmt":"2025-03-12T18:20:50","guid":{"rendered":"https:\/\/fs.kswe.ch\/spo\/?page_id=14179"},"modified":"2025-03-12T19:21:43","modified_gmt":"2025-03-12T18:21:43","slug":"schooldanceaward25","status":"publish","type":"page","link":"https:\/\/fs.kswe.ch\/spo\/schooldanceaward25\/","title":{"rendered":"SchoolDanceAward25"},"content":{"rendered":"<div class=\"wpb-content-wrapper\"><p>[vc_row row_type=&#8220;row&#8220; use_row_as_full_screen_section=&#8220;no&#8220; type=&#8220;full_width&#8220; text_align=&#8220;left&#8220; background_animation=&#8220;none&#8220; css_animation=&#8220;&#8220;][vc_column width=&#8220;2\/3&#8243;][vc_column_text css=&#8220;&#8220;]<em><strong>School Dance Award 2025<br \/>\n<\/strong><\/em>[\/vc_column_text][\/vc_column][vc_column width=&#8220;1\/3&#8243;][\/vc_column][\/vc_row][vc_row row_type=&#8220;row&#8220; use_row_as_full_screen_section=&#8220;no&#8220; type=&#8220;full_width&#8220; text_align=&#8220;left&#8220; background_animation=&#8220;none&#8220; css_animation=&#8220;&#8220;][vc_column][vc_empty_space][\/vc_column][\/vc_row][vc_row row_type=&#8220;row&#8220; use_row_as_full_screen_section=&#8220;no&#8220; type=&#8220;full_width&#8220; text_align=&#8220;left&#8220; background_animation=&#8220;none&#8220; css_animation=&#8220;&#8220;][vc_column][vc_column_text css=&#8220;&#8220;]<strong>Tanzgruppe \u201eStella Maris\u201c \u2013 Mit Leidenschaft auf der B\u00fchne<\/strong><\/p>\n<p>&nbsp;<\/p>\n<p>&nbsp;<\/p>\n<p>Seit den Sommerferien haben die 17 T\u00e4nzerinnen von Stella Maris Woche f\u00fcr Woche am Donnerstagabend trainiert, um \u00fcber sich hinauszuwachsen und gemeinsam eine mitreissende Show zu erarbeiten. Mit viel Energie, Hingabe und Teamgeist wurde aus ersten Ideen eine ausdrucksstarke Choreografie, die beim School Dance Award pr\u00e4sentiert wurde.<\/p>\n<p>&nbsp;<\/p>\n<p>&nbsp;<\/p>\n<p>Die drei Leiterinnen (Samira Schneider, Alma Iljescu- Tudosa und No\u00e9mi Lakatos) haben ein Konzept entwickelt, das sich einem anspruchsvollen Thema widmet: der Selbstreflexion. Sich selbst ehrlich zu betrachten \u2013 mit allen St\u00e4rken, aber auch Schw\u00e4chen \u2013 ist nicht immer einfach. Doch genau diese Herausforderung haben wir t\u00e4nzerisch umgesetzt und auf die B\u00fchne gebracht.<\/p>\n<p>&nbsp;<\/p>\n<p>&nbsp;<\/p>\n<p>Unser Auftritt war das Ergebnis harter Arbeit, grosser Leidenschaft und unz\u00e4hligen Trainingsstunden. Wir sind stolz auf das, was wir gemeinsam geschaffen haben, und dankbar f\u00fcr diese intensive Erfahrung. Vor allem aber hatten wir einen riesigen Spass!<\/p>\n<p>&nbsp;<\/p>\n<p>&nbsp;<\/p>\n<p>Text: Samira Schneider<\/p>\n<p>&nbsp;<\/p>\n<p>Fotos: SDA[\/vc_column_text][\/vc_column][\/vc_row][vc_row row_type=&#8220;row&#8220; use_row_as_full_screen_section=&#8220;no&#8220; type=&#8220;full_width&#8220; text_align=&#8220;left&#8220; background_animation=&#8220;none&#8220; css_animation=&#8220;&#8220;][vc_column][vc_empty_space][\/vc_column][\/vc_row][vc_row row_type=&#8220;row&#8220; use_row_as_full_screen_section=&#8220;no&#8220; type=&#8220;full_width&#8220; text_align=&#8220;left&#8220; background_animation=&#8220;none&#8220; css_animation=&#8220;&#8220;][vc_column width=&#8220;5\/6&#8243;][vc_column_text]<\/p>\n<ul>\n<li style=\"text-align: left\"><a href=\"https:\/\/fs.kswe.ch\/spo\/schooldanceaward\/\"><span style=\"color: #800000\">zur\u00fcck<\/span><\/a><\/li>\n<\/ul>\n<p>[\/vc_column_text][\/vc_column][vc_column width=&#8220;1\/6&#8243;][\/vc_column][\/vc_row][vc_row row_type=&#8220;row&#8220; use_row_as_full_screen_section=&#8220;no&#8220; type=&#8220;full_width&#8220; text_align=&#8220;left&#8220; background_animation=&#8220;none&#8220; css_animation=&#8220;&#8220;][vc_column][vc_empty_space height=&#8220;12px&#8220;][vc_separator type=&#8220;normal&#8220; border_style=&#8220;&#8220;][vc_empty_space][\/vc_column][\/vc_row][vc_row row_type=&#8220;row&#8220; use_row_as_full_screen_section=&#8220;no&#8220; type=&#8220;full_width&#8220; text_align=&#8220;left&#8220; background_animation=&#8220;none&#8220; css_animation=&#8220;&#8220;][vc_column][vc_gallery type=&#8220;image_grid&#8220; images=&#8220;14178,14177,14176&#8243; img_size=&#8220;full&#8220; onclick=&#8220;&#8220; css=&#8220;&#8220; column_number=&#8220;0&#8243; grayscale=&#8220;no&#8220; space_between_images=&#8220;no&#8220;][\/vc_column][\/vc_row]<\/p>\n<\/div>","protected":false},"excerpt":{"rendered":"<p>[vc_row row_type=&#8220;row&#8220; use_row_as_full_screen_section=&#8220;no&#8220; type=&#8220;full_width&#8220; text_align=&#8220;left&#8220; background_animation=&#8220;none&#8220; css_animation=&#8220;&#8220;][vc_column width=&#8220;2\/3&#8243;][vc_column_text css=&#8220;&#8220;]School Dance Award 2025 [\/vc_column_text][\/vc_column][vc_column width=&#8220;1\/3&#8243;][\/vc_column][\/vc_row][vc_row row_type=&#8220;row&#8220; use_row_as_full_screen_section=&#8220;no&#8220; type=&#8220;full_width&#8220; text_align=&#8220;left&#8220; background_animation=&#8220;none&#8220; css_animation=&#8220;&#8220;][vc_column][vc_empty_space][\/vc_column][\/vc_row][vc_row row_type=&#8220;row&#8220; use_row_as_full_screen_section=&#8220;no&#8220; type=&#8220;full_width&#8220; text_align=&#8220;left&#8220; background_animation=&#8220;none&#8220; css_animation=&#8220;&#8220;][vc_column][vc_column_text css=&#8220;&#8220;]Tanzgruppe \u201eStella Maris\u201c \u2013 Mit Leidenschaft auf der B\u00fchne &nbsp; &nbsp; Seit den Sommerferien haben die 17 T\u00e4nzerinnen von&#8230;<\/p>\n","protected":false},"author":25,"featured_media":11443,"parent":0,"menu_order":0,"comment_status":"closed","ping_status":"closed","template":"","meta":{"footnotes":""},"class_list":["post-14179","page","type-page","status-publish","has-post-thumbnail","hentry"],"_links":{"self":[{"href":"https:\/\/fs.kswe.ch\/spo\/wp-json\/wp\/v2\/pages\/14179","targetHints":{"allow":["GET"]}}],"collection":[{"href":"https:\/\/fs.kswe.ch\/spo\/wp-json\/wp\/v2\/pages"}],"about":[{"href":"https:\/\/fs.kswe.ch\/spo\/wp-json\/wp\/v2\/types\/page"}],"author":[{"embeddable":true,"href":"https:\/\/fs.kswe.ch\/spo\/wp-json\/wp\/v2\/users\/25"}],"replies":[{"embeddable":true,"href":"https:\/\/fs.kswe.ch\/spo\/wp-json\/wp\/v2\/comments?post=14179"}],"version-history":[{"count":4,"href":"https:\/\/fs.kswe.ch\/spo\/wp-json\/wp\/v2\/pages\/14179\/revisions"}],"predecessor-version":[{"id":14188,"href":"https:\/\/fs.kswe.ch\/spo\/wp-json\/wp\/v2\/pages\/14179\/revisions\/14188"}],"wp:featuredmedia":[{"embeddable":true,"href":"https:\/\/fs.kswe.ch\/spo\/wp-json\/wp\/v2\/media\/11443"}],"wp:attachment":[{"href":"https:\/\/fs.kswe.ch\/spo\/wp-json\/wp\/v2\/media?parent=14179"}],"curies":[{"name":"wp","href":"https:\/\/api.w.org\/{rel}","templated":true}]}}