{"id":14171,"date":"2025-03-12T18:13:38","date_gmt":"2025-03-12T17:13:38","guid":{"rendered":"https:\/\/fs.kswe.ch\/spo\/?page_id=14171"},"modified":"2025-03-12T18:13:38","modified_gmt":"2025-03-12T17:13:38","slug":"msmvolley25","status":"publish","type":"page","link":"https:\/\/fs.kswe.ch\/spo\/msmvolley25\/","title":{"rendered":"MSMVolleyball25"},"content":{"rendered":"<div class=\"wpb-content-wrapper\"><p>[vc_row row_type=&#8220;row&#8220; use_row_as_full_screen_section=&#8220;no&#8220; type=&#8220;full_width&#8220; text_align=&#8220;left&#8220; background_animation=&#8220;none&#8220; css_animation=&#8220;&#8220;][vc_column width=&#8220;2\/3&#8243;][vc_empty_space height=&#8220;24px&#8220;][\/vc_column][vc_column width=&#8220;1\/3&#8243;][\/vc_column][\/vc_row][vc_row row_type=&#8220;row&#8220; use_row_as_full_screen_section=&#8220;no&#8220; type=&#8220;full_width&#8220; text_align=&#8220;left&#8220; background_animation=&#8220;none&#8220; css_animation=&#8220;&#8220;][vc_column][vc_column_text css=&#8220;&#8220;]<strong>Volleyball Mittelschulmeisterschaften 2025 (Herren)<\/strong><\/p>\n<p>&nbsp;<\/p>\n<p>&nbsp;<\/p>\n<p><em>Unser Herren-Team best\u00e4tigt die Platzierung der letzten Jahre.<\/em><\/p>\n<p><em>\u00a0<\/em><\/p>\n<p>&nbsp;<\/p>\n<p>F\u00fcr das Wettinger 12er-Kader begann das Turnier mit einem Highlight. Die leicht geschw\u00e4chten Mitfavoriten aus Wohlen konnten dank geschlossener Teamleistung am Block und Angriff im ersten Satz besiegt werden, im zweiten wurde es dank Janis\u2018 Serviceleistung zu Satzende noch einmal spannend, mit 23:25 ging der Satz aber knapp verloren. Das Spiel endete somit 1:1 mit leichtem Punktevorteil f\u00fcr Wettingen. Daraus sch\u00f6pfte man viel Mut und Zuversicht, um bis zum Ende um die begehrten Pl\u00e4tze f\u00fcr die Schweizermeisterschaft spielen zu k\u00f6nnen.<\/p>\n<p>Als n\u00e4chster Gegner warteten die bekannten Gesichter der Kanti Baden. Auch Baden musste verletzungsbedingt auf bew\u00e4hrte Kr\u00e4fte verzichten, konnte aber dank viel Stabilit\u00e4t am Zuspiel, Aussen und Dia die Wettinger Jungs auf Distanz halten. Als man dann noch vernahm, dass die Alte Kanti Aarau mit NLA- und NTZ-Spieler antritt und diese im direkten Spiel auch ihre St\u00e4rke ausspielten, wurden den Wettinger-Tr\u00e4umen ein apruptes Ende gesetzt.<\/p>\n<p>In den Schlussspielen gegen Zofingen und die Neue Kanti Aarau (beides 2:0-Siege) bekamen alle Einsatzzeit. Die Freude \u00fcber die positiven Resultate zum Schluss und das Volleyballspiel im Allgemeinen \u00fcberwog deshalb am Ende auch klar.<\/p>\n<p>Weil Wohlen \u00fcberraschenderweise gegen die Alte Kanti einen Satz gewann und diese im letzten Spiel gegen Baden verletzungs- und trainingsbedingt auf ihre Topspieler verzichten mussten, gewann die Kanti Baden verdient das Turnier. Wettingen musste somit Wohlen in der Tabelle an sich vorbeiziehen lassen und gr\u00fcsst vom 4. Schlussrang.<\/p>\n<p>&nbsp;<\/p>\n<p>&nbsp;<\/p>\n<p>&nbsp;<\/p>\n<p>Hinten v.l.n.r.: Tim Fl\u00fctsch F3A, Jonathan Kothe F3C, Aron Angst F3A, Jonas V\u00f6geli G2B, Patrice Risler G4I, Felix Funk G2I, Ra\u00f9l Bischof G4G<\/p>\n<p>Vorne v.l.n.r.: Florian Lier, Daniel Surdu G2I, Janis Henriques G3I, Angelo Kirchhofer G2H, Luis Paluca F2C, Janis Fiechter G4B<\/p>\n<p>&nbsp;<\/p>\n<p>&nbsp;<\/p>\n<p>F\u00fcr die Fachschaft Sport: Florian Lier<\/p>\n<p>&nbsp;<\/p>\n<p>Rangliste Herren<\/p>\n<p>&nbsp;<\/p>\n<table>\n<tbody>\n<tr>\n<td width=\"83\">1.<\/td>\n<td width=\"248\">Kanti Baden<\/td>\n<td width=\"104\">10 Punkte<\/td>\n<\/tr>\n<tr>\n<td width=\"83\">2.<\/td>\n<td width=\"248\">Alte Kanti Aarau<\/td>\n<td width=\"104\">7 Punkte<\/td>\n<\/tr>\n<tr>\n<td width=\"83\">3.<\/td>\n<td width=\"248\">Kanti Wohlen<\/td>\n<td width=\"104\">6 Punkte<\/td>\n<\/tr>\n<tr>\n<td width=\"83\">4.<\/td>\n<td width=\"248\">Kanti Wettingen<\/td>\n<td width=\"104\">5 Punkte<\/td>\n<\/tr>\n<tr>\n<td width=\"83\">5.<\/td>\n<td width=\"248\">Neue Kanti Aarau<\/td>\n<td width=\"104\">2 Punkte<\/td>\n<\/tr>\n<tr>\n<td width=\"83\">6.<\/td>\n<td width=\"248\">Kanti Zofingen<\/td>\n<td width=\"104\">0 Punkte<\/td>\n<\/tr>\n<\/tbody>\n<\/table>\n<p>&nbsp;<\/p>\n<p>&nbsp;<\/p>\n<p>&nbsp;<\/p>\n<p>[\/vc_column_text][\/vc_column][\/vc_row][vc_row row_type=&#8220;row&#8220; use_row_as_full_screen_section=&#8220;no&#8220; type=&#8220;full_width&#8220; text_align=&#8220;left&#8220; background_animation=&#8220;none&#8220; css_animation=&#8220;&#8220;][vc_column][vc_empty_space][\/vc_column][\/vc_row][vc_row row_type=&#8220;row&#8220; use_row_as_full_screen_section=&#8220;no&#8220; type=&#8220;full_width&#8220; text_align=&#8220;left&#8220; background_animation=&#8220;none&#8220; css_animation=&#8220;&#8220;][vc_column][vc_separator type=&#8220;normal&#8220; border_style=&#8220;&#8220;][\/vc_column][\/vc_row][vc_row row_type=&#8220;row&#8220; use_row_as_full_screen_section=&#8220;no&#8220; type=&#8220;full_width&#8220; text_align=&#8220;left&#8220; background_animation=&#8220;none&#8220; css_animation=&#8220;&#8220;][vc_column][vc_column_text]<\/p>\n<ul>\n<li style=\"text-align: left\"><a href=\"https:\/\/fs.kswe.ch\/spo\/mittelschulmeisterschaften\/\"><span style=\"color: #800000\">zur\u00fcck<\/span><\/a><\/li>\n<\/ul>\n<p>[\/vc_column_text][\/vc_column][\/vc_row][vc_row row_type=&#8220;row&#8220; use_row_as_full_screen_section=&#8220;no&#8220; type=&#8220;full_width&#8220; text_align=&#8220;left&#8220; background_animation=&#8220;none&#8220; css_animation=&#8220;&#8220;][vc_column][vc_empty_space height=&#8220;12px&#8220;][vc_separator type=&#8220;normal&#8220; border_style=&#8220;&#8220;][vc_empty_space height=&#8220;24px&#8220;][\/vc_column][\/vc_row][vc_row row_type=&#8220;row&#8220; use_row_as_full_screen_section=&#8220;no&#8220; type=&#8220;full_width&#8220; text_align=&#8220;left&#8220; background_animation=&#8220;none&#8220; css_animation=&#8220;&#8220;][vc_column][vc_empty_space height=&#8220;12px&#8220;][\/vc_column][\/vc_row][vc_row row_type=&#8220;row&#8220; use_row_as_full_screen_section=&#8220;no&#8220; type=&#8220;full_width&#8220; text_align=&#8220;left&#8220; background_animation=&#8220;none&#8220; css_animation=&#8220;&#8220;][vc_column][vc_gallery type=&#8220;image_grid&#8220; images=&#8220;14170&#8243; img_size=&#8220;full&#8220; onclick=&#8220;&#8220; css=&#8220;&#8220; column_number=&#8220;0&#8243; grayscale=&#8220;no&#8220; space_between_images=&#8220;no&#8220;][\/vc_column][\/vc_row][vc_row row_type=&#8220;row&#8220; use_row_as_full_screen_section=&#8220;no&#8220; type=&#8220;full_width&#8220; text_align=&#8220;left&#8220; background_animation=&#8220;none&#8220; css_animation=&#8220;&#8220;][vc_column][vc_empty_space height=&#8220;60px&#8220;][\/vc_column][\/vc_row]<\/p>\n<\/div>","protected":false},"excerpt":{"rendered":"<p>[vc_row row_type=&#8220;row&#8220; use_row_as_full_screen_section=&#8220;no&#8220; type=&#8220;full_width&#8220; text_align=&#8220;left&#8220; background_animation=&#8220;none&#8220; css_animation=&#8220;&#8220;][vc_column width=&#8220;2\/3&#8243;][vc_empty_space height=&#8220;24px&#8220;][\/vc_column][vc_column width=&#8220;1\/3&#8243;][\/vc_column][\/vc_row][vc_row row_type=&#8220;row&#8220; use_row_as_full_screen_section=&#8220;no&#8220; type=&#8220;full_width&#8220; text_align=&#8220;left&#8220; background_animation=&#8220;none&#8220; css_animation=&#8220;&#8220;][vc_column][vc_column_text css=&#8220;&#8220;]Volleyball Mittelschulmeisterschaften 2025 (Herren) &nbsp; &nbsp; Unser Herren-Team best\u00e4tigt die Platzierung der letzten Jahre. \u00a0 &nbsp; F\u00fcr das Wettinger 12er-Kader begann das Turnier mit einem Highlight. Die leicht geschw\u00e4chten&#8230;<\/p>\n","protected":false},"author":25,"featured_media":0,"parent":0,"menu_order":0,"comment_status":"closed","ping_status":"closed","template":"","meta":{"footnotes":""},"class_list":["post-14171","page","type-page","status-publish","hentry"],"_links":{"self":[{"href":"https:\/\/fs.kswe.ch\/spo\/wp-json\/wp\/v2\/pages\/14171","targetHints":{"allow":["GET"]}}],"collection":[{"href":"https:\/\/fs.kswe.ch\/spo\/wp-json\/wp\/v2\/pages"}],"about":[{"href":"https:\/\/fs.kswe.ch\/spo\/wp-json\/wp\/v2\/types\/page"}],"author":[{"embeddable":true,"href":"https:\/\/fs.kswe.ch\/spo\/wp-json\/wp\/v2\/users\/25"}],"replies":[{"embeddable":true,"href":"https:\/\/fs.kswe.ch\/spo\/wp-json\/wp\/v2\/comments?post=14171"}],"version-history":[{"count":1,"href":"https:\/\/fs.kswe.ch\/spo\/wp-json\/wp\/v2\/pages\/14171\/revisions"}],"predecessor-version":[{"id":14172,"href":"https:\/\/fs.kswe.ch\/spo\/wp-json\/wp\/v2\/pages\/14171\/revisions\/14172"}],"wp:attachment":[{"href":"https:\/\/fs.kswe.ch\/spo\/wp-json\/wp\/v2\/media?parent=14171"}],"curies":[{"name":"wp","href":"https:\/\/api.w.org\/{rel}","templated":true}]}}