{"id":14000,"date":"2024-11-20T18:46:12","date_gmt":"2024-11-20T17:46:12","guid":{"rendered":"https:\/\/fs.kswe.ch\/spo\/?page_id=14000"},"modified":"2024-11-20T18:46:12","modified_gmt":"2024-11-20T17:46:12","slug":"polysportturnier24","status":"publish","type":"page","link":"https:\/\/fs.kswe.ch\/spo\/polysportturnier24\/","title":{"rendered":"Polysportturnier24"},"content":{"rendered":"<div class=\"wpb-content-wrapper\"><p>[vc_row row_type=&#8220;row&#8220; use_row_as_full_screen_section=&#8220;no&#8220; type=&#8220;full_width&#8220; text_align=&#8220;left&#8220; background_animation=&#8220;none&#8220; css_animation=&#8220;&#8220;][vc_column][vc_empty_space height=&#8220;24px&#8220;][vc_column_text css=&#8220;&#8220;]<em><strong>Erfolg der G2I am polysportiven Turnier in Aarau<\/strong><\/em>[\/vc_column_text][\/vc_column][\/vc_row][vc_row row_type=&#8220;row&#8220; use_row_as_full_screen_section=&#8220;no&#8220; type=&#8220;full_width&#8220; text_align=&#8220;left&#8220; background_animation=&#8220;none&#8220; css_animation=&#8220;&#8220;][vc_column][vc_empty_space][\/vc_column][\/vc_row][vc_row row_type=&#8220;row&#8220; use_row_as_full_screen_section=&#8220;no&#8220; type=&#8220;full_width&#8220; text_align=&#8220;left&#8220; background_animation=&#8220;none&#8220; css_animation=&#8220;&#8220;][vc_column][vc_column_text css=&#8220;&#8220;]<\/p>\n<p style=\"font-weight: 400\">Im Jahreskalender der kantonalen Mittelschulmeisterschaften f\u00e4llt ein Turnier leicht aus dem Rahmen: Das Polysportive Turnier. Ein Turnier, das auch unkonventionelle Spiele integriert, bei welchem Fairplay in die Wertung einbezogen wird und das vorwiegend ohne Schiedsrichter auskommt.<\/p>\n<p>&nbsp;<\/p>\n<p style=\"font-weight: 400\">Im Gegensatz zu den Turnieren in einzelnen Sportarten, bei welchem eine Auswahl der besten Spielerinnen und Spieler der gesamten \u00a0Schule am Turnier teilnehmen kann, darf beim polysportiven Turnier diejenige Abteilung der 1. oder 2. Klassen teilnehmen, die am Sporttag am erfolgreichsten war und dort positiv aufgefallen ist. Dieses Jahr war es die Abteilung G2I, welche am 18.11.24 an die Alte Kantonsschule nach Aarau reisen durfte.<\/p>\n<p>&nbsp;<\/p>\n<p style=\"font-weight: 400\">Die je f\u00fcnf Sch\u00fclerinnen und Sch\u00fcler haben mit grossem Einsatz und viel taktischem Geschick in den Sportarten Futsal, Volleyball, Hammerball und Golf um Punkte gegen die sechs Teams der anderen Kantonsschulen gek\u00e4mpft. Sie konnten etliche Spiele f\u00fcr sich entscheiden und mit den zus\u00e4tzlich erhaltenen Fairnesspunkten durften Sie hinter dem Team der Kantonsschule Wohlen den hervorragenden 2. Rang erzielen.<\/p>\n<p>&nbsp;<\/p>\n<p style=\"font-weight: 400\">Die Fachschaft Sport gratuliert der G2I zu ihrem Erfolg.<\/p>\n<p>&nbsp;<\/p>\n<p>&nbsp;<\/p>\n<p>Text und Foto: Simone Zuberb\u00fchler<\/p>\n<p>&nbsp;<\/p>\n<ul>\n<li><a href=\"https:\/\/fs.kswe.ch\/spo\/spielturniere\/\"><span style=\"color: #800000\">zur\u00fcck<\/span><\/a><\/li>\n<\/ul>\n<p>[\/vc_column_text][\/vc_column][\/vc_row][vc_row row_type=&#8220;row&#8220; use_row_as_full_screen_section=&#8220;no&#8220; type=&#8220;full_width&#8220; text_align=&#8220;left&#8220; background_animation=&#8220;none&#8220; css_animation=&#8220;&#8220;][vc_column][vc_single_image image=&#8220;14003&#8243; img_size=&#8220;full&#8220; css=&#8220;&#8220; qode_css_animation=&#8220;&#8220;][vc_empty_space height=&#8220;12px&#8220;][vc_single_image image=&#8220;14002&#8243; img_size=&#8220;full&#8220; css=&#8220;&#8220; qode_css_animation=&#8220;&#8220;][\/vc_column][\/vc_row]<\/p>\n<\/div>","protected":false},"excerpt":{"rendered":"<p>[vc_row row_type=&#8220;row&#8220; use_row_as_full_screen_section=&#8220;no&#8220; type=&#8220;full_width&#8220; text_align=&#8220;left&#8220; background_animation=&#8220;none&#8220; css_animation=&#8220;&#8220;][vc_column][vc_empty_space height=&#8220;24px&#8220;][vc_column_text css=&#8220;&#8220;]Erfolg der G2I am polysportiven Turnier in Aarau[\/vc_column_text][\/vc_column][\/vc_row][vc_row row_type=&#8220;row&#8220; use_row_as_full_screen_section=&#8220;no&#8220; type=&#8220;full_width&#8220; text_align=&#8220;left&#8220; background_animation=&#8220;none&#8220; css_animation=&#8220;&#8220;][vc_column][vc_empty_space][\/vc_column][\/vc_row][vc_row row_type=&#8220;row&#8220; use_row_as_full_screen_section=&#8220;no&#8220; type=&#8220;full_width&#8220; text_align=&#8220;left&#8220; background_animation=&#8220;none&#8220; css_animation=&#8220;&#8220;][vc_column][vc_column_text css=&#8220;&#8220;] Im Jahreskalender der kantonalen Mittelschulmeisterschaften f\u00e4llt ein Turnier leicht aus dem Rahmen: Das Polysportive Turnier. Ein&#8230;<\/p>\n","protected":false},"author":25,"featured_media":14003,"parent":0,"menu_order":0,"comment_status":"closed","ping_status":"closed","template":"","meta":{"footnotes":""},"class_list":["post-14000","page","type-page","status-publish","has-post-thumbnail","hentry"],"_links":{"self":[{"href":"https:\/\/fs.kswe.ch\/spo\/wp-json\/wp\/v2\/pages\/14000","targetHints":{"allow":["GET"]}}],"collection":[{"href":"https:\/\/fs.kswe.ch\/spo\/wp-json\/wp\/v2\/pages"}],"about":[{"href":"https:\/\/fs.kswe.ch\/spo\/wp-json\/wp\/v2\/types\/page"}],"author":[{"embeddable":true,"href":"https:\/\/fs.kswe.ch\/spo\/wp-json\/wp\/v2\/users\/25"}],"replies":[{"embeddable":true,"href":"https:\/\/fs.kswe.ch\/spo\/wp-json\/wp\/v2\/comments?post=14000"}],"version-history":[{"count":7,"href":"https:\/\/fs.kswe.ch\/spo\/wp-json\/wp\/v2\/pages\/14000\/revisions"}],"predecessor-version":[{"id":14009,"href":"https:\/\/fs.kswe.ch\/spo\/wp-json\/wp\/v2\/pages\/14000\/revisions\/14009"}],"wp:featuredmedia":[{"embeddable":true,"href":"https:\/\/fs.kswe.ch\/spo\/wp-json\/wp\/v2\/media\/14003"}],"wp:attachment":[{"href":"https:\/\/fs.kswe.ch\/spo\/wp-json\/wp\/v2\/media?parent=14000"}],"curies":[{"name":"wp","href":"https:\/\/api.w.org\/{rel}","templated":true}]}}