{"id":13990,"date":"2024-10-25T18:04:25","date_gmt":"2024-10-25T16:04:25","guid":{"rendered":"https:\/\/fs.kswe.ch\/spo\/?page_id=13990"},"modified":"2024-10-25T18:04:25","modified_gmt":"2024-10-25T16:04:25","slug":"stauseelauf24","status":"publish","type":"page","link":"https:\/\/fs.kswe.ch\/spo\/stauseelauf24\/","title":{"rendered":"Stauseelauf24"},"content":{"rendered":"<div class=\"wpb-content-wrapper\"><p>[vc_row row_type=&#8220;row&#8220; use_row_as_full_screen_section=&#8220;no&#8220; type=&#8220;full_width&#8220; text_align=&#8220;left&#8220; background_animation=&#8220;none&#8220; css_animation=&#8220;&#8220;][vc_column width=&#8220;2\/3&#8243;][vc_column_text css=&#8220;&#8220;]<em><strong>Stauseelauf 2024<\/strong><\/em>[\/vc_column_text][\/vc_column][vc_column width=&#8220;1\/3&#8243;][\/vc_column][\/vc_row][vc_row row_type=&#8220;row&#8220; use_row_as_full_screen_section=&#8220;no&#8220; type=&#8220;full_width&#8220; text_align=&#8220;left&#8220; background_animation=&#8220;none&#8220; css_animation=&#8220;&#8220;][vc_column][vc_empty_space][\/vc_column][\/vc_row][vc_row row_type=&#8220;row&#8220; use_row_as_full_screen_section=&#8220;no&#8220; type=&#8220;full_width&#8220; text_align=&#8220;left&#8220; background_animation=&#8220;none&#8220; css_animation=&#8220;&#8220;][vc_column][vc_column_text css=&#8220;&#8220;]<\/p>\n<p style=\"font-weight: 400\"><strong>Wachabl\u00f6sung bei den Herren und Titelverteidigung bei den Damen<\/strong><\/p>\n<p>&nbsp;<\/p>\n<p style=\"font-weight: 400\">Es ist der 22.10.2024. Im Gegensatz zum Vorjahr herrscht dank Sonne und einer leichten Brise f\u00fcr ideales Laufwetter. Eine nerv\u00f6se Stimmung ist bereits am fr\u00fchen Morgen sp\u00fcrbar, denn alle sind auf den sp\u00e4ten Nachmittag gespannt: der traditionelle Stauseelauf der Kanti Wettingen steht auf dem Programm.<\/p>\n<p>&nbsp;<\/p>\n<p style=\"font-weight: 400\">15:45 Uhr: Die letzten Vorbereitungen bis zum Start beginnen. Nach und nach versammeln sich die Sch\u00fclerinnen und Sch\u00fcler der 3. Klassen des Gymnasiums und der Fachmittelschule beim Stauwehr. Die Anwesenden sind mehr oder weniger bereit, um die 8,7 Kilometer lange Strecke entlang des Wettinger Stausees zu bew\u00e4ltigen.<\/p>\n<p>&nbsp;<\/p>\n<p style=\"font-weight: 400\">16:45 Uhr: Die ersten der 281 Sch\u00fclerinnen und Sch\u00fcler begeben sich in verschiedenen Bl\u00f6cken auf die Strecke. Wer schafft es als erste(r) ins Ziel?<\/p>\n<p>&nbsp;<\/p>\n<p style=\"font-weight: 400\">17:18 Uhr: Der erste L\u00e4ufer ist mit einer sensationellen Zeit zur\u00fcck im Ziel. Alle weiteren folgen ihm, die letzte Gruppe etwas mehr als 1 Stunde sp\u00e4ter.<\/p>\n<p>&nbsp;<\/p>\n<p style=\"font-weight: 400\">Der Lauf brachte auch in diesem Jahr viele unterschiedliche L\u00e4uferlebnisse mit sich. W\u00e4hrend einige Teilnehmende die Strecke mit Leichtigkeit meisterten, mussten andere sich ordentlich ins Zeug legen. Besonders die letzten Kilometer verlangten von den meisten viel Willensst\u00e4rke. Doch der Anblick der Ziellinie motivierte viele noch einmal zu H\u00f6chstleistungen. Die Vorjahressiegerin C\u00e9line Cattin (G4C) war mit einer Zeit von 38:47 (entspricht einer Top 10-Zeit in der Bestenliste) f\u00fcr die diesj\u00e4hrige weibliche Konkurrenz ausser Reichweite und verteidigte ihren Titel aus dem Vorjahr. Lisa Steger (G3A) lief als erste Frau mit 43:11 ins Ziel und sicherte sich damit den Tagessieg. C\u00e9lines Bruder C\u00e9dric (G3C) erk\u00e4mpfte sich mit herausragenden 33:15 den ersten Platz bei den M\u00e4nnern und damit den 4. Platz auf der ewigen Bestenliste. Vorjahressieger Timo Graf (G4F) unterbot seine Siegerzeit aus dem Vorjahr zwar noch einmal deutlich, musste dem \u00fcberragenden C\u00e9dric aber den Vortritt gew\u00e4hren.<\/p>\n<p>&nbsp;<\/p>\n<p style=\"font-weight: 400\">Die frische Herbstluft und die gegenseitige Unterst\u00fctzung der Teilnehmenden sorgten unter anderem daf\u00fcr, dass auch der diesj\u00e4hrige Stauseelauf ein voller Erfolg war. Sich gemeinsam einer grossen Herausforderung zu stellen und sie zu meistern, sorgten in der Regel f\u00fcr stolze und erleichterte Gesichtsausdr\u00fccke nach den Zieleinl\u00e4ufen.<\/p>\n<p>&nbsp;<\/p>\n<p style=\"font-weight: 400\">Im Namen der Fachschaft Sport bedanken wir uns beim Pace-Team, bei den engagierten Helferinnen und Helfern sowie bei allen weiteren Beteiligten f\u00fcr ihren \u00fcberwiegend grossartigen Einsatz. Die Fachschaft Sport gratuliert allen, die sich der Herausforderung gestellt haben und w\u00fcnscht gute Erholung.<\/p>\n<p>&nbsp;<\/p>\n<p style=\"font-weight: 400\">Text: Laura Balciunaite F3C und LiF<\/p>\n<p>&nbsp;<\/p>\n<p>Fotos: Martin Rizek<\/p>\n<p>&nbsp;<\/p>\n<p>&nbsp;<\/p>\n<p style=\"font-weight: 400\"><span style=\"color: #800000\"><a style=\"color: #800000\" href=\"https:\/\/fs.kswe.ch\/spo\/wp-content\/uploads\/sites\/9\/2024\/10\/Frauen-Top-80.pdf\">Rangliste Damen (Top 80)<\/a><\/span><\/p>\n<p style=\"font-weight: 400\"><span style=\"color: #800000\"><a style=\"color: #800000\" href=\"https:\/\/fs.kswe.ch\/spo\/wp-content\/uploads\/sites\/9\/2024\/10\/Maenner-Top-55.pdf\">Rangliste Herren (Top 55)<\/a><\/span><\/p>\n<p style=\"font-weight: 400\"><span style=\"color: #800000\"><a style=\"color: #800000\" href=\"https:\/\/fs.kswe.ch\/spo\/wp-content\/uploads\/sites\/9\/2024\/10\/Bestenliste-Damen.pdf\">Bestenliste Damen<\/a><\/span><\/p>\n<p style=\"font-weight: 400\"><span style=\"color: #800000\"><a style=\"color: #800000\" href=\"https:\/\/fs.kswe.ch\/spo\/wp-content\/uploads\/sites\/9\/2024\/10\/Bestenliste-Herren.pdf\">Bestenliste Herren<\/a><\/span><\/p>\n<p>[\/vc_column_text][\/vc_column][\/vc_row][vc_row row_type=&#8220;row&#8220; use_row_as_full_screen_section=&#8220;no&#8220; type=&#8220;full_width&#8220; text_align=&#8220;left&#8220; background_animation=&#8220;none&#8220; css_animation=&#8220;&#8220;][vc_column][vc_empty_space][\/vc_column][\/vc_row][vc_row row_type=&#8220;row&#8220; use_row_as_full_screen_section=&#8220;no&#8220; type=&#8220;full_width&#8220; text_align=&#8220;left&#8220; background_animation=&#8220;none&#8220; css_animation=&#8220;&#8220;][vc_column width=&#8220;5\/6&#8243;][vc_column_text]<\/p>\n<ul>\n<li style=\"text-align: left\"><a href=\"https:\/\/fs.kswe.ch\/spo\/stauseelauf\/\"><span style=\"color: #800000\">zur\u00fcck<\/span><\/a><\/li>\n<\/ul>\n<p>[\/vc_column_text][\/vc_column][vc_column width=&#8220;1\/6&#8243;][\/vc_column][\/vc_row][vc_row row_type=&#8220;row&#8220; use_row_as_full_screen_section=&#8220;no&#8220; type=&#8220;full_width&#8220; text_align=&#8220;left&#8220; background_animation=&#8220;none&#8220; css_animation=&#8220;&#8220;][vc_column][vc_empty_space height=&#8220;12px&#8220;][vc_separator type=&#8220;normal&#8220; border_style=&#8220;&#8220;][vc_empty_space][\/vc_column][\/vc_row][vc_row row_type=&#8220;row&#8220; use_row_as_full_screen_section=&#8220;no&#8220; type=&#8220;full_width&#8220; text_align=&#8220;left&#8220; background_animation=&#8220;none&#8220; css_animation=&#8220;&#8220;][vc_column][vc_column_text]Bildergalerie[\/vc_column_text][\/vc_column][\/vc_row][vc_row row_type=&#8220;row&#8220; use_row_as_full_screen_section=&#8220;no&#8220; type=&#8220;full_width&#8220; text_align=&#8220;left&#8220; background_animation=&#8220;none&#8220; css_animation=&#8220;&#8220;][vc_column][vc_empty_space][\/vc_column][\/vc_row][vc_row row_type=&#8220;row&#8220; use_row_as_full_screen_section=&#8220;no&#8220; type=&#8220;full_width&#8220; text_align=&#8220;left&#8220; background_animation=&#8220;none&#8220; css_animation=&#8220;&#8220;][vc_column width=&#8220;2\/3&#8243;][vc_gallery type=&#8220;image_grid&#8220; images=&#8220;13989,13988,13987,13986,13985,13984,13983,13982,13981,13980,13979,13978,13977,13976,13975,13974,13973,13972,13971,13970,13969&#8243; img_size=&#8220;full&#8220; onclick=&#8220;&#8220; css=&#8220;&#8220; column_number=&#8220;0&#8243; grayscale=&#8220;no&#8220; space_between_images=&#8220;no&#8220;][\/vc_column][vc_column width=&#8220;1\/3&#8243;][\/vc_column][\/vc_row][vc_row row_type=&#8220;row&#8220; use_row_as_full_screen_section=&#8220;no&#8220; type=&#8220;full_width&#8220; text_align=&#8220;left&#8220; background_animation=&#8220;none&#8220; css_animation=&#8220;&#8220;][vc_column][vc_empty_space][\/vc_column][\/vc_row]<\/p>\n<\/div>","protected":false},"excerpt":{"rendered":"<p>[vc_row row_type=&#8220;row&#8220; use_row_as_full_screen_section=&#8220;no&#8220; type=&#8220;full_width&#8220; text_align=&#8220;left&#8220; background_animation=&#8220;none&#8220; css_animation=&#8220;&#8220;][vc_column width=&#8220;2\/3&#8243;][vc_column_text css=&#8220;&#8220;]Stauseelauf 2024[\/vc_column_text][\/vc_column][vc_column width=&#8220;1\/3&#8243;][\/vc_column][\/vc_row][vc_row row_type=&#8220;row&#8220; use_row_as_full_screen_section=&#8220;no&#8220; type=&#8220;full_width&#8220; text_align=&#8220;left&#8220; background_animation=&#8220;none&#8220; css_animation=&#8220;&#8220;][vc_column][vc_empty_space][\/vc_column][\/vc_row][vc_row row_type=&#8220;row&#8220; use_row_as_full_screen_section=&#8220;no&#8220; type=&#8220;full_width&#8220; text_align=&#8220;left&#8220; background_animation=&#8220;none&#8220; css_animation=&#8220;&#8220;][vc_column][vc_column_text css=&#8220;&#8220;] Wachabl\u00f6sung bei den Herren und Titelverteidigung bei den Damen &nbsp; Es ist der 22.10.2024. Im Gegensatz zum Vorjahr herrscht dank Sonne&#8230;<\/p>\n","protected":false},"author":25,"featured_media":0,"parent":0,"menu_order":0,"comment_status":"closed","ping_status":"closed","template":"","meta":{"footnotes":""},"class_list":["post-13990","page","type-page","status-publish","hentry"],"_links":{"self":[{"href":"https:\/\/fs.kswe.ch\/spo\/wp-json\/wp\/v2\/pages\/13990","targetHints":{"allow":["GET"]}}],"collection":[{"href":"https:\/\/fs.kswe.ch\/spo\/wp-json\/wp\/v2\/pages"}],"about":[{"href":"https:\/\/fs.kswe.ch\/spo\/wp-json\/wp\/v2\/types\/page"}],"author":[{"embeddable":true,"href":"https:\/\/fs.kswe.ch\/spo\/wp-json\/wp\/v2\/users\/25"}],"replies":[{"embeddable":true,"href":"https:\/\/fs.kswe.ch\/spo\/wp-json\/wp\/v2\/comments?post=13990"}],"version-history":[{"count":5,"href":"https:\/\/fs.kswe.ch\/spo\/wp-json\/wp\/v2\/pages\/13990\/revisions"}],"predecessor-version":[{"id":13997,"href":"https:\/\/fs.kswe.ch\/spo\/wp-json\/wp\/v2\/pages\/13990\/revisions\/13997"}],"wp:attachment":[{"href":"https:\/\/fs.kswe.ch\/spo\/wp-json\/wp\/v2\/media?parent=13990"}],"curies":[{"name":"wp","href":"https:\/\/api.w.org\/{rel}","templated":true}]}}