{"id":13918,"date":"2024-09-20T20:24:35","date_gmt":"2024-09-20T18:24:35","guid":{"rendered":"https:\/\/fs.kswe.ch\/spo\/?page_id=13918"},"modified":"2024-09-20T20:24:35","modified_gmt":"2024-09-20T18:24:35","slug":"msmbeach24","status":"publish","type":"page","link":"https:\/\/fs.kswe.ch\/spo\/msmbeach24\/","title":{"rendered":"MSMBeach24"},"content":{"rendered":"<div class=\"wpb-content-wrapper\"><p>[vc_row row_type=&#8220;row&#8220; use_row_as_full_screen_section=&#8220;no&#8220; type=&#8220;full_width&#8220; text_align=&#8220;left&#8220; background_animation=&#8220;none&#8220; css_animation=&#8220;&#8220;][vc_column width=&#8220;2\/3&#8243;][vc_empty_space height=&#8220;24px&#8220;][\/vc_column][vc_column width=&#8220;1\/3&#8243;][\/vc_column][\/vc_row][vc_row row_type=&#8220;row&#8220; use_row_as_full_screen_section=&#8220;no&#8220; type=&#8220;full_width&#8220; text_align=&#8220;left&#8220; background_animation=&#8220;none&#8220; css_animation=&#8220;&#8220;][vc_column][vc_column_text css=&#8220;&#8220;]<\/p>\n<div class=\"articletext\">\n<p style=\"font-weight: 400\"><strong>Beachvolleyball Mittelschulmeisterschaften 2024<\/strong><\/p>\n<p>&nbsp;<\/p>\n<p style=\"font-weight: 400\"><strong>Siegreiche Teams aus Zofingen und Baden<\/strong><\/p>\n<p>&nbsp;<\/p>\n<p style=\"font-weight: 400\">Die Beachvolleyballfelder der Kanti Wettingen waren auch im Jahr 2024 Schauplatz der traditionellen Mittelschulmeisterschaften. Am 3. bzw. 6. September spielten 9 Herren-Teams bzw. 12 Frauen-Teams unmittelbar vor dem K\u00e4lteeinbruch bei optimalen Outdoor-Beach-Bedingungen um den Titel des besten Mittelschul-Teams.<\/p>\n<p>&nbsp;<\/p>\n<p style=\"font-weight: 400\">Sowohl im kleinen als auch im grossen Final standen sich am Dienstag bei den Herren die beiden Teams der Kanti Wohlen bzw. Kanti Baden gegen\u00fcber. In Abwesenheit der Top-Volleyballer der Alten Kanti Aarau entsprach dies durchaus den Entwicklungen der letzten Jahre. Letztendlich setzten sich beide Badener Teams mit 2:0 bzw. 2:1 durch, wobei Achermann\/Ghaffari sogar die Titelverteidigung gelang. Es war spannend zu beobachten, dass die Spielweise (Sprungp\u00e4sse, 2. Angriffsb\u00e4lle, etc.) des aktuell besten Herren-Teams der Welt (Olympiasieger Schweden) die jungen Beacher inspiriert und ihr Spiel dadurch variabler wird. Ob die Tage des klassischen Beachvolleyballs (st\u00e4ndiger Spielaufbau auf 3 Ber\u00fchrungen, Zuspiele mit den F\u00fcssen im Sand) tats\u00e4chlich gez\u00e4hlt sind?<\/p>\n<p>&nbsp;<\/p>\n<p style=\"font-weight: 400\">Die nach geschaffter schulinterner Quali f\u00fcr die KSWE startenden Teams Florian Bach\/Mattia Gindely und Mauri Fueter\/Felix Funk verloren beide ihre Loser-Spiele in der Double Elimination Round gegen die mit hoher Ballkontrolle spielenden Badener Youngsters und konnten ihre Farben nicht wie gew\u00fcnscht vertreten.<\/p>\n<p>&nbsp;<\/p>\n<p style=\"font-weight: 400\">Bei den Damen zeigte sich relativ fr\u00fch, dass der Sieg im Vergleich zu den Herren unter mehreren Schulen ausgemacht werden wird. Die meisten Teams bekundeten aufgrund des wiederaufgenommenen Indoor-Trainings bei ihren Vereinen Startschwierigkeiten, sich im Sand zurechtzufinden, was insbesondere im Angriff als auch im Service eine hohe Eigenfehlerquote zur Folge hatte. Mit der Zeit fanden die 12 Teams zu ihren St\u00e4rken zur\u00fcck, wobei die NKSA (Meier\/Arslan) der Kanti Zofingen (Huggenberger\/L\u00f6tscher) im grossen Finale im 3. Satz den Vortritt \u00fcberlassen musste. Die k\u00e4mpferisch starken Badenerinnen Kempe\/Cesaro do Buona fingen das 2. Team der NKSA gerade noch ab und schnappten sich den 3. Platz.<\/p>\n<p>&nbsp;<\/p>\n<p style=\"font-weight: 400\">Wie bei den Herren konnte die Kanti Wettingen auch bei den Damen nicht vorne mitspielen. Hofer\/Wang verlor das Direktduell gegen Lienberger\/Huber, welche sp\u00e4ter gegen die Siegerinnen bzw. 3. Platzierten aus dem Turnier ausscheiden mussten.<\/p>\n<p>&nbsp;<\/p>\n<p style=\"font-weight: 400\">Die Fachschaft Sport dankt allen teilnehmenden Teams und deren Lehrpersonen f\u00fcr die fairen Spiele und gelebten sportlichen Werte.<\/p>\n<p>&nbsp;<\/p>\n<p style=\"font-weight: 400\">Die Turnierleitung:<\/p>\n<p style=\"font-weight: 400\">Adrian Probst und Florian Lier<\/p>\n<\/div>\n<div class=\"articleend\"><\/div>\n<p>[\/vc_column_text][\/vc_column][\/vc_row][vc_row row_type=&#8220;row&#8220; use_row_as_full_screen_section=&#8220;no&#8220; type=&#8220;full_width&#8220; text_align=&#8220;left&#8220; background_animation=&#8220;none&#8220; css_animation=&#8220;&#8220;][vc_column][vc_empty_space][\/vc_column][\/vc_row][vc_row row_type=&#8220;row&#8220; use_row_as_full_screen_section=&#8220;no&#8220; type=&#8220;full_width&#8220; text_align=&#8220;left&#8220; background_animation=&#8220;none&#8220; css_animation=&#8220;&#8220;][vc_column][vc_separator type=&#8220;normal&#8220; border_style=&#8220;&#8220;][\/vc_column][\/vc_row][vc_row row_type=&#8220;row&#8220; use_row_as_full_screen_section=&#8220;no&#8220; type=&#8220;full_width&#8220; text_align=&#8220;left&#8220; background_animation=&#8220;none&#8220; css_animation=&#8220;&#8220;][vc_column][vc_column_text]<\/p>\n<ul>\n<li style=\"text-align: left\"><a href=\"https:\/\/fs.kswe.ch\/spo\/mittelschulmeisterschaften\/\"><span style=\"color: #800000\">zur\u00fcck<\/span><\/a><\/li>\n<\/ul>\n<p>[\/vc_column_text][\/vc_column][\/vc_row][vc_row row_type=&#8220;row&#8220; use_row_as_full_screen_section=&#8220;no&#8220; type=&#8220;full_width&#8220; text_align=&#8220;left&#8220; background_animation=&#8220;none&#8220; css_animation=&#8220;&#8220;][vc_column][vc_empty_space height=&#8220;12px&#8220;][vc_separator type=&#8220;normal&#8220; border_style=&#8220;&#8220;][vc_empty_space height=&#8220;24px&#8220;][\/vc_column][\/vc_row][vc_row row_type=&#8220;row&#8220; use_row_as_full_screen_section=&#8220;no&#8220; type=&#8220;full_width&#8220; text_align=&#8220;left&#8220; background_animation=&#8220;none&#8220; css_animation=&#8220;&#8220;][vc_column][vc_empty_space height=&#8220;12px&#8220;][\/vc_column][\/vc_row][vc_row row_type=&#8220;row&#8220; use_row_as_full_screen_section=&#8220;no&#8220; type=&#8220;full_width&#8220; text_align=&#8220;left&#8220; background_animation=&#8220;none&#8220; css_animation=&#8220;&#8220;][vc_column][vc_gallery type=&#8220;image_grid&#8220; images=&#8220;13923,13922,13921&#8243; img_size=&#8220;full&#8220; onclick=&#8220;&#8220; css=&#8220;&#8220; column_number=&#8220;0&#8243; grayscale=&#8220;no&#8220; space_between_images=&#8220;no&#8220;][\/vc_column][\/vc_row][vc_row row_type=&#8220;row&#8220; use_row_as_full_screen_section=&#8220;no&#8220; type=&#8220;full_width&#8220; text_align=&#8220;left&#8220; background_animation=&#8220;none&#8220; css_animation=&#8220;&#8220;][vc_column][vc_empty_space height=&#8220;60px&#8220;][\/vc_column][\/vc_row]<\/p>\n<\/div>","protected":false},"excerpt":{"rendered":"<p>[vc_row row_type=&#8220;row&#8220; use_row_as_full_screen_section=&#8220;no&#8220; type=&#8220;full_width&#8220; text_align=&#8220;left&#8220; background_animation=&#8220;none&#8220; css_animation=&#8220;&#8220;][vc_column width=&#8220;2\/3&#8243;][vc_empty_space height=&#8220;24px&#8220;][\/vc_column][vc_column width=&#8220;1\/3&#8243;][\/vc_column][\/vc_row][vc_row row_type=&#8220;row&#8220; use_row_as_full_screen_section=&#8220;no&#8220; type=&#8220;full_width&#8220; text_align=&#8220;left&#8220; background_animation=&#8220;none&#8220; css_animation=&#8220;&#8220;][vc_column][vc_column_text css=&#8220;&#8220;] Beachvolleyball Mittelschulmeisterschaften 2024 &nbsp; Siegreiche Teams aus Zofingen und Baden &nbsp; Die Beachvolleyballfelder der Kanti Wettingen waren auch im Jahr 2024 Schauplatz der traditionellen Mittelschulmeisterschaften. Am 3. bzw&#8230;.<\/p>\n","protected":false},"author":25,"featured_media":0,"parent":0,"menu_order":0,"comment_status":"closed","ping_status":"closed","template":"","meta":{"footnotes":""},"class_list":["post-13918","page","type-page","status-publish","hentry"],"_links":{"self":[{"href":"https:\/\/fs.kswe.ch\/spo\/wp-json\/wp\/v2\/pages\/13918","targetHints":{"allow":["GET"]}}],"collection":[{"href":"https:\/\/fs.kswe.ch\/spo\/wp-json\/wp\/v2\/pages"}],"about":[{"href":"https:\/\/fs.kswe.ch\/spo\/wp-json\/wp\/v2\/types\/page"}],"author":[{"embeddable":true,"href":"https:\/\/fs.kswe.ch\/spo\/wp-json\/wp\/v2\/users\/25"}],"replies":[{"embeddable":true,"href":"https:\/\/fs.kswe.ch\/spo\/wp-json\/wp\/v2\/comments?post=13918"}],"version-history":[{"count":3,"href":"https:\/\/fs.kswe.ch\/spo\/wp-json\/wp\/v2\/pages\/13918\/revisions"}],"predecessor-version":[{"id":13924,"href":"https:\/\/fs.kswe.ch\/spo\/wp-json\/wp\/v2\/pages\/13918\/revisions\/13924"}],"wp:attachment":[{"href":"https:\/\/fs.kswe.ch\/spo\/wp-json\/wp\/v2\/media?parent=13918"}],"curies":[{"name":"wp","href":"https:\/\/api.w.org\/{rel}","templated":true}]}}