{"id":13906,"date":"2024-09-20T12:57:45","date_gmt":"2024-09-20T10:57:45","guid":{"rendered":"https:\/\/fs.kswe.ch\/spo\/?page_id=13906"},"modified":"2024-09-20T12:57:54","modified_gmt":"2024-09-20T10:57:54","slug":"sporttag24","status":"publish","type":"page","link":"https:\/\/fs.kswe.ch\/spo\/sporttag24\/","title":{"rendered":"Sporttag24"},"content":{"rendered":"<div class=\"wpb-content-wrapper\"><p>[vc_row row_type=&#8220;row&#8220; use_row_as_full_screen_section=&#8220;no&#8220; type=&#8220;full_width&#8220; text_align=&#8220;left&#8220; background_animation=&#8220;none&#8220; css_animation=&#8220;&#8220;][vc_column width=&#8220;2\/3&#8243;][vc_column_text css=&#8220;&#8220;]<strong><em>Sporttag 2024- Olympische Klosterspiele und Spielturniere<br \/>\n<\/em><\/strong>[\/vc_column_text][\/vc_column][vc_column width=&#8220;1\/3&#8243;][\/vc_column][\/vc_row][vc_row row_type=&#8220;row&#8220; use_row_as_full_screen_section=&#8220;no&#8220; type=&#8220;full_width&#8220; text_align=&#8220;left&#8220; background_animation=&#8220;none&#8220; css_animation=&#8220;&#8220;][vc_column][vc_empty_space][\/vc_column][\/vc_row][vc_row row_type=&#8220;row&#8220; use_row_as_full_screen_section=&#8220;no&#8220; type=&#8220;full_width&#8220; text_align=&#8220;left&#8220; background_animation=&#8220;none&#8220; css_animation=&#8220;&#8220;][vc_column][vc_column_text css=&#8220;&#8220;]<strong>&#8222;h\u00f6her- schneller- weiter- geschickter- kooperativer- luftiger- pr\u00e4ziser&#8220;<\/strong><\/p>\n<p>&nbsp;<\/p>\n<p style=\"font-weight: 400\">Der diesj\u00e4hrige Sporttag der Kantonsschule Wettingen begann mit sehr wechselhaftem Wetter. Der Morgen war regnerisch und k\u00fchl, was die Motivation einiger Sch\u00fcler<br \/>\nzun\u00e4chst etwas d\u00e4mpfte. Trotzdem nahmen alle mit vollem Einsatz an den verschiedenen Sportarten wie Volleyball, Basketball, Badminton, Fussball und dem Postenlauf teil.<\/p>\n<p>&nbsp;<\/p>\n<p style=\"font-weight: 400\">Die Bedingungen auf dem nassen Rasen machten das Volleyball- und Fussballspielen nicht gerade einfach. Die Spieler<br \/>\nrutschten oft aus, aber das tat der Spielfreude keinen Abbruch.<\/p>\n<p>&nbsp;<\/p>\n<p style=\"font-weight: 400\">Auch beim Postenlauf der draussen stattfand, mussten sich alle auf rutschige B\u00f6den einstellen, was die Geschicklichkeit und den Teamgeist der Teilnehmenden forderte.<\/p>\n<p>&nbsp;<\/p>\n<p style=\"font-weight: 400\">Die Indoor-Sportarten wie Basketball und Badminton waren dagegen eine willkommene Abwechslung zum Regen und K\u00e4lte. Hier konnten sich die Sch\u00fcler<br \/>\netwas aufw\u00e4rmen und trotz des tr\u00fcben Wetters hochmotivierte und spannende Spiele austragen.<\/p>\n<p>&nbsp;<\/p>\n<p style=\"font-weight: 400\">Doch zum Gl\u00fcck \u00e4nderte sich das Wetter am Nachmittag: Die Sonne kam endlich zum Vorschein! Die Laune der Sch\u00fcler<br \/>\nhob sich sofort, und die letzten Spiele konnten unter deutlich besseren Bedingungen stattfinden. Mit Sonnenschein und wiedergewonnener Energie wurde der restliche Sporttag zu einem tollen Abschluss gebracht.<\/p>\n<p>&nbsp;<\/p>\n<p style=\"font-weight: 400\">Trotz des regnerischen Starts war der Sporttag ein voller Erfolg. Die Sch\u00fcler<br \/>\nzeigten grossen Einsatz und bewiesen, dass sie sich auch von schlechtem Wetter nicht unterkriegen lassen.<\/p>\n<p>&nbsp;<\/p>\n<p>&nbsp;<\/p>\n<p style=\"font-weight: 400\">Text: Lauren Markanovic G3J<\/p>\n<p>&nbsp;<\/p>\n<p>Fotos: Martin Rizek[\/vc_column_text][\/vc_column][\/vc_row][vc_row row_type=&#8220;row&#8220; use_row_as_full_screen_section=&#8220;no&#8220; type=&#8220;full_width&#8220; text_align=&#8220;left&#8220; background_animation=&#8220;none&#8220; css_animation=&#8220;&#8220;][vc_column][vc_empty_space][vc_separator type=&#8220;normal&#8220; border_style=&#8220;&#8220;][\/vc_column][\/vc_row][vc_row row_type=&#8220;row&#8220; use_row_as_full_screen_section=&#8220;no&#8220; type=&#8220;full_width&#8220; text_align=&#8220;left&#8220; background_animation=&#8220;none&#8220; css_animation=&#8220;&#8220;][vc_column width=&#8220;1\/3&#8243;][vc_column_text css=&#8220;&#8220;]<\/p>\n<ul>\n<li><span style=\"color: #800000\"><a style=\"color: #800000\" href=\"https:\/\/fs.kswe.ch\/spo\/wp-content\/uploads\/sites\/9\/2024\/09\/Rangliste-Klosterspiele-2024.pdf\" target=\"_blank\" rel=\"noopener\"><span style=\"color: #800000\">Rangliste Olympische Klosterspiele<\/span><\/a><\/span><\/li>\n<li><a href=\"https:\/\/fs.kswe.ch\/spo\/wp-content\/uploads\/sites\/9\/2024\/09\/Ranglisten-Spielturniere.pdf\"><span style=\"color: #800000\">Ranglisten Spielturniere<\/span><\/a><\/li>\n<\/ul>\n<p>[\/vc_column_text][\/vc_column][vc_column width=&#8220;1\/3&#8243;][vc_column_text][\/vc_column_text][\/vc_column][vc_column width=&#8220;1\/3&#8243;][vc_column_text]<\/p>\n<ul>\n<li style=\"text-align: right\"><a href=\"https:\/\/fs.kswe.ch\/spo\/sporttag\"><span style=\"color: #800000\">zur\u00fcck<\/span><\/a><\/li>\n<\/ul>\n<p>[\/vc_column_text][\/vc_column][\/vc_row][vc_row row_type=&#8220;row&#8220; use_row_as_full_screen_section=&#8220;no&#8220; type=&#8220;full_width&#8220; text_align=&#8220;left&#8220; background_animation=&#8220;none&#8220; css_animation=&#8220;&#8220;][vc_column][vc_empty_space height=&#8220;12px&#8220;][vc_separator type=&#8220;normal&#8220; border_style=&#8220;&#8220;][vc_empty_space height=&#8220;24px&#8220;][\/vc_column][\/vc_row][vc_row row_type=&#8220;row&#8220; use_row_as_full_screen_section=&#8220;no&#8220; type=&#8220;full_width&#8220; text_align=&#8220;left&#8220; background_animation=&#8220;none&#8220; css_animation=&#8220;&#8220;][vc_column][vc_column_text]<\/p>\n<ul>\n<li style=\"text-align: left\">Bildergalerie<\/li>\n<\/ul>\n<p>[\/vc_column_text][\/vc_column][\/vc_row][vc_row row_type=&#8220;row&#8220; use_row_as_full_screen_section=&#8220;no&#8220; type=&#8220;full_width&#8220; text_align=&#8220;left&#8220; background_animation=&#8220;none&#8220; css_animation=&#8220;&#8220;][vc_column][vc_empty_space][\/vc_column][\/vc_row][vc_row row_type=&#8220;row&#8220; use_row_as_full_screen_section=&#8220;no&#8220; type=&#8220;full_width&#8220; text_align=&#8220;left&#8220; background_animation=&#8220;none&#8220; css_animation=&#8220;&#8220;][vc_column][vc_gallery type=&#8220;image_grid&#8220; images=&#8220;13857,13866,13856,13854,13882,13853,13855,13872,13881,13865,13848,13849,13869,13879,13867,13877,13876,13875,13878,13873,13846,13874,13901,13858,13871,13870,13868,13864,13863,13862,13861,13860,13859,13852,13851,13850,13847,13845,13880,13883,13889,13888,13900,13885,13886,13887,13899,13902,13903,13896,13897,13894,13891,13898,13890,13892,13884,13893,13895&#8243; img_size=&#8220;full&#8220; onclick=&#8220;&#8220; css=&#8220;&#8220; column_number=&#8220;0&#8243; grayscale=&#8220;no&#8220; space_between_images=&#8220;no&#8220;][\/vc_column][\/vc_row][vc_row row_type=&#8220;row&#8220; use_row_as_full_screen_section=&#8220;no&#8220; type=&#8220;full_width&#8220; text_align=&#8220;left&#8220; background_animation=&#8220;none&#8220; css_animation=&#8220;&#8220;][vc_column][\/vc_column][\/vc_row]<\/p>\n<\/div>","protected":false},"excerpt":{"rendered":"<p>[vc_row row_type=&#8220;row&#8220; use_row_as_full_screen_section=&#8220;no&#8220; type=&#8220;full_width&#8220; text_align=&#8220;left&#8220; background_animation=&#8220;none&#8220; css_animation=&#8220;&#8220;][vc_column width=&#8220;2\/3&#8243;][vc_column_text css=&#8220;&#8220;]Sporttag 2024- Olympische Klosterspiele und Spielturniere [\/vc_column_text][\/vc_column][vc_column width=&#8220;1\/3&#8243;][\/vc_column][\/vc_row][vc_row row_type=&#8220;row&#8220; use_row_as_full_screen_section=&#8220;no&#8220; type=&#8220;full_width&#8220; text_align=&#8220;left&#8220; background_animation=&#8220;none&#8220; css_animation=&#8220;&#8220;][vc_column][vc_empty_space][\/vc_column][\/vc_row][vc_row row_type=&#8220;row&#8220; use_row_as_full_screen_section=&#8220;no&#8220; type=&#8220;full_width&#8220; text_align=&#8220;left&#8220; background_animation=&#8220;none&#8220; css_animation=&#8220;&#8220;][vc_column][vc_column_text css=&#8220;&#8220;]&#8222;h\u00f6her- schneller- weiter- geschickter- kooperativer- luftiger- pr\u00e4ziser&#8220; &nbsp; Der diesj\u00e4hrige Sporttag der Kantonsschule Wettingen begann mit sehr&#8230;<\/p>\n","protected":false},"author":25,"featured_media":0,"parent":0,"menu_order":0,"comment_status":"closed","ping_status":"closed","template":"","meta":{"footnotes":""},"class_list":["post-13906","page","type-page","status-publish","hentry"],"_links":{"self":[{"href":"https:\/\/fs.kswe.ch\/spo\/wp-json\/wp\/v2\/pages\/13906","targetHints":{"allow":["GET"]}}],"collection":[{"href":"https:\/\/fs.kswe.ch\/spo\/wp-json\/wp\/v2\/pages"}],"about":[{"href":"https:\/\/fs.kswe.ch\/spo\/wp-json\/wp\/v2\/types\/page"}],"author":[{"embeddable":true,"href":"https:\/\/fs.kswe.ch\/spo\/wp-json\/wp\/v2\/users\/25"}],"replies":[{"embeddable":true,"href":"https:\/\/fs.kswe.ch\/spo\/wp-json\/wp\/v2\/comments?post=13906"}],"version-history":[{"count":4,"href":"https:\/\/fs.kswe.ch\/spo\/wp-json\/wp\/v2\/pages\/13906\/revisions"}],"predecessor-version":[{"id":13916,"href":"https:\/\/fs.kswe.ch\/spo\/wp-json\/wp\/v2\/pages\/13906\/revisions\/13916"}],"wp:attachment":[{"href":"https:\/\/fs.kswe.ch\/spo\/wp-json\/wp\/v2\/media?parent=13906"}],"curies":[{"name":"wp","href":"https:\/\/api.w.org\/{rel}","templated":true}]}}