{"id":13793,"date":"2024-06-26T13:45:33","date_gmt":"2024-06-26T11:45:33","guid":{"rendered":"https:\/\/fs.kswe.ch\/spo\/?page_id=13793"},"modified":"2024-06-26T13:45:33","modified_gmt":"2024-06-26T11:45:33","slug":"frauenlauf24","status":"publish","type":"page","link":"https:\/\/fs.kswe.ch\/spo\/frauenlauf24\/","title":{"rendered":"Frauenlauf24"},"content":{"rendered":"<div class=\"wpb-content-wrapper\"><p>[vc_row row_type=&#8220;row&#8220; use_row_as_full_screen_section=&#8220;no&#8220; type=&#8220;full_width&#8220; text_align=&#8220;left&#8220; background_animation=&#8220;none&#8220; css_animation=&#8220;&#8220;][vc_column width=&#8220;2\/3&#8243;][vc_column_text css=&#8220;&#8220;]<em><strong>Frauenlauf 2024<\/strong><\/em>[\/vc_column_text][\/vc_column][vc_column width=&#8220;1\/3&#8243;][\/vc_column][\/vc_row][vc_row row_type=&#8220;row&#8220; use_row_as_full_screen_section=&#8220;no&#8220; type=&#8220;full_width&#8220; text_align=&#8220;left&#8220; background_animation=&#8220;none&#8220; css_animation=&#8220;&#8220;][vc_column][vc_empty_space][\/vc_column][\/vc_row][vc_row row_type=&#8220;row&#8220; use_row_as_full_screen_section=&#8220;no&#8220; type=&#8220;full_width&#8220; text_align=&#8220;left&#8220; background_animation=&#8220;none&#8220; css_animation=&#8220;&#8220;][vc_column][vc_column_text css=&#8220;&#8220;]<\/p>\n<div class=\"articletext\"><\/div>\n<div class=\"articleinfos\"><strong>KSWE @ Frauenlauf Bern: 9. Juni 2024<\/strong><\/div>\n<div><\/div>\n<div><\/div>\n<div><\/div>\n<div><\/div>\n<div><\/div>\n<div><\/div>\n<div><\/div>\n<div><\/div>\n<div><\/div>\n<div><\/div>\n<div class=\"articleinfos\">Am diesj\u00e4hrigen Schweizer Frauenlauf in Bern waren neben 10&#8217;000 anderen L\u00e4uferinnen auch 30 Sch\u00fclerinnen der Kanti Wettingen vertreten. Das Wetter war perfekt: leicht bedeckt und angenehme Temperaturen begleiteten die L\u00e4uferinnen auf der 5km oder 10km langen Laufstrecke. Die Unterst\u00fctzung durch die zahlreichen Zuschauer:innen den Strecken entlang war wie gewohnt grossartig und erleichterte es auf den anstrengenden Schlusskilometern, die letzten Reserven zu mobilisieren. Unterwegs sorgte der musikalische Support der Bands f\u00fcr eine ausgelassene Stimmung.<\/div>\n<div><\/div>\n<div><\/div>\n<div><\/div>\n<div><\/div>\n<div><\/div>\n<div><\/div>\n<div><\/div>\n<div><\/div>\n<div><\/div>\n<div class=\"articleinfos\">Die Sch\u00fclerinnen der KSWE starteten in unterschiedlichen Startbl\u00f6cken und gaben ihr Bestes. W\u00e4hrend die L\u00e4uferinnen des 5km-Laufs in Bern eintrafen, hatten die Teilnehmerinnen der 10km-Gruppe ihren Lauf bereits absolviert und kamen uns freudig schon wieder entgegen. Das mussten schnelle Zeiten gewesen sein!<\/div>\n<div><\/div>\n<div><\/div>\n<div><\/div>\n<div><\/div>\n<div><\/div>\n<div><\/div>\n<div><\/div>\n<div><\/div>\n<div class=\"articleinfos\">Auch dieses Jahr wurden wieder erfreuliche Resultate erzielt. Wer aber einfach \u00abzum Plausch\u00bb mitmachen wollte, konnte das in der Kategorie \u00abohne Rangliste\u00bb ebenfalls tun. Denn hey: mitmachen und dabei sein ist die Hauptsache!<\/div>\n<div><\/div>\n<div><\/div>\n<div><\/div>\n<div><\/div>\n<div><\/div>\n<div><\/div>\n<div><\/div>\n<div><\/div>\n<div class=\"articleinfos\">Nach dem Zieleinlauf traf man sich in den Gassen wieder &#8211; auch mit ehemaligen KSWE-Sch\u00fclerinnen, die vor einigen Jahren in unserem Team mitgelaufen waren. Sie sind dem Berner Frauenlauf also treu geblieben.<\/div>\n<div><\/div>\n<div><\/div>\n<div><\/div>\n<div><\/div>\n<div><\/div>\n<div><\/div>\n<div class=\"articleinfos\">Ein grosses Dankesch\u00f6n an die Sportlehrerinnen Manuela Blum und Nadja Wernli, die den Event organisiert haben. Sabine Fl\u00fcck teilte das Lauferlebnis im Team mit den 5km L\u00e4uferinnen. Ein besonderer Dank geht an Tess Z\u00fcrcher, die spontan die Sportlehrerinnen unterst\u00fctzt und die 10km-L\u00e4uferinnen begleitet hat.<\/div>\n<div><\/div>\n<div><\/div>\n<div><\/div>\n<div><\/div>\n<div><\/div>\n<div><\/div>\n<div><\/div>\n<div><\/div>\n<div class=\"articleinfos\">Auch n\u00e4chstes Jahr findet der Schweizer Frauenlauf wieder statt. Alle Frauen der KSWE sind herzlich eingeladen am 15. Juni 2025 in Bern an den Start zu gehen. Save the date \u2013 Sei dabei!<\/div>\n<div><\/div>\n<div><\/div>\n<div><\/div>\n<div><\/div>\n<div><\/div>\n<div><\/div>\n<div><\/div>\n<div><\/div>\n<div class=\"articleinfos\">F\u00fcr vertiefte Einblicke in die Ranglisten: https:\/\/www.frauenlauf.ch\/<\/div>\n<div><\/div>\n<div><\/div>\n<div><\/div>\n<div><\/div>\n<div><\/div>\n<div><\/div>\n<div><\/div>\n<div><\/div>\n<div>Text und Foto: Sabine Fl\u00fcck<\/div>\n<div class=\"articleend\"><\/div>\n<p>[\/vc_column_text][\/vc_column][\/vc_row][vc_row row_type=&#8220;row&#8220; use_row_as_full_screen_section=&#8220;no&#8220; type=&#8220;full_width&#8220; text_align=&#8220;left&#8220; background_animation=&#8220;none&#8220; css_animation=&#8220;&#8220;][vc_column][vc_empty_space][\/vc_column][\/vc_row][vc_row row_type=&#8220;row&#8220; use_row_as_full_screen_section=&#8220;no&#8220; type=&#8220;full_width&#8220; text_align=&#8220;left&#8220; background_animation=&#8220;none&#8220; css_animation=&#8220;&#8220;][vc_column width=&#8220;5\/6&#8243;][vc_column_text]<\/p>\n<ul>\n<li style=\"text-align: left\"><a href=\"https:\/\/fs.kswe.ch\/spo\/frauenlauf\/\" target=\"_blank\" rel=\"noopener\"><span style=\"color: #800000\">zur\u00fcck<\/span><\/a><\/li>\n<\/ul>\n<p>[\/vc_column_text][\/vc_column][vc_column width=&#8220;1\/6&#8243;][\/vc_column][\/vc_row][vc_row row_type=&#8220;row&#8220; use_row_as_full_screen_section=&#8220;no&#8220; type=&#8220;full_width&#8220; text_align=&#8220;left&#8220; background_animation=&#8220;none&#8220; css_animation=&#8220;&#8220;][vc_column][vc_empty_space height=&#8220;12px&#8220;][vc_separator type=&#8220;normal&#8220; border_style=&#8220;&#8220;][vc_empty_space][\/vc_column][\/vc_row][vc_row row_type=&#8220;row&#8220; use_row_as_full_screen_section=&#8220;no&#8220; type=&#8220;full_width&#8220; text_align=&#8220;left&#8220; background_animation=&#8220;none&#8220; css_animation=&#8220;&#8220;][vc_column][vc_column_text]Bildergalerie[\/vc_column_text][\/vc_column][\/vc_row][vc_row row_type=&#8220;row&#8220; use_row_as_full_screen_section=&#8220;no&#8220; type=&#8220;full_width&#8220; text_align=&#8220;left&#8220; background_animation=&#8220;none&#8220; css_animation=&#8220;&#8220;][vc_column][vc_empty_space][\/vc_column][\/vc_row][vc_row row_type=&#8220;row&#8220; use_row_as_full_screen_section=&#8220;no&#8220; type=&#8220;full_width&#8220; text_align=&#8220;left&#8220; background_animation=&#8220;none&#8220; css_animation=&#8220;&#8220;][vc_column][vc_gallery type=&#8220;image_grid&#8220; images=&#8220;13792,13791&#8243; img_size=&#8220;full&#8220; onclick=&#8220;&#8220; css=&#8220;&#8220; column_number=&#8220;0&#8243; grayscale=&#8220;no&#8220; space_between_images=&#8220;no&#8220;][\/vc_column][\/vc_row]<\/p>\n<\/div>","protected":false},"excerpt":{"rendered":"<p>[vc_row row_type=&#8220;row&#8220; use_row_as_full_screen_section=&#8220;no&#8220; type=&#8220;full_width&#8220; text_align=&#8220;left&#8220; background_animation=&#8220;none&#8220; css_animation=&#8220;&#8220;][vc_column width=&#8220;2\/3&#8243;][vc_column_text css=&#8220;&#8220;]Frauenlauf 2024[\/vc_column_text][\/vc_column][vc_column width=&#8220;1\/3&#8243;][\/vc_column][\/vc_row][vc_row row_type=&#8220;row&#8220; use_row_as_full_screen_section=&#8220;no&#8220; type=&#8220;full_width&#8220; text_align=&#8220;left&#8220; background_animation=&#8220;none&#8220; css_animation=&#8220;&#8220;][vc_column][vc_empty_space][\/vc_column][\/vc_row][vc_row row_type=&#8220;row&#8220; use_row_as_full_screen_section=&#8220;no&#8220; type=&#8220;full_width&#8220; text_align=&#8220;left&#8220; background_animation=&#8220;none&#8220; css_animation=&#8220;&#8220;][vc_column][vc_column_text css=&#8220;&#8220;] KSWE @ Frauenlauf Bern: 9. Juni 2024 Am diesj\u00e4hrigen Schweizer Frauenlauf in Bern waren neben 10&#8217;000 anderen L\u00e4uferinnen auch 30 Sch\u00fclerinnen&#8230;<\/p>\n","protected":false},"author":25,"featured_media":0,"parent":0,"menu_order":0,"comment_status":"closed","ping_status":"closed","template":"","meta":{"footnotes":""},"class_list":["post-13793","page","type-page","status-publish","hentry"],"_links":{"self":[{"href":"https:\/\/fs.kswe.ch\/spo\/wp-json\/wp\/v2\/pages\/13793","targetHints":{"allow":["GET"]}}],"collection":[{"href":"https:\/\/fs.kswe.ch\/spo\/wp-json\/wp\/v2\/pages"}],"about":[{"href":"https:\/\/fs.kswe.ch\/spo\/wp-json\/wp\/v2\/types\/page"}],"author":[{"embeddable":true,"href":"https:\/\/fs.kswe.ch\/spo\/wp-json\/wp\/v2\/users\/25"}],"replies":[{"embeddable":true,"href":"https:\/\/fs.kswe.ch\/spo\/wp-json\/wp\/v2\/comments?post=13793"}],"version-history":[{"count":7,"href":"https:\/\/fs.kswe.ch\/spo\/wp-json\/wp\/v2\/pages\/13793\/revisions"}],"predecessor-version":[{"id":13802,"href":"https:\/\/fs.kswe.ch\/spo\/wp-json\/wp\/v2\/pages\/13793\/revisions\/13802"}],"wp:attachment":[{"href":"https:\/\/fs.kswe.ch\/spo\/wp-json\/wp\/v2\/media?parent=13793"}],"curies":[{"name":"wp","href":"https:\/\/api.w.org\/{rel}","templated":true}]}}