{"id":1359,"date":"2019-02-06T00:48:53","date_gmt":"2019-02-05T23:48:53","guid":{"rendered":"https:\/\/fs.kswe.ch\/spo\/?page_id=1359"},"modified":"2019-02-16T21:20:48","modified_gmt":"2019-02-16T20:20:48","slug":"sporttag14","status":"publish","type":"page","link":"https:\/\/fs.kswe.ch\/spo\/sporttag14\/","title":{"rendered":"Sporttag14"},"content":{"rendered":"<div class=\"wpb-content-wrapper\"><p>[vc_row row_type=&#8220;row&#8220; use_row_as_full_screen_section=&#8220;no&#8220; type=&#8220;full_width&#8220; text_align=&#8220;left&#8220; background_animation=&#8220;none&#8220; css_animation=&#8220;&#8220;][vc_column][vc_column_text]<strong><em>Waldtrophy<\/em><\/strong>[\/vc_column_text][\/vc_column][\/vc_row][vc_row row_type=&#8220;row&#8220; use_row_as_full_screen_section=&#8220;no&#8220; type=&#8220;full_width&#8220; text_align=&#8220;left&#8220; background_animation=&#8220;none&#8220; css_animation=&#8220;&#8220;][vc_column][vc_empty_space][\/vc_column][\/vc_row][vc_row row_type=&#8220;row&#8220; use_row_as_full_screen_section=&#8220;no&#8220; type=&#8220;full_width&#8220; text_align=&#8220;left&#8220; background_animation=&#8220;none&#8220; css_animation=&#8220;&#8220;][vc_column][vc_column_text]Am 26. Juni 2014 fand bei sch\u00f6nstem Sommerwetter und angenehmen Temperaturen der Sporttag der Kantonsschule Wettingen statt. Dieses Jahr konnten sich die Abteilungen in f\u00fcnf verschiedenen Waldtrophies sowie bei den allj\u00e4hrlichen Spielturnieren messen. Im Wald w\u00e4hlten die Sch\u00fcler- und Sch\u00fclerinnen zwischen den Themen Orientierung, Wahrnehmung, Bike, Kooperation und Koordination. Im Spiel drehte sich alles um Fussball, Streetball, Volleyball und Unihockey. Die ausgelassene sportliche Stimmung hielt den ganzen Tag an und die originell verkleideten Teams verliehen dem Anlass Farbe.<\/p>\n<p>&nbsp;<\/p>\n<p>Um 17.00 Uhr fand dann die mit Spannung erwartete Siegerehrung statt, bei der die Abteilung G3H als Gesamtsieger hervorging und das beliebte Sieger T-Shirt in Empfang nehmen durfte. Bei den Spielturnieren gl\u00e4nzten die Klassen G3E, F1B, F1D, G3C, G3B, F1A und G3H mit dem ersten Rang. Herzliche Gratulation allen Sieger und Siegerinnen!<\/p>\n<p>&nbsp;<\/p>\n<p>Die Fachschaft Sport bedankt sich auch ganz herzlich bei allen Helfern und Helferinnen, ohne diese ein solcher Tag nicht m\u00f6glich w\u00e4re.<\/p>\n<p>&nbsp;<\/p>\n<p>Text: Rico Hirschb\u00fchl<\/p>\n<p>Fotos: Simone Zuberb\u00fchler[\/vc_column_text][\/vc_column][\/vc_row][vc_row row_type=&#8220;row&#8220; use_row_as_full_screen_section=&#8220;no&#8220; type=&#8220;full_width&#8220; text_align=&#8220;left&#8220; background_animation=&#8220;none&#8220; css_animation=&#8220;&#8220;][vc_column][vc_empty_space][vc_separator type=&#8220;normal&#8220; border_style=&#8220;&#8220;][\/vc_column][\/vc_row][vc_row row_type=&#8220;row&#8220; use_row_as_full_screen_section=&#8220;no&#8220; type=&#8220;full_width&#8220; text_align=&#8220;left&#8220; background_animation=&#8220;none&#8220; css_animation=&#8220;&#8220;][vc_column width=&#8220;5\/6&#8243;][vc_column_text]<\/p>\n<ul>\n<li><a href=\"https:\/\/fs.kswe.ch\/spo\/wp-content\/uploads\/sites\/9\/2019\/02\/RanglisteSporttag14_Spiele.pdf\"><span style=\"color: #800000\"><span style=\"color: #800000\">Resultate Spiele<\/span><\/span><\/a><\/li>\n<li><a href=\"https:\/\/fs.kswe.ch\/spo\/wp-content\/uploads\/sites\/9\/2019\/02\/RanglisteSporttag14_Wald.pdf\"><span style=\"color: #800000\">Resultate Waldtrophy<\/span><\/a><\/li>\n<\/ul>\n<p>[\/vc_column_text][\/vc_column][vc_column width=&#8220;1\/6&#8243;][vc_column_text]<\/p>\n<ul>\n<li style=\"text-align: right\"><a href=\"https:\/\/fs.kswe.ch\/spo\/sporttag\/\"><span style=\"color: #800000\">zur\u00fcck<\/span><\/a><\/li>\n<\/ul>\n<p>[\/vc_column_text][\/vc_column][\/vc_row][vc_row row_type=&#8220;row&#8220; use_row_as_full_screen_section=&#8220;no&#8220; type=&#8220;full_width&#8220; text_align=&#8220;left&#8220; background_animation=&#8220;none&#8220; css_animation=&#8220;&#8220;][vc_column][vc_empty_space height=&#8220;12px&#8220;][vc_separator type=&#8220;normal&#8220; border_style=&#8220;&#8220;][vc_empty_space][\/vc_column][\/vc_row][vc_row row_type=&#8220;row&#8220; use_row_as_full_screen_section=&#8220;no&#8220; type=&#8220;full_width&#8220; text_align=&#8220;left&#8220; background_animation=&#8220;none&#8220; css_animation=&#8220;&#8220;][vc_column][vc_column_text]Bildergalerie[\/vc_column_text][\/vc_column][\/vc_row][vc_row row_type=&#8220;row&#8220; use_row_as_full_screen_section=&#8220;no&#8220; type=&#8220;full_width&#8220; text_align=&#8220;left&#8220; background_animation=&#8220;none&#8220; css_animation=&#8220;&#8220;][vc_column][vc_empty_space][\/vc_column][\/vc_row][vc_row row_type=&#8220;row&#8220; use_row_as_full_screen_section=&#8220;no&#8220; type=&#8220;full_width&#8220; text_align=&#8220;left&#8220; background_animation=&#8220;none&#8220; css_animation=&#8220;&#8220;][vc_column][vc_gallery type=&#8220;image_grid&#8220; images=&#8220;2822,2821,2820,2819,2818,2814,2815,2816,2817,2813,2812,2811,2810,2809,2808,2807,2806,2802,2803,2804,2805,2801,2800,2799,2798,2794,2795,2796,2797,2793,2792,2791,2790,2786,2787,2788,2789,2785,2784,2783,2782,2778,2779,2780,2781,2777,2776,2775,2774,2770,2771,2772,2773,2769,2768,2767,2766,2762,2763,2764,2765,2761,2760,2759,2758,2754,2755,2756,2757,2753,2752,2751,2750,2746,2747,2748,2749,2745,2744,2743,2742,2738,2739,2740,2741,2737,2736,2735,2734,2730,2731,2732,2733,2729,2728,2727,2726,2722,2723,2724,2725,2721,2720,2719,2718&#8243; img_size=&#8220;full&#8220; onclick=&#8220;&#8220; column_number=&#8220;0&#8243; grayscale=&#8220;no&#8220; space_between_images=&#8220;no&#8220;][\/vc_column][\/vc_row]<\/p>\n<\/div>","protected":false},"excerpt":{"rendered":"<p>[vc_row row_type=&#8220;row&#8220; use_row_as_full_screen_section=&#8220;no&#8220; type=&#8220;full_width&#8220; text_align=&#8220;left&#8220; background_animation=&#8220;none&#8220; css_animation=&#8220;&#8220;][vc_column][vc_column_text]Waldtrophy[\/vc_column_text][\/vc_column][\/vc_row][vc_row row_type=&#8220;row&#8220; use_row_as_full_screen_section=&#8220;no&#8220; type=&#8220;full_width&#8220; text_align=&#8220;left&#8220; background_animation=&#8220;none&#8220; css_animation=&#8220;&#8220;][vc_column][vc_empty_space][\/vc_column][\/vc_row][vc_row row_type=&#8220;row&#8220; use_row_as_full_screen_section=&#8220;no&#8220; type=&#8220;full_width&#8220; text_align=&#8220;left&#8220; background_animation=&#8220;none&#8220; css_animation=&#8220;&#8220;][vc_column][vc_column_text]Am 26. Juni 2014 fand bei sch\u00f6nstem Sommerwetter und angenehmen Temperaturen der Sporttag der Kantonsschule Wettingen statt. Dieses Jahr konnten sich die Abteilungen in f\u00fcnf verschiedenen Waldtrophies&#8230;<\/p>\n","protected":false},"author":10,"featured_media":0,"parent":0,"menu_order":0,"comment_status":"closed","ping_status":"closed","template":"","meta":{"footnotes":""},"class_list":["post-1359","page","type-page","status-publish","hentry"],"_links":{"self":[{"href":"https:\/\/fs.kswe.ch\/spo\/wp-json\/wp\/v2\/pages\/1359","targetHints":{"allow":["GET"]}}],"collection":[{"href":"https:\/\/fs.kswe.ch\/spo\/wp-json\/wp\/v2\/pages"}],"about":[{"href":"https:\/\/fs.kswe.ch\/spo\/wp-json\/wp\/v2\/types\/page"}],"author":[{"embeddable":true,"href":"https:\/\/fs.kswe.ch\/spo\/wp-json\/wp\/v2\/users\/10"}],"replies":[{"embeddable":true,"href":"https:\/\/fs.kswe.ch\/spo\/wp-json\/wp\/v2\/comments?post=1359"}],"version-history":[{"count":11,"href":"https:\/\/fs.kswe.ch\/spo\/wp-json\/wp\/v2\/pages\/1359\/revisions"}],"predecessor-version":[{"id":4396,"href":"https:\/\/fs.kswe.ch\/spo\/wp-json\/wp\/v2\/pages\/1359\/revisions\/4396"}],"wp:attachment":[{"href":"https:\/\/fs.kswe.ch\/spo\/wp-json\/wp\/v2\/media?parent=1359"}],"curies":[{"name":"wp","href":"https:\/\/api.w.org\/{rel}","templated":true}]}}