{"id":1350,"date":"2019-02-06T00:34:22","date_gmt":"2019-02-05T23:34:22","guid":{"rendered":"https:\/\/fs.kswe.ch\/spo\/?page_id=1350"},"modified":"2019-02-10T02:09:00","modified_gmt":"2019-02-10T01:09:00","slug":"sporttag15","status":"publish","type":"page","link":"https:\/\/fs.kswe.ch\/spo\/sporttag15\/","title":{"rendered":"Sporttag15"},"content":{"rendered":"<div class=\"wpb-content-wrapper\"><p>[vc_row row_type=&#8220;row&#8220; use_row_as_full_screen_section=&#8220;no&#8220; type=&#8220;full_width&#8220; text_align=&#8220;left&#8220; background_animation=&#8220;none&#8220; css_animation=&#8220;&#8220;][vc_column][vc_column_text]<strong><em>The Highland Games<\/em><\/strong>[\/vc_column_text][\/vc_column][\/vc_row][vc_row row_type=&#8220;row&#8220; use_row_as_full_screen_section=&#8220;no&#8220; type=&#8220;full_width&#8220; text_align=&#8220;left&#8220; background_animation=&#8220;none&#8220; css_animation=&#8220;&#8220;][vc_column][vc_empty_space][\/vc_column][\/vc_row][vc_row row_type=&#8220;row&#8220; use_row_as_full_screen_section=&#8220;no&#8220; type=&#8220;full_width&#8220; text_align=&#8220;left&#8220; background_animation=&#8220;none&#8220; css_animation=&#8220;&#8220;][vc_column][vc_column_text]Am 25. Juni fand bei sch\u00f6nstem Sommerwetter mit viel Sonnenschein und warmen Temperaturen der Sporttag der Kantonsschule Wettingen statt. Dieses Jahr standen die Highland Games im Zentrum. Alle Abteilungen wetteiferten in neun alten schottischen Sportarten sowie bei den allj\u00e4hrlichen Spielturnieren. Im Klosterpark und auf der Sportanlage massen sich die Sch\u00fcler und Sch\u00fclerinnen in Disziplinen wie Baumstamm-werfen oder \u201eDigging in the Rips\u201c, wo es darum ging, den Gegner oder die Gegnerin mit einem Strohsack von einem Balken zu schlagen. Bei den Spielen drehte sich alles um Fussball, Streetball, Volleyball und Unihockey. Die ausgelassene sportliche Stimmung hielt den ganzen Tag an und die originell verkleideten Teams verliehen dem Anlass Farbe. Ein weiteres Highlight war der traditionell gekleidete Dudelsack Spieler, der die Wettk\u00e4mpfer musikalisch unterst\u00fctzte.<\/p>\n<p>&nbsp;<\/p>\n<p>Um 17.00 Uhr fand dann die mit Spannung erwartete Siegerehrung statt, bei der die Abteilung G2G als Gesamtsieger hervorging und das beliebte, farblich neu designte Sieger T-Shirt in Empfang nehmen durfte. Bei den Spielturnieren gl\u00e4nzten die Klassen G3G und G1B im Fussball, G3E und G2C im Unihockey, F1C und G1F im Streetball sowie F2B und das Lehrerteam im Volleyball mit dem ersten Rang.<\/p>\n<p>&nbsp;<\/p>\n<p>Herzliche Gratulation allen Sieger und Siegerinnen! Die Fachschaft Sport bedankt sich auch ganz herzlich bei allen Helfern und Helferinnen, ohne diese ein solcher Tag nicht m\u00f6glich w\u00e4re.<\/p>\n<p>&nbsp;<\/p>\n<p>Text: Rico Hirschb\u00fchl<\/p>\n<p>Fotos: Simone Zuberb\u00fchler[\/vc_column_text][\/vc_column][\/vc_row][vc_row row_type=&#8220;row&#8220; use_row_as_full_screen_section=&#8220;no&#8220; type=&#8220;full_width&#8220; text_align=&#8220;left&#8220; background_animation=&#8220;none&#8220; css_animation=&#8220;&#8220;][vc_column][vc_empty_space][vc_separator type=&#8220;normal&#8220; border_style=&#8220;&#8220;][\/vc_column][\/vc_row][vc_row row_type=&#8220;row&#8220; use_row_as_full_screen_section=&#8220;no&#8220; type=&#8220;full_width&#8220; text_align=&#8220;left&#8220; background_animation=&#8220;none&#8220; css_animation=&#8220;&#8220;][vc_column width=&#8220;5\/6&#8243;][vc_column_text]<\/p>\n<ul>\n<li><a href=\"https:\/\/fs.kswe.ch\/spo\/wp-content\/uploads\/sites\/9\/2019\/02\/RanglistenSporttag2015.pdf\"><span style=\"color: #800000\"><span style=\"color: #800000\">Resultate Sporttag 2015<\/span><\/span><\/a><\/li>\n<\/ul>\n<p>[\/vc_column_text][\/vc_column][vc_column width=&#8220;1\/6&#8243;][vc_column_text]<\/p>\n<ul>\n<li style=\"text-align: right\"><a href=\"https:\/\/fs.kswe.ch\/spo\/sporttag\/\"><span style=\"color: #800000\">zur\u00fcck<\/span><\/a><\/li>\n<\/ul>\n<p>[\/vc_column_text][\/vc_column][\/vc_row][vc_row row_type=&#8220;row&#8220; use_row_as_full_screen_section=&#8220;no&#8220; type=&#8220;full_width&#8220; text_align=&#8220;left&#8220; background_animation=&#8220;none&#8220; css_animation=&#8220;&#8220;][vc_column][vc_empty_space height=&#8220;12px&#8220;][\/vc_column][\/vc_row][vc_row row_type=&#8220;row&#8220; use_row_as_full_screen_section=&#8220;no&#8220; type=&#8220;full_width&#8220; text_align=&#8220;left&#8220; background_animation=&#8220;none&#8220; css_animation=&#8220;&#8220;][vc_column][vc_separator type=&#8220;normal&#8220; border_style=&#8220;&#8220;][vc_empty_space][\/vc_column][\/vc_row][vc_row row_type=&#8220;row&#8220; use_row_as_full_screen_section=&#8220;no&#8220; type=&#8220;full_width&#8220; text_align=&#8220;left&#8220; background_animation=&#8220;none&#8220; css_animation=&#8220;&#8220;][vc_column][vc_column_text]Bildergalerie[\/vc_column_text][\/vc_column][\/vc_row][vc_row row_type=&#8220;row&#8220; use_row_as_full_screen_section=&#8220;no&#8220; type=&#8220;full_width&#8220; text_align=&#8220;left&#8220; background_animation=&#8220;none&#8220; css_animation=&#8220;&#8220;][vc_column][vc_empty_space][\/vc_column][\/vc_row][vc_row row_type=&#8220;row&#8220; use_row_as_full_screen_section=&#8220;no&#8220; type=&#8220;full_width&#8220; text_align=&#8220;left&#8220; background_animation=&#8220;none&#8220; css_animation=&#8220;&#8220;][vc_column][vc_gallery type=&#8220;image_grid&#8220; images=&#8220;2713,2712,2711,2710,2709,2708,2707,2706,2705,2704,2703,2702,2701,2700,2699,2698,2697,2696,2695,2694,2693,2692,2691,2690,2689,2688,2687,2686,2685,2684,2683,2682,2681,2680,2679,2678,2677,2676,2675,2674,2673,2672,2671,2670,2669,2668,2667,2666,2665,2664,2663,2662,2661,2660,2659,2658,2657,2656,2655,2654,2653,2652,2651,2650,2649,2648,2647,2646,2645,2644,2643,2642,2641,2640,2639,2714&#8243; img_size=&#8220;full&#8220; onclick=&#8220;&#8220; column_number=&#8220;0&#8243; grayscale=&#8220;no&#8220; space_between_images=&#8220;no&#8220;][\/vc_column][\/vc_row]<\/p>\n<\/div>","protected":false},"excerpt":{"rendered":"<p>[vc_row row_type=&#8220;row&#8220; use_row_as_full_screen_section=&#8220;no&#8220; type=&#8220;full_width&#8220; text_align=&#8220;left&#8220; background_animation=&#8220;none&#8220; css_animation=&#8220;&#8220;][vc_column][vc_column_text]The Highland Games[\/vc_column_text][\/vc_column][\/vc_row][vc_row row_type=&#8220;row&#8220; use_row_as_full_screen_section=&#8220;no&#8220; type=&#8220;full_width&#8220; text_align=&#8220;left&#8220; background_animation=&#8220;none&#8220; css_animation=&#8220;&#8220;][vc_column][vc_empty_space][\/vc_column][\/vc_row][vc_row row_type=&#8220;row&#8220; use_row_as_full_screen_section=&#8220;no&#8220; type=&#8220;full_width&#8220; text_align=&#8220;left&#8220; background_animation=&#8220;none&#8220; css_animation=&#8220;&#8220;][vc_column][vc_column_text]Am 25. Juni fand bei sch\u00f6nstem Sommerwetter mit viel Sonnenschein und warmen Temperaturen der Sporttag der Kantonsschule Wettingen statt. Dieses Jahr standen die Highland Games&#8230;<\/p>\n","protected":false},"author":10,"featured_media":0,"parent":0,"menu_order":0,"comment_status":"closed","ping_status":"closed","template":"","meta":{"footnotes":""},"class_list":["post-1350","page","type-page","status-publish","hentry"],"_links":{"self":[{"href":"https:\/\/fs.kswe.ch\/spo\/wp-json\/wp\/v2\/pages\/1350","targetHints":{"allow":["GET"]}}],"collection":[{"href":"https:\/\/fs.kswe.ch\/spo\/wp-json\/wp\/v2\/pages"}],"about":[{"href":"https:\/\/fs.kswe.ch\/spo\/wp-json\/wp\/v2\/types\/page"}],"author":[{"embeddable":true,"href":"https:\/\/fs.kswe.ch\/spo\/wp-json\/wp\/v2\/users\/10"}],"replies":[{"embeddable":true,"href":"https:\/\/fs.kswe.ch\/spo\/wp-json\/wp\/v2\/comments?post=1350"}],"version-history":[{"count":9,"href":"https:\/\/fs.kswe.ch\/spo\/wp-json\/wp\/v2\/pages\/1350\/revisions"}],"predecessor-version":[{"id":2717,"href":"https:\/\/fs.kswe.ch\/spo\/wp-json\/wp\/v2\/pages\/1350\/revisions\/2717"}],"wp:attachment":[{"href":"https:\/\/fs.kswe.ch\/spo\/wp-json\/wp\/v2\/media?parent=1350"}],"curies":[{"name":"wp","href":"https:\/\/api.w.org\/{rel}","templated":true}]}}