{"id":13461,"date":"2024-04-08T22:41:32","date_gmt":"2024-04-08T20:41:32","guid":{"rendered":"https:\/\/fs.kswe.ch\/spo\/?page_id=13461"},"modified":"2024-05-13T19:48:30","modified_gmt":"2024-05-13T17:48:30","slug":"letsmove24","status":"publish","type":"page","link":"https:\/\/fs.kswe.ch\/spo\/letsmove24\/","title":{"rendered":"Let&#8217;s move 24"},"content":{"rendered":"<div class=\"wpb-content-wrapper\"><p>[vc_row row_type=&#8220;row&#8220; use_row_as_full_screen_section=&#8220;no&#8220; type=&#8220;full_width&#8220; text_align=&#8220;left&#8220; background_animation=&#8220;none&#8220; css_animation=&#8220;&#8220;][vc_column][vc_empty_space height=&#8220;24px&#8220;][vc_column_text]<em><strong>Let`s Move 2024<\/strong><\/em>[\/vc_column_text][\/vc_column][\/vc_row][vc_row row_type=&#8220;row&#8220; use_row_as_full_screen_section=&#8220;no&#8220; type=&#8220;full_width&#8220; text_align=&#8220;left&#8220; background_animation=&#8220;none&#8220; css_animation=&#8220;&#8220;][vc_column][vc_empty_space][\/vc_column][\/vc_row][vc_row row_type=&#8220;row&#8220; use_row_as_full_screen_section=&#8220;no&#8220; type=&#8220;full_width&#8220; text_align=&#8220;left&#8220; background_animation=&#8220;none&#8220; css_animation=&#8220;&#8220;][vc_column][vc_column_text css=&#8220;&#8220;]<strong>\u00abLet\u2019s Move\u00bb &#8211; Tanz- und Akrobatikshow der Kantonsschule Wettingen<\/strong><\/p>\n<p>&nbsp;<\/p>\n<p>Das \u00abLet\u2019s Move\u00bb verwandelte die Sporthalle der Kantonsschule Wettingen in eine pulsierende Eventlocation. W\u00e4hrend vier ausverkauften Vorstellungen zeigten 20 Gruppen der Kanti Wettingen mit insgesamt 300 Mitwirkenden ihre Shows, und der Anlass feierte dabei sein 15. Jubli\u00e4um.<\/p>\n<p>&nbsp;<\/p>\n<p>Zu unterschiedlicher Musik wie Hip-Hop, Jazz, Modern und Rock \u2018n\u2019 Roll bewiesen die Sch\u00fclerinnen und Sch\u00fcler ihr t\u00e4nzerisches K\u00f6nnen. Die k\u00fcnstlerische Gestaltung wurde durch professionelle Beleuchtung, verschiedene Outfits und Kost\u00fcme sowie Requisiten unterst\u00fctzt.<\/p>\n<p>Weiter waren auch Akrobatiknummern im Programm. Es war beeindruckend zu sehen, wie die Sch\u00fclerinnen und Sch\u00fcler am Stufenbarren turnten oder mit Saltos auf dem Trampolin begeisterten. Besonders kunstvoll pr\u00e4sentierten sich vier Frauen am Vertikaltuch, an dem sie hoch kletterten und zirkusreife Figuren pr\u00e4sentierten.<\/p>\n<p>&nbsp;<\/p>\n<p>Die Sch\u00fclerinnen und Sch\u00fcler sind vom \u00abLet\u2019s Move\u00bb inspiriert und bewegt. Der Event habe ihnen ein neues K\u00f6rper- und Lebensgef\u00fchl vermittelt und Tanz als \u00abdie verborgene Sprache der Seele\u00bb (Martha Graham) erleben lassen<\/p>\n<p>&nbsp;<\/p>\n<ul>\n<li><span style=\"color: #800000\"><a style=\"color: #800000\" href=\"https:\/\/fs.kswe.ch\/spo\/wp-content\/uploads\/sites\/9\/2024\/04\/Programm_2024.pdf\"><span style=\"color: #800000\">Programm Let&#8217;s Move 2024<\/span><\/a><\/span><\/li>\n<li><span style=\"color: #800000\"><a style=\"color: #800000\" href=\"https:\/\/fs.kswe.ch\/spo\/wp-content\/uploads\/sites\/9\/2024\/04\/Wettingen-Lets-Move-an-der-Kantonsschule-Wettingen.pdf\"><span style=\"color: #800000\">Let&#8217;s Move 2024_Medien<\/span><\/a><\/span><\/li>\n<li><span style=\"color: #800000\"><a style=\"color: #800000\" href=\"https:\/\/www.youtube.com\/watch?v=ZeozoADRjb8\"><span style=\"color: #800000\">KSWE-News<\/span><\/a><\/span> Youtube<\/li>\n<li><span style=\"color: #800000\"><a style=\"color: #800000\" href=\"https:\/\/www.youtube.com\/watch?v=25QXryhKrzM\"><span style=\"color: #800000\">Let&#8217;s Move- der Film<\/span><\/a><\/span> &#8211; alle 20 Auftritte<\/li>\n<\/ul>\n<p>&nbsp;<\/p>\n<p>Das n\u00e4chste Let&#8217;s Move ist im 2026 geplant.<\/p>\n<p>&nbsp;<\/p>\n<p>Text: Christine Stuber<\/p>\n<p>Bilder: Martin Rizek[\/vc_column_text][vc_column_text]<\/p>\n<ul>\n<li><span style=\"color: #800000\"><a style=\"color: #800000\" href=\"https:\/\/fs.kswe.ch\/spo\/letsmove\/\"><span style=\"color: #800000\">zur\u00fcck<\/span><\/a><\/span><\/li>\n<\/ul>\n<p>[\/vc_column_text][\/vc_column][\/vc_row][vc_row row_type=&#8220;row&#8220; use_row_as_full_screen_section=&#8220;no&#8220; type=&#8220;full_width&#8220; text_align=&#8220;left&#8220; background_animation=&#8220;none&#8220; css_animation=&#8220;&#8220;][vc_column][vc_empty_space height=&#8220;24px&#8220;][\/vc_column][\/vc_row][vc_row row_type=&#8220;row&#8220; use_row_as_full_screen_section=&#8220;no&#8220; type=&#8220;full_width&#8220; text_align=&#8220;left&#8220; background_animation=&#8220;none&#8220; css_animation=&#8220;&#8220;][vc_column][vc_separator type=&#8220;normal&#8220; border_style=&#8220;&#8220;][\/vc_column][\/vc_row][vc_row row_type=&#8220;row&#8220; use_row_as_full_screen_section=&#8220;no&#8220; type=&#8220;full_width&#8220; text_align=&#8220;left&#8220; background_animation=&#8220;none&#8220; css_animation=&#8220;&#8220;][vc_column][vc_empty_space height=&#8220;24px&#8220;][\/vc_column][\/vc_row][vc_row row_type=&#8220;row&#8220; use_row_as_full_screen_section=&#8220;no&#8220; type=&#8220;full_width&#8220; text_align=&#8220;left&#8220; background_animation=&#8220;none&#8220; css_animation=&#8220;&#8220;][vc_column][vc_empty_space height=&#8220;12px&#8220;][\/vc_column][\/vc_row][vc_row row_type=&#8220;row&#8220; use_row_as_full_screen_section=&#8220;no&#8220; type=&#8220;full_width&#8220; text_align=&#8220;left&#8220; background_animation=&#8220;none&#8220; css_animation=&#8220;&#8220;][vc_column][vc_gallery type=&#8220;image_grid&#8220; images=&#8220;13595,13594,13593,13592,13591,13590,13589,13588,13587,13586,13585,13584,13583,13582,13581,13580,13579,13578,13577,13576,13575,13574,13573,13572,13571,13570,13569,13568,13567,13566,13565,13564,13563,13562,13561,13560,13559,13558,13557,13556,13555,13554,13553,13552,13551,13550,13549,13548,13547,13546,13545,13544,13542,13541,13540,13539,13537,13536,13533,13532,13531,13530,13529,13528,13527,13526,13525,13524,13523,13522,13521,13520,13519,13518,13517,13516,13515,13514,13513,13512,13511,13510,13509,13508,13507,13506,13505,13504,13503,13502,13501,13500,13499,13498,13497,13496,13495,13494,13493,13492,13491,13490,13489,13488,13487,13486,13485,13484,13483,13482,13481,13480&#8243; img_size=&#8220;full&#8220; onclick=&#8220;&#8220; column_number=&#8220;0&#8243; grayscale=&#8220;no&#8220; space_between_images=&#8220;no&#8220;][\/vc_column][\/vc_row]<\/p>\n<\/div>","protected":false},"excerpt":{"rendered":"<p>[vc_row row_type=&#8220;row&#8220; use_row_as_full_screen_section=&#8220;no&#8220; type=&#8220;full_width&#8220; text_align=&#8220;left&#8220; background_animation=&#8220;none&#8220; css_animation=&#8220;&#8220;][vc_column][vc_empty_space height=&#8220;24px&#8220;][vc_column_text]Let`s Move 2024[\/vc_column_text][\/vc_column][\/vc_row][vc_row row_type=&#8220;row&#8220; use_row_as_full_screen_section=&#8220;no&#8220; type=&#8220;full_width&#8220; text_align=&#8220;left&#8220; background_animation=&#8220;none&#8220; css_animation=&#8220;&#8220;][vc_column][vc_empty_space][\/vc_column][\/vc_row][vc_row row_type=&#8220;row&#8220; use_row_as_full_screen_section=&#8220;no&#8220; type=&#8220;full_width&#8220; text_align=&#8220;left&#8220; background_animation=&#8220;none&#8220; css_animation=&#8220;&#8220;][vc_column][vc_column_text css=&#8220;&#8220;]\u00abLet\u2019s Move\u00bb &#8211; Tanz- und Akrobatikshow der Kantonsschule Wettingen &nbsp; Das \u00abLet\u2019s Move\u00bb verwandelte die Sporthalle der Kantonsschule Wettingen in eine pulsierende Eventlocation&#8230;.<\/p>\n","protected":false},"author":25,"featured_media":0,"parent":0,"menu_order":0,"comment_status":"closed","ping_status":"closed","template":"","meta":{"footnotes":""},"class_list":["post-13461","page","type-page","status-publish","hentry"],"_links":{"self":[{"href":"https:\/\/fs.kswe.ch\/spo\/wp-json\/wp\/v2\/pages\/13461","targetHints":{"allow":["GET"]}}],"collection":[{"href":"https:\/\/fs.kswe.ch\/spo\/wp-json\/wp\/v2\/pages"}],"about":[{"href":"https:\/\/fs.kswe.ch\/spo\/wp-json\/wp\/v2\/types\/page"}],"author":[{"embeddable":true,"href":"https:\/\/fs.kswe.ch\/spo\/wp-json\/wp\/v2\/users\/25"}],"replies":[{"embeddable":true,"href":"https:\/\/fs.kswe.ch\/spo\/wp-json\/wp\/v2\/comments?post=13461"}],"version-history":[{"count":13,"href":"https:\/\/fs.kswe.ch\/spo\/wp-json\/wp\/v2\/pages\/13461\/revisions"}],"predecessor-version":[{"id":13634,"href":"https:\/\/fs.kswe.ch\/spo\/wp-json\/wp\/v2\/pages\/13461\/revisions\/13634"}],"wp:attachment":[{"href":"https:\/\/fs.kswe.ch\/spo\/wp-json\/wp\/v2\/media?parent=13461"}],"curies":[{"name":"wp","href":"https:\/\/api.w.org\/{rel}","templated":true}]}}