{"id":13447,"date":"2024-03-04T14:08:56","date_gmt":"2024-03-04T13:08:56","guid":{"rendered":"https:\/\/fs.kswe.ch\/spo\/?page_id=13447"},"modified":"2024-03-04T14:08:56","modified_gmt":"2024-03-04T13:08:56","slug":"msmvolley24","status":"publish","type":"page","link":"https:\/\/fs.kswe.ch\/spo\/msmvolley24\/","title":{"rendered":"MSMVolleyball24"},"content":{"rendered":"<div class=\"wpb-content-wrapper\"><p>[vc_row row_type=&#8220;row&#8220; use_row_as_full_screen_section=&#8220;no&#8220; type=&#8220;full_width&#8220; text_align=&#8220;left&#8220; background_animation=&#8220;none&#8220; css_animation=&#8220;&#8220;][vc_column width=&#8220;2\/3&#8243;][vc_empty_space height=&#8220;24px&#8220;][\/vc_column][vc_column width=&#8220;1\/3&#8243;][\/vc_column][\/vc_row][vc_row row_type=&#8220;row&#8220; use_row_as_full_screen_section=&#8220;no&#8220; type=&#8220;full_width&#8220; text_align=&#8220;left&#8220; background_animation=&#8220;none&#8220; css_animation=&#8220;&#8220;][vc_column][vc_column_text]<strong>Volleyball Mittelschulmeisterschaften 2024 (Herren)<\/strong><\/p>\n<p>&nbsp;<\/p>\n<p>&nbsp;<\/p>\n<p><em>Herren-Team klassiert sich erneut klar hinter Baden und Wohlen.<\/em><\/p>\n<p><em>\u00a0<\/em><\/p>\n<p>&nbsp;<\/p>\n<p>Nach mehreren Vorbereitungstrainings inkl. Selektionsverfahren reisten 12 Volleyballer am 27. Januar 2024 wie im Vorjahr nach Wohlen, um sich mit den anderen Kanti-Teams zu messen. \u00dcberhaupt spielte sich Vieles gleich wie im Vorjahr ab: die grosse Mehrheit des Teams aus dem letzten Jahr vertrat auch 2024 die Wettinger Farben, die Teams aus Baden und Wohlen machten erneut den Sieg unter sich aus (Baden gewann schlussendlich \u00fcberraschend klar mit 2:0), Wettingen reihte sich direkt dahinter als erster Verfolger der beiden Spitzenreiter ein und liess die Neue Kanti Aarau und die Kanti Zofingen nach je 2:0 S\u00e4tzen hinter sich.<\/p>\n<p>&nbsp;<\/p>\n<p>Die acht austretenden Sch\u00fcler zeigten sich nach den eindeutigen Niederlagen gegen Wohlen und Baden etwas frustriert, h\u00e4tten sie doch noch so gerne auf ihrer Abschiedstournee ihren Konkurrenten mehr Paroli geboten. Die drei 1. Kl\u00e4ssler hingegen konnten erste MSM-Erfahrungen sammeln und werden f\u00fcr die kommenden 3 Jahre wichtige St\u00fctzen des Teams bilden. So l\u00e4sst sich trotz den gewichtigen Abg\u00e4nge zuversichtlich in Richtung 2025 schauen.<\/p>\n<p>&nbsp;<\/p>\n<p>&nbsp;<\/p>\n<p>Hinten v.l.n.r.: Sasmit Bhattacharya G4A, Roko Racunica G4D, Simon Graber G4H, Patrick Odermatt G4C, Jonas V\u00f6geli G1B, Felix Funk G1I, Florian Lier<\/p>\n<p>Vorne v.l.n.r.: Florian Bach F3A, Dario Kopp G4C, Pablo Ruckli G4B, Alik Jaecklin G4I, Marco Honold G4G, Mauri Fueter G1F<\/p>\n<p>&nbsp;<\/p>\n<p>Text und Bild: Florian Lier[\/vc_column_text][\/vc_column][\/vc_row][vc_row row_type=&#8220;row&#8220; use_row_as_full_screen_section=&#8220;no&#8220; type=&#8220;full_width&#8220; text_align=&#8220;left&#8220; background_animation=&#8220;none&#8220; css_animation=&#8220;&#8220;][vc_column][vc_empty_space][\/vc_column][\/vc_row][vc_row row_type=&#8220;row&#8220; use_row_as_full_screen_section=&#8220;no&#8220; type=&#8220;full_width&#8220; text_align=&#8220;left&#8220; background_animation=&#8220;none&#8220; css_animation=&#8220;&#8220;][vc_column][vc_separator type=&#8220;normal&#8220; border_style=&#8220;&#8220;][\/vc_column][\/vc_row][vc_row row_type=&#8220;row&#8220; use_row_as_full_screen_section=&#8220;no&#8220; type=&#8220;full_width&#8220; text_align=&#8220;left&#8220; background_animation=&#8220;none&#8220; css_animation=&#8220;&#8220;][vc_column][vc_column_text]<\/p>\n<ul>\n<li style=\"text-align: left\"><a href=\"https:\/\/fs.kswe.ch\/spo\/mittelschulmeisterschaften\/\"><span style=\"color: #800000\">zur\u00fcck<\/span><\/a><\/li>\n<\/ul>\n<p>[\/vc_column_text][\/vc_column][\/vc_row][vc_row row_type=&#8220;row&#8220; use_row_as_full_screen_section=&#8220;no&#8220; type=&#8220;full_width&#8220; text_align=&#8220;left&#8220; background_animation=&#8220;none&#8220; css_animation=&#8220;&#8220;][vc_column][vc_empty_space height=&#8220;12px&#8220;][vc_separator type=&#8220;normal&#8220; border_style=&#8220;&#8220;][vc_empty_space height=&#8220;24px&#8220;][\/vc_column][\/vc_row][vc_row row_type=&#8220;row&#8220; use_row_as_full_screen_section=&#8220;no&#8220; type=&#8220;full_width&#8220; text_align=&#8220;left&#8220; background_animation=&#8220;none&#8220; css_animation=&#8220;&#8220;][vc_column][vc_empty_space height=&#8220;12px&#8220;][\/vc_column][\/vc_row][vc_row row_type=&#8220;row&#8220; use_row_as_full_screen_section=&#8220;no&#8220; type=&#8220;full_width&#8220; text_align=&#8220;left&#8220; background_animation=&#8220;none&#8220; css_animation=&#8220;&#8220;][vc_column][vc_gallery type=&#8220;image_grid&#8220; images=&#8220;13446&#8243; img_size=&#8220;full&#8220; onclick=&#8220;&#8220; column_number=&#8220;0&#8243; grayscale=&#8220;no&#8220; space_between_images=&#8220;no&#8220;][\/vc_column][\/vc_row][vc_row row_type=&#8220;row&#8220; use_row_as_full_screen_section=&#8220;no&#8220; type=&#8220;full_width&#8220; text_align=&#8220;left&#8220; background_animation=&#8220;none&#8220; css_animation=&#8220;&#8220;][vc_column][vc_empty_space height=&#8220;60px&#8220;][\/vc_column][\/vc_row]<\/p>\n<\/div>","protected":false},"excerpt":{"rendered":"<p>[vc_row row_type=&#8220;row&#8220; use_row_as_full_screen_section=&#8220;no&#8220; type=&#8220;full_width&#8220; text_align=&#8220;left&#8220; background_animation=&#8220;none&#8220; css_animation=&#8220;&#8220;][vc_column width=&#8220;2\/3&#8243;][vc_empty_space height=&#8220;24px&#8220;][\/vc_column][vc_column width=&#8220;1\/3&#8243;][\/vc_column][\/vc_row][vc_row row_type=&#8220;row&#8220; use_row_as_full_screen_section=&#8220;no&#8220; type=&#8220;full_width&#8220; text_align=&#8220;left&#8220; background_animation=&#8220;none&#8220; css_animation=&#8220;&#8220;][vc_column][vc_column_text]Volleyball Mittelschulmeisterschaften 2024 (Herren) &nbsp; &nbsp; Herren-Team klassiert sich erneut klar hinter Baden und Wohlen. \u00a0 &nbsp; Nach mehreren Vorbereitungstrainings inkl. Selektionsverfahren reisten 12 Volleyballer am 27. Januar 2024 wie&#8230;<\/p>\n","protected":false},"author":25,"featured_media":0,"parent":0,"menu_order":0,"comment_status":"closed","ping_status":"closed","template":"","meta":{"footnotes":""},"class_list":["post-13447","page","type-page","status-publish","hentry"],"_links":{"self":[{"href":"https:\/\/fs.kswe.ch\/spo\/wp-json\/wp\/v2\/pages\/13447","targetHints":{"allow":["GET"]}}],"collection":[{"href":"https:\/\/fs.kswe.ch\/spo\/wp-json\/wp\/v2\/pages"}],"about":[{"href":"https:\/\/fs.kswe.ch\/spo\/wp-json\/wp\/v2\/types\/page"}],"author":[{"embeddable":true,"href":"https:\/\/fs.kswe.ch\/spo\/wp-json\/wp\/v2\/users\/25"}],"replies":[{"embeddable":true,"href":"https:\/\/fs.kswe.ch\/spo\/wp-json\/wp\/v2\/comments?post=13447"}],"version-history":[{"count":4,"href":"https:\/\/fs.kswe.ch\/spo\/wp-json\/wp\/v2\/pages\/13447\/revisions"}],"predecessor-version":[{"id":13455,"href":"https:\/\/fs.kswe.ch\/spo\/wp-json\/wp\/v2\/pages\/13447\/revisions\/13455"}],"wp:attachment":[{"href":"https:\/\/fs.kswe.ch\/spo\/wp-json\/wp\/v2\/media?parent=13447"}],"curies":[{"name":"wp","href":"https:\/\/api.w.org\/{rel}","templated":true}]}}