{"id":13402,"date":"2024-01-31T20:08:46","date_gmt":"2024-01-31T19:08:46","guid":{"rendered":"https:\/\/fs.kswe.ch\/spo\/?page_id=13402"},"modified":"2024-01-31T21:34:32","modified_gmt":"2024-01-31T20:34:32","slug":"schooldanceaward24","status":"publish","type":"page","link":"https:\/\/fs.kswe.ch\/spo\/schooldanceaward24\/","title":{"rendered":"SchoolDanceAward24"},"content":{"rendered":"<div class=\"wpb-content-wrapper\"><p>[vc_row row_type=&#8220;row&#8220; use_row_as_full_screen_section=&#8220;no&#8220; type=&#8220;full_width&#8220; text_align=&#8220;left&#8220; background_animation=&#8220;none&#8220; css_animation=&#8220;&#8220;][vc_column width=&#8220;2\/3&#8243;][vc_column_text]<em><strong>School Dance Award 2024<br \/>\n<\/strong><\/em>[\/vc_column_text][\/vc_column][vc_column width=&#8220;1\/3&#8243;][\/vc_column][\/vc_row][vc_row row_type=&#8220;row&#8220; use_row_as_full_screen_section=&#8220;no&#8220; type=&#8220;full_width&#8220; text_align=&#8220;left&#8220; background_animation=&#8220;none&#8220; css_animation=&#8220;&#8220;][vc_column][vc_empty_space][\/vc_column][\/vc_row][vc_row row_type=&#8220;row&#8220; use_row_as_full_screen_section=&#8220;no&#8220; type=&#8220;full_width&#8220; text_align=&#8220;left&#8220; background_animation=&#8220;none&#8220; css_animation=&#8220;&#8220;][vc_column][vc_column_text]Am 19. Februar 2024 fand mit gro\u00dfer Spannung der diesj\u00e4hrige School Dance Award statt, bei dem talentierte Sch\u00fclerinnen und Sch\u00fcler aus verschiedenen Aargauer Schulen ihr K\u00f6nnen pr\u00e4sentierten. Unter ihnen befand sich das ehrgeizige Team der Kantonsschule Wettingen, das mit der fesselnden Tanzperformance &#8222;Fight to survive&#8220; unter dem neuen Namen &#8222;Stella Maris&#8220; auftrat. Obwohl das Wettinger Team knapp das Podest verfehlte, war die Teilnahme ein herausragendes Erlebnis. Ihre Performance unterstrich nicht nur das Streben nach Perfektion, sondern zeigte auch die Freude am Tanz, die von allen Beteiligten deutlich sp\u00fcrbar war.<\/p>\n<p>&nbsp;<\/p>\n<p>Die Vorfreude richtet sich nun auf die n\u00e4chste gro\u00dfe Auff\u00fchrung beim &#8222;Let&#8217;s move&#8220; am 21. &#8211; 23. M\u00e4rz 2024. Hier wird das Team &#8222;Stella Maris&#8220; erneut auf der B\u00fchne stehen und das Publikum mit seinen Talenten begeistern. F\u00fcr diejenigen, die den School Dance Award 2024 verpasst haben, besteht die M\u00f6glichkeit, die beeindruckenden Performances nachtr\u00e4glich \u00fcber den <a href=\"https:\/\/vimeo.com\/user163268184\">Livestream<\/a> zu erleben. Damit wird die Magie des Tanzes nicht nur in der Halle, sondern auch im virtuellen Raum lebendig.<\/p>\n<p>&nbsp;<\/p>\n<p>&nbsp;<\/p>\n<p>Text: Livia Fricker<\/p>\n<p>&nbsp;<\/p>\n<p>Foto: SDA[\/vc_column_text][\/vc_column][\/vc_row][vc_row row_type=&#8220;row&#8220; use_row_as_full_screen_section=&#8220;no&#8220; type=&#8220;full_width&#8220; text_align=&#8220;left&#8220; background_animation=&#8220;none&#8220; css_animation=&#8220;&#8220;][vc_column][vc_empty_space][\/vc_column][\/vc_row][vc_row row_type=&#8220;row&#8220; use_row_as_full_screen_section=&#8220;no&#8220; type=&#8220;full_width&#8220; text_align=&#8220;left&#8220; background_animation=&#8220;none&#8220; css_animation=&#8220;&#8220;][vc_column width=&#8220;5\/6&#8243;][vc_column_text]<\/p>\n<ul>\n<li style=\"text-align: left\"><a href=\"https:\/\/fs.kswe.ch\/spo\/schooldanceaward\/\"><span style=\"color: #800000\">zur\u00fcck<\/span><\/a><\/li>\n<\/ul>\n<p>[\/vc_column_text][\/vc_column][vc_column width=&#8220;1\/6&#8243;][\/vc_column][\/vc_row][vc_row row_type=&#8220;row&#8220; use_row_as_full_screen_section=&#8220;no&#8220; type=&#8220;full_width&#8220; text_align=&#8220;left&#8220; background_animation=&#8220;none&#8220; css_animation=&#8220;&#8220;][vc_column][vc_empty_space height=&#8220;12px&#8220;][vc_separator type=&#8220;normal&#8220; border_style=&#8220;&#8220;][vc_empty_space][\/vc_column][\/vc_row][vc_row row_type=&#8220;row&#8220; use_row_as_full_screen_section=&#8220;no&#8220; type=&#8220;full_width&#8220; text_align=&#8220;left&#8220; background_animation=&#8220;none&#8220; css_animation=&#8220;&#8220;][vc_column][vc_gallery type=&#8220;image_grid&#8220; images=&#8220;13413,13412,13411,13410,13409,13408,13404,13405,13406,13407&#8243; img_size=&#8220;full&#8220; onclick=&#8220;&#8220; column_number=&#8220;0&#8243; grayscale=&#8220;no&#8220; space_between_images=&#8220;no&#8220;][\/vc_column][\/vc_row]<\/p>\n<\/div>","protected":false},"excerpt":{"rendered":"<p>[vc_row row_type=&#8220;row&#8220; use_row_as_full_screen_section=&#8220;no&#8220; type=&#8220;full_width&#8220; text_align=&#8220;left&#8220; background_animation=&#8220;none&#8220; css_animation=&#8220;&#8220;][vc_column width=&#8220;2\/3&#8243;][vc_column_text]School Dance Award 2024 [\/vc_column_text][\/vc_column][vc_column width=&#8220;1\/3&#8243;][\/vc_column][\/vc_row][vc_row row_type=&#8220;row&#8220; use_row_as_full_screen_section=&#8220;no&#8220; type=&#8220;full_width&#8220; text_align=&#8220;left&#8220; background_animation=&#8220;none&#8220; css_animation=&#8220;&#8220;][vc_column][vc_empty_space][\/vc_column][\/vc_row][vc_row row_type=&#8220;row&#8220; use_row_as_full_screen_section=&#8220;no&#8220; type=&#8220;full_width&#8220; text_align=&#8220;left&#8220; background_animation=&#8220;none&#8220; css_animation=&#8220;&#8220;][vc_column][vc_column_text]Am 19. Februar 2024 fand mit gro\u00dfer Spannung der diesj\u00e4hrige School Dance Award statt, bei dem talentierte Sch\u00fclerinnen und Sch\u00fcler aus&#8230;<\/p>\n","protected":false},"author":25,"featured_media":11443,"parent":0,"menu_order":0,"comment_status":"closed","ping_status":"closed","template":"","meta":{"footnotes":""},"class_list":["post-13402","page","type-page","status-publish","has-post-thumbnail","hentry"],"_links":{"self":[{"href":"https:\/\/fs.kswe.ch\/spo\/wp-json\/wp\/v2\/pages\/13402","targetHints":{"allow":["GET"]}}],"collection":[{"href":"https:\/\/fs.kswe.ch\/spo\/wp-json\/wp\/v2\/pages"}],"about":[{"href":"https:\/\/fs.kswe.ch\/spo\/wp-json\/wp\/v2\/types\/page"}],"author":[{"embeddable":true,"href":"https:\/\/fs.kswe.ch\/spo\/wp-json\/wp\/v2\/users\/25"}],"replies":[{"embeddable":true,"href":"https:\/\/fs.kswe.ch\/spo\/wp-json\/wp\/v2\/comments?post=13402"}],"version-history":[{"count":5,"href":"https:\/\/fs.kswe.ch\/spo\/wp-json\/wp\/v2\/pages\/13402\/revisions"}],"predecessor-version":[{"id":13423,"href":"https:\/\/fs.kswe.ch\/spo\/wp-json\/wp\/v2\/pages\/13402\/revisions\/13423"}],"wp:featuredmedia":[{"embeddable":true,"href":"https:\/\/fs.kswe.ch\/spo\/wp-json\/wp\/v2\/media\/11443"}],"wp:attachment":[{"href":"https:\/\/fs.kswe.ch\/spo\/wp-json\/wp\/v2\/media?parent=13402"}],"curies":[{"name":"wp","href":"https:\/\/api.w.org\/{rel}","templated":true}]}}