{"id":13378,"date":"2024-01-30T15:26:24","date_gmt":"2024-01-30T14:26:24","guid":{"rendered":"https:\/\/fs.kswe.ch\/spo\/?page_id=13378"},"modified":"2025-02-04T17:17:03","modified_gmt":"2025-02-04T16:17:03","slug":"msmuh24","status":"publish","type":"page","link":"https:\/\/fs.kswe.ch\/spo\/msmuh24\/","title":{"rendered":"MSMUH24"},"content":{"rendered":"<div class=\"wpb-content-wrapper\"><p>[vc_row row_type=&#8220;row&#8220; use_row_as_full_screen_section=&#8220;no&#8220; type=&#8220;full_width&#8220; text_align=&#8220;left&#8220; background_animation=&#8220;none&#8220; css_animation=&#8220;&#8220;][vc_column width=&#8220;2\/3&#8243;][vc_empty_space height=&#8220;24px&#8220;][vc_column_text css=&#8220;&#8220;]<em><strong>MSM Unihockey 2024<br \/>\n<\/strong><\/em><\/p>\n<p>[\/vc_column_text][\/vc_column][vc_column width=&#8220;1\/3&#8243;][\/vc_column][\/vc_row][vc_row row_type=&#8220;row&#8220; use_row_as_full_screen_section=&#8220;no&#8220; type=&#8220;full_width&#8220; text_align=&#8220;left&#8220; background_animation=&#8220;none&#8220; css_animation=&#8220;&#8220;][vc_column][vc_empty_space][\/vc_column][\/vc_row][vc_row row_type=&#8220;row&#8220; use_row_as_full_screen_section=&#8220;no&#8220; type=&#8220;full_width&#8220; text_align=&#8220;left&#8220; background_animation=&#8220;none&#8220; css_animation=&#8220;&#8220;][vc_column][vc_column_text]<strong><em>Favorisierte Teams aus Aarau und Baden setzen sich durch<\/em><\/strong><\/p>\n<p><strong>\u00a0<\/strong><\/p>\n<p>In der gut besuchten und stimmungsvollen Sporthalle trafen sich am 26. Januar 2024 11 Unihockey-Teams (5 Damen, 6 Herren) zur Mittelschul-Meisterschaft.<\/p>\n<p>Bei den Damen war schnell klar, dass der Sieg beim Turnier \u00fcber die deutlich st\u00e4rkeren Teams aus Baden bzw. der Neuen Kanti Aarau f\u00fchrt. Dank der besseren Offensive (durchschnittlich \u00fcber 8 Tore pro Spiel) setzte sich die Kanti Baden gegen die Aarauerinnen im Direktduell mit 6:3 durch. Somit vertreten die gleichen Teams die Aargauer Mittelschulen an den Schweizermeisterschaften wie im letzten Jahr. Dahinter reihte sich aus turnierorganisatorischer Sicht erfreulicherweise direkt die Kanti Wettingen ein, die sich im Vergleich zum 2023 dank 2 Siegen (gegen Wohlen und die Alte Kanti Aarau) einen Rang steigern konnte.<\/p>\n<p>&nbsp;<\/p>\n<p>Im Rennen um das zweite Ticket nach Burgdorf zeigte sich die Situation bei den Herren bis zum letzten Spiel offen. Die Kanti Baden gewann gegen das durch den Ausfall ihres F\u00fchrungsspielers leicht geschw\u00e4chte Zofingen dank des ausgeglicheneren Kaders mit 6:3 und sicherte sich damit Rang 2. Mit dem Sieg zum Turnierstart gegen die Kanti Baden meldete die Alte Kanti Aarau auch im Jahr 2024 ihre hohen Ambitionen auf den Turniergewinn an. Sie gewann die restlichen Spiele souver\u00e4n mit durchschnittlich fast 10 Tore pro Spiel und verteidigte ihren Titel aus dem Vorjahr damit souver\u00e4n. Die Lokalmatadoren aus Wettingen sch\u00f6pften mit ihrem beherzten Auftritt gegen die Alte Kanti f\u00fcr das Abschlussspiel gegen Wohlen so viel Mut, sodass sie mit 4:2 einen umjubelten Abschlusssieg feiern und das Turnier damit wie im Vorjahr auf dem 5. Rang beenden konnten.<\/p>\n<p>&nbsp;<\/p>\n<p>Die Fachschaft Sport der Kanti Wettingen dankt den Spielenden und Betreuungspersonen f\u00fcr den fairen Spirit beim Turnier und w\u00fcnscht den f\u00fcr die SM qualifizierten Teams viel Erfolg.<\/p>\n<p>&nbsp;<\/p>\n<p>Text und Fotos: Florian Lier[\/vc_column_text][\/vc_column][\/vc_row][vc_row row_type=&#8220;row&#8220; use_row_as_full_screen_section=&#8220;no&#8220; type=&#8220;full_width&#8220; text_align=&#8220;left&#8220; background_animation=&#8220;none&#8220; css_animation=&#8220;&#8220;][vc_column][vc_empty_space][\/vc_column][\/vc_row][vc_row row_type=&#8220;row&#8220; use_row_as_full_screen_section=&#8220;no&#8220; type=&#8220;full_width&#8220; text_align=&#8220;left&#8220; background_animation=&#8220;none&#8220; css_animation=&#8220;&#8220;][vc_column][vc_separator type=&#8220;normal&#8220; border_style=&#8220;&#8220;][vc_empty_space height=&#8220;12px&#8220;][\/vc_column][\/vc_row][vc_row row_type=&#8220;row&#8220; use_row_as_full_screen_section=&#8220;no&#8220; type=&#8220;full_width&#8220; text_align=&#8220;left&#8220; background_animation=&#8220;none&#8220; css_animation=&#8220;&#8220;][vc_column width=&#8220;5\/6&#8243;][vc_column_text]<\/p>\n<ul>\n<li><a href=\"https:\/\/fs.kswe.ch\/spo\/wp-content\/uploads\/sites\/9\/2024\/01\/Bildschirmfoto-2024-01-30-um-15.07.55.png\"><span style=\"color: #800000\">Rangliste<\/span><\/a><\/li>\n<\/ul>\n<p>[\/vc_column_text][\/vc_column][vc_column width=&#8220;1\/6&#8243;][vc_column_text]<\/p>\n<ul>\n<li style=\"text-align: right\"><a href=\"https:\/\/fs.kswe.ch\/spo\/mittelschulmeisterschaften\/\"><span style=\"color: #800000\">zur\u00fcck<\/span><\/a><\/li>\n<\/ul>\n<p>[\/vc_column_text][\/vc_column][\/vc_row][vc_row row_type=&#8220;row&#8220; use_row_as_full_screen_section=&#8220;no&#8220; type=&#8220;full_width&#8220; text_align=&#8220;left&#8220; background_animation=&#8220;none&#8220; css_animation=&#8220;&#8220;][vc_column][vc_empty_space height=&#8220;12px&#8220;][vc_separator type=&#8220;normal&#8220; border_style=&#8220;&#8220;][vc_empty_space][\/vc_column][\/vc_row][vc_row row_type=&#8220;row&#8220; use_row_as_full_screen_section=&#8220;no&#8220; type=&#8220;full_width&#8220; text_align=&#8220;left&#8220; background_animation=&#8220;none&#8220; css_animation=&#8220;&#8220;][vc_column][vc_column_text]Bildergalerie[\/vc_column_text][\/vc_column][\/vc_row][vc_row row_type=&#8220;row&#8220; use_row_as_full_screen_section=&#8220;no&#8220; type=&#8220;full_width&#8220; text_align=&#8220;left&#8220; background_animation=&#8220;none&#8220; css_animation=&#8220;&#8220;][vc_column][vc_empty_space][\/vc_column][\/vc_row][vc_row row_type=&#8220;row&#8220; use_row_as_full_screen_section=&#8220;no&#8220; type=&#8220;full_width&#8220; text_align=&#8220;left&#8220; background_animation=&#8220;none&#8220; css_animation=&#8220;&#8220;][vc_column][vc_gallery type=&#8220;image_grid&#8220; images=&#8220;13381,13380,13439,13438,13437,13435,13431,13434,13433,13432&#8243; img_size=&#8220;full&#8220; onclick=&#8220;&#8220; column_number=&#8220;0&#8243; grayscale=&#8220;no&#8220; space_between_images=&#8220;no&#8220;][\/vc_column][\/vc_row][vc_row row_type=&#8220;row&#8220; use_row_as_full_screen_section=&#8220;no&#8220; type=&#8220;full_width&#8220; text_align=&#8220;left&#8220; background_animation=&#8220;none&#8220; css_animation=&#8220;&#8220;][vc_column][vc_empty_space height=&#8220;60px&#8220;][\/vc_column][\/vc_row]<\/p>\n<\/div>","protected":false},"excerpt":{"rendered":"<p>[vc_row row_type=&#8220;row&#8220; use_row_as_full_screen_section=&#8220;no&#8220; type=&#8220;full_width&#8220; text_align=&#8220;left&#8220; background_animation=&#8220;none&#8220; css_animation=&#8220;&#8220;][vc_column width=&#8220;2\/3&#8243;][vc_empty_space height=&#8220;24px&#8220;][vc_column_text css=&#8220;&#8220;]MSM Unihockey 2024 [\/vc_column_text][\/vc_column][vc_column width=&#8220;1\/3&#8243;][\/vc_column][\/vc_row][vc_row row_type=&#8220;row&#8220; use_row_as_full_screen_section=&#8220;no&#8220; type=&#8220;full_width&#8220; text_align=&#8220;left&#8220; background_animation=&#8220;none&#8220; css_animation=&#8220;&#8220;][vc_column][vc_empty_space][\/vc_column][\/vc_row][vc_row row_type=&#8220;row&#8220; use_row_as_full_screen_section=&#8220;no&#8220; type=&#8220;full_width&#8220; text_align=&#8220;left&#8220; background_animation=&#8220;none&#8220; css_animation=&#8220;&#8220;][vc_column][vc_column_text]Favorisierte Teams aus Aarau und Baden setzen sich durch \u00a0 In der gut besuchten und stimmungsvollen Sporthalle trafen sich am&#8230;<\/p>\n","protected":false},"author":25,"featured_media":0,"parent":0,"menu_order":0,"comment_status":"closed","ping_status":"closed","template":"","meta":{"footnotes":""},"class_list":["post-13378","page","type-page","status-publish","hentry"],"_links":{"self":[{"href":"https:\/\/fs.kswe.ch\/spo\/wp-json\/wp\/v2\/pages\/13378","targetHints":{"allow":["GET"]}}],"collection":[{"href":"https:\/\/fs.kswe.ch\/spo\/wp-json\/wp\/v2\/pages"}],"about":[{"href":"https:\/\/fs.kswe.ch\/spo\/wp-json\/wp\/v2\/types\/page"}],"author":[{"embeddable":true,"href":"https:\/\/fs.kswe.ch\/spo\/wp-json\/wp\/v2\/users\/25"}],"replies":[{"embeddable":true,"href":"https:\/\/fs.kswe.ch\/spo\/wp-json\/wp\/v2\/comments?post=13378"}],"version-history":[{"count":9,"href":"https:\/\/fs.kswe.ch\/spo\/wp-json\/wp\/v2\/pages\/13378\/revisions"}],"predecessor-version":[{"id":14162,"href":"https:\/\/fs.kswe.ch\/spo\/wp-json\/wp\/v2\/pages\/13378\/revisions\/14162"}],"wp:attachment":[{"href":"https:\/\/fs.kswe.ch\/spo\/wp-json\/wp\/v2\/media?parent=13378"}],"curies":[{"name":"wp","href":"https:\/\/api.w.org\/{rel}","templated":true}]}}