{"id":13305,"date":"2024-01-06T17:01:22","date_gmt":"2024-01-06T16:01:22","guid":{"rendered":"https:\/\/fs.kswe.ch\/spo\/?page_id=13305"},"modified":"2024-01-07T12:44:59","modified_gmt":"2024-01-07T11:44:59","slug":"volleynight23","status":"publish","type":"page","link":"https:\/\/fs.kswe.ch\/spo\/volleynight23\/","title":{"rendered":"Volleynight23"},"content":{"rendered":"<div class=\"wpb-content-wrapper\"><p>[vc_row row_type=&#8220;row&#8220; use_row_as_full_screen_section=&#8220;no&#8220; type=&#8220;full_width&#8220; text_align=&#8220;left&#8220; background_animation=&#8220;none&#8220; css_animation=&#8220;&#8220;][vc_column][vc_empty_space height=&#8220;24px&#8220;][vc_column_text]<em><strong>Volleynight 2023<br \/>\n<\/strong><\/em>[\/vc_column_text][\/vc_column][\/vc_row][vc_row row_type=&#8220;row&#8220; use_row_as_full_screen_section=&#8220;no&#8220; type=&#8220;full_width&#8220; text_align=&#8220;left&#8220; background_animation=&#8220;none&#8220; css_animation=&#8220;&#8220;][vc_column][vc_empty_space][\/vc_column][\/vc_row][vc_row row_type=&#8220;row&#8220; use_row_as_full_screen_section=&#8220;no&#8220; type=&#8220;full_width&#8220; text_align=&#8220;left&#8220; background_animation=&#8220;none&#8220; css_animation=&#8220;&#8220;][vc_column][vc_column_text]Die traditionelle Volleynight vor den Weihnachtsferien fand auch dieses Jahr am Freitag statt und bildete f\u00fcr viele Sch\u00fclerinnen und Sch\u00fcler einen sportlichen H\u00f6hepunkt vor den Festtagen. Insgesamt 71 hochmotivierte Teams mit etwa 550 Teilnehmenden rangen bis Mitternacht um Punkte.<\/p>\n<p>&nbsp;<\/p>\n<p>Nach intensiven und spannenden Spielen standen die Siegerteams fest.<\/p>\n<p>&nbsp;<\/p>\n<p>In der Frauenkategorie sicherte sich das Team &#8222;Herzrasen&#8220; bestehend aus Sch\u00fclerinnen der Klassen F4E und G3H den Turniersieg.<\/p>\n<p>&nbsp;<\/p>\n<p>In der Mixed-Kategorie setzte sich das Ehemaligenteam, bestehend aus Sch\u00fclerinnen und Sch\u00fclern des letzten Schuljahres, knapp gegen das Team &#8222;Evidenz basierte Allianz&#8220; mit Sch\u00fclerinnen und Sch\u00fclern der Klassen G4I durch.<\/p>\n<p>&nbsp;<\/p>\n<p>Viele Teams konnten nicht nur mit Punkten, sondern auch mit einem originellen Outfit auftrumpfen. Den diesj\u00e4hrigen Outfit- Preis holten sich die \u00abChrist(s)mas(h)\u00bb und die \u00abZ\u00fcblis\u00bb.<\/p>\n<p>&nbsp;<\/p>\n<p>Die Volleynight 2023 war erneut ein gelungener Anlass, der das Schuljahr an der Kantonsschule Wettingen mit einer grossartigen Stimmung abschloss.<\/p>\n<p>&nbsp;<\/p>\n<p>Die Fachschaft Sport bedankt sich herzlich bei allen Teilnehmenden f\u00fcr die gute Atmosph\u00e4re und die beeindruckende Motivation bis in die fr\u00fchen Morgenstunden. Wir freuen uns bereits jetzt auf das n\u00e4chstj\u00e4hrige Event. Herzlichen Gl\u00fcckwunsch an alle siegreichen Teams.<\/p>\n<p>&nbsp;<\/p>\n<p>&nbsp;<\/p>\n<p>&nbsp;<\/p>\n<p>Bericht: Rico Hirschb\u00fchl<\/p>\n<p>&nbsp;<\/p>\n<p>Fotos: Martin Rizek<\/p>\n<p>&nbsp;<\/p>\n<p>&nbsp;<\/p>\n<p><a href=\"https:\/\/fs.kswe.ch\/spo\/wp-content\/uploads\/sites\/9\/2024\/01\/Ranglisten-Mixed_Frauen.pdf\"><span style=\"color: #800000\">Ranglisten<\/span><\/a>[\/vc_column_text][\/vc_column][\/vc_row][vc_row row_type=&#8220;row&#8220; use_row_as_full_screen_section=&#8220;no&#8220; type=&#8220;full_width&#8220; text_align=&#8220;left&#8220; background_animation=&#8220;none&#8220; css_animation=&#8220;&#8220;][vc_column][vc_empty_space][vc_separator type=&#8220;normal&#8220; border_style=&#8220;&#8220;][\/vc_column][\/vc_row][vc_row row_type=&#8220;row&#8220; use_row_as_full_screen_section=&#8220;no&#8220; type=&#8220;full_width&#8220; text_align=&#8220;left&#8220; background_animation=&#8220;none&#8220; css_animation=&#8220;&#8220;][vc_column][vc_column_text]<\/p>\n<ul>\n<li style=\"text-align: left\"><a href=\"https:\/\/fs.kswe.ch\/spo\/volleynight\/\"><span style=\"color: #800000\">zur\u00fcck<\/span><\/a><\/li>\n<\/ul>\n<p>[\/vc_column_text][\/vc_column][\/vc_row][vc_row row_type=&#8220;row&#8220; use_row_as_full_screen_section=&#8220;no&#8220; type=&#8220;full_width&#8220; text_align=&#8220;left&#8220; background_animation=&#8220;none&#8220; css_animation=&#8220;&#8220;][vc_column][vc_empty_space height=&#8220;12px&#8220;][vc_separator type=&#8220;normal&#8220; border_style=&#8220;&#8220;][vc_empty_space][\/vc_column][\/vc_row][vc_row row_type=&#8220;row&#8220; use_row_as_full_screen_section=&#8220;no&#8220; type=&#8220;full_width&#8220; text_align=&#8220;left&#8220; background_animation=&#8220;none&#8220; css_animation=&#8220;&#8220;][vc_column][vc_column_text]Bildergalerie[\/vc_column_text][\/vc_column][\/vc_row][vc_row row_type=&#8220;row&#8220; use_row_as_full_screen_section=&#8220;no&#8220; type=&#8220;full_width&#8220; text_align=&#8220;left&#8220; background_animation=&#8220;none&#8220; css_animation=&#8220;&#8220;][vc_column][vc_empty_space][\/vc_column][\/vc_row][vc_row row_type=&#8220;row&#8220; use_row_as_full_screen_section=&#8220;no&#8220; type=&#8220;full_width&#8220; text_align=&#8220;left&#8220; background_animation=&#8220;none&#8220; css_animation=&#8220;&#8220;][vc_column][vc_gallery type=&#8220;image_grid&#8220; images=&#8220;13242,13276,13286,13247,13253,13285,13250,13283,13282,13280,13279,13278,13277,13275,13274,13273,13272,13271,13270,13269,13268,13267,13266,13265,13264,13263,13262,13261,13260,13259,13258,13257,13245,13256,13255,13251,13243,13254,13252,13249,13248,13246,13291,13244,13281,13292,13293,13290,13298,13296,13287&#8243; img_size=&#8220;full&#8220; onclick=&#8220;&#8220; column_number=&#8220;0&#8243; grayscale=&#8220;no&#8220; space_between_images=&#8220;no&#8220;][\/vc_column][\/vc_row]<\/p>\n<\/div>","protected":false},"excerpt":{"rendered":"<p>[vc_row row_type=&#8220;row&#8220; use_row_as_full_screen_section=&#8220;no&#8220; type=&#8220;full_width&#8220; text_align=&#8220;left&#8220; background_animation=&#8220;none&#8220; css_animation=&#8220;&#8220;][vc_column][vc_empty_space height=&#8220;24px&#8220;][vc_column_text]Volleynight 2023 [\/vc_column_text][\/vc_column][\/vc_row][vc_row row_type=&#8220;row&#8220; use_row_as_full_screen_section=&#8220;no&#8220; type=&#8220;full_width&#8220; text_align=&#8220;left&#8220; background_animation=&#8220;none&#8220; css_animation=&#8220;&#8220;][vc_column][vc_empty_space][\/vc_column][\/vc_row][vc_row row_type=&#8220;row&#8220; use_row_as_full_screen_section=&#8220;no&#8220; type=&#8220;full_width&#8220; text_align=&#8220;left&#8220; background_animation=&#8220;none&#8220; css_animation=&#8220;&#8220;][vc_column][vc_column_text]Die traditionelle Volleynight vor den Weihnachtsferien fand auch dieses Jahr am Freitag statt und bildete f\u00fcr viele Sch\u00fclerinnen und Sch\u00fcler einen sportlichen H\u00f6hepunkt vor&#8230;<\/p>\n","protected":false},"author":25,"featured_media":0,"parent":0,"menu_order":0,"comment_status":"closed","ping_status":"closed","template":"","meta":{"footnotes":""},"class_list":["post-13305","page","type-page","status-publish","hentry"],"_links":{"self":[{"href":"https:\/\/fs.kswe.ch\/spo\/wp-json\/wp\/v2\/pages\/13305","targetHints":{"allow":["GET"]}}],"collection":[{"href":"https:\/\/fs.kswe.ch\/spo\/wp-json\/wp\/v2\/pages"}],"about":[{"href":"https:\/\/fs.kswe.ch\/spo\/wp-json\/wp\/v2\/types\/page"}],"author":[{"embeddable":true,"href":"https:\/\/fs.kswe.ch\/spo\/wp-json\/wp\/v2\/users\/25"}],"replies":[{"embeddable":true,"href":"https:\/\/fs.kswe.ch\/spo\/wp-json\/wp\/v2\/comments?post=13305"}],"version-history":[{"count":9,"href":"https:\/\/fs.kswe.ch\/spo\/wp-json\/wp\/v2\/pages\/13305\/revisions"}],"predecessor-version":[{"id":13343,"href":"https:\/\/fs.kswe.ch\/spo\/wp-json\/wp\/v2\/pages\/13305\/revisions\/13343"}],"wp:attachment":[{"href":"https:\/\/fs.kswe.ch\/spo\/wp-json\/wp\/v2\/media?parent=13305"}],"curies":[{"name":"wp","href":"https:\/\/api.w.org\/{rel}","templated":true}]}}