{"id":13201,"date":"2023-10-29T20:54:47","date_gmt":"2023-10-29T19:54:47","guid":{"rendered":"https:\/\/fs.kswe.ch\/spo\/?page_id=13201"},"modified":"2023-10-29T20:54:47","modified_gmt":"2023-10-29T19:54:47","slug":"stauseelauf23","status":"publish","type":"page","link":"https:\/\/fs.kswe.ch\/spo\/stauseelauf23\/","title":{"rendered":"Stauseelauf23"},"content":{"rendered":"<div class=\"wpb-content-wrapper\"><p>[vc_row row_type=&#8220;row&#8220; use_row_as_full_screen_section=&#8220;no&#8220; type=&#8220;full_width&#8220; text_align=&#8220;left&#8220; background_animation=&#8220;none&#8220; css_animation=&#8220;&#8220;][vc_column width=&#8220;2\/3&#8243;][vc_column_text]<em><strong>Stauseelauf 2023<\/strong><\/em>[\/vc_column_text][\/vc_column][vc_column width=&#8220;1\/3&#8243;][\/vc_column][\/vc_row][vc_row row_type=&#8220;row&#8220; use_row_as_full_screen_section=&#8220;no&#8220; type=&#8220;full_width&#8220; text_align=&#8220;left&#8220; background_animation=&#8220;none&#8220; css_animation=&#8220;&#8220;][vc_column][vc_empty_space][\/vc_column][\/vc_row][vc_row row_type=&#8220;row&#8220; use_row_as_full_screen_section=&#8220;no&#8220; type=&#8220;full_width&#8220; text_align=&#8220;left&#8220; background_animation=&#8220;none&#8220; css_animation=&#8220;&#8220;][vc_column][vc_column_text]In diesem Jahr versammelten sich erneut die Sch\u00fclerinnen und Sch\u00fcler der 3. Klassen, sowohl vom Gymnasium als auch von der FMS, am Startpunkt f\u00fcr den allseits beliebten Stauseelauf. Der Tag begann leicht verregnet, und zun\u00e4chst schien die Begeisterung etwas zu schwinden. Doch die Stimmung hellte sich auf, als der Regen kurz vor dem Start nachlie\u00df.<br \/>\nDas Rennen gegen die Uhr begann, und die Teilnehmenden hatten 8,5 km vor sich. F\u00fcr manche war es ein Spaziergang, w\u00e4hrend es f\u00fcr andere zu einer echten Herausforderung wurde. Die Strecke schien schier endlos, und es erforderte Durchhalteverm\u00f6gen. Am Ende war es eine Frage des Willens, die Z\u00e4hne zusammenzubei\u00dfen und die Ziellinie mit letzter Energie zu \u00fcberqueren. Viele Teilnehmende hatten rote Gesichter und erm\u00fcdete Beine, aber die Anstrengung zahlte sich aus. Die Erleichterung war bei allen sp\u00fcrbar.<\/p>\n<p>&nbsp;<\/p>\n<p>&nbsp;<\/p>\n<p>C\u00e9line Cattin (G3C) ist als erste Frau mit einer hervorragenden Leistung von 00:41:17 ins Ziel gelaufen und schafft somit den 27. Platz auf der Bestenliste. Timo Graf (G3F) sicherte sich mit beeindruckenden 00:36:14 den ersten Rang bei den M\u00e4nnern.<\/p>\n<p>&nbsp;<\/p>\n<p>Im Namen der Fachschaft Sport bedanken wir uns herzlich beim Pace-Team, den motivierten Helfenden sowie allen weiteren Mitwirkenden f\u00fcr ihren beeindruckenden Einsatz.<\/p>\n<p>Die Fachschaft Sport gratuliert allen, die den Lauf absolviert haben zu ihrer Leistung!<\/p>\n<p>&nbsp;<\/p>\n<p>Text: Nicolas Meier (G3H), Livia Fricker<\/p>\n<p>Fotos: Marin Rizek<\/p>\n<p>&nbsp;<\/p>\n<p>Ranglisten<\/p>\n<p>&nbsp;<\/p>\n<p><a href=\"https:\/\/kswe.sharepoint.com\/:b:\/s\/FachschaftSport2\/EZeESxatppdIlstrWUyQ5V0BIp-N4WOfchAIygUYi12sLQ?e=tb77aH\">Rangliste Frauen Top 65<\/a><\/p>\n<p>&nbsp;<\/p>\n<p><a href=\"https:\/\/kswe.sharepoint.com\/:b:\/s\/FachschaftSport2\/EQIltUSzLMdGjCHxCHQFjbYBjR2fNY_4R5AfALVvyNID7w?e=GkldJf\">Rangliste M\u00e4nner Top 40<\/a><\/p>\n<p>&nbsp;<\/p>\n<p><a href=\"https:\/\/kswe.sharepoint.com\/:b:\/s\/FachschaftSport2\/EcUfnHvsmftCnrjm300tPvQB6p_1gsuIE2A18O4gXwSUMw?e=BuEjZy\">Bestenliste aktualisiert<\/a>[\/vc_column_text][\/vc_column][\/vc_row][vc_row row_type=&#8220;row&#8220; use_row_as_full_screen_section=&#8220;no&#8220; type=&#8220;full_width&#8220; text_align=&#8220;left&#8220; background_animation=&#8220;none&#8220; css_animation=&#8220;&#8220;][vc_column][vc_empty_space][\/vc_column][\/vc_row][vc_row row_type=&#8220;row&#8220; use_row_as_full_screen_section=&#8220;no&#8220; type=&#8220;full_width&#8220; text_align=&#8220;left&#8220; background_animation=&#8220;none&#8220; css_animation=&#8220;&#8220;][vc_column width=&#8220;5\/6&#8243;][vc_column_text]<\/p>\n<ul>\n<li style=\"text-align: left\"><a href=\"https:\/\/fs.kswe.ch\/spo\/stauseelauf\/\"><span style=\"color: #800000\">zur\u00fcck<\/span><\/a><\/li>\n<\/ul>\n<p>[\/vc_column_text][\/vc_column][vc_column width=&#8220;1\/6&#8243;][\/vc_column][\/vc_row][vc_row row_type=&#8220;row&#8220; use_row_as_full_screen_section=&#8220;no&#8220; type=&#8220;full_width&#8220; text_align=&#8220;left&#8220; background_animation=&#8220;none&#8220; css_animation=&#8220;&#8220;][vc_column][vc_empty_space height=&#8220;12px&#8220;][vc_separator type=&#8220;normal&#8220; border_style=&#8220;&#8220;][vc_empty_space][\/vc_column][\/vc_row][vc_row row_type=&#8220;row&#8220; use_row_as_full_screen_section=&#8220;no&#8220; type=&#8220;full_width&#8220; text_align=&#8220;left&#8220; background_animation=&#8220;none&#8220; css_animation=&#8220;&#8220;][vc_column][vc_column_text]Bildergalerie[\/vc_column_text][\/vc_column][\/vc_row][vc_row row_type=&#8220;row&#8220; use_row_as_full_screen_section=&#8220;no&#8220; type=&#8220;full_width&#8220; text_align=&#8220;left&#8220; background_animation=&#8220;none&#8220; css_animation=&#8220;&#8220;][vc_column][vc_empty_space][\/vc_column][\/vc_row][vc_row row_type=&#8220;row&#8220; use_row_as_full_screen_section=&#8220;no&#8220; type=&#8220;full_width&#8220; text_align=&#8220;left&#8220; background_animation=&#8220;none&#8220; css_animation=&#8220;&#8220;][vc_column width=&#8220;2\/3&#8243;][vc_gallery type=&#8220;image_grid&#8220; images=&#8220;13203,13204,13219,13205,13207,13206,13208,13209,13221,13210,13230,13229,13228,13227,13226,13225,13224,13223,13222,13218,13217,13216,13215,13214,13213,13212,13211,13231&#8243; img_size=&#8220;full&#8220; onclick=&#8220;&#8220; column_number=&#8220;0&#8243; grayscale=&#8220;no&#8220; space_between_images=&#8220;no&#8220;][\/vc_column][vc_column width=&#8220;1\/3&#8243;][\/vc_column][\/vc_row][vc_row row_type=&#8220;row&#8220; use_row_as_full_screen_section=&#8220;no&#8220; type=&#8220;full_width&#8220; text_align=&#8220;left&#8220; background_animation=&#8220;none&#8220; css_animation=&#8220;&#8220;][vc_column][vc_empty_space][\/vc_column][\/vc_row]<\/p>\n<\/div>","protected":false},"excerpt":{"rendered":"<p>[vc_row row_type=&#8220;row&#8220; use_row_as_full_screen_section=&#8220;no&#8220; type=&#8220;full_width&#8220; text_align=&#8220;left&#8220; background_animation=&#8220;none&#8220; css_animation=&#8220;&#8220;][vc_column width=&#8220;2\/3&#8243;][vc_column_text]Stauseelauf 2023[\/vc_column_text][\/vc_column][vc_column width=&#8220;1\/3&#8243;][\/vc_column][\/vc_row][vc_row row_type=&#8220;row&#8220; use_row_as_full_screen_section=&#8220;no&#8220; type=&#8220;full_width&#8220; text_align=&#8220;left&#8220; background_animation=&#8220;none&#8220; css_animation=&#8220;&#8220;][vc_column][vc_empty_space][\/vc_column][\/vc_row][vc_row row_type=&#8220;row&#8220; use_row_as_full_screen_section=&#8220;no&#8220; type=&#8220;full_width&#8220; text_align=&#8220;left&#8220; background_animation=&#8220;none&#8220; css_animation=&#8220;&#8220;][vc_column][vc_column_text]In diesem Jahr versammelten sich erneut die Sch\u00fclerinnen und Sch\u00fcler der 3. Klassen, sowohl vom Gymnasium als auch von der FMS, am Startpunkt f\u00fcr&#8230;<\/p>\n","protected":false},"author":25,"featured_media":0,"parent":0,"menu_order":0,"comment_status":"closed","ping_status":"closed","template":"","meta":{"footnotes":""},"class_list":["post-13201","page","type-page","status-publish","hentry"],"_links":{"self":[{"href":"https:\/\/fs.kswe.ch\/spo\/wp-json\/wp\/v2\/pages\/13201","targetHints":{"allow":["GET"]}}],"collection":[{"href":"https:\/\/fs.kswe.ch\/spo\/wp-json\/wp\/v2\/pages"}],"about":[{"href":"https:\/\/fs.kswe.ch\/spo\/wp-json\/wp\/v2\/types\/page"}],"author":[{"embeddable":true,"href":"https:\/\/fs.kswe.ch\/spo\/wp-json\/wp\/v2\/users\/25"}],"replies":[{"embeddable":true,"href":"https:\/\/fs.kswe.ch\/spo\/wp-json\/wp\/v2\/comments?post=13201"}],"version-history":[{"count":3,"href":"https:\/\/fs.kswe.ch\/spo\/wp-json\/wp\/v2\/pages\/13201\/revisions"}],"predecessor-version":[{"id":13233,"href":"https:\/\/fs.kswe.ch\/spo\/wp-json\/wp\/v2\/pages\/13201\/revisions\/13233"}],"wp:attachment":[{"href":"https:\/\/fs.kswe.ch\/spo\/wp-json\/wp\/v2\/media?parent=13201"}],"curies":[{"name":"wp","href":"https:\/\/api.w.org\/{rel}","templated":true}]}}