{"id":12921,"date":"2023-03-03T19:43:26","date_gmt":"2023-03-03T18:43:26","guid":{"rendered":"https:\/\/fs.kswe.ch\/spo\/?page_id=12921"},"modified":"2023-03-04T16:53:31","modified_gmt":"2023-03-04T15:53:31","slug":"msmvolley23","status":"publish","type":"page","link":"https:\/\/fs.kswe.ch\/spo\/msmvolley23\/","title":{"rendered":"MSMVolleyball23"},"content":{"rendered":"<div class=\"wpb-content-wrapper\"><p>[vc_row row_type=&#8220;row&#8220; use_row_as_full_screen_section=&#8220;no&#8220; type=&#8220;full_width&#8220; text_align=&#8220;left&#8220; background_animation=&#8220;none&#8220; css_animation=&#8220;&#8220;][vc_column width=&#8220;2\/3&#8243;][vc_empty_space height=&#8220;24px&#8220;][\/vc_column][vc_column width=&#8220;1\/3&#8243;][\/vc_column][\/vc_row][vc_row row_type=&#8220;row&#8220; use_row_as_full_screen_section=&#8220;no&#8220; type=&#8220;full_width&#8220; text_align=&#8220;left&#8220; background_animation=&#8220;none&#8220; css_animation=&#8220;&#8220;][vc_column][vc_column_text]<strong>Volleyball Mittelschulmeisterschaften 2023 (Herren)<\/strong><\/p>\n<p><em>Herren-Team muss den Konkurrenten den Vortritt lassen.<\/em><\/p>\n<p><em>\u00a0<\/em><\/p>\n<p>Am 28. Februar 2023 fanden in Wohlen die Mittelschulmeisterschaften der Herren im Volleyball statt. Die Teams aus Wohlen, Baden, der Neuen Kanti Aarau und Wettingen spielten in einer Vorrunde alle je 2 S\u00e4tze gegeneinander. Wettingen k\u00f6nnte einzig gegen die Neue Kanti einen Satz gewinnen und bekam es deshalb im Halbfinal mit dem Gruppen- und sp\u00e4teren Turniersieger Baden zu tun. Im ersten Satz konnte man den fr\u00fch eingefangenen R\u00fcckstand nicht mehr wettmachen und verlor klar zu 15. Im zweiten Satz war das Spielgeschehen bis zum 20:20 ausgeglichen, bis Baden dank mehr Durchschlagskraft im Angriff und einer tieferen Fehlerquote mit 5 Punkten in Serie davonzog.<\/p>\n<p>Wettingen hat sich durchaus mehr erhofft und ist gewillt, im n\u00e4chsten Jahr mit dem fast identischen Kader noch einmal anzugreifen. Die Freude am Volleyballsport wurde keineswegs ged\u00e4mpft, nutzten die Jungs nach dem Ausscheiden doch einfach das freie Feld und genossen dabei das gemeinsame Spiel mit Ball und Netz.<\/p>\n<p>&nbsp;<\/p>\n<p>Spieler: Florian Bach F2A, Patrice Risler G2I, Patrick Odermatt G3C, Roko Racunica G3D, Simon Albiez G3B, Jakob Appel G1E, Sasmit Bhattacharya G3A, Pablo Ruckli G3B, Janis Henriques G1J, Marco Honold G3G, Daniel Tschopp F4A, Raul Bischof G2I<\/p>\n<p>&nbsp;<\/p>\n<p>Text und Bild: Florian Lier<\/p>\n<p>[\/vc_column_text][\/vc_column][\/vc_row][vc_row row_type=&#8220;row&#8220; use_row_as_full_screen_section=&#8220;no&#8220; type=&#8220;full_width&#8220; text_align=&#8220;left&#8220; background_animation=&#8220;none&#8220; css_animation=&#8220;&#8220;][vc_column][vc_empty_space][\/vc_column][\/vc_row][vc_row row_type=&#8220;row&#8220; use_row_as_full_screen_section=&#8220;no&#8220; type=&#8220;full_width&#8220; text_align=&#8220;left&#8220; background_animation=&#8220;none&#8220; css_animation=&#8220;&#8220;][vc_column][vc_separator type=&#8220;normal&#8220; border_style=&#8220;&#8220;][\/vc_column][\/vc_row][vc_row row_type=&#8220;row&#8220; use_row_as_full_screen_section=&#8220;no&#8220; type=&#8220;full_width&#8220; text_align=&#8220;left&#8220; background_animation=&#8220;none&#8220; css_animation=&#8220;&#8220;][vc_column][vc_column_text]<\/p>\n<ul>\n<li style=\"text-align: left\"><a href=\"https:\/\/fs.kswe.ch\/spo\/mittelschulmeisterschaften\/\"><span style=\"color: #800000\">zur\u00fcck<\/span><\/a><\/li>\n<\/ul>\n<p>[\/vc_column_text][\/vc_column][\/vc_row][vc_row row_type=&#8220;row&#8220; use_row_as_full_screen_section=&#8220;no&#8220; type=&#8220;full_width&#8220; text_align=&#8220;left&#8220; background_animation=&#8220;none&#8220; css_animation=&#8220;&#8220;][vc_column][vc_empty_space height=&#8220;12px&#8220;][vc_separator type=&#8220;normal&#8220; border_style=&#8220;&#8220;][vc_empty_space height=&#8220;24px&#8220;][\/vc_column][\/vc_row][vc_row row_type=&#8220;row&#8220; use_row_as_full_screen_section=&#8220;no&#8220; type=&#8220;full_width&#8220; text_align=&#8220;left&#8220; background_animation=&#8220;none&#8220; css_animation=&#8220;&#8220;][vc_column][vc_empty_space height=&#8220;12px&#8220;][\/vc_column][\/vc_row][vc_row row_type=&#8220;row&#8220; use_row_as_full_screen_section=&#8220;no&#8220; type=&#8220;full_width&#8220; text_align=&#8220;left&#8220; background_animation=&#8220;none&#8220; css_animation=&#8220;&#8220;][vc_column][vc_gallery type=&#8220;image_grid&#8220; images=&#8220;12970&#8243; img_size=&#8220;full&#8220; onclick=&#8220;&#8220; column_number=&#8220;0&#8243; grayscale=&#8220;no&#8220; space_between_images=&#8220;no&#8220;][\/vc_column][\/vc_row][vc_row row_type=&#8220;row&#8220; use_row_as_full_screen_section=&#8220;no&#8220; type=&#8220;full_width&#8220; text_align=&#8220;left&#8220; background_animation=&#8220;none&#8220; css_animation=&#8220;&#8220;][vc_column][vc_empty_space height=&#8220;60px&#8220;][\/vc_column][\/vc_row]<\/p>\n<\/div>","protected":false},"excerpt":{"rendered":"<p>[vc_row row_type=&#8220;row&#8220; use_row_as_full_screen_section=&#8220;no&#8220; type=&#8220;full_width&#8220; text_align=&#8220;left&#8220; background_animation=&#8220;none&#8220; css_animation=&#8220;&#8220;][vc_column width=&#8220;2\/3&#8243;][vc_empty_space height=&#8220;24px&#8220;][\/vc_column][vc_column width=&#8220;1\/3&#8243;][\/vc_column][\/vc_row][vc_row row_type=&#8220;row&#8220; use_row_as_full_screen_section=&#8220;no&#8220; type=&#8220;full_width&#8220; text_align=&#8220;left&#8220; background_animation=&#8220;none&#8220; css_animation=&#8220;&#8220;][vc_column][vc_column_text]Volleyball Mittelschulmeisterschaften 2023 (Herren) Herren-Team muss den Konkurrenten den Vortritt lassen. \u00a0 Am 28. Februar 2023 fanden in Wohlen die Mittelschulmeisterschaften der Herren im Volleyball statt. Die Teams aus Wohlen,&#8230;<\/p>\n","protected":false},"author":25,"featured_media":0,"parent":0,"menu_order":0,"comment_status":"closed","ping_status":"closed","template":"","meta":{"footnotes":""},"class_list":["post-12921","page","type-page","status-publish","hentry"],"_links":{"self":[{"href":"https:\/\/fs.kswe.ch\/spo\/wp-json\/wp\/v2\/pages\/12921","targetHints":{"allow":["GET"]}}],"collection":[{"href":"https:\/\/fs.kswe.ch\/spo\/wp-json\/wp\/v2\/pages"}],"about":[{"href":"https:\/\/fs.kswe.ch\/spo\/wp-json\/wp\/v2\/types\/page"}],"author":[{"embeddable":true,"href":"https:\/\/fs.kswe.ch\/spo\/wp-json\/wp\/v2\/users\/25"}],"replies":[{"embeddable":true,"href":"https:\/\/fs.kswe.ch\/spo\/wp-json\/wp\/v2\/comments?post=12921"}],"version-history":[{"count":4,"href":"https:\/\/fs.kswe.ch\/spo\/wp-json\/wp\/v2\/pages\/12921\/revisions"}],"predecessor-version":[{"id":12972,"href":"https:\/\/fs.kswe.ch\/spo\/wp-json\/wp\/v2\/pages\/12921\/revisions\/12972"}],"wp:attachment":[{"href":"https:\/\/fs.kswe.ch\/spo\/wp-json\/wp\/v2\/media?parent=12921"}],"curies":[{"name":"wp","href":"https:\/\/api.w.org\/{rel}","templated":true}]}}