{"id":12862,"date":"2023-02-10T11:53:19","date_gmt":"2023-02-10T10:53:19","guid":{"rendered":"https:\/\/fs.kswe.ch\/spo\/?page_id=12862"},"modified":"2023-03-04T03:24:24","modified_gmt":"2023-03-04T02:24:24","slug":"msmuh23","status":"publish","type":"page","link":"https:\/\/fs.kswe.ch\/spo\/msmuh23\/","title":{"rendered":"MSMUH23"},"content":{"rendered":"<div class=\"wpb-content-wrapper\"><p>[vc_row row_type=&#8220;row&#8220; use_row_as_full_screen_section=&#8220;no&#8220; type=&#8220;full_width&#8220; text_align=&#8220;left&#8220; background_animation=&#8220;none&#8220; css_animation=&#8220;&#8220;][vc_column width=&#8220;2\/3&#8243;][vc_empty_space height=&#8220;24px&#8220;][vc_column_text]<em><strong>MSM Unihockey 2023<br \/>\n<\/strong><\/em>[\/vc_column_text][\/vc_column][vc_column width=&#8220;1\/3&#8243;][\/vc_column][\/vc_row][vc_row row_type=&#8220;row&#8220; use_row_as_full_screen_section=&#8220;no&#8220; type=&#8220;full_width&#8220; text_align=&#8220;left&#8220; background_animation=&#8220;none&#8220; css_animation=&#8220;&#8220;][vc_column][vc_empty_space][\/vc_column][\/vc_row][vc_row row_type=&#8220;row&#8220; use_row_as_full_screen_section=&#8220;no&#8220; type=&#8220;full_width&#8220; text_align=&#8220;left&#8220; background_animation=&#8220;none&#8220; css_animation=&#8220;&#8220;][vc_column][vc_column_text]<strong><em>Wettinger Teams ohne Siegchancen<\/em><\/strong><\/p>\n<p><strong>\u00a0<\/strong><\/p>\n<p>Auch in diesem Schuljahr war die Fachschaft Sport der Kanti Wettingen f\u00fcr die Organisation und Durchf\u00fchrung des Turniers zust\u00e4ndig. Erfreulicherweise stellten bis auf eine Schule alle Aargauer Mittelschulen pro Kategorie 1 Team, was es erm\u00f6glichte, dass alle Teams pro Geschlecht einmal gegeneinander spielen konnten. Unter der Leitung von fachkundigen Schiedsrichtern fanden am Nachmittag des 20. Januar 2023 25 Spiele statt. Dabei setzten sich sowohl bei den Herren als auch bei den Damen die Teams aus der Kantonshauptstadt durch. Die Damen der NKSA zeigten sich in den entscheidenden Momenten kaltbl\u00fctig und effizient, w\u00e4hrenddessen die Herren der AKSA das Turnier (bis auf eine Ausnahme gegen Baden) nach Belieben dominierten und ihr schnelles, pr\u00e4zises und technisch sauberes Zusammenspiel auch bei den anwesenden Sch\u00fcler:innen und Lehrpersonen Gefallen fand. Damit f\u00e4hrt die NKSA bei den Damen ein weiteres Mal an die SM und die AKSA hat die Chance, den Titel aus dem Vorjahr bei den Herren zu verteidigen. Die beiden 2. Platzierten (Baden bei den Damen, NKSA bei den Herren) haben bei gen\u00fcgend freien Pl\u00e4tzen ebenfalls die Chance, den Aargau bei der MSM im M\u00e4rz in Burgdorf zu vertreten.<\/p>\n<p>&nbsp;<\/p>\n<p>Die beiden einheimischen Teams der Kanti Wettingen konnten auf sportlicher Ebene leider nicht mit den vorderen Pl\u00e4tzen mithalten, liessen aber immer wieder in einzelnen Phasen ihr K\u00f6nnen und die Freude am gemeinsamen Spiel aufblitzen.<\/p>\n<p>&nbsp;<\/p>\n<p>Die Fachschaft Sport der Kanti Wettingen dankt den teilnehmenden Sportler:innen f\u00fcr den fairen Spirit beim Turnier und w\u00fcnscht den f\u00fcr die SM qualifizierten Teams viel Erfolg.<\/p>\n<p>&nbsp;<\/p>\n<p>&nbsp;<\/p>\n<p>Text: Florian Lier[\/vc_column_text][\/vc_column][\/vc_row][vc_row row_type=&#8220;row&#8220; use_row_as_full_screen_section=&#8220;no&#8220; type=&#8220;full_width&#8220; text_align=&#8220;left&#8220; background_animation=&#8220;none&#8220; css_animation=&#8220;&#8220;][vc_column][vc_empty_space][\/vc_column][\/vc_row][vc_row row_type=&#8220;row&#8220; use_row_as_full_screen_section=&#8220;no&#8220; type=&#8220;full_width&#8220; text_align=&#8220;left&#8220; background_animation=&#8220;none&#8220; css_animation=&#8220;&#8220;][vc_column][vc_separator type=&#8220;normal&#8220; border_style=&#8220;&#8220;][vc_empty_space height=&#8220;12px&#8220;][\/vc_column][\/vc_row][vc_row row_type=&#8220;row&#8220; use_row_as_full_screen_section=&#8220;no&#8220; type=&#8220;full_width&#8220; text_align=&#8220;left&#8220; background_animation=&#8220;none&#8220; css_animation=&#8220;&#8220;][vc_column width=&#8220;5\/6&#8243;][vc_column_text]<\/p>\n<ul>\n<li><a href=\"https:\/\/fs.kswe.ch\/spo\/wp-content\/uploads\/sites\/9\/2023\/02\/Ranglisten-23.png\"><span style=\"color: #800000\">Rangliste<\/span><\/a><\/li>\n<\/ul>\n<p>[\/vc_column_text][\/vc_column][vc_column width=&#8220;1\/6&#8243;][vc_column_text]<\/p>\n<ul>\n<li style=\"text-align: right\"><a href=\"https:\/\/fs.kswe.ch\/spo\/mittelschulmeisterschaften\/\"><span style=\"color: #800000\">zur\u00fcck<\/span><\/a><\/li>\n<\/ul>\n<p>[\/vc_column_text][\/vc_column][\/vc_row][vc_row row_type=&#8220;row&#8220; use_row_as_full_screen_section=&#8220;no&#8220; type=&#8220;full_width&#8220; text_align=&#8220;left&#8220; background_animation=&#8220;none&#8220; css_animation=&#8220;&#8220;][vc_column][vc_empty_space height=&#8220;12px&#8220;][vc_separator type=&#8220;normal&#8220; border_style=&#8220;&#8220;][vc_empty_space][\/vc_column][\/vc_row][vc_row row_type=&#8220;row&#8220; use_row_as_full_screen_section=&#8220;no&#8220; type=&#8220;full_width&#8220; text_align=&#8220;left&#8220; background_animation=&#8220;none&#8220; css_animation=&#8220;&#8220;][vc_column][vc_column_text]Bildergalerie[\/vc_column_text][\/vc_column][\/vc_row][vc_row row_type=&#8220;row&#8220; use_row_as_full_screen_section=&#8220;no&#8220; type=&#8220;full_width&#8220; text_align=&#8220;left&#8220; background_animation=&#8220;none&#8220; css_animation=&#8220;&#8220;][vc_column][vc_empty_space][\/vc_column][\/vc_row][vc_row row_type=&#8220;row&#8220; use_row_as_full_screen_section=&#8220;no&#8220; type=&#8220;full_width&#8220; text_align=&#8220;left&#8220; background_animation=&#8220;none&#8220; css_animation=&#8220;&#8220;][vc_column][vc_gallery type=&#8220;image_grid&#8220; images=&#8220;12860,12861&#8243; img_size=&#8220;full&#8220; onclick=&#8220;&#8220; column_number=&#8220;0&#8243; grayscale=&#8220;no&#8220; space_between_images=&#8220;no&#8220;][\/vc_column][\/vc_row][vc_row row_type=&#8220;row&#8220; use_row_as_full_screen_section=&#8220;no&#8220; type=&#8220;full_width&#8220; text_align=&#8220;left&#8220; background_animation=&#8220;none&#8220; css_animation=&#8220;&#8220;][vc_column][vc_empty_space height=&#8220;60px&#8220;][\/vc_column][\/vc_row]<\/p>\n<\/div>","protected":false},"excerpt":{"rendered":"<p>[vc_row row_type=&#8220;row&#8220; use_row_as_full_screen_section=&#8220;no&#8220; type=&#8220;full_width&#8220; text_align=&#8220;left&#8220; background_animation=&#8220;none&#8220; css_animation=&#8220;&#8220;][vc_column width=&#8220;2\/3&#8243;][vc_empty_space height=&#8220;24px&#8220;][vc_column_text]MSM Unihockey 2023 [\/vc_column_text][\/vc_column][vc_column width=&#8220;1\/3&#8243;][\/vc_column][\/vc_row][vc_row row_type=&#8220;row&#8220; use_row_as_full_screen_section=&#8220;no&#8220; type=&#8220;full_width&#8220; text_align=&#8220;left&#8220; background_animation=&#8220;none&#8220; css_animation=&#8220;&#8220;][vc_column][vc_empty_space][\/vc_column][\/vc_row][vc_row row_type=&#8220;row&#8220; use_row_as_full_screen_section=&#8220;no&#8220; type=&#8220;full_width&#8220; text_align=&#8220;left&#8220; background_animation=&#8220;none&#8220; css_animation=&#8220;&#8220;][vc_column][vc_column_text]Wettinger Teams ohne Siegchancen \u00a0 Auch in diesem Schuljahr war die Fachschaft Sport der Kanti Wettingen f\u00fcr die Organisation und Durchf\u00fchrung&#8230;<\/p>\n","protected":false},"author":25,"featured_media":0,"parent":0,"menu_order":0,"comment_status":"closed","ping_status":"closed","template":"","meta":{"footnotes":""},"class_list":["post-12862","page","type-page","status-publish","hentry"],"_links":{"self":[{"href":"https:\/\/fs.kswe.ch\/spo\/wp-json\/wp\/v2\/pages\/12862","targetHints":{"allow":["GET"]}}],"collection":[{"href":"https:\/\/fs.kswe.ch\/spo\/wp-json\/wp\/v2\/pages"}],"about":[{"href":"https:\/\/fs.kswe.ch\/spo\/wp-json\/wp\/v2\/types\/page"}],"author":[{"embeddable":true,"href":"https:\/\/fs.kswe.ch\/spo\/wp-json\/wp\/v2\/users\/25"}],"replies":[{"embeddable":true,"href":"https:\/\/fs.kswe.ch\/spo\/wp-json\/wp\/v2\/comments?post=12862"}],"version-history":[{"count":7,"href":"https:\/\/fs.kswe.ch\/spo\/wp-json\/wp\/v2\/pages\/12862\/revisions"}],"predecessor-version":[{"id":12969,"href":"https:\/\/fs.kswe.ch\/spo\/wp-json\/wp\/v2\/pages\/12862\/revisions\/12969"}],"wp:attachment":[{"href":"https:\/\/fs.kswe.ch\/spo\/wp-json\/wp\/v2\/media?parent=12862"}],"curies":[{"name":"wp","href":"https:\/\/api.w.org\/{rel}","templated":true}]}}