{"id":12795,"date":"2023-02-10T11:22:58","date_gmt":"2023-02-10T10:22:58","guid":{"rendered":"https:\/\/fs.kswe.ch\/spo\/?page_id=12795"},"modified":"2023-02-10T11:30:22","modified_gmt":"2023-02-10T10:30:22","slug":"fiveoclockdance23","status":"publish","type":"page","link":"https:\/\/fs.kswe.ch\/spo\/fiveoclockdance23\/","title":{"rendered":"FiveOClockDance23"},"content":{"rendered":"<div class=\"wpb-content-wrapper\"><p>[vc_row row_type=&#8220;row&#8220; use_row_as_full_screen_section=&#8220;no&#8220; type=&#8220;full_width&#8220; text_align=&#8220;left&#8220; background_animation=&#8220;none&#8220; css_animation=&#8220;&#8220;][vc_column width=&#8220;2\/3&#8243;][vc_column_text]<em><strong>Five o&#8217;Clock Dance 2023<br \/>\n<\/strong><\/em>[\/vc_column_text][\/vc_column][vc_column width=&#8220;1\/3&#8243;][\/vc_column][\/vc_row][vc_row row_type=&#8220;row&#8220; use_row_as_full_screen_section=&#8220;no&#8220; type=&#8220;full_width&#8220; text_align=&#8220;left&#8220; background_animation=&#8220;none&#8220; css_animation=&#8220;&#8220;][vc_column][vc_empty_space][\/vc_column][\/vc_row][vc_row row_type=&#8220;row&#8220; use_row_as_full_screen_section=&#8220;no&#8220; type=&#8220;full_width&#8220; text_align=&#8220;left&#8220; background_animation=&#8220;none&#8220; css_animation=&#8220;&#8220;][vc_column][vc_column_text]In der Dreifachsporthalle der Kantonsschule Wettingen fand kurz vor Semesterende, am 25. Januar, traditionell die Tanz- und Akrobatik-Show \u00bbFive o\u2019clock dance\u00ab statt. Die verschiedenen Shows stammten einerseits aus dem Grundlagen- und Erg\u00e4nzungsfach Sport, andererseits aus den Freif\u00e4chern Sport. 160 Tanzende und Turnende haben das zahlreich erschienene Publikum begeistert, beeindruckt und f\u00fcr beste Stimmung gesorgt. Organisiert wurde der Anlass von der Fachschaft Sport.<\/p>\n<p>&nbsp;<\/p>\n<p><b>Mitwirkende<\/b><br \/>\nG3E Grosses Trampolin, Nadja Wernli und Lukas Binggeli<br \/>\nG3Dance, Livia Fricker<br \/>\nF1E und G1C, Nadja Wernli<br \/>\nBailamos! Freifach Salsa, Manuela Blum<br \/>\nVertikaltuch Freifach, Andrea Baumeler<br \/>\nAll Around! School Dance Award, Samira Schneider<br \/>\nF2D Peace up! No\u00e9mi Lakatos, Sabine Fl\u00fcck<br \/>\nLuftring Freifach, Andrea Baumeler<br \/>\nG3GH, Alma Iljescu-Tudosa, Simone Zuberb\u00fchler<br \/>\nErg\u00e4nzungsfach Sport, Livia Fricker<\/p>\n<p>&nbsp;<\/p>\n<p>Die Fachschaft Sport gratuliert allen Sch\u00fclerinnen und Sch\u00fclern zu ihrem gelungenen Auftritt und dankt den Zuschauerinnen und Zuschauern f\u00fcr ihr Erscheinen.<\/p>\n<p>&nbsp;<\/p>\n<p>Text: Andrea Baumeler<\/p>\n<p>Fotos: Martin Rizek[\/vc_column_text][\/vc_column][\/vc_row][vc_row row_type=&#8220;row&#8220; use_row_as_full_screen_section=&#8220;no&#8220; type=&#8220;full_width&#8220; text_align=&#8220;left&#8220; background_animation=&#8220;none&#8220; css_animation=&#8220;&#8220;][vc_column][vc_empty_space][\/vc_column][\/vc_row][vc_row row_type=&#8220;row&#8220; use_row_as_full_screen_section=&#8220;no&#8220; type=&#8220;full_width&#8220; text_align=&#8220;left&#8220; background_animation=&#8220;none&#8220; css_animation=&#8220;&#8220;][vc_column width=&#8220;5\/6&#8243;][vc_column_text]<\/p>\n<ul>\n<li style=\"text-align: left\"><a href=\"https:\/\/fs.kswe.ch\/spo\/five_oclock_dance\/\"><span style=\"color: #800000\">zur\u00fcck<\/span><\/a><\/li>\n<\/ul>\n<p>[\/vc_column_text][\/vc_column][vc_column width=&#8220;1\/6&#8243;][\/vc_column][\/vc_row][vc_row row_type=&#8220;row&#8220; use_row_as_full_screen_section=&#8220;no&#8220; type=&#8220;full_width&#8220; text_align=&#8220;left&#8220; background_animation=&#8220;none&#8220; css_animation=&#8220;&#8220;][vc_column][vc_empty_space height=&#8220;12px&#8220;][vc_separator type=&#8220;normal&#8220; border_style=&#8220;&#8220;][vc_empty_space][\/vc_column][\/vc_row][vc_row row_type=&#8220;row&#8220; use_row_as_full_screen_section=&#8220;no&#8220; type=&#8220;full_width&#8220; text_align=&#8220;left&#8220; background_animation=&#8220;none&#8220; css_animation=&#8220;&#8220;][vc_column][vc_column_text]Bildergalerie[\/vc_column_text][\/vc_column][\/vc_row][vc_row row_type=&#8220;row&#8220; use_row_as_full_screen_section=&#8220;no&#8220; type=&#8220;full_width&#8220; text_align=&#8220;left&#8220; background_animation=&#8220;none&#8220; css_animation=&#8220;&#8220;][vc_column][vc_empty_space][\/vc_column][\/vc_row][vc_row row_type=&#8220;row&#8220; use_row_as_full_screen_section=&#8220;no&#8220; type=&#8220;full_width&#8220; text_align=&#8220;left&#8220; background_animation=&#8220;none&#8220; css_animation=&#8220;&#8220;][vc_column][vc_gallery type=&#8220;image_grid&#8220; images=&#8220;12848,12846,12844,12843,12842,12841,12840,12838,12837,12836,12835,12834,12832,12831,12830,12829,12827,12826,12825,12824,12823,12822,12821,12820,12819,12818,12817,12816,12815,12814,12813,12812,12811,12810,12809,12808,12806,12805,12803,12802,12801,12800,12799,12798,12797&#8243; img_size=&#8220;full&#8220; onclick=&#8220;&#8220; column_number=&#8220;0&#8243; grayscale=&#8220;no&#8220; space_between_images=&#8220;no&#8220;][\/vc_column][\/vc_row]<\/p>\n<\/div>","protected":false},"excerpt":{"rendered":"<p>[vc_row row_type=&#8220;row&#8220; use_row_as_full_screen_section=&#8220;no&#8220; type=&#8220;full_width&#8220; text_align=&#8220;left&#8220; background_animation=&#8220;none&#8220; css_animation=&#8220;&#8220;][vc_column width=&#8220;2\/3&#8243;][vc_column_text]Five o&#8217;Clock Dance 2023 [\/vc_column_text][\/vc_column][vc_column width=&#8220;1\/3&#8243;][\/vc_column][\/vc_row][vc_row row_type=&#8220;row&#8220; use_row_as_full_screen_section=&#8220;no&#8220; type=&#8220;full_width&#8220; text_align=&#8220;left&#8220; background_animation=&#8220;none&#8220; css_animation=&#8220;&#8220;][vc_column][vc_empty_space][\/vc_column][\/vc_row][vc_row row_type=&#8220;row&#8220; use_row_as_full_screen_section=&#8220;no&#8220; type=&#8220;full_width&#8220; text_align=&#8220;left&#8220; background_animation=&#8220;none&#8220; css_animation=&#8220;&#8220;][vc_column][vc_column_text]In der Dreifachsporthalle der Kantonsschule Wettingen fand kurz vor Semesterende, am 25. Januar, traditionell die Tanz- und Akrobatik-Show \u00bbFive o\u2019clock dance\u00ab&#8230;<\/p>\n","protected":false},"author":25,"featured_media":12848,"parent":0,"menu_order":0,"comment_status":"closed","ping_status":"closed","template":"","meta":{"footnotes":""},"class_list":["post-12795","page","type-page","status-publish","has-post-thumbnail","hentry"],"_links":{"self":[{"href":"https:\/\/fs.kswe.ch\/spo\/wp-json\/wp\/v2\/pages\/12795","targetHints":{"allow":["GET"]}}],"collection":[{"href":"https:\/\/fs.kswe.ch\/spo\/wp-json\/wp\/v2\/pages"}],"about":[{"href":"https:\/\/fs.kswe.ch\/spo\/wp-json\/wp\/v2\/types\/page"}],"author":[{"embeddable":true,"href":"https:\/\/fs.kswe.ch\/spo\/wp-json\/wp\/v2\/users\/25"}],"replies":[{"embeddable":true,"href":"https:\/\/fs.kswe.ch\/spo\/wp-json\/wp\/v2\/comments?post=12795"}],"version-history":[{"count":2,"href":"https:\/\/fs.kswe.ch\/spo\/wp-json\/wp\/v2\/pages\/12795\/revisions"}],"predecessor-version":[{"id":12849,"href":"https:\/\/fs.kswe.ch\/spo\/wp-json\/wp\/v2\/pages\/12795\/revisions\/12849"}],"wp:featuredmedia":[{"embeddable":true,"href":"https:\/\/fs.kswe.ch\/spo\/wp-json\/wp\/v2\/media\/12848"}],"wp:attachment":[{"href":"https:\/\/fs.kswe.ch\/spo\/wp-json\/wp\/v2\/media?parent=12795"}],"curies":[{"name":"wp","href":"https:\/\/api.w.org\/{rel}","templated":true}]}}