{"id":12724,"date":"2022-12-26T17:05:27","date_gmt":"2022-12-26T16:05:27","guid":{"rendered":"https:\/\/fs.kswe.ch\/spo\/?page_id=12724"},"modified":"2022-12-29T23:54:49","modified_gmt":"2022-12-29T22:54:49","slug":"volleynight22-2","status":"publish","type":"page","link":"https:\/\/fs.kswe.ch\/spo\/volleynight22-2\/","title":{"rendered":"Volleynight22"},"content":{"rendered":"<div class=\"wpb-content-wrapper\"><p>[vc_row row_type=&#8220;row&#8220; use_row_as_full_screen_section=&#8220;no&#8220; type=&#8220;full_width&#8220; text_align=&#8220;left&#8220; background_animation=&#8220;none&#8220; css_animation=&#8220;&#8220;][vc_column][vc_empty_space height=&#8220;24px&#8220;][vc_column_text]<em><strong>Volleynight 2022<br \/>\n<\/strong><\/em>[\/vc_column_text][\/vc_column][\/vc_row][vc_row row_type=&#8220;row&#8220; use_row_as_full_screen_section=&#8220;no&#8220; type=&#8220;full_width&#8220; text_align=&#8220;left&#8220; background_animation=&#8220;none&#8220; css_animation=&#8220;&#8220;][vc_column][vc_empty_space][\/vc_column][\/vc_row][vc_row row_type=&#8220;row&#8220; use_row_as_full_screen_section=&#8220;no&#8220; type=&#8220;full_width&#8220; text_align=&#8220;left&#8220; background_animation=&#8220;none&#8220; css_animation=&#8220;&#8220;][vc_column][vc_column_text]Startpl\u00e4tze an der Volleynight sind wie Konzerttickets: Innerhalb einer Stunde war das Tableau der Mixed \u2013 Teams ausgebucht. Dies war der Anlass daf\u00fcr, dass der Spielplan \u00fcberarbeitet und der Event neu mit 50 Teams organisiert wurde.<\/p>\n<p>&nbsp;<\/p>\n<p>Nahezu die H\u00e4lfte unserer Sch\u00fclerinnen und Sch\u00fcler hat an der Volleynight 2022 teilgenommen! Auch dieses Jahr waren die Spielenden top motiviert, inspirierend verkleidet und haben sich mit ihren sportlichen Leistungen selbst \u00fcbertroffen. Die Sportanlagen wurden von rund 500 Personen belebt, die bis um Mitternacht um Punkte k\u00e4mpften und f\u00fcr eine fr\u00f6hliche und ambitionierte Stimmung sorgten. Der beliebteste freiwillige Sportevent der KSWE war auch 2022 ein voller Erfolg! Vielen Dank an alle Spielerinnen und Spieler, das begeisterte Publikum, die Organisierenden und den Hausdienst.<\/p>\n<p>&nbsp;<\/p>\n<p>163 Runden nach dem Anpfiff stand die Rangliste fest:<\/p>\n<p>Im Mixed-Turnier setzte sich das Team \u201eG3Ceebras\u201c im Final knapp gegen \u201eG3A(nklin) und de Joni\u201c durch. Auguri!<\/p>\n<p>Im Turnier der Frauen gewannen die erstaunlichen Erstkl\u00e4sslerinnen der Abteilung F1E mit dem bezeichnenden Namen \u201eKings\u201c das Finalspiel gegen das Team \u201esmash or pass\u201c der G3G-Frauen. F\u00e9licitations!<\/p>\n<p>&nbsp;<\/p>\n<p>Auch das kreativste und originellste Outfit wurde durch eine sachkundige Jury auserkoren: Die \u201eWandergruppe Morgenrot\u201c \u00fcberzeugte neben dem Erscheinungsbild auch mit verschiedenen Accessoires und ihrer Performance.<br \/>\nDie Auswahl fiel schwer, da verschiedene Teams sich mit Fantasie und Aufwand f\u00fcr die Volleynight herausgeputzt hatten!<\/p>\n<p>&nbsp;<\/p>\n<p>Die Fachschaft Sport gratuliert allen herzlich zum Erfolg!<\/p>\n<p>&nbsp;<\/p>\n<p>Bericht: Livia Fricker und Sabine Fl\u00fcck<\/p>\n<p>Fotos: Roland Herzog[\/vc_column_text][\/vc_column][\/vc_row][vc_row row_type=&#8220;row&#8220; use_row_as_full_screen_section=&#8220;no&#8220; type=&#8220;full_width&#8220; text_align=&#8220;left&#8220; background_animation=&#8220;none&#8220; css_animation=&#8220;&#8220;][vc_column][vc_empty_space][vc_separator type=&#8220;normal&#8220; border_style=&#8220;&#8220;][\/vc_column][\/vc_row][vc_row row_type=&#8220;row&#8220; use_row_as_full_screen_section=&#8220;no&#8220; type=&#8220;full_width&#8220; text_align=&#8220;left&#8220; background_animation=&#8220;none&#8220; css_animation=&#8220;&#8220;][vc_column width=&#8220;5\/6&#8243;][vc_column_text]<\/p>\n<ul>\n<li><a href=\"https:\/\/fs.kswe.ch\/spo\/wp-content\/uploads\/sites\/9\/2022\/12\/Rangliste-Volleynight-2022.pdf\"><span style=\"color: #800000\">Rangliste<\/span><\/a><\/li>\n<\/ul>\n<p>[\/vc_column_text][\/vc_column][vc_column width=&#8220;1\/6&#8243;][vc_column_text]<\/p>\n<ul>\n<li style=\"text-align: right\"><a href=\"https:\/\/fs.kswe.ch\/spo\/volleynight\/\"><span style=\"color: #800000\">zur\u00fcck<\/span><\/a><\/li>\n<\/ul>\n<p>[\/vc_column_text][\/vc_column][\/vc_row][vc_row row_type=&#8220;row&#8220; use_row_as_full_screen_section=&#8220;no&#8220; type=&#8220;full_width&#8220; text_align=&#8220;left&#8220; background_animation=&#8220;none&#8220; css_animation=&#8220;&#8220;][vc_column][vc_empty_space height=&#8220;12px&#8220;][vc_separator type=&#8220;normal&#8220; border_style=&#8220;&#8220;][vc_empty_space][\/vc_column][\/vc_row][vc_row row_type=&#8220;row&#8220; use_row_as_full_screen_section=&#8220;no&#8220; type=&#8220;full_width&#8220; text_align=&#8220;left&#8220; background_animation=&#8220;none&#8220; css_animation=&#8220;&#8220;][vc_column][vc_column_text]Bildergalerie[\/vc_column_text][\/vc_column][\/vc_row][vc_row row_type=&#8220;row&#8220; use_row_as_full_screen_section=&#8220;no&#8220; type=&#8220;full_width&#8220; text_align=&#8220;left&#8220; background_animation=&#8220;none&#8220; css_animation=&#8220;&#8220;][vc_column][vc_empty_space][\/vc_column][\/vc_row][vc_row row_type=&#8220;row&#8220; use_row_as_full_screen_section=&#8220;no&#8220; type=&#8220;full_width&#8220; text_align=&#8220;left&#8220; background_animation=&#8220;none&#8220; css_animation=&#8220;&#8220;][vc_column][vc_gallery type=&#8220;image_grid&#8220; images=&#8220;12721,12720,12719,12718,12717,12716,12715,12714,12713,12712,12711,12710,12709,12708,12707,12706,12705,12704,12703,12702,12701,12700,12699,12698,12697,12696,12695,12694,12693,12692,12691,12690,12689,12688,12687,12686,12685,12684,12683,12682,12681,12680,12679,12678,12677,12676,12675,12674,12673,12672,12671,12670,12669,12668,12667,12666,12665,12739,12737,12738&#8243; img_size=&#8220;full&#8220; onclick=&#8220;&#8220; column_number=&#8220;0&#8243; grayscale=&#8220;no&#8220; space_between_images=&#8220;no&#8220;][\/vc_column][\/vc_row]<\/p>\n<\/div>","protected":false},"excerpt":{"rendered":"<p>[vc_row row_type=&#8220;row&#8220; use_row_as_full_screen_section=&#8220;no&#8220; type=&#8220;full_width&#8220; text_align=&#8220;left&#8220; background_animation=&#8220;none&#8220; css_animation=&#8220;&#8220;][vc_column][vc_empty_space height=&#8220;24px&#8220;][vc_column_text]Volleynight 2022 [\/vc_column_text][\/vc_column][\/vc_row][vc_row row_type=&#8220;row&#8220; use_row_as_full_screen_section=&#8220;no&#8220; type=&#8220;full_width&#8220; text_align=&#8220;left&#8220; background_animation=&#8220;none&#8220; css_animation=&#8220;&#8220;][vc_column][vc_empty_space][\/vc_column][\/vc_row][vc_row row_type=&#8220;row&#8220; use_row_as_full_screen_section=&#8220;no&#8220; type=&#8220;full_width&#8220; text_align=&#8220;left&#8220; background_animation=&#8220;none&#8220; css_animation=&#8220;&#8220;][vc_column][vc_column_text]Startpl\u00e4tze an der Volleynight sind wie Konzerttickets: Innerhalb einer Stunde war das Tableau der Mixed \u2013 Teams ausgebucht. Dies war der Anlass daf\u00fcr, dass&#8230;<\/p>\n","protected":false},"author":25,"featured_media":0,"parent":0,"menu_order":0,"comment_status":"closed","ping_status":"closed","template":"","meta":{"footnotes":""},"class_list":["post-12724","page","type-page","status-publish","hentry"],"_links":{"self":[{"href":"https:\/\/fs.kswe.ch\/spo\/wp-json\/wp\/v2\/pages\/12724","targetHints":{"allow":["GET"]}}],"collection":[{"href":"https:\/\/fs.kswe.ch\/spo\/wp-json\/wp\/v2\/pages"}],"about":[{"href":"https:\/\/fs.kswe.ch\/spo\/wp-json\/wp\/v2\/types\/page"}],"author":[{"embeddable":true,"href":"https:\/\/fs.kswe.ch\/spo\/wp-json\/wp\/v2\/users\/25"}],"replies":[{"embeddable":true,"href":"https:\/\/fs.kswe.ch\/spo\/wp-json\/wp\/v2\/comments?post=12724"}],"version-history":[{"count":8,"href":"https:\/\/fs.kswe.ch\/spo\/wp-json\/wp\/v2\/pages\/12724\/revisions"}],"predecessor-version":[{"id":12743,"href":"https:\/\/fs.kswe.ch\/spo\/wp-json\/wp\/v2\/pages\/12724\/revisions\/12743"}],"wp:attachment":[{"href":"https:\/\/fs.kswe.ch\/spo\/wp-json\/wp\/v2\/media?parent=12724"}],"curies":[{"name":"wp","href":"https:\/\/api.w.org\/{rel}","templated":true}]}}