{"id":12477,"date":"2022-10-28T22:05:02","date_gmt":"2022-10-28T20:05:02","guid":{"rendered":"https:\/\/fs.kswe.ch\/spo\/?page_id=12477"},"modified":"2022-10-28T22:05:02","modified_gmt":"2022-10-28T20:05:02","slug":"stauseelauf22","status":"publish","type":"page","link":"https:\/\/fs.kswe.ch\/spo\/stauseelauf22\/","title":{"rendered":"Stauseelauf22"},"content":{"rendered":"<div class=\"wpb-content-wrapper\"><p>[vc_row row_type=&#8220;row&#8220; use_row_as_full_screen_section=&#8220;no&#8220; type=&#8220;full_width&#8220; text_align=&#8220;left&#8220; background_animation=&#8220;none&#8220; css_animation=&#8220;&#8220;][vc_column width=&#8220;2\/3&#8243;][vc_column_text]<em><strong>Stauseelauf 2022<\/strong><\/em>[\/vc_column_text][\/vc_column][vc_column width=&#8220;1\/3&#8243;][\/vc_column][\/vc_row][vc_row row_type=&#8220;row&#8220; use_row_as_full_screen_section=&#8220;no&#8220; type=&#8220;full_width&#8220; text_align=&#8220;left&#8220; background_animation=&#8220;none&#8220; css_animation=&#8220;&#8220;][vc_column][vc_empty_space][\/vc_column][\/vc_row][vc_row row_type=&#8220;row&#8220; use_row_as_full_screen_section=&#8220;no&#8220; type=&#8220;full_width&#8220; text_align=&#8220;left&#8220; background_animation=&#8220;none&#8220; css_animation=&#8220;&#8220;][vc_column][vc_column_text]Auf die Pl\u00e4tze, fertig, los!<\/p>\n<p>&nbsp;<\/p>\n<p>Auch dieses Jahr standen wieder nahezu alle Sch\u00fcler*innen der 3. Klassen (Gym und FMS) in den Startl\u00f6chern, um den altbekannten Stauseelauf zu bew\u00e4ltigen. Die Nervosit\u00e4t stieg und die Lage wirkte angespannt. W\u00e4hrend sich manche schon eifrig aufw\u00e4rmten, warteten andere ganz entspannt auf ihren Einsatz. Hochmotiviert machte sich der erste Block an der Startlinie bereit. Der Startschuss fiel und von da an ging es f\u00fcr die n\u00e4chsten Bl\u00f6cke im 2-Minuten-Takt weiter. Zum zweiten Mal infolge trat die Nordic-Walking-Gruppe an. Anders als im Vorjahr, startete diese aber als letzter Block. Das Rennen gegen die Zeit begann\u2026<\/p>\n<p>8.5 km standen den L\u00e4uferinnen und L\u00e4ufern bevor. F\u00fcr manche eine Aufgabe, die mit Leichtigkeit gemeistert wurde, f\u00fcr andere eine wahre Herausforderung. Der Weg schien endlos zu sein, es war Durchhalteverm\u00f6gen gefragt. \u00a0Am Schluss hiess es: Z\u00e4hne zusammen beissen und mit restlicher Energie Vollgas in die Zielgerade einlaufen. Der Sieger Daniel Richter liess seine Konkurrenten weit hinter sich, andere lieferten sich ein spannendes Kopf-an-Kopf-Rennen. Viele rote Gesichter und taube Beine, die Anstrengung hatte sich aber gelohnt. Von nun an machte sich Erleichterung bei den Sch\u00fclerinnen und Sch\u00fclern breit.<\/p>\n<p>&nbsp;<\/p>\n<p>Als beste Frau hat Sono Seibert (G3B) den Stauseelauf mit einer hervorragenden Leistung von 42&#8217;55&#8220; bew\u00e4ltigt. Daniel Richter (G3G) sicherte sich mit beeindruckenden 34&#8217;33&#8220; den ersten Rang. Zweiter wurde Mattia Aemmer (G3D).<\/p>\n<p>&nbsp;<\/p>\n<p>Vielen Dank an alle Mitwirkenden des Stauseelaufs 2022. Wir w\u00fcnschen allen L\u00e4uferinnen und L\u00e4ufern eine schnelle Erholung.<\/p>\n<p>Die Fachschaft Sport gratuliert allen, die den Lauf absolviert haben zu ihrer Leistung!<\/p>\n<p>&nbsp;<\/p>\n<p>Text: Elena Metlar (G3C) und Anastasia Silveri (G3B)<\/p>\n<p>Fotos: Roland Herzog<\/p>\n<p>&nbsp;<\/p>\n<p><span style=\"color: #800000\"><a style=\"color: #800000\" href=\"https:\/\/fs.kswe.ch\/spo\/wp-content\/uploads\/sites\/9\/2022\/10\/Rangliste-Frauen-Top-70.pdf\">Rangliste Frauen<\/a><\/span><\/p>\n<p><a href=\"https:\/\/fs.kswe.ch\/spo\/wp-content\/uploads\/sites\/9\/2022\/10\/Rangliste-Ma\u0308nner-Top-50.pdf\"><span style=\"color: #800000\">Rangliste Herren<\/span><\/a><\/p>\n<p><span style=\"color: #800000\"><a style=\"color: #800000\" href=\"https:\/\/fs.kswe.ch\/spo\/wp-content\/uploads\/sites\/9\/2022\/10\/Bestenliste-2022.pdf\">Bestenliste 2022<\/a><\/span>[\/vc_column_text][\/vc_column][\/vc_row][vc_row row_type=&#8220;row&#8220; use_row_as_full_screen_section=&#8220;no&#8220; type=&#8220;full_width&#8220; text_align=&#8220;left&#8220; background_animation=&#8220;none&#8220; css_animation=&#8220;&#8220;][vc_column][vc_empty_space][\/vc_column][\/vc_row][vc_row row_type=&#8220;row&#8220; use_row_as_full_screen_section=&#8220;no&#8220; type=&#8220;full_width&#8220; text_align=&#8220;left&#8220; background_animation=&#8220;none&#8220; css_animation=&#8220;&#8220;][vc_column width=&#8220;5\/6&#8243;][vc_column_text]<\/p>\n<ul>\n<li style=\"text-align: left\"><a href=\"https:\/\/fs.kswe.ch\/spo\/stauseelauf\/\"><span style=\"color: #800000\">zur\u00fcck<\/span><\/a><\/li>\n<\/ul>\n<p>[\/vc_column_text][\/vc_column][vc_column width=&#8220;1\/6&#8243;][\/vc_column][\/vc_row][vc_row row_type=&#8220;row&#8220; use_row_as_full_screen_section=&#8220;no&#8220; type=&#8220;full_width&#8220; text_align=&#8220;left&#8220; background_animation=&#8220;none&#8220; css_animation=&#8220;&#8220;][vc_column][vc_empty_space height=&#8220;12px&#8220;][vc_separator type=&#8220;normal&#8220; border_style=&#8220;&#8220;][vc_empty_space][\/vc_column][\/vc_row][vc_row row_type=&#8220;row&#8220; use_row_as_full_screen_section=&#8220;no&#8220; type=&#8220;full_width&#8220; text_align=&#8220;left&#8220; background_animation=&#8220;none&#8220; css_animation=&#8220;&#8220;][vc_column][vc_column_text]Bildergalerie[\/vc_column_text][\/vc_column][\/vc_row][vc_row row_type=&#8220;row&#8220; use_row_as_full_screen_section=&#8220;no&#8220; type=&#8220;full_width&#8220; text_align=&#8220;left&#8220; background_animation=&#8220;none&#8220; css_animation=&#8220;&#8220;][vc_column][vc_empty_space][\/vc_column][\/vc_row][vc_row row_type=&#8220;row&#8220; use_row_as_full_screen_section=&#8220;no&#8220; type=&#8220;full_width&#8220; text_align=&#8220;left&#8220; background_animation=&#8220;none&#8220; css_animation=&#8220;&#8220;][vc_column width=&#8220;2\/3&#8243;][vc_gallery type=&#8220;image_grid&#8220; images=&#8220;12478,12479,12482,12480,12483,12485,12484,12487,12488,12489,12496,12492,12493,12495,12491,12490,12498,12494,12528,12527,12526,12525,12524,12523,12522,12521,12516,12515,12517,12518,12519,12520,12497&#8243; img_size=&#8220;full&#8220; onclick=&#8220;&#8220; column_number=&#8220;0&#8243; grayscale=&#8220;no&#8220; space_between_images=&#8220;no&#8220;][\/vc_column][vc_column width=&#8220;1\/3&#8243;][\/vc_column][\/vc_row][vc_row row_type=&#8220;row&#8220; use_row_as_full_screen_section=&#8220;no&#8220; type=&#8220;full_width&#8220; text_align=&#8220;left&#8220; background_animation=&#8220;none&#8220; css_animation=&#8220;&#8220;][vc_column][vc_empty_space][\/vc_column][\/vc_row]<\/p>\n<\/div>","protected":false},"excerpt":{"rendered":"<p>[vc_row row_type=&#8220;row&#8220; use_row_as_full_screen_section=&#8220;no&#8220; type=&#8220;full_width&#8220; text_align=&#8220;left&#8220; background_animation=&#8220;none&#8220; css_animation=&#8220;&#8220;][vc_column width=&#8220;2\/3&#8243;][vc_column_text]Stauseelauf 2022[\/vc_column_text][\/vc_column][vc_column width=&#8220;1\/3&#8243;][\/vc_column][\/vc_row][vc_row row_type=&#8220;row&#8220; use_row_as_full_screen_section=&#8220;no&#8220; type=&#8220;full_width&#8220; text_align=&#8220;left&#8220; background_animation=&#8220;none&#8220; css_animation=&#8220;&#8220;][vc_column][vc_empty_space][\/vc_column][\/vc_row][vc_row row_type=&#8220;row&#8220; use_row_as_full_screen_section=&#8220;no&#8220; type=&#8220;full_width&#8220; text_align=&#8220;left&#8220; background_animation=&#8220;none&#8220; css_animation=&#8220;&#8220;][vc_column][vc_column_text]Auf die Pl\u00e4tze, fertig, los! &nbsp; Auch dieses Jahr standen wieder nahezu alle Sch\u00fcler*innen der 3. Klassen (Gym und FMS) in den Startl\u00f6chern, um&#8230;<\/p>\n","protected":false},"author":25,"featured_media":0,"parent":0,"menu_order":0,"comment_status":"closed","ping_status":"closed","template":"","meta":{"footnotes":""},"class_list":["post-12477","page","type-page","status-publish","hentry"],"_links":{"self":[{"href":"https:\/\/fs.kswe.ch\/spo\/wp-json\/wp\/v2\/pages\/12477","targetHints":{"allow":["GET"]}}],"collection":[{"href":"https:\/\/fs.kswe.ch\/spo\/wp-json\/wp\/v2\/pages"}],"about":[{"href":"https:\/\/fs.kswe.ch\/spo\/wp-json\/wp\/v2\/types\/page"}],"author":[{"embeddable":true,"href":"https:\/\/fs.kswe.ch\/spo\/wp-json\/wp\/v2\/users\/25"}],"replies":[{"embeddable":true,"href":"https:\/\/fs.kswe.ch\/spo\/wp-json\/wp\/v2\/comments?post=12477"}],"version-history":[{"count":6,"href":"https:\/\/fs.kswe.ch\/spo\/wp-json\/wp\/v2\/pages\/12477\/revisions"}],"predecessor-version":[{"id":12623,"href":"https:\/\/fs.kswe.ch\/spo\/wp-json\/wp\/v2\/pages\/12477\/revisions\/12623"}],"wp:attachment":[{"href":"https:\/\/fs.kswe.ch\/spo\/wp-json\/wp\/v2\/media?parent=12477"}],"curies":[{"name":"wp","href":"https:\/\/api.w.org\/{rel}","templated":true}]}}