{"id":12387,"date":"2022-09-19T21:30:45","date_gmt":"2022-09-19T19:30:45","guid":{"rendered":"https:\/\/fs.kswe.ch\/spo\/?page_id=12387"},"modified":"2022-09-19T21:30:45","modified_gmt":"2022-09-19T19:30:45","slug":"msmfb22","status":"publish","type":"page","link":"https:\/\/fs.kswe.ch\/spo\/msmfb22\/","title":{"rendered":"MSMFB22"},"content":{"rendered":"<div class=\"wpb-content-wrapper\"><p>[vc_row row_type=&#8220;row&#8220; use_row_as_full_screen_section=&#8220;no&#8220; type=&#8220;full_width&#8220; text_align=&#8220;left&#8220; background_animation=&#8220;none&#8220; css_animation=&#8220;&#8220;][vc_column width=&#8220;2\/3&#8243;][vc_empty_space height=&#8220;24px&#8220;][vc_column_text][\/vc_column_text][\/vc_column][vc_column width=&#8220;1\/3&#8243;][\/vc_column][\/vc_row][vc_row row_type=&#8220;row&#8220; use_row_as_full_screen_section=&#8220;no&#8220; type=&#8220;full_width&#8220; text_align=&#8220;left&#8220; background_animation=&#8220;none&#8220; css_animation=&#8220;&#8220;][vc_column][vc_empty_space][\/vc_column][\/vc_row][vc_row row_type=&#8220;row&#8220; use_row_as_full_screen_section=&#8220;no&#8220; type=&#8220;full_width&#8220; text_align=&#8220;left&#8220; background_animation=&#8220;none&#8220; css_animation=&#8220;&#8220;][vc_column][vc_column_text]<strong>Fussball-Mittelschulmeisterschaften 2022<\/strong><\/p>\n<p>&nbsp;<\/p>\n<p>Knappe Final-Niederlage bei den Herren<\/p>\n<p>&nbsp;<\/p>\n<p>Am vergangenen Donnerstag, 15. September 2022 fanden auf der Sportanlage Schachen in Aarau die Aargauer Fussball-Mittelschulmeisterschaften statt. Bei regnerischen Bedingungen k\u00e4mpften die Fussballerinnen und Fussballer der KSWE um den Titel. Das M\u00e4nnerteam verpasste dabei den Sieg im Finale nur knapp.<\/p>\n<p>F\u00fcr die Herren startete das Turnier gegen die Kanti Wohlen. Nach einem fr\u00fchen R\u00fcckstand gelang es Dani Tschopp mit einem wundersch\u00f6nen Treffer in den Winkel das 1:1 zu erzielen. Trotz einigen Chancen f\u00fcr Wettingen im Schlussabschnitt blieb es dabei.<\/p>\n<p>&nbsp;<\/p>\n<p>Im zweiten Spiel kam es zum Duell gegen den vermeintlich st\u00e4rksten Gegner, die Alte Kanti Aarau. Im Aufgebot der alten Kanti waren einige FC Aarau-Spieler dabei. Dank einer soliden Defensivarbeit und zwei blitzschnellen Kontertoren konnte das Spiel zur Freude des KSWE-Teams \u00fcberraschend mit 2:0 gewonnen werden.<\/p>\n<p>&nbsp;<\/p>\n<p>Danach kam es zum Derby gegen die Kanti Baden. Nach einer Druckphase von Baden gelang es Wettingen das 1:0 zu erzielen. Baden dr\u00fcckte auf den Ausgleich, rannte jedoch vergeblich gegen eine starke Wettinger Hintermannschaft an. Kurze Zeit sp\u00e4ter brachte das 2:0 die Entscheidung. Dabei blieb es bis zum Schluss.<\/p>\n<p>&nbsp;<\/p>\n<p>Direkt im Anschluss an das Derby kam es zu einem weiteren hitzigen Spiel gegen die neue Kanti Aarau. Zwischen dem Spiel gegen Baden und jenem gegen die NKSA hatte Wettingen keine Pause. Nichtsdestotrotz ging die Mannschaft der KSWE fr\u00fch in F\u00fchrung. Das Doppelspiel war Wettingen jedoch trotz hartem Kampf anzumerken. Aarau glich nach einem Offside-Tor aus, was die Emotionen hochkochen liess. Kurze Zeit sp\u00e4ter wurde Blau-Weiss durch eine absolut unverst\u00e4ndliche gelbe Karte mit 5 Minuten in Unterzahl geb\u00fcsst. Jonathan Stahel parierte daraufhin einige Male in h\u00f6chster Not, dennoch gelang es Aarau kurze Zeit sp\u00e4ter den F\u00fchrungstreffer zu erzielen. Diesem R\u00fcckstand rannte Wettingen bis zum Schluss hinterher. Das Spiel endete zum \u00c4rger der Wettinger 1:2 f\u00fcr Aarau.<\/p>\n<p>&nbsp;<\/p>\n<p>Um das Finale aus eigener Kraft zu erreichen, musste im f\u00fcnften und letzten Spiel der Gruppenphase gegen die Kanti Zofingen ein Sieg her. Die schwerer werdenden Beine (m\u00f6glicherweise auch eine Folge des Sporttages) wurden sichtbar, aber auch, dass die Wettinger mit mehr Klasse das Spiel dominierten. Mit dem verdienten und nie gef\u00e4hrdeten 1:0 Sieg sicherte man sich nicht bloss den Finaleinzug, sondern auch dank dem Sieg der AKSA \u00fcber die NKSA den ersten Platz nach der Vorrunde. Im Finale kam es zum Wiedersehen mit der neuen Kanti Aarau.<\/p>\n<p>&nbsp;<\/p>\n<p>Die Wettinger Mannschaft agierte geduldig und versuchte hin und wieder Nadelstiche zu setzen. Nach gerade einmal zwei Minuten nagelte Wettingen den ersten Schuss mit viel Pech an die Latte. Man verteidigte daraufhin solide eine Aarauer Angriffswelle nach der anderen. Dennoch gelang es Aarau nach einem eiskalten Schuss in die untere linke Ecke das 1:0 zu erzielen. Kurze Zeit sp\u00e4ter hatte Wettingen einige Grosschancen, die jedoch alle ungenutzt blieben und mit sehr viel Pech nicht hinter der Linie landeten. Mit grossem Kampf bis zum Schluss und viel Pech unterlag man der neuen Kanti Aarau. Nach 2021 verliert man somit erneut ungl\u00fccklich das Finalspiel. Dennoch kann die Wettinger Auswahl erhobenen Hauptes vom Platz gehen, im Wissen ein fantastisches Turnier gespielt zu haben.<\/p>\n<p>&nbsp;<\/p>\n<p>F\u00fcr das KSWE Fussballteam<br \/>\nSiljan Schnieder<\/p>\n<p>&nbsp;<\/p>\n<ul>\n<li><span style=\"color: #800000\"><a style=\"color: #800000\" href=\"https:\/\/fs.kswe.ch\/spo\/wp-content\/uploads\/sites\/9\/2022\/09\/Resultate-Ranglisten-2022.pdf\">Resultate<\/a><\/span><\/li>\n<\/ul>\n<p>[\/vc_column_text][\/vc_column][\/vc_row][vc_row row_type=&#8220;row&#8220; use_row_as_full_screen_section=&#8220;no&#8220; type=&#8220;full_width&#8220; text_align=&#8220;left&#8220; background_animation=&#8220;none&#8220; css_animation=&#8220;&#8220;][vc_column][vc_empty_space][\/vc_column][\/vc_row][vc_row row_type=&#8220;row&#8220; use_row_as_full_screen_section=&#8220;no&#8220; type=&#8220;full_width&#8220; text_align=&#8220;left&#8220; background_animation=&#8220;none&#8220; css_animation=&#8220;&#8220;][vc_column][vc_empty_space height=&#8220;24px&#8220;][\/vc_column][\/vc_row][vc_row row_type=&#8220;row&#8220; use_row_as_full_screen_section=&#8220;no&#8220; type=&#8220;full_width&#8220; text_align=&#8220;left&#8220; background_animation=&#8220;none&#8220; css_animation=&#8220;&#8220;][vc_column][vc_single_image image=&#8220;12391&#8243; img_size=&#8220;large&#8220; qode_css_animation=&#8220;&#8220;][\/vc_column][\/vc_row][vc_row row_type=&#8220;row&#8220; use_row_as_full_screen_section=&#8220;no&#8220; type=&#8220;full_width&#8220; text_align=&#8220;left&#8220; background_animation=&#8220;none&#8220; css_animation=&#8220;&#8220;][vc_column][vc_empty_space][vc_column_text][\/vc_column_text][\/vc_column][\/vc_row][vc_row row_type=&#8220;row&#8220; use_row_as_full_screen_section=&#8220;no&#8220; type=&#8220;full_width&#8220; text_align=&#8220;left&#8220; background_animation=&#8220;none&#8220; css_animation=&#8220;&#8220;][vc_column][vc_empty_space][\/vc_column][\/vc_row][vc_row row_type=&#8220;row&#8220; use_row_as_full_screen_section=&#8220;no&#8220; type=&#8220;full_width&#8220; text_align=&#8220;left&#8220; background_animation=&#8220;none&#8220; css_animation=&#8220;&#8220;][vc_column][vc_column_text]<\/p>\n<ul>\n<li style=\"text-align: left\"><a href=\"https:\/\/fs.kswe.ch\/spo\/mittelschulmeisterschaften\/\"><span style=\"color: #800000\">zur\u00fcck<\/span><\/a><\/li>\n<\/ul>\n<p>[\/vc_column_text][\/vc_column][\/vc_row][vc_row row_type=&#8220;row&#8220; use_row_as_full_screen_section=&#8220;no&#8220; type=&#8220;full_width&#8220; text_align=&#8220;left&#8220; background_animation=&#8220;none&#8220; css_animation=&#8220;&#8220;][vc_column][vc_empty_space height=&#8220;60px&#8220;][\/vc_column][\/vc_row]<\/p>\n<\/div>","protected":false},"excerpt":{"rendered":"<p>[vc_row row_type=&#8220;row&#8220; use_row_as_full_screen_section=&#8220;no&#8220; type=&#8220;full_width&#8220; text_align=&#8220;left&#8220; background_animation=&#8220;none&#8220; css_animation=&#8220;&#8220;][vc_column width=&#8220;2\/3&#8243;][vc_empty_space height=&#8220;24px&#8220;][vc_column_text][\/vc_column_text][\/vc_column][vc_column width=&#8220;1\/3&#8243;][\/vc_column][\/vc_row][vc_row row_type=&#8220;row&#8220; use_row_as_full_screen_section=&#8220;no&#8220; type=&#8220;full_width&#8220; text_align=&#8220;left&#8220; background_animation=&#8220;none&#8220; css_animation=&#8220;&#8220;][vc_column][vc_empty_space][\/vc_column][\/vc_row][vc_row row_type=&#8220;row&#8220; use_row_as_full_screen_section=&#8220;no&#8220; type=&#8220;full_width&#8220; text_align=&#8220;left&#8220; background_animation=&#8220;none&#8220; css_animation=&#8220;&#8220;][vc_column][vc_column_text]Fussball-Mittelschulmeisterschaften 2022 &nbsp; Knappe Final-Niederlage bei den Herren &nbsp; Am vergangenen Donnerstag, 15. September 2022 fanden auf der Sportanlage Schachen in Aarau die Aargauer&#8230;<\/p>\n","protected":false},"author":25,"featured_media":0,"parent":0,"menu_order":0,"comment_status":"closed","ping_status":"closed","template":"","meta":{"footnotes":""},"class_list":["post-12387","page","type-page","status-publish","hentry"],"_links":{"self":[{"href":"https:\/\/fs.kswe.ch\/spo\/wp-json\/wp\/v2\/pages\/12387","targetHints":{"allow":["GET"]}}],"collection":[{"href":"https:\/\/fs.kswe.ch\/spo\/wp-json\/wp\/v2\/pages"}],"about":[{"href":"https:\/\/fs.kswe.ch\/spo\/wp-json\/wp\/v2\/types\/page"}],"author":[{"embeddable":true,"href":"https:\/\/fs.kswe.ch\/spo\/wp-json\/wp\/v2\/users\/25"}],"replies":[{"embeddable":true,"href":"https:\/\/fs.kswe.ch\/spo\/wp-json\/wp\/v2\/comments?post=12387"}],"version-history":[{"count":5,"href":"https:\/\/fs.kswe.ch\/spo\/wp-json\/wp\/v2\/pages\/12387\/revisions"}],"predecessor-version":[{"id":12398,"href":"https:\/\/fs.kswe.ch\/spo\/wp-json\/wp\/v2\/pages\/12387\/revisions\/12398"}],"wp:attachment":[{"href":"https:\/\/fs.kswe.ch\/spo\/wp-json\/wp\/v2\/media?parent=12387"}],"curies":[{"name":"wp","href":"https:\/\/api.w.org\/{rel}","templated":true}]}}