{"id":12289,"date":"2022-09-14T20:58:41","date_gmt":"2022-09-14T18:58:41","guid":{"rendered":"https:\/\/fs.kswe.ch\/spo\/?page_id=12289"},"modified":"2022-09-16T16:21:18","modified_gmt":"2022-09-16T14:21:18","slug":"sporttagplus22","status":"publish","type":"page","link":"https:\/\/fs.kswe.ch\/spo\/sporttagplus22\/","title":{"rendered":"Sporttag&#8220;PLUS&#8220;2022"},"content":{"rendered":"<div class=\"wpb-content-wrapper\"><p>[vc_row row_type=&#8220;row&#8220; use_row_as_full_screen_section=&#8220;no&#8220; type=&#8220;full_width&#8220; text_align=&#8220;left&#8220; background_animation=&#8220;none&#8220; css_animation=&#8220;&#8220;][vc_column width=&#8220;2\/3&#8243;][vc_column_text]<strong><em>Sporttag &#8222;PLUS&#8220; 2022<br \/>\n<\/em><\/strong>[\/vc_column_text][\/vc_column][vc_column width=&#8220;1\/3&#8243;][\/vc_column][\/vc_row][vc_row row_type=&#8220;row&#8220; use_row_as_full_screen_section=&#8220;no&#8220; type=&#8220;full_width&#8220; text_align=&#8220;left&#8220; background_animation=&#8220;none&#8220; css_animation=&#8220;&#8220;][vc_column][vc_empty_space][\/vc_column][\/vc_row][vc_row row_type=&#8220;row&#8220; use_row_as_full_screen_section=&#8220;no&#8220; type=&#8220;full_width&#8220; text_align=&#8220;left&#8220; background_animation=&#8220;none&#8220; css_animation=&#8220;&#8220;][vc_column][vc_column_text]Der erste \u00abRiesen-Sporttag\u00bb fand grossen Anklang<\/p>\n<p>&nbsp;<\/p>\n<p>Am Dienstag, 13. September 2022 fand der Sporttag \u00abPlus\u00bb statt. Zum ersten Mal in der KSWE-Geschichte fand ein Sporttag mit der gesamten Schule statt- \u00fcber 1000 SuS k\u00e4mpften bei Spiel und Spass um Punkte. Jede Abteilung hatte verschiedene Teams gebildet. Die Sportarten waren Volleyball, Badminton, Fussball und Streetball. Am anderen Halbtag stand der Postenwettbewerb \u00abChlostercup\u00bb an.<\/p>\n<p>&nbsp;<\/p>\n<p>Trotz den am Morgen eher k\u00fchlen und nachmittags eher heissen Temperaturen, waren die Sch\u00fcler motiviert und freuten sich mehrheitlich \u00fcber den Sporttag.<\/p>\n<p>&nbsp;<\/p>\n<p>Der beliebteste Posten war der Kapla-Turm, bei welchem ein Eimer Wasser aus der Limmat gezogen und mit Bechern \u00fcber die Br\u00fccke getragen wurde. Daf\u00fcr erhielten die Gruppen Kapla-H\u00f6lzer, mit welchen sie einen m\u00f6glichst hohen Turm bauen sollten. Das Seilspringen l\u00f6ste am wenigsten Begeisterung aus.<\/p>\n<p>&nbsp;<\/p>\n<p>Musik unterst\u00fctzte die gute Stimmung der Spielturniere.<\/p>\n<p>&nbsp;<\/p>\n<p>Wir danken der L\u00f6wenscheune f\u00fcr das Mittagessen. Es gab H\u00f6rnlisalat mit Fr\u00fcchten und Br\u00f6tchen, wobei die letzteren besonders gut waren.<\/p>\n<p>&nbsp;<\/p>\n<p>&nbsp;<\/p>\n<p>&nbsp;<\/p>\n<p>Die Siege der Turniere und des Chlostercups gingen an folgende Abteilungen:<\/p>\n<p>&nbsp;<\/p>\n<table>\n<tbody>\n<tr>\n<td width=\"67\"><\/td>\n<td width=\"85\">Volleyball Frauen<\/td>\n<td width=\"85\">Volleyball Mixed<\/td>\n<td width=\"80\">Badminton<\/td>\n<td width=\"86\">Fussball Frauen<\/td>\n<td width=\"76\">Fussball M\u00e4nner<\/td>\n<td width=\"72\">Streetball<\/td>\n<td width=\"53\">Posten<\/td>\n<\/tr>\n<tr>\n<td width=\"67\">1.\/2. Klassen<\/td>\n<td width=\"85\">F2D1<\/td>\n<td width=\"85\">G2B<\/td>\n<td width=\"80\">G2D<\/td>\n<td width=\"86\">G1G<\/td>\n<td width=\"76\">G2F<\/td>\n<td width=\"72\">G1D<\/td>\n<td rowspan=\"2\" width=\"53\">G4B<\/p>\n<p>&nbsp;<\/td>\n<\/tr>\n<tr>\n<td width=\"67\">3.\/4. Klassen<\/td>\n<td width=\"85\">F3C<\/td>\n<td width=\"85\">G3B<\/td>\n<td width=\"80\">G3D<\/td>\n<td width=\"86\">G4I<\/td>\n<td width=\"76\">Lehrer\/G4I<\/td>\n<td width=\"72\">\u00a0G4F<\/td>\n<\/tr>\n<\/tbody>\n<\/table>\n<p>&nbsp;<\/p>\n<p>&nbsp;<\/p>\n<p>Herzliche Gratulation!<\/p>\n<p>&nbsp;<\/p>\n<p>&nbsp;<\/p>\n<p>Bericht: Salom\u00e9 Schaffert G2B<\/p>\n<p>Fotos:\u00a0\u00a0 Martin Rizek[\/vc_column_text][\/vc_column][\/vc_row][vc_row row_type=&#8220;row&#8220; use_row_as_full_screen_section=&#8220;no&#8220; type=&#8220;full_width&#8220; text_align=&#8220;left&#8220; background_animation=&#8220;none&#8220; css_animation=&#8220;&#8220;][vc_column][vc_empty_space][vc_separator type=&#8220;normal&#8220; border_style=&#8220;&#8220;][\/vc_column][\/vc_row][vc_row row_type=&#8220;row&#8220; use_row_as_full_screen_section=&#8220;no&#8220; type=&#8220;full_width&#8220; text_align=&#8220;left&#8220; background_animation=&#8220;none&#8220; css_animation=&#8220;&#8220;][vc_column width=&#8220;1\/3&#8243;][vc_column_text]<\/p>\n<ul>\n<li><span style=\"color: #800000\"><a style=\"color: #800000\" href=\"https:\/\/kswe.sharepoint.com\/:x:\/s\/sportingevents\/EcUWJ6ENfvpKt3zL3U7eqvgBFr3ZwcSXhvZTiWuvljAuDQ\"><span style=\"color: #800000\">Ranglisten Spielturniere und Chlostercup<\/span><\/a><\/span><\/li>\n<\/ul>\n<p>[\/vc_column_text][\/vc_column][vc_column width=&#8220;1\/3&#8243;][vc_column_text][\/vc_column_text][\/vc_column][vc_column width=&#8220;1\/3&#8243;][vc_column_text]<\/p>\n<ul>\n<li style=\"text-align: right\"><a href=\"https:\/\/fs.kswe.ch\/spo\/sporttag\/\"><span style=\"color: #800000\">zur\u00fcck<\/span><\/a><\/li>\n<\/ul>\n<p>[\/vc_column_text][\/vc_column][\/vc_row][vc_row row_type=&#8220;row&#8220; use_row_as_full_screen_section=&#8220;no&#8220; type=&#8220;full_width&#8220; text_align=&#8220;left&#8220; background_animation=&#8220;none&#8220; css_animation=&#8220;&#8220;][vc_column][vc_empty_space height=&#8220;12px&#8220;][vc_separator type=&#8220;normal&#8220; border_style=&#8220;&#8220;][vc_empty_space height=&#8220;24px&#8220;][\/vc_column][\/vc_row][vc_row row_type=&#8220;row&#8220; use_row_as_full_screen_section=&#8220;no&#8220; type=&#8220;full_width&#8220; text_align=&#8220;left&#8220; background_animation=&#8220;none&#8220; css_animation=&#8220;&#8220;][vc_column][vc_column_text]<\/p>\n<ul>\n<li style=\"text-align: left\">Bildergalerie<\/li>\n<\/ul>\n<p>[\/vc_column_text][\/vc_column][\/vc_row][vc_row row_type=&#8220;row&#8220; use_row_as_full_screen_section=&#8220;no&#8220; type=&#8220;full_width&#8220; text_align=&#8220;left&#8220; background_animation=&#8220;none&#8220; css_animation=&#8220;&#8220;][vc_column][vc_empty_space][\/vc_column][\/vc_row][vc_row row_type=&#8220;row&#8220; use_row_as_full_screen_section=&#8220;no&#8220; type=&#8220;full_width&#8220; text_align=&#8220;left&#8220; background_animation=&#8220;none&#8220; css_animation=&#8220;&#8220;][vc_column][vc_gallery type=&#8220;image_grid&#8220; images=&#8220;12347,12339,12338,12337,12336,12335,12334,12333,12332,12331,12330,12329,12328,12327,12326,12325,12324,12323,12322,12321,12320,12319,12318,12317,12316,12315,12314,12313,12312,12311,12310,12309,12308,12307,12306,12305,12304,12303,12302,12301,12300,12299,12298,12297,12296,12295,12294,12293,12364,12363,12343,12342,12344,12362,12361,12359,12360,12358,12357,12356,12355,12354,12353,12352,12351,12350,12349,12348,12346,12345,12341,12340&#8243; img_size=&#8220;full&#8220; onclick=&#8220;&#8220; column_number=&#8220;0&#8243; grayscale=&#8220;no&#8220; space_between_images=&#8220;no&#8220;][\/vc_column][\/vc_row][vc_row row_type=&#8220;row&#8220; use_row_as_full_screen_section=&#8220;no&#8220; type=&#8220;full_width&#8220; text_align=&#8220;left&#8220; background_animation=&#8220;none&#8220; css_animation=&#8220;&#8220;][vc_column][\/vc_column][\/vc_row]<\/p>\n<\/div>","protected":false},"excerpt":{"rendered":"<p>[vc_row row_type=&#8220;row&#8220; use_row_as_full_screen_section=&#8220;no&#8220; type=&#8220;full_width&#8220; text_align=&#8220;left&#8220; background_animation=&#8220;none&#8220; css_animation=&#8220;&#8220;][vc_column width=&#8220;2\/3&#8243;][vc_column_text]Sporttag &#8222;PLUS&#8220; 2022 [\/vc_column_text][\/vc_column][vc_column width=&#8220;1\/3&#8243;][\/vc_column][\/vc_row][vc_row row_type=&#8220;row&#8220; use_row_as_full_screen_section=&#8220;no&#8220; type=&#8220;full_width&#8220; text_align=&#8220;left&#8220; background_animation=&#8220;none&#8220; css_animation=&#8220;&#8220;][vc_column][vc_empty_space][\/vc_column][\/vc_row][vc_row row_type=&#8220;row&#8220; use_row_as_full_screen_section=&#8220;no&#8220; type=&#8220;full_width&#8220; text_align=&#8220;left&#8220; background_animation=&#8220;none&#8220; css_animation=&#8220;&#8220;][vc_column][vc_column_text]Der erste \u00abRiesen-Sporttag\u00bb fand grossen Anklang &nbsp; Am Dienstag, 13. September 2022 fand der Sporttag \u00abPlus\u00bb statt. Zum ersten Mal in der&#8230;<\/p>\n","protected":false},"author":25,"featured_media":0,"parent":0,"menu_order":0,"comment_status":"closed","ping_status":"closed","template":"","meta":{"footnotes":""},"class_list":["post-12289","page","type-page","status-publish","hentry"],"_links":{"self":[{"href":"https:\/\/fs.kswe.ch\/spo\/wp-json\/wp\/v2\/pages\/12289","targetHints":{"allow":["GET"]}}],"collection":[{"href":"https:\/\/fs.kswe.ch\/spo\/wp-json\/wp\/v2\/pages"}],"about":[{"href":"https:\/\/fs.kswe.ch\/spo\/wp-json\/wp\/v2\/types\/page"}],"author":[{"embeddable":true,"href":"https:\/\/fs.kswe.ch\/spo\/wp-json\/wp\/v2\/users\/25"}],"replies":[{"embeddable":true,"href":"https:\/\/fs.kswe.ch\/spo\/wp-json\/wp\/v2\/comments?post=12289"}],"version-history":[{"count":14,"href":"https:\/\/fs.kswe.ch\/spo\/wp-json\/wp\/v2\/pages\/12289\/revisions"}],"predecessor-version":[{"id":12386,"href":"https:\/\/fs.kswe.ch\/spo\/wp-json\/wp\/v2\/pages\/12289\/revisions\/12386"}],"wp:attachment":[{"href":"https:\/\/fs.kswe.ch\/spo\/wp-json\/wp\/v2\/media?parent=12289"}],"curies":[{"name":"wp","href":"https:\/\/api.w.org\/{rel}","templated":true}]}}