{"id":11498,"date":"2022-05-02T21:32:54","date_gmt":"2022-05-02T19:32:54","guid":{"rendered":"https:\/\/fs.kswe.ch\/spo\/?page_id=11498"},"modified":"2022-05-04T18:21:34","modified_gmt":"2022-05-04T16:21:34","slug":"volleynight21","status":"publish","type":"page","link":"https:\/\/fs.kswe.ch\/spo\/volleynight21\/","title":{"rendered":"Volleynight21"},"content":{"rendered":"<div class=\"wpb-content-wrapper\"><p>[vc_row row_type=&#8220;row&#8220; use_row_as_full_screen_section=&#8220;no&#8220; type=&#8220;full_width&#8220; text_align=&#8220;left&#8220; background_animation=&#8220;none&#8220; css_animation=&#8220;&#8220;][vc_column][vc_empty_space height=&#8220;24px&#8220;][vc_column_text]<em><strong>Volleynight 2021<br \/>\n<\/strong><\/em>[\/vc_column_text][\/vc_column][\/vc_row][vc_row row_type=&#8220;row&#8220; use_row_as_full_screen_section=&#8220;no&#8220; type=&#8220;full_width&#8220; text_align=&#8220;left&#8220; background_animation=&#8220;none&#8220; css_animation=&#8220;&#8220;][vc_column][vc_empty_space][\/vc_column][\/vc_row][vc_row row_type=&#8220;row&#8220; use_row_as_full_screen_section=&#8220;no&#8220; type=&#8220;full_width&#8220; text_align=&#8220;left&#8220; background_animation=&#8220;none&#8220; css_animation=&#8220;&#8220;][vc_column][vc_column_text]Am Freitag nach den Fr\u00fchlingsferien konnte endlich die aufgrund von Corona verschobene Volleynight durchgef\u00fchrt werden. Viele Sch\u00fcler und Sch\u00fclerinnen freuten sich schon lange auf diesen sportlichen H\u00f6hepunkt im Schuljahr und waren mit vollem Einsatz dabei. Auch dieses Jahr waren wieder 42 motivierte Teams am Start, ca. 450 Sch\u00fcler und Sch\u00fclerinnen, welche bis Mitternacht um Punkte rangen.<\/p>\n<p>&nbsp;<\/p>\n<p>Nach 147 Spielen standen die Sieger fest. In der Kategorie Frauen konnte das Team \u201eSantas girls\u201c bestehend aus Sch\u00fclerinnen der Klassen F4B das Turnier f\u00fcr sich entscheiden, in der Kategorie Mixed ging das Team \u201eImagine loosing\u201c mit Sch\u00fcler und Sch\u00fclerinnen der Klassen G2B\/G2G\/G2D und F2A als Sieger hervor!<\/p>\n<p>&nbsp;<\/p>\n<p>Die ausf\u00fchrliche Rangliste ist unter dem Link unten einsehbar.<\/p>\n<p>&nbsp;<\/p>\n<p>Die Fachschaft Sport bedankt sich bei allen Teilnehmern ganz herzlich f\u00fcr die gute Stimmung und die tolle Motivation!<\/p>\n<p>&nbsp;<\/p>\n<p>Wir gratulieren den Siegerteams ganz herzlich zum Erfolg!<\/p>\n<p>&nbsp;<\/p>\n<p>Text: Rico Hirschb\u00fchl<\/p>\n<p>Photos: Martin Rizek[\/vc_column_text][\/vc_column][\/vc_row][vc_row row_type=&#8220;row&#8220; use_row_as_full_screen_section=&#8220;no&#8220; type=&#8220;full_width&#8220; text_align=&#8220;left&#8220; background_animation=&#8220;none&#8220; css_animation=&#8220;&#8220;][vc_column][vc_empty_space][vc_separator type=&#8220;normal&#8220; border_style=&#8220;&#8220;][\/vc_column][\/vc_row][vc_row row_type=&#8220;row&#8220; use_row_as_full_screen_section=&#8220;no&#8220; type=&#8220;full_width&#8220; text_align=&#8220;left&#8220; background_animation=&#8220;none&#8220; css_animation=&#8220;&#8220;][vc_column width=&#8220;5\/6&#8243;][vc_column_text]<\/p>\n<ul>\n<li><a href=\"https:\/\/fs.kswe.ch\/spo\/wp-content\/uploads\/sites\/9\/2022\/05\/RanglisteVolleynight2021.pdf\" target=\"_blank\" rel=\"noopener\"><span style=\"color: #800000\">Rangliste<\/span><\/a><\/li>\n<\/ul>\n<p>[\/vc_column_text][\/vc_column][vc_column width=&#8220;1\/6&#8243;][vc_column_text]<\/p>\n<ul>\n<li style=\"text-align: right\"><a href=\"https:\/\/fs.kswe.ch\/spo\/volleynight\/\"><span style=\"color: #800000\">zur\u00fcck<\/span><\/a><\/li>\n<\/ul>\n<p>[\/vc_column_text][\/vc_column][\/vc_row][vc_row row_type=&#8220;row&#8220; use_row_as_full_screen_section=&#8220;no&#8220; type=&#8220;full_width&#8220; text_align=&#8220;left&#8220; background_animation=&#8220;none&#8220; css_animation=&#8220;&#8220;][vc_column][vc_empty_space height=&#8220;12px&#8220;][vc_separator type=&#8220;normal&#8220; border_style=&#8220;&#8220;][vc_empty_space][\/vc_column][\/vc_row][vc_row row_type=&#8220;row&#8220; use_row_as_full_screen_section=&#8220;no&#8220; type=&#8220;full_width&#8220; text_align=&#8220;left&#8220; background_animation=&#8220;none&#8220; css_animation=&#8220;&#8220;][vc_column][vc_column_text]Bildergalerie[\/vc_column_text][\/vc_column][\/vc_row][vc_row row_type=&#8220;row&#8220; use_row_as_full_screen_section=&#8220;no&#8220; type=&#8220;full_width&#8220; text_align=&#8220;left&#8220; background_animation=&#8220;none&#8220; css_animation=&#8220;&#8220;][vc_column][vc_empty_space][\/vc_column][\/vc_row][vc_row row_type=&#8220;row&#8220; use_row_as_full_screen_section=&#8220;no&#8220; type=&#8220;full_width&#8220; text_align=&#8220;left&#8220; background_animation=&#8220;none&#8220; css_animation=&#8220;&#8220;][vc_column][vc_gallery type=&#8220;image_grid&#8220; images=&#8220;11571,11570,11569,11568,11567,11566,11565,11564,11508,11509,11510,11511,11512,11513,11514,11515,11516,11517,11518,11519,11520,11521,11522,11524,11525,11526,11527,11528,11529,11530,11531,11532,11533,11534,11535,11536,11572,11537,11538,11539,11540,11541,11542,11543,11544,11545,11546,11547,11548,11549,11550,11551,11552,11553,11554,11555,11556,11557,11558,11559,11560,11562,11563&#8243; img_size=&#8220;full&#8220; onclick=&#8220;&#8220; column_number=&#8220;0&#8243; grayscale=&#8220;no&#8220; space_between_images=&#8220;no&#8220;][\/vc_column][\/vc_row]<\/p>\n<\/div>","protected":false},"excerpt":{"rendered":"<p>[vc_row row_type=&#8220;row&#8220; use_row_as_full_screen_section=&#8220;no&#8220; type=&#8220;full_width&#8220; text_align=&#8220;left&#8220; background_animation=&#8220;none&#8220; css_animation=&#8220;&#8220;][vc_column][vc_empty_space height=&#8220;24px&#8220;][vc_column_text]Volleynight 2021 [\/vc_column_text][\/vc_column][\/vc_row][vc_row row_type=&#8220;row&#8220; use_row_as_full_screen_section=&#8220;no&#8220; type=&#8220;full_width&#8220; text_align=&#8220;left&#8220; background_animation=&#8220;none&#8220; css_animation=&#8220;&#8220;][vc_column][vc_empty_space][\/vc_column][\/vc_row][vc_row row_type=&#8220;row&#8220; use_row_as_full_screen_section=&#8220;no&#8220; type=&#8220;full_width&#8220; text_align=&#8220;left&#8220; background_animation=&#8220;none&#8220; css_animation=&#8220;&#8220;][vc_column][vc_column_text]Am Freitag nach den Fr\u00fchlingsferien konnte endlich die aufgrund von Corona verschobene Volleynight durchgef\u00fchrt werden. Viele Sch\u00fcler und Sch\u00fclerinnen freuten sich schon lange auf&#8230;<\/p>\n","protected":false},"author":10,"featured_media":0,"parent":0,"menu_order":0,"comment_status":"closed","ping_status":"closed","template":"","meta":{"footnotes":""},"class_list":["post-11498","page","type-page","status-publish","hentry"],"_links":{"self":[{"href":"https:\/\/fs.kswe.ch\/spo\/wp-json\/wp\/v2\/pages\/11498","targetHints":{"allow":["GET"]}}],"collection":[{"href":"https:\/\/fs.kswe.ch\/spo\/wp-json\/wp\/v2\/pages"}],"about":[{"href":"https:\/\/fs.kswe.ch\/spo\/wp-json\/wp\/v2\/types\/page"}],"author":[{"embeddable":true,"href":"https:\/\/fs.kswe.ch\/spo\/wp-json\/wp\/v2\/users\/10"}],"replies":[{"embeddable":true,"href":"https:\/\/fs.kswe.ch\/spo\/wp-json\/wp\/v2\/comments?post=11498"}],"version-history":[{"count":7,"href":"https:\/\/fs.kswe.ch\/spo\/wp-json\/wp\/v2\/pages\/11498\/revisions"}],"predecessor-version":[{"id":11576,"href":"https:\/\/fs.kswe.ch\/spo\/wp-json\/wp\/v2\/pages\/11498\/revisions\/11576"}],"wp:attachment":[{"href":"https:\/\/fs.kswe.ch\/spo\/wp-json\/wp\/v2\/media?parent=11498"}],"curies":[{"name":"wp","href":"https:\/\/api.w.org\/{rel}","templated":true}]}}