{"id":11358,"date":"2021-12-17T12:40:39","date_gmt":"2021-12-17T11:40:39","guid":{"rendered":"https:\/\/fs.kswe.ch\/spo\/?page_id=11358"},"modified":"2021-12-17T12:42:50","modified_gmt":"2021-12-17T11:42:50","slug":"stauseelauf21","status":"publish","type":"page","link":"https:\/\/fs.kswe.ch\/spo\/stauseelauf21\/","title":{"rendered":"Stauseelauf21"},"content":{"rendered":"<div class=\"wpb-content-wrapper\"><p>[vc_row row_type=&#8220;row&#8220; use_row_as_full_screen_section=&#8220;no&#8220; type=&#8220;full_width&#8220; text_align=&#8220;left&#8220; background_animation=&#8220;none&#8220; css_animation=&#8220;&#8220;][vc_column width=&#8220;2\/3&#8243;][vc_column_text]<em><strong>Stauseelauf 2021<br \/>\n<\/strong><\/em>[\/vc_column_text][\/vc_column][vc_column width=&#8220;1\/3&#8243;][\/vc_column][\/vc_row][vc_row row_type=&#8220;row&#8220; use_row_as_full_screen_section=&#8220;no&#8220; type=&#8220;full_width&#8220; text_align=&#8220;left&#8220; background_animation=&#8220;none&#8220; css_animation=&#8220;&#8220;][vc_column][vc_empty_space][\/vc_column][\/vc_row][vc_row row_type=&#8220;row&#8220; use_row_as_full_screen_section=&#8220;no&#8220; type=&#8220;full_width&#8220; text_align=&#8220;left&#8220; background_animation=&#8220;none&#8220; css_animation=&#8220;&#8220;][vc_column][vc_column_text]<strong>Stauseelauf &#8211; Alle Jahre wieder<br \/>\n<\/strong><\/p>\n<p>&nbsp;<\/p>\n<p>Alle Jahre wieder \u2013 auch dieses Jahr starteten (fast) alle Sch\u00fcler*innen der 3. Klassen (Gym und FMS) am ber\u00fcchtigten Stauseelauf. Hoch motiviert oder eher unwillig- rennen muss jeder und jede. Kurz vor dem Start versuchten die Teilnehmer\/innen sich aufzuw\u00e4rmen, sich gegenseitig zu motivieren oder aber Strategien zu finden, um Gegner*innen auszuschalten. Und dann ging es endlich los. Als erstes startete die Nord-Walking-Gruppe, welche in diesem Jahr Premiere feierte. Nach f\u00fcnf Minuten wurde der Weg f\u00fcr die Elite-Gruppe freigegeben. Die n\u00e4chsten Bl\u00f6cke starteten im 2-Minuten-Takt. Die Aufholjagd begann\u2026<\/p>\n<p>&nbsp;<\/p>\n<p>8.5km (eigentlich 9km) sind zu bestreiten. Schweissperlen, schlappe Beine und Seitenstechen machten den Sportler*innen zu schaffen. Nun war Durchhalteverm\u00f6gen gefragt, denn der Weg schien einfach nicht zu Ende zu gehen und das Ziel in weiter Ferne. Mit letzter Kraft k\u00e4mpfen sich die tapferen Drittkl\u00e4ssler*innen \u00fcber die Ziellinie. Wer noch ein letztes bisschen Energie aufbringen konnte, legte einen Endspurt hin. Nach der Ziellinie machte sich Erleichterung und Stolz in den verschwitzen Gesichtern breit. Den Feierabend hatten sich nun wirklich alle verdient.<\/p>\n<p>&nbsp;<\/p>\n<p>Vielen Dank an alle Mitwirkenden des Stauseelaufs 2021. Wir hoffen, dass der Muskelkater schnell verschwindet!<\/p>\n<p>&nbsp;<\/p>\n<p>Bei den Frauen hat Nienke Nachtegaal (G3B) mit hervorragenden 00:39:04 den Stauseelauf gewonnen. Mit einer Top-Leistung von 00:33:01 sicherte sich Fabian Kim Hoebel (G3C) den ersten Rang. Zweiter wurde Sebastian Buchs (G3E).<\/p>\n<p>&nbsp;<\/p>\n<p>Die Fachschaft Sport gratuliert allen L\u00e4uferinnen und L\u00e4ufern zu ihrer Leistung!<\/p>\n<p>&nbsp;<\/p>\n<p>Text: Vera Baumann, G3A und Jasmin Caduff, G3B<\/p>\n<p>Fotos: Martin Rizek[\/vc_column_text][\/vc_column][\/vc_row][vc_row row_type=&#8220;row&#8220; use_row_as_full_screen_section=&#8220;no&#8220; type=&#8220;full_width&#8220; text_align=&#8220;left&#8220; background_animation=&#8220;none&#8220; css_animation=&#8220;&#8220;][vc_column][vc_empty_space][\/vc_column][\/vc_row][vc_row row_type=&#8220;row&#8220; use_row_as_full_screen_section=&#8220;no&#8220; type=&#8220;full_width&#8220; text_align=&#8220;left&#8220; background_animation=&#8220;none&#8220; css_animation=&#8220;&#8220;][vc_column width=&#8220;5\/6&#8243;][vc_column_text]<\/p>\n<ul>\n<li style=\"text-align: left;\"><a href=\"https:\/\/fs.kswe.ch\/spo\/stauseelauf\/\"><span style=\"color: #800000;\">zur\u00fcck<\/span><\/a><\/li>\n<\/ul>\n<p>[\/vc_column_text][\/vc_column][vc_column width=&#8220;1\/6&#8243;][\/vc_column][\/vc_row][vc_row row_type=&#8220;row&#8220; use_row_as_full_screen_section=&#8220;no&#8220; type=&#8220;full_width&#8220; text_align=&#8220;left&#8220; background_animation=&#8220;none&#8220; css_animation=&#8220;&#8220;][vc_column][vc_empty_space height=&#8220;12px&#8220;][vc_separator type=&#8220;normal&#8220; border_style=&#8220;&#8220;][vc_empty_space][\/vc_column][\/vc_row][vc_row row_type=&#8220;row&#8220; use_row_as_full_screen_section=&#8220;no&#8220; type=&#8220;full_width&#8220; text_align=&#8220;left&#8220; background_animation=&#8220;none&#8220; css_animation=&#8220;&#8220;][vc_column][vc_column_text]Bildergalerie[\/vc_column_text][\/vc_column][\/vc_row][vc_row row_type=&#8220;row&#8220; use_row_as_full_screen_section=&#8220;no&#8220; type=&#8220;full_width&#8220; text_align=&#8220;left&#8220; background_animation=&#8220;none&#8220; css_animation=&#8220;&#8220;][vc_column][vc_empty_space][\/vc_column][\/vc_row][vc_row row_type=&#8220;row&#8220; use_row_as_full_screen_section=&#8220;no&#8220; type=&#8220;full_width&#8220; text_align=&#8220;left&#8220; background_animation=&#8220;none&#8220; css_animation=&#8220;&#8220;][vc_column width=&#8220;2\/3&#8243;][vc_gallery type=&#8220;image_grid&#8220; images=&#8220;11273,11276,11275,11274,11288,11287,11286,11285,11284,11283,11282,11281,11280,11279,11278,11277,11300,11299,11298,11297,11296,11295,11294,11293,11291,11290,11289,11312,11311,11310,11309,11308,11307,11306,11305,11304,11303,11302,11301,11324,11323,11322,11321,11320,11319,11318,11317,11316,11315,11314,11313&#8243; img_size=&#8220;full&#8220; onclick=&#8220;&#8220; column_number=&#8220;0&#8243; grayscale=&#8220;no&#8220; space_between_images=&#8220;no&#8220;][\/vc_column][vc_column width=&#8220;1\/3&#8243;][\/vc_column][\/vc_row][vc_row row_type=&#8220;row&#8220; use_row_as_full_screen_section=&#8220;no&#8220; type=&#8220;full_width&#8220; text_align=&#8220;left&#8220; background_animation=&#8220;none&#8220; css_animation=&#8220;&#8220;][vc_column][vc_empty_space][\/vc_column][\/vc_row]<\/p>\n<\/div>","protected":false},"excerpt":{"rendered":"<p>[vc_row row_type=&#8220;row&#8220; use_row_as_full_screen_section=&#8220;no&#8220; type=&#8220;full_width&#8220; text_align=&#8220;left&#8220; background_animation=&#8220;none&#8220; css_animation=&#8220;&#8220;][vc_column width=&#8220;2\/3&#8243;][vc_column_text]Stauseelauf 2021 [\/vc_column_text][\/vc_column][vc_column width=&#8220;1\/3&#8243;][\/vc_column][\/vc_row][vc_row row_type=&#8220;row&#8220; use_row_as_full_screen_section=&#8220;no&#8220; type=&#8220;full_width&#8220; text_align=&#8220;left&#8220; background_animation=&#8220;none&#8220; css_animation=&#8220;&#8220;][vc_column][vc_empty_space][\/vc_column][\/vc_row][vc_row row_type=&#8220;row&#8220; use_row_as_full_screen_section=&#8220;no&#8220; type=&#8220;full_width&#8220; text_align=&#8220;left&#8220; background_animation=&#8220;none&#8220; css_animation=&#8220;&#8220;][vc_column][vc_column_text]Stauseelauf &#8211; Alle Jahre wieder &nbsp; Alle Jahre wieder \u2013 auch dieses Jahr starteten (fast) alle Sch\u00fcler*innen der 3. Klassen (Gym und FMS)&#8230;<\/p>\n","protected":false},"author":14,"featured_media":0,"parent":0,"menu_order":0,"comment_status":"closed","ping_status":"closed","template":"","meta":{"footnotes":""},"class_list":["post-11358","page","type-page","status-publish","hentry"],"_links":{"self":[{"href":"https:\/\/fs.kswe.ch\/spo\/wp-json\/wp\/v2\/pages\/11358","targetHints":{"allow":["GET"]}}],"collection":[{"href":"https:\/\/fs.kswe.ch\/spo\/wp-json\/wp\/v2\/pages"}],"about":[{"href":"https:\/\/fs.kswe.ch\/spo\/wp-json\/wp\/v2\/types\/page"}],"author":[{"embeddable":true,"href":"https:\/\/fs.kswe.ch\/spo\/wp-json\/wp\/v2\/users\/14"}],"replies":[{"embeddable":true,"href":"https:\/\/fs.kswe.ch\/spo\/wp-json\/wp\/v2\/comments?post=11358"}],"version-history":[{"count":3,"href":"https:\/\/fs.kswe.ch\/spo\/wp-json\/wp\/v2\/pages\/11358\/revisions"}],"predecessor-version":[{"id":11363,"href":"https:\/\/fs.kswe.ch\/spo\/wp-json\/wp\/v2\/pages\/11358\/revisions\/11363"}],"wp:attachment":[{"href":"https:\/\/fs.kswe.ch\/spo\/wp-json\/wp\/v2\/media?parent=11358"}],"curies":[{"name":"wp","href":"https:\/\/api.w.org\/{rel}","templated":true}]}}