{"id":1130,"date":"2019-02-05T23:18:04","date_gmt":"2019-02-05T22:18:04","guid":{"rendered":"https:\/\/fs.kswe.ch\/spo\/?page_id=1130"},"modified":"2019-02-11T07:29:42","modified_gmt":"2019-02-11T06:29:42","slug":"sporttag16","status":"publish","type":"page","link":"https:\/\/fs.kswe.ch\/spo\/sporttag16\/","title":{"rendered":"Sporttag16"},"content":{"rendered":"<div class=\"wpb-content-wrapper\"><p>[vc_row row_type=&#8220;row&#8220; use_row_as_full_screen_section=&#8220;no&#8220; type=&#8220;full_width&#8220; text_align=&#8220;left&#8220; background_animation=&#8220;none&#8220; css_animation=&#8220;&#8220;][vc_column][vc_column_text]<strong><em>Chloster-Cup<\/em><\/strong>[\/vc_column_text][\/vc_column][\/vc_row][vc_row row_type=&#8220;row&#8220; use_row_as_full_screen_section=&#8220;no&#8220; type=&#8220;full_width&#8220; text_align=&#8220;left&#8220; background_animation=&#8220;none&#8220; css_animation=&#8220;&#8220;][vc_column][vc_empty_space][\/vc_column][\/vc_row][vc_row row_type=&#8220;row&#8220; use_row_as_full_screen_section=&#8220;no&#8220; type=&#8220;full_width&#8220; text_align=&#8220;left&#8220; background_animation=&#8220;none&#8220; css_animation=&#8220;&#8220;][vc_column][vc_column_text]Am 23. Juni 2016 wurde der allj\u00e4hrliche Sporttag der Kantonsschule Wettingen veranstaltet. Bei hochsommerlichem Wetter k\u00e4mpften Sch\u00fclerinnen und Sch\u00fcler um gute Ergebnisse und genossen die willkommene Abwechslung zum Schulalltag. Auf der Sportanlage spielten Sch\u00fclerteams Fussball, Volleyball, Streetball oder Unihockey. Im Klosterpark fand unter dem Motto \u201aChloster-Cup\u2019 ein Parcours statt. Dabei galt es, kreative Posten zu absolvieren, bei denen Teamgeist und Geschicklichkeit von den Abteilungen gefordert wurden.<\/p>\n<p>&nbsp;<\/p>\n<p>Dank der guten Organisation durch die Fachschaft Sport und dem Engagement der Lehrpersonen und der dispensierten Sch\u00fclerinnen und Sch\u00fcler, verlief der Tag reibungslos. Die gute Stimmung aller Beteiligten machte den Sporttag zu einem tollen Erlebnis. Die herausfordernden Spiele st\u00e4rkten den Zusammenhalt und die Zusammenarbeit innerhalb der Klasse.<\/p>\n<p>&nbsp;<\/p>\n<p>Die Abteilungen G3C und F2A boten die besten Leistungen und wurden an der Preisverleihung belohnt.<\/p>\n<p>&nbsp;<\/p>\n<p>Text: Ella Mundinger<\/p>\n<p>Fotos: Simone Zuberb\u00fchler[\/vc_column_text][\/vc_column][\/vc_row][vc_row row_type=&#8220;row&#8220; use_row_as_full_screen_section=&#8220;no&#8220; type=&#8220;full_width&#8220; text_align=&#8220;left&#8220; background_animation=&#8220;none&#8220; css_animation=&#8220;&#8220;][vc_column][vc_empty_space][vc_separator type=&#8220;normal&#8220; border_style=&#8220;&#8220;][\/vc_column][\/vc_row][vc_row row_type=&#8220;row&#8220; use_row_as_full_screen_section=&#8220;no&#8220; type=&#8220;full_width&#8220; text_align=&#8220;left&#8220; background_animation=&#8220;none&#8220; css_animation=&#8220;&#8220;][vc_column width=&#8220;5\/6&#8243;][vc_column_text]<\/p>\n<ul>\n<li><span style=\"color: #800000\"><a href=\"https:\/\/fs.kswe.ch\/spo\/wp-content\/uploads\/sites\/9\/2019\/02\/ResultateSporttag16_Chlostercup.pdf\"><span style=\"color: #800000\">Resultate Chlostercup<\/span><\/a><\/span><\/li>\n<li><a href=\"https:\/\/fs.kswe.ch\/spo\/wp-content\/uploads\/sites\/9\/2019\/02\/RanglistenSporttag16_Spiele.pdf\"><span style=\"color: #800000\"><span style=\"color: #800000\">Ranglisten Spiele<\/span><\/span><\/a><\/li>\n<\/ul>\n<p>[\/vc_column_text][\/vc_column][vc_column width=&#8220;1\/6&#8243;][vc_column_text]<\/p>\n<ul>\n<li style=\"text-align: right\"><a href=\"https:\/\/fs.kswe.ch\/spo\/sporttag\/\"><span style=\"color: #800000\">zur\u00fcck<\/span><\/a><\/li>\n<\/ul>\n<p>[\/vc_column_text][\/vc_column][\/vc_row][vc_row row_type=&#8220;row&#8220; use_row_as_full_screen_section=&#8220;no&#8220; type=&#8220;full_width&#8220; text_align=&#8220;left&#8220; background_animation=&#8220;none&#8220; css_animation=&#8220;&#8220;][vc_column][vc_empty_space height=&#8220;12px&#8220;][vc_separator type=&#8220;normal&#8220; border_style=&#8220;&#8220;][vc_empty_space][\/vc_column][\/vc_row][vc_row row_type=&#8220;row&#8220; use_row_as_full_screen_section=&#8220;no&#8220; type=&#8220;full_width&#8220; text_align=&#8220;left&#8220; background_animation=&#8220;none&#8220; css_animation=&#8220;&#8220;][vc_column][vc_column_text]Bildergalerie[\/vc_column_text][\/vc_column][\/vc_row][vc_row row_type=&#8220;row&#8220; use_row_as_full_screen_section=&#8220;no&#8220; type=&#8220;full_width&#8220; text_align=&#8220;left&#8220; background_animation=&#8220;none&#8220; css_animation=&#8220;&#8220;][vc_column][vc_empty_space][\/vc_column][\/vc_row][vc_row row_type=&#8220;row&#8220; use_row_as_full_screen_section=&#8220;no&#8220; type=&#8220;full_width&#8220; text_align=&#8220;left&#8220; background_animation=&#8220;none&#8220; css_animation=&#8220;&#8220;][vc_column][vc_gallery type=&#8220;image_grid&#8220; images=&#8220;2623,2622,2621,2620,2619,2618,2617,2613,2614,2615,2616,2612,2611,2610,2609,2605,2606,2607,2608,2604,2603,2602,2601,2597,2598,2599,2600,2596,2595,2594,2593,2589,2590,2591,2592,2588,2587,2586,2585,2581,2582,2583,2584,2580,2579,2578,2577,2573,2574,2575,2576,2572,2571,2570,2569,2565,2566,2567,2568,2564,2563,2562,2561,2557,2558,2559,2560,2556,2555,2554,2553,2549,2550,2551,2552,2548,2547,2546,2545,2541,2542,2543,2544,2540,2539,2538,2537,2533,2534,2535,2536,2532,2531,2530,2529,2525,2524,2528,2527,2526&#8243; img_size=&#8220;full&#8220; onclick=&#8220;&#8220; column_number=&#8220;0&#8243; grayscale=&#8220;no&#8220; space_between_images=&#8220;no&#8220;][\/vc_column][\/vc_row]<\/p>\n<\/div>","protected":false},"excerpt":{"rendered":"<p>[vc_row row_type=&#8220;row&#8220; use_row_as_full_screen_section=&#8220;no&#8220; type=&#8220;full_width&#8220; text_align=&#8220;left&#8220; background_animation=&#8220;none&#8220; css_animation=&#8220;&#8220;][vc_column][vc_column_text]Chloster-Cup[\/vc_column_text][\/vc_column][\/vc_row][vc_row row_type=&#8220;row&#8220; use_row_as_full_screen_section=&#8220;no&#8220; type=&#8220;full_width&#8220; text_align=&#8220;left&#8220; background_animation=&#8220;none&#8220; css_animation=&#8220;&#8220;][vc_column][vc_empty_space][\/vc_column][\/vc_row][vc_row row_type=&#8220;row&#8220; use_row_as_full_screen_section=&#8220;no&#8220; type=&#8220;full_width&#8220; text_align=&#8220;left&#8220; background_animation=&#8220;none&#8220; css_animation=&#8220;&#8220;][vc_column][vc_column_text]Am 23. Juni 2016 wurde der allj\u00e4hrliche Sporttag der Kantonsschule Wettingen veranstaltet. Bei hochsommerlichem Wetter k\u00e4mpften Sch\u00fclerinnen und Sch\u00fcler um gute Ergebnisse und genossen die willkommene Abwechslung&#8230;<\/p>\n","protected":false},"author":10,"featured_media":0,"parent":0,"menu_order":0,"comment_status":"closed","ping_status":"closed","template":"","meta":{"footnotes":""},"class_list":["post-1130","page","type-page","status-publish","hentry"],"_links":{"self":[{"href":"https:\/\/fs.kswe.ch\/spo\/wp-json\/wp\/v2\/pages\/1130","targetHints":{"allow":["GET"]}}],"collection":[{"href":"https:\/\/fs.kswe.ch\/spo\/wp-json\/wp\/v2\/pages"}],"about":[{"href":"https:\/\/fs.kswe.ch\/spo\/wp-json\/wp\/v2\/types\/page"}],"author":[{"embeddable":true,"href":"https:\/\/fs.kswe.ch\/spo\/wp-json\/wp\/v2\/users\/10"}],"replies":[{"embeddable":true,"href":"https:\/\/fs.kswe.ch\/spo\/wp-json\/wp\/v2\/comments?post=1130"}],"version-history":[{"count":26,"href":"https:\/\/fs.kswe.ch\/spo\/wp-json\/wp\/v2\/pages\/1130\/revisions"}],"predecessor-version":[{"id":4228,"href":"https:\/\/fs.kswe.ch\/spo\/wp-json\/wp\/v2\/pages\/1130\/revisions\/4228"}],"wp:attachment":[{"href":"https:\/\/fs.kswe.ch\/spo\/wp-json\/wp\/v2\/media?parent=1130"}],"curies":[{"name":"wp","href":"https:\/\/api.w.org\/{rel}","templated":true}]}}