{"id":11213,"date":"2021-09-23T17:02:44","date_gmt":"2021-09-23T15:02:44","guid":{"rendered":"https:\/\/fs.kswe.ch\/spo\/?page_id=11213"},"modified":"2021-12-06T22:36:59","modified_gmt":"2021-12-06T21:36:59","slug":"frauenlauf21","status":"publish","type":"page","link":"https:\/\/fs.kswe.ch\/spo\/frauenlauf21\/","title":{"rendered":"Frauenlauf21"},"content":{"rendered":"<div class=\"wpb-content-wrapper\"><p>[vc_row row_type=&#8220;row&#8220; use_row_as_full_screen_section=&#8220;no&#8220; type=&#8220;full_width&#8220; text_align=&#8220;left&#8220; background_animation=&#8220;none&#8220; css_animation=&#8220;&#8220;][vc_column width=&#8220;2\/3&#8243;][vc_column_text]<em><strong>Frauenlauf 2021<\/strong><\/em>[\/vc_column_text][\/vc_column][vc_column width=&#8220;1\/3&#8243;][\/vc_column][\/vc_row][vc_row row_type=&#8220;row&#8220; use_row_as_full_screen_section=&#8220;no&#8220; type=&#8220;full_width&#8220; text_align=&#8220;left&#8220; background_animation=&#8220;none&#8220; css_animation=&#8220;&#8220;][vc_column][vc_empty_space][\/vc_column][\/vc_row][vc_row row_type=&#8220;row&#8220; use_row_as_full_screen_section=&#8220;no&#8220; type=&#8220;full_width&#8220; text_align=&#8220;left&#8220; background_animation=&#8220;none&#8220; css_animation=&#8220;&#8220;][vc_column][vc_column_text]<\/p>\n<div class=\"articletext\"><\/div>\n<div class=\"articleinfos\">\n<p class=\"article-title ng-binding\">Kanti Wettingen am Frauenlauf 2021 in Bern &#8211; Der Schweizerische Frauenlauf konnte dieses Jahr wieder durchgef\u00fchrt werden.<\/p>\n<p>&nbsp;<\/p>\n<p>Nach der letztj\u00e4hrigen Absage hiess es in diesem Jahr vom 26. bis 29. August endlich wieder \u00abAuf die Pl\u00e4tze \u2013 fertig \u2013 los!\u00bb am Schweizer Frauenlauf in Bern. Die Kanti Wettingen reiste auch dieses Mal mit einer Gruppe motivierter L\u00e4uferinnen in die Bundeshauptstadt, um sich der sportlichen Herausforderung auf der Laufstrecke zu stellen. Trotz neuer Streckenf\u00fchrung durch den Bremgartenwald und ungewohnt wenigen Zuschauern wurde der Lauf f\u00fcr alle Teilnehmerinnen zu einem unvergesslichen Erlebnis. Alle L\u00e4uferinnen der KSWE gaben ihr Bestes und bewiesen viel Durchhaltewille und Teamgeist.<\/p>\n<p>&nbsp;<\/p>\n<p>Zur Belohnung wurde jede Einzelne nach 5km beim Einlaufen ins Stadion Neufeld vom Speaker auf den letzten Metern bis \u00fcber die Ziellinie angefeuert. Anschliessend durften die \u00abFinisherinnen\u00bb das diesj\u00e4hrige neongelbe Frauenlauf T-Shirt und einen Turnsack als Erinnerungsgeschenk in Empfang nehmen. Zum Schluss erhielt jede L\u00e4uferin noch eine Rose.<\/p>\n<p>&nbsp;<\/p>\n<p>Mit Isabelle Beyer (3. Rang U18 Juniorinnen) und Vera Baumann (12. Rang U20 Juniorinnen) ist die Kanti Wettingen sogar an der Spitze der Rangliste vertreten. Herzliche Gratulation den beiden L\u00e4uferinnen zu diesen super Leistungen!<\/p>\n<p>&nbsp;<\/p>\n<p>An dieser Stelle m\u00f6chten wir ein herzliches Dankesch\u00f6n an Frau Blum und Frau Humbel richten, welche den Event organisiert und uns an den Frauenlauf begleitet haben!<\/p>\n<p>&nbsp;<\/p>\n<p>Alessia Wigger G4B, Aline von Hoff G4F<\/p>\n<\/div>\n<div class=\"articleend\"><\/div>\n<p>[\/vc_column_text][\/vc_column][\/vc_row][vc_row row_type=&#8220;row&#8220; use_row_as_full_screen_section=&#8220;no&#8220; type=&#8220;full_width&#8220; text_align=&#8220;left&#8220; background_animation=&#8220;none&#8220; css_animation=&#8220;&#8220;][vc_column][vc_empty_space][\/vc_column][\/vc_row][vc_row row_type=&#8220;row&#8220; use_row_as_full_screen_section=&#8220;no&#8220; type=&#8220;full_width&#8220; text_align=&#8220;left&#8220; background_animation=&#8220;none&#8220; css_animation=&#8220;&#8220;][vc_column width=&#8220;5\/6&#8243;][vc_column_text]<\/p>\n<ul>\n<li style=\"text-align: left\"><a href=\"https:\/\/fs.kswe.ch\/spo\/frauenlauf\/\" target=\"_blank\" rel=\"noopener\"><span style=\"color: #800000\">zur\u00fcck<\/span><\/a><\/li>\n<\/ul>\n<p>[\/vc_column_text][\/vc_column][vc_column width=&#8220;1\/6&#8243;][\/vc_column][\/vc_row][vc_row row_type=&#8220;row&#8220; use_row_as_full_screen_section=&#8220;no&#8220; type=&#8220;full_width&#8220; text_align=&#8220;left&#8220; background_animation=&#8220;none&#8220; css_animation=&#8220;&#8220;][vc_column][vc_empty_space height=&#8220;12px&#8220;][vc_separator type=&#8220;normal&#8220; border_style=&#8220;&#8220;][vc_empty_space][\/vc_column][\/vc_row][vc_row row_type=&#8220;row&#8220; use_row_as_full_screen_section=&#8220;no&#8220; type=&#8220;full_width&#8220; text_align=&#8220;left&#8220; background_animation=&#8220;none&#8220; css_animation=&#8220;&#8220;][vc_column][vc_column_text]Bildergalerie[\/vc_column_text][\/vc_column][\/vc_row][vc_row row_type=&#8220;row&#8220; use_row_as_full_screen_section=&#8220;no&#8220; type=&#8220;full_width&#8220; text_align=&#8220;left&#8220; background_animation=&#8220;none&#8220; css_animation=&#8220;&#8220;][vc_column][vc_empty_space][\/vc_column][\/vc_row][vc_row row_type=&#8220;row&#8220; use_row_as_full_screen_section=&#8220;no&#8220; type=&#8220;full_width&#8220; text_align=&#8220;left&#8220; background_animation=&#8220;none&#8220; css_animation=&#8220;&#8220;][vc_column][vc_gallery type=&#8220;image_grid&#8220; images=&#8220;11228,11227,11226&#8243; img_size=&#8220;full&#8220; onclick=&#8220;&#8220; column_number=&#8220;0&#8243; grayscale=&#8220;no&#8220; space_between_images=&#8220;no&#8220;][\/vc_column][\/vc_row]<\/p>\n<\/div>","protected":false},"excerpt":{"rendered":"<p>[vc_row row_type=&#8220;row&#8220; use_row_as_full_screen_section=&#8220;no&#8220; type=&#8220;full_width&#8220; text_align=&#8220;left&#8220; background_animation=&#8220;none&#8220; css_animation=&#8220;&#8220;][vc_column width=&#8220;2\/3&#8243;][vc_column_text]Frauenlauf 2021[\/vc_column_text][\/vc_column][vc_column width=&#8220;1\/3&#8243;][\/vc_column][\/vc_row][vc_row row_type=&#8220;row&#8220; use_row_as_full_screen_section=&#8220;no&#8220; type=&#8220;full_width&#8220; text_align=&#8220;left&#8220; background_animation=&#8220;none&#8220; css_animation=&#8220;&#8220;][vc_column][vc_empty_space][\/vc_column][\/vc_row][vc_row row_type=&#8220;row&#8220; use_row_as_full_screen_section=&#8220;no&#8220; type=&#8220;full_width&#8220; text_align=&#8220;left&#8220; background_animation=&#8220;none&#8220; css_animation=&#8220;&#8220;][vc_column][vc_column_text] Kanti Wettingen am Frauenlauf 2021 in Bern &#8211; Der Schweizerische Frauenlauf konnte dieses Jahr wieder durchgef\u00fchrt werden. &nbsp; Nach der letztj\u00e4hrigen Absage hiess&#8230;<\/p>\n","protected":false},"author":10,"featured_media":0,"parent":0,"menu_order":0,"comment_status":"closed","ping_status":"closed","template":"","meta":{"footnotes":""},"class_list":["post-11213","page","type-page","status-publish","hentry"],"_links":{"self":[{"href":"https:\/\/fs.kswe.ch\/spo\/wp-json\/wp\/v2\/pages\/11213","targetHints":{"allow":["GET"]}}],"collection":[{"href":"https:\/\/fs.kswe.ch\/spo\/wp-json\/wp\/v2\/pages"}],"about":[{"href":"https:\/\/fs.kswe.ch\/spo\/wp-json\/wp\/v2\/types\/page"}],"author":[{"embeddable":true,"href":"https:\/\/fs.kswe.ch\/spo\/wp-json\/wp\/v2\/users\/10"}],"replies":[{"embeddable":true,"href":"https:\/\/fs.kswe.ch\/spo\/wp-json\/wp\/v2\/comments?post=11213"}],"version-history":[{"count":10,"href":"https:\/\/fs.kswe.ch\/spo\/wp-json\/wp\/v2\/pages\/11213\/revisions"}],"predecessor-version":[{"id":11230,"href":"https:\/\/fs.kswe.ch\/spo\/wp-json\/wp\/v2\/pages\/11213\/revisions\/11230"}],"wp:attachment":[{"href":"https:\/\/fs.kswe.ch\/spo\/wp-json\/wp\/v2\/media?parent=11213"}],"curies":[{"name":"wp","href":"https:\/\/api.w.org\/{rel}","templated":true}]}}