{"id":11103,"date":"2021-07-02T23:58:08","date_gmt":"2021-07-02T21:58:08","guid":{"rendered":"https:\/\/fs.kswe.ch\/spo\/?page_id=11103"},"modified":"2021-07-07T14:26:39","modified_gmt":"2021-07-07T12:26:39","slug":"sporttag21","status":"publish","type":"page","link":"https:\/\/fs.kswe.ch\/spo\/sporttag21\/","title":{"rendered":"Sporttag21"},"content":{"rendered":"<div class=\"wpb-content-wrapper\"><p>[vc_row row_type=&#8220;row&#8220; use_row_as_full_screen_section=&#8220;no&#8220; type=&#8220;full_width&#8220; text_align=&#8220;left&#8220; background_animation=&#8220;none&#8220; css_animation=&#8220;&#8220;][vc_column width=&#8220;2\/3&#8243;][vc_column_text]<strong><em>Sporttag 2021 &#8211; <b><span data-contrast=\"auto\">VirusVeruss<\/span><\/b><br \/>\n<\/em><\/strong>[\/vc_column_text][\/vc_column][vc_column width=&#8220;1\/3&#8243;][\/vc_column][\/vc_row][vc_row row_type=&#8220;row&#8220; use_row_as_full_screen_section=&#8220;no&#8220; type=&#8220;full_width&#8220; text_align=&#8220;left&#8220; background_animation=&#8220;none&#8220; css_animation=&#8220;&#8220;][vc_column][vc_empty_space][\/vc_column][\/vc_row][vc_row row_type=&#8220;row&#8220; use_row_as_full_screen_section=&#8220;no&#8220; type=&#8220;full_width&#8220; text_align=&#8220;left&#8220; background_animation=&#8220;none&#8220; css_animation=&#8220;&#8220;][vc_column][vc_column_text]Der Sporttag \u2014 oder besser gesagt <b>die<\/b> Sporttage 2021 waren ein grosser Erfolg. W\u00e4hrend jeweils einer halben Stunde haben die Studierenden klassenweise acht unterschiedliche Posten absolviert. Es wurde gedreht, gefangen, geh\u00fcpft, gezielt, gerannt, geh\u00e4mmert und vieles mehr.<\/p>\n<p>&nbsp;<\/p>\n<p>Das Highlight beider Tage war der Dancemob am Schluss des Tages mit allen Teilnehmenden auf der oberen Wiese des Sportplatzes. Mit toller Musik und grosser Begeisterung tanzen sich die Beteiligten in den wohl verdienten Feierabend. Der stimmungsvolle Abschluss wurde von Daniel Margadant sogar per Drohne gefilmt \u2014 herzlichen Dank hierf\u00fcr. Die Bilder und Filme mit den unterschiedlichen T\u00e4nzen sind unten verlinkt, es lohnt sich sie anzuschauen!<\/p>\n<p>&nbsp;<\/p>\n<p>Es bleiben tolle Eindr\u00fccke des wieder einmal belebten KSWE\u2013Campus. Wir danken f\u00fcr die gute Stimmung und, trotz Regen am Donnerstag, f\u00fcr den super Einsatz der Studierenden. So kennen und sch\u00e4tzen wir unsere Sch\u00fclerinnen und Sch\u00fcler!<\/p>\n<p>&nbsp;<\/p>\n<p>Vielen Dank auch an die Lehrerinnen und Lehrer, die uns w\u00e4hrend den beiden Tagen an den Posten mit ihrer Hilfe unterst\u00fctzt haben. Sie haben das Ambiente hautnah miterlebt und der Austausch in einem anderen Rahmen als dem \u00fcblichen Schulalltag hat Spass gemacht. Ebenso geh\u00f6rt unser Dank den Mitarbeitenden des Hausdienstes, die in technischen Belangen und vielem \u00bbRundrum\u00ab zum reibungslosen Ablauf beigetragen haben.<\/p>\n<p>&nbsp;<\/p>\n<p>Nun w\u00fcnschen wir allen eine gute letzte Schulwoche und erholsame, verdiente Sommerferien. Wir freuen uns schon aufs n\u00e4chste Jahr, wo es dann wieder einmal heisst: Let\u2019s move KSWE!<\/p>\n<p>&nbsp;<\/p>\n<p>Eure Fachschaft Sport, Livia Fricker[\/vc_column_text][\/vc_column][\/vc_row][vc_row row_type=&#8220;row&#8220; use_row_as_full_screen_section=&#8220;no&#8220; type=&#8220;full_width&#8220; text_align=&#8220;left&#8220; background_animation=&#8220;none&#8220; css_animation=&#8220;&#8220;][vc_column][vc_empty_space][vc_separator type=&#8220;normal&#8220; border_style=&#8220;&#8220;][\/vc_column][\/vc_row][vc_row row_type=&#8220;row&#8220; use_row_as_full_screen_section=&#8220;no&#8220; type=&#8220;full_width&#8220; text_align=&#8220;left&#8220; background_animation=&#8220;none&#8220; css_animation=&#8220;&#8220;][vc_column width=&#8220;1\/3&#8243;][vc_column_text]<\/p>\n<ul>\n<li><a href=\"https:\/\/fs.kswe.ch\/spo\/wp-content\/uploads\/sites\/9\/2021\/07\/RanglisteMittwoch.pdf\" target=\"_blank\" rel=\"noopener\"><span style=\"color: #800000\">Rangliste Mittwoch<\/span><\/a><\/li>\n<li><a href=\"https:\/\/fs.kswe.ch\/spo\/wp-content\/uploads\/sites\/9\/2021\/07\/RanglisteDonnerstag.pdf\" target=\"_blank\" rel=\"noopener\"><span style=\"color: #800000\">Rangliste Donnerstag<\/span><\/a><\/li>\n<\/ul>\n<p>[\/vc_column_text][\/vc_column][vc_column width=&#8220;1\/3&#8243;][vc_column_text]<\/p>\n<ul>\n<li><span style=\"color: #800000\"><a style=\"color: #800000\" href=\"https:\/\/youtu.be\/cJlSc1jGbEw\" target=\"_blank\" rel=\"noopener\"><span style=\"color: #800000\">Video Mittwoch<\/span><\/a><\/span><\/li>\n<li><a href=\"https:\/\/youtu.be\/AT7qBaHSqlc\" target=\"_blank\" rel=\"noopener\"><span style=\"color: #800000\">Video Donnerstag<\/span><\/a><\/li>\n<\/ul>\n<p>[\/vc_column_text][\/vc_column][vc_column width=&#8220;1\/3&#8243;][vc_column_text]<\/p>\n<ul>\n<li style=\"text-align: right\"><a href=\"https:\/\/fs.kswe.ch\/spo\/sporttag\/\"><span style=\"color: #800000\">zur\u00fcck<\/span><\/a><\/li>\n<\/ul>\n<p>[\/vc_column_text][\/vc_column][\/vc_row][vc_row row_type=&#8220;row&#8220; use_row_as_full_screen_section=&#8220;no&#8220; type=&#8220;full_width&#8220; text_align=&#8220;left&#8220; background_animation=&#8220;none&#8220; css_animation=&#8220;&#8220;][vc_column][vc_empty_space height=&#8220;12px&#8220;][vc_separator type=&#8220;normal&#8220; border_style=&#8220;&#8220;][vc_empty_space height=&#8220;24px&#8220;][\/vc_column][\/vc_row][vc_row row_type=&#8220;row&#8220; use_row_as_full_screen_section=&#8220;no&#8220; type=&#8220;full_width&#8220; text_align=&#8220;left&#8220; background_animation=&#8220;none&#8220; css_animation=&#8220;&#8220;][vc_column][vc_column_text]<\/p>\n<ul>\n<li style=\"text-align: left\">Bildergalerie<\/li>\n<\/ul>\n<p>[\/vc_column_text][\/vc_column][\/vc_row][vc_row row_type=&#8220;row&#8220; use_row_as_full_screen_section=&#8220;no&#8220; type=&#8220;full_width&#8220; text_align=&#8220;left&#8220; background_animation=&#8220;none&#8220; css_animation=&#8220;&#8220;][vc_column][vc_empty_space][\/vc_column][\/vc_row][vc_row row_type=&#8220;row&#8220; use_row_as_full_screen_section=&#8220;no&#8220; type=&#8220;full_width&#8220; text_align=&#8220;left&#8220; background_animation=&#8220;none&#8220; css_animation=&#8220;&#8220;][vc_column][vc_gallery type=&#8220;image_grid&#8220; images=&#8220;11147,11110,11111,11112,11113,11114,11115,11116,11117,11118,11119,11120,11121,11122,11123,11124,11125,11126,11127,11128,11129,11130,11148,11146,11131,11132,11133,11151,11152,11153,11154,11155,11156,11157,11158,11159,11160,11161,11162,11163,11164,11165,11166,11167,11168,11169,11170,11171,11172,11173,11174,11175,11176,11177&#8243; img_size=&#8220;full&#8220; onclick=&#8220;&#8220; column_number=&#8220;0&#8243; grayscale=&#8220;no&#8220; space_between_images=&#8220;no&#8220;][\/vc_column][\/vc_row][vc_row row_type=&#8220;row&#8220; use_row_as_full_screen_section=&#8220;no&#8220; type=&#8220;full_width&#8220; text_align=&#8220;left&#8220; background_animation=&#8220;none&#8220; css_animation=&#8220;&#8220;][vc_column][\/vc_column][\/vc_row]<\/p>\n<\/div>","protected":false},"excerpt":{"rendered":"<p>[vc_row row_type=&#8220;row&#8220; use_row_as_full_screen_section=&#8220;no&#8220; type=&#8220;full_width&#8220; text_align=&#8220;left&#8220; background_animation=&#8220;none&#8220; css_animation=&#8220;&#8220;][vc_column width=&#8220;2\/3&#8243;][vc_column_text]Sporttag 2021 &#8211; VirusVeruss [\/vc_column_text][\/vc_column][vc_column width=&#8220;1\/3&#8243;][\/vc_column][\/vc_row][vc_row row_type=&#8220;row&#8220; use_row_as_full_screen_section=&#8220;no&#8220; type=&#8220;full_width&#8220; text_align=&#8220;left&#8220; background_animation=&#8220;none&#8220; css_animation=&#8220;&#8220;][vc_column][vc_empty_space][\/vc_column][\/vc_row][vc_row row_type=&#8220;row&#8220; use_row_as_full_screen_section=&#8220;no&#8220; type=&#8220;full_width&#8220; text_align=&#8220;left&#8220; background_animation=&#8220;none&#8220; css_animation=&#8220;&#8220;][vc_column][vc_column_text]Der Sporttag \u2014 oder besser gesagt die Sporttage 2021 waren ein grosser Erfolg. W\u00e4hrend jeweils einer halben Stunde haben die Studierenden&#8230;<\/p>\n","protected":false},"author":10,"featured_media":0,"parent":0,"menu_order":0,"comment_status":"closed","ping_status":"closed","template":"","meta":{"footnotes":""},"class_list":["post-11103","page","type-page","status-publish","hentry"],"_links":{"self":[{"href":"https:\/\/fs.kswe.ch\/spo\/wp-json\/wp\/v2\/pages\/11103","targetHints":{"allow":["GET"]}}],"collection":[{"href":"https:\/\/fs.kswe.ch\/spo\/wp-json\/wp\/v2\/pages"}],"about":[{"href":"https:\/\/fs.kswe.ch\/spo\/wp-json\/wp\/v2\/types\/page"}],"author":[{"embeddable":true,"href":"https:\/\/fs.kswe.ch\/spo\/wp-json\/wp\/v2\/users\/10"}],"replies":[{"embeddable":true,"href":"https:\/\/fs.kswe.ch\/spo\/wp-json\/wp\/v2\/comments?post=11103"}],"version-history":[{"count":12,"href":"https:\/\/fs.kswe.ch\/spo\/wp-json\/wp\/v2\/pages\/11103\/revisions"}],"predecessor-version":[{"id":11178,"href":"https:\/\/fs.kswe.ch\/spo\/wp-json\/wp\/v2\/pages\/11103\/revisions\/11178"}],"wp:attachment":[{"href":"https:\/\/fs.kswe.ch\/spo\/wp-json\/wp\/v2\/media?parent=11103"}],"curies":[{"name":"wp","href":"https:\/\/api.w.org\/{rel}","templated":true}]}}