{"id":11047,"date":"2021-03-26T00:47:35","date_gmt":"2021-03-25T23:47:35","guid":{"rendered":"https:\/\/fs.kswe.ch\/spo\/?page_id=11047"},"modified":"2021-03-26T01:02:49","modified_gmt":"2021-03-26T00:02:49","slug":"schooldanceaward21","status":"publish","type":"page","link":"https:\/\/fs.kswe.ch\/spo\/schooldanceaward21\/","title":{"rendered":"SchoolDanceAward21"},"content":{"rendered":"<div class=\"wpb-content-wrapper\"><p>[vc_row row_type=&#8220;row&#8220; use_row_as_full_screen_section=&#8220;no&#8220; type=&#8220;full_width&#8220; text_align=&#8220;left&#8220; background_animation=&#8220;none&#8220; css_animation=&#8220;&#8220;][vc_column width=&#8220;2\/3&#8243;][vc_column_text]<em><strong>Erfolg am School Dance Award 2021<br \/>\n<\/strong><\/em>[\/vc_column_text][\/vc_column][vc_column width=&#8220;1\/3&#8243;][\/vc_column][\/vc_row][vc_row row_type=&#8220;row&#8220; use_row_as_full_screen_section=&#8220;no&#8220; type=&#8220;full_width&#8220; text_align=&#8220;left&#8220; background_animation=&#8220;none&#8220; css_animation=&#8220;&#8220;][vc_column][vc_empty_space][\/vc_column][\/vc_row][vc_row row_type=&#8220;row&#8220; use_row_as_full_screen_section=&#8220;no&#8220; type=&#8220;full_width&#8220; text_align=&#8220;left&#8220; background_animation=&#8220;none&#8220; css_animation=&#8220;&#8220;][vc_column][vc_column_text]<\/p>\n<p class=\"article-title ng-binding\">Das Tanzteam der Kanti Wettingen holt den Sieg am diesj\u00e4hrigen virtuellen School Dance Award. Anders, aber nicht minder beeindruckend&#8230;<\/p>\n<p>&nbsp;<\/p>\n<p>So k\u00f6nnte man den diesj\u00e4hrigen School Dance Award 2021, den j\u00e4hrlich stattfindenen Tanzwettbewerb f\u00fcr Aargauer Sch\u00fcler*innen, umschreiben. Auch wenn die Tanz-Crews ihre Choreographien nicht wie gewohnt im Kongresshaus Aarau zeigen konnten, galt es auch dieses Jahr, die besten Choreographien bzw. T\u00e4nzer*innen des Kanton Aargau zu bestimmen.\u00a0Diesmal war auch die Siegerehrung anders: Sie fand am Samstag 20. M\u00e4rz virtuell, via Zoom-Meeting, statt. Dort verk\u00fcndete der Organisator: \u00abAll around\u00bb, die 9-k\u00f6pfige Tanzgruppe der Kanti Wettingen holt sich den ersten Platz! Die vielen investierten Trainingsstunden, die kreative Umsetzung der Ideen und vor allem auch das Durchhalteverm\u00f6gen der Tanz-Crew haben sich definitiv ausbezahlt.<\/p>\n<p>&nbsp;<\/p>\n<p>In diesem Jahr war n\u00e4mlich besonders viel Flexibilit\u00e4t, Kreativit\u00e4t und leidenschaftliches Tanzen gefragt, da die urspr\u00fcngliche Performance f\u00fcr die B\u00fchne nicht wie geplant im Januar vor vollen Zuschauerr\u00e4ngen gezeigt werden konnte. Schliesslich wurde vom Organisator, dem Departement BKS, eine Video-Challenge ins Leben gerufen, selbstverst\u00e4ndlich unter Einhaltung der geltenden Schutzmassnahmen, d.h. mit Maske und mindestens 1.5m Abstand. Demzufolge musste ein beachtlicher Teil der Choreographie angepasst werden, neue Ideen waren gefragt \u2014 und die Bewertungskriterien ver\u00e4nderten sich dementsprechend auch. Nicht ganz einfach&#8230; doch die Tanzgruppe der KSWE verfolgte weiterhin mit viel Elan und Begeisterung am Tanzen das Ziel, den Sieg am School Dance Award 2021 zu holen. Mit Erfolg! Sie \u00fcberzeugten die Jury mit ihrem Tanzvideo, das u.a. das Thema Sch\u00f6nheitsideale t\u00e4nzerisch im Spiegel betrachtet.<\/p>\n<p>&nbsp;<\/p>\n<ul>\n<li><span style=\"color: #800000\"><a style=\"color: #800000\" href=\"https:\/\/youtu.be\/DFmY4K8YI_s\" target=\"_blank\" rel=\"noopener\"><span style=\"color: #0000ff\"><span style=\"color: #800000\">Hier k\u00f6nnt ihr euch selber vom Produkt \u00fcberzeugen<\/span><\/span><\/a>.<\/span><\/li>\n<\/ul>\n<p>&nbsp;<\/p>\n<p>Wir gratulieren den T\u00e4nzerinnen ganz herzlich zum Sieg- und w\u00fcnschen ihnen auch f\u00fcr die Zukunft viel Freude und Leidenschaft beim Tanzen.<\/p>\n<p>&nbsp;<\/p>\n<p>Fachschaft Sport, Manuela Blum[\/vc_column_text][\/vc_column][\/vc_row][vc_row row_type=&#8220;row&#8220; use_row_as_full_screen_section=&#8220;no&#8220; type=&#8220;full_width&#8220; text_align=&#8220;left&#8220; background_animation=&#8220;none&#8220; css_animation=&#8220;&#8220;][vc_column width=&#8220;5\/6&#8243;][vc_column_text]<\/p>\n<ul>\n<li style=\"text-align: left\"><a href=\"https:\/\/fs.kswe.ch\/spo\/schooldanceaward\/\"><span style=\"color: #800000\">zur\u00fcck<\/span><\/a><\/li>\n<\/ul>\n<p>[\/vc_column_text][\/vc_column][vc_column width=&#8220;1\/6&#8243;][\/vc_column][\/vc_row][vc_row row_type=&#8220;row&#8220; use_row_as_full_screen_section=&#8220;no&#8220; type=&#8220;full_width&#8220; text_align=&#8220;left&#8220; background_animation=&#8220;none&#8220; css_animation=&#8220;&#8220;][vc_column][vc_empty_space height=&#8220;12px&#8220;][vc_separator type=&#8220;normal&#8220; border_style=&#8220;&#8220;][vc_empty_space][\/vc_column][\/vc_row][vc_row row_type=&#8220;row&#8220; use_row_as_full_screen_section=&#8220;no&#8220; type=&#8220;full_width&#8220; text_align=&#8220;left&#8220; background_animation=&#8220;none&#8220; css_animation=&#8220;&#8220;][vc_column][vc_gallery type=&#8220;image_grid&#8220; images=&#8220;11044,11043,11042,11041,11040,11039,11038,11037,11036,11035,11034,11033,11031,11030,11029,11028,11027,11032&#8243; img_size=&#8220;full&#8220; onclick=&#8220;&#8220; column_number=&#8220;0&#8243; grayscale=&#8220;no&#8220; space_between_images=&#8220;no&#8220;][\/vc_column][\/vc_row]<\/p>\n<\/div>","protected":false},"excerpt":{"rendered":"<p>[vc_row row_type=&#8220;row&#8220; use_row_as_full_screen_section=&#8220;no&#8220; type=&#8220;full_width&#8220; text_align=&#8220;left&#8220; background_animation=&#8220;none&#8220; css_animation=&#8220;&#8220;][vc_column width=&#8220;2\/3&#8243;][vc_column_text]Erfolg am School Dance Award 2021 [\/vc_column_text][\/vc_column][vc_column width=&#8220;1\/3&#8243;][\/vc_column][\/vc_row][vc_row row_type=&#8220;row&#8220; use_row_as_full_screen_section=&#8220;no&#8220; type=&#8220;full_width&#8220; text_align=&#8220;left&#8220; background_animation=&#8220;none&#8220; css_animation=&#8220;&#8220;][vc_column][vc_empty_space][\/vc_column][\/vc_row][vc_row row_type=&#8220;row&#8220; use_row_as_full_screen_section=&#8220;no&#8220; type=&#8220;full_width&#8220; text_align=&#8220;left&#8220; background_animation=&#8220;none&#8220; css_animation=&#8220;&#8220;][vc_column][vc_column_text] Das Tanzteam der Kanti Wettingen holt den Sieg am diesj\u00e4hrigen virtuellen School Dance Award. Anders, aber nicht minder&#8230;<\/p>\n","protected":false},"author":10,"featured_media":0,"parent":0,"menu_order":0,"comment_status":"closed","ping_status":"closed","template":"","meta":{"footnotes":""},"class_list":["post-11047","page","type-page","status-publish","hentry"],"_links":{"self":[{"href":"https:\/\/fs.kswe.ch\/spo\/wp-json\/wp\/v2\/pages\/11047","targetHints":{"allow":["GET"]}}],"collection":[{"href":"https:\/\/fs.kswe.ch\/spo\/wp-json\/wp\/v2\/pages"}],"about":[{"href":"https:\/\/fs.kswe.ch\/spo\/wp-json\/wp\/v2\/types\/page"}],"author":[{"embeddable":true,"href":"https:\/\/fs.kswe.ch\/spo\/wp-json\/wp\/v2\/users\/10"}],"replies":[{"embeddable":true,"href":"https:\/\/fs.kswe.ch\/spo\/wp-json\/wp\/v2\/comments?post=11047"}],"version-history":[{"count":10,"href":"https:\/\/fs.kswe.ch\/spo\/wp-json\/wp\/v2\/pages\/11047\/revisions"}],"predecessor-version":[{"id":11057,"href":"https:\/\/fs.kswe.ch\/spo\/wp-json\/wp\/v2\/pages\/11047\/revisions\/11057"}],"wp:attachment":[{"href":"https:\/\/fs.kswe.ch\/spo\/wp-json\/wp\/v2\/media?parent=11047"}],"curies":[{"name":"wp","href":"https:\/\/api.w.org\/{rel}","templated":true}]}}