{"id":10888,"date":"2020-10-13T00:59:55","date_gmt":"2020-10-12T22:59:55","guid":{"rendered":"https:\/\/fs.kswe.ch\/spo\/?page_id=10888"},"modified":"2020-10-13T01:23:21","modified_gmt":"2020-10-12T23:23:21","slug":"msmfb20","status":"publish","type":"page","link":"https:\/\/fs.kswe.ch\/spo\/msmfb20\/","title":{"rendered":"MSMFB20"},"content":{"rendered":"<div class=\"wpb-content-wrapper\"><p>[vc_row row_type=&#8220;row&#8220; use_row_as_full_screen_section=&#8220;no&#8220; type=&#8220;full_width&#8220; text_align=&#8220;left&#8220; background_animation=&#8220;none&#8220; css_animation=&#8220;&#8220;][vc_column width=&#8220;2\/3&#8243;][vc_empty_space height=&#8220;24px&#8220;][vc_column_text]<em><strong>MSM Fussball &#8211; 17. September 2020<br \/>\n<\/strong><\/em>[\/vc_column_text][\/vc_column][vc_column width=&#8220;1\/3&#8243;][\/vc_column][\/vc_row][vc_row row_type=&#8220;row&#8220; use_row_as_full_screen_section=&#8220;no&#8220; type=&#8220;full_width&#8220; text_align=&#8220;left&#8220; background_animation=&#8220;none&#8220; css_animation=&#8220;&#8220;][vc_column][vc_empty_space][\/vc_column][\/vc_row][vc_row row_type=&#8220;row&#8220; use_row_as_full_screen_section=&#8220;no&#8220; type=&#8220;full_width&#8220; text_align=&#8220;left&#8220; background_animation=&#8220;none&#8220; css_animation=&#8220;&#8220;][vc_column][vc_column_text]<strong>Sieg der Kanti Wettingen an der Aargauer Fussball Mittelschulmeisterschaft<\/strong><\/p>\n<div class=\"articleinfos\">\n<p>&nbsp;<\/p>\n<\/div>\n<p>Am Donnerstagnachmittag, 17. September 2020 bestritten die Fussballer*innen der KSWE die diesj\u00e4hrige Aargauer Fussball\u00a0Mittelschulmeisterschaft. Das M\u00e4nnerteam feiert dabei den ersten Sieg seit 20 Jahren.<\/p>\n<p>&nbsp;<\/p>\n<p>Das Turnier startete f\u00fcr die M\u00e4nner direkt gegen den Nachbarskonkurrenten Kanti Baden. Dank einem Treffer von Severin Luggen ging das Team fr\u00fch mit 1-0 in F\u00fchrung, musste aber noch einen Gegentreffer hinnehmen. Das Derby endete somit mit 1-1. Danach kam es zum Duell gegen den vermeintlich st\u00e4rksten Gegner Alte Kanti Aarau. Dank der konzentrierten Defensivarbeit, einem Treffer von Joshua Iyare und einigen Glanztaten von Torwart Alis Durmisi konnte das Spiel verdient mit 1-0 gewonnen werden. Im dritten Spiel spielte das Team gegen die Kanti Wohlen. Die Wettinger konnten dank einem Weitschuss von Cyrill Meier und einem sch\u00f6nen Tunnel von Severin Luggen den zweiten Sieg (2-1) einfahren. Im vierten und letzten Gruppenspiel war der Gruppensieg und der damit verbundene Finaleinzug schon definitiv. Das Spiel endete mit 0-0.<\/p>\n<p>&nbsp;<\/p>\n<p>Im Final traf das Team erneut auf den Rivalen Kanti Baden, der sich im Elfmeterschiessen gegen die Alte Kanti Aarau durchsetzen konnte. Das Team agierte geduldig und versuchte hin und wieder Nadelstiche zu setzen. So konnte ziemlich fr\u00fch ein sch\u00f6n herausgespielter Konter von Hugo Chabin zum 1-0 vollendet werden. Mit dem Vorsprung im R\u00fccken \u00fcbte die Mannschaft konstant Druck auf die Kanti Baden aus. Schlussendlich konnte Michael Stifter nach einem weiteren sch\u00f6nen Spielzug zum verdienten Schussresultat von 2-0 einnetzen.<\/p>\n<p>&nbsp;<\/p>\n<p>Somit holt das Team nach \u00fcber 20 Jahren zum ersten Mal den Wanderpokal f\u00fcr die KSWE, ganz zur Freude der abwesenden Lehrperson Lukas Binggeli. Gleichzeitig qualifiziert man sich mit dem Turniersieg auch f\u00fcr die Schweizermeisterschaft im Fr\u00fchling.<\/p>\n<p>&nbsp;<\/p>\n<p><span style=\"font-size: 12.0pt\">Michael Stifter G4E<\/span><\/p>\n<p>&nbsp;<\/p>\n<ul>\n<li><span style=\"color: #800000\"><a style=\"color: #800000\" href=\"https:\/\/fs.kswe.ch\/spo\/wp-content\/uploads\/sites\/9\/2020\/10\/ResultateFussball.2020.pdf\" target=\"_blank\" rel=\"noopener noreferrer\"><span style=\"color: #800000\">Resultate<\/span><\/a><\/span><\/li>\n<\/ul>\n<p>[\/vc_column_text][\/vc_column][\/vc_row][vc_row row_type=&#8220;row&#8220; use_row_as_full_screen_section=&#8220;no&#8220; type=&#8220;full_width&#8220; text_align=&#8220;left&#8220; background_animation=&#8220;none&#8220; css_animation=&#8220;&#8220;][vc_column][vc_empty_space][\/vc_column][\/vc_row][vc_row row_type=&#8220;row&#8220; use_row_as_full_screen_section=&#8220;no&#8220; type=&#8220;full_width&#8220; text_align=&#8220;left&#8220; background_animation=&#8220;none&#8220; css_animation=&#8220;&#8220;][vc_column][vc_empty_space height=&#8220;24px&#8220;][\/vc_column][\/vc_row][vc_row row_type=&#8220;row&#8220; use_row_as_full_screen_section=&#8220;no&#8220; type=&#8220;full_width&#8220; text_align=&#8220;left&#8220; background_animation=&#8220;none&#8220; css_animation=&#8220;&#8220;][vc_column][vc_single_image image=&#8220;10899&#8243; img_size=&#8220;large&#8220; qode_css_animation=&#8220;&#8220;][\/vc_column][\/vc_row][vc_row row_type=&#8220;row&#8220; use_row_as_full_screen_section=&#8220;no&#8220; type=&#8220;full_width&#8220; text_align=&#8220;left&#8220; background_animation=&#8220;none&#8220; css_animation=&#8220;&#8220;][vc_column][vc_empty_space][vc_column_text]Foto: hinten v. links: Wolfgang Osterhage (G3I), Cyrill Meier (G4I), Michael Stifter (G4E), Joshua Iyare (G3I), Dominic Gazzetta (Praktikant, Ersatz Lukas Binggeli)<br \/>\nvorne v. links: Alis Durmisi (G3H), Pablo Gianni (G4F), Remo Frei (G4E) Severin Luggen (G4F), Hugo Chabin (F2D)[\/vc_column_text][\/vc_column][\/vc_row][vc_row row_type=&#8220;row&#8220; use_row_as_full_screen_section=&#8220;no&#8220; type=&#8220;full_width&#8220; text_align=&#8220;left&#8220; background_animation=&#8220;none&#8220; css_animation=&#8220;&#8220;][vc_column][vc_empty_space][\/vc_column][\/vc_row][vc_row row_type=&#8220;row&#8220; use_row_as_full_screen_section=&#8220;no&#8220; type=&#8220;full_width&#8220; text_align=&#8220;left&#8220; background_animation=&#8220;none&#8220; css_animation=&#8220;&#8220;][vc_column][vc_column_text]<\/p>\n<ul>\n<li style=\"text-align: left\"><a href=\"https:\/\/fs.kswe.ch\/spo\/mittelschulmeisterschaften\/\"><span style=\"color: #800000\">zur\u00fcck<\/span><\/a><\/li>\n<\/ul>\n<p>[\/vc_column_text][\/vc_column][\/vc_row][vc_row row_type=&#8220;row&#8220; use_row_as_full_screen_section=&#8220;no&#8220; type=&#8220;full_width&#8220; text_align=&#8220;left&#8220; background_animation=&#8220;none&#8220; css_animation=&#8220;&#8220;][vc_column][vc_empty_space height=&#8220;60px&#8220;][\/vc_column][\/vc_row]<\/p>\n<\/div>","protected":false},"excerpt":{"rendered":"<p>[vc_row row_type=&#8220;row&#8220; use_row_as_full_screen_section=&#8220;no&#8220; type=&#8220;full_width&#8220; text_align=&#8220;left&#8220; background_animation=&#8220;none&#8220; css_animation=&#8220;&#8220;][vc_column width=&#8220;2\/3&#8243;][vc_empty_space height=&#8220;24px&#8220;][vc_column_text]MSM Fussball &#8211; 17. September 2020 [\/vc_column_text][\/vc_column][vc_column width=&#8220;1\/3&#8243;][\/vc_column][\/vc_row][vc_row row_type=&#8220;row&#8220; use_row_as_full_screen_section=&#8220;no&#8220; type=&#8220;full_width&#8220; text_align=&#8220;left&#8220; background_animation=&#8220;none&#8220; css_animation=&#8220;&#8220;][vc_column][vc_empty_space][\/vc_column][\/vc_row][vc_row row_type=&#8220;row&#8220; use_row_as_full_screen_section=&#8220;no&#8220; type=&#8220;full_width&#8220; text_align=&#8220;left&#8220; background_animation=&#8220;none&#8220; css_animation=&#8220;&#8220;][vc_column][vc_column_text]Sieg der Kanti Wettingen an der Aargauer Fussball Mittelschulmeisterschaft &nbsp; Am Donnerstagnachmittag, 17. September 2020 bestritten die Fussballer*innen&#8230;<\/p>\n","protected":false},"author":10,"featured_media":0,"parent":0,"menu_order":0,"comment_status":"closed","ping_status":"closed","template":"","meta":{"footnotes":""},"class_list":["post-10888","page","type-page","status-publish","hentry"],"_links":{"self":[{"href":"https:\/\/fs.kswe.ch\/spo\/wp-json\/wp\/v2\/pages\/10888","targetHints":{"allow":["GET"]}}],"collection":[{"href":"https:\/\/fs.kswe.ch\/spo\/wp-json\/wp\/v2\/pages"}],"about":[{"href":"https:\/\/fs.kswe.ch\/spo\/wp-json\/wp\/v2\/types\/page"}],"author":[{"embeddable":true,"href":"https:\/\/fs.kswe.ch\/spo\/wp-json\/wp\/v2\/users\/10"}],"replies":[{"embeddable":true,"href":"https:\/\/fs.kswe.ch\/spo\/wp-json\/wp\/v2\/comments?post=10888"}],"version-history":[{"count":10,"href":"https:\/\/fs.kswe.ch\/spo\/wp-json\/wp\/v2\/pages\/10888\/revisions"}],"predecessor-version":[{"id":10902,"href":"https:\/\/fs.kswe.ch\/spo\/wp-json\/wp\/v2\/pages\/10888\/revisions\/10902"}],"wp:attachment":[{"href":"https:\/\/fs.kswe.ch\/spo\/wp-json\/wp\/v2\/media?parent=10888"}],"curies":[{"name":"wp","href":"https:\/\/api.w.org\/{rel}","templated":true}]}}