{"id":10104,"date":"2019-12-22T01:56:04","date_gmt":"2019-12-22T00:56:04","guid":{"rendered":"https:\/\/fs.kswe.ch\/spo\/?page_id=10104"},"modified":"2020-01-27T11:58:18","modified_gmt":"2020-01-27T10:58:18","slug":"volleynight19","status":"publish","type":"page","link":"https:\/\/fs.kswe.ch\/spo\/volleynight19\/","title":{"rendered":"Volleynight19"},"content":{"rendered":"<div class=\"wpb-content-wrapper\"><p>[vc_row row_type=&#8220;row&#8220; use_row_as_full_screen_section=&#8220;no&#8220; type=&#8220;full_width&#8220; text_align=&#8220;left&#8220; background_animation=&#8220;none&#8220; css_animation=&#8220;&#8220;][vc_column][vc_empty_space height=&#8220;24px&#8220;][vc_column_text]<em><strong>Volleynight 2019<br \/>\n<\/strong><\/em>[\/vc_column_text][\/vc_column][\/vc_row][vc_row row_type=&#8220;row&#8220; use_row_as_full_screen_section=&#8220;no&#8220; type=&#8220;full_width&#8220; text_align=&#8220;left&#8220; background_animation=&#8220;none&#8220; css_animation=&#8220;&#8220;][vc_column][vc_empty_space][\/vc_column][\/vc_row][vc_row row_type=&#8220;row&#8220; use_row_as_full_screen_section=&#8220;no&#8220; type=&#8220;full_width&#8220; text_align=&#8220;left&#8220; background_animation=&#8220;none&#8220; css_animation=&#8220;&#8220;][vc_column][vc_column_text]Am Freitag vor den Weihnachtsferien fand wie jedes Jahr die Volleynight statt. F\u00fcr viele Sch\u00fcler und Sch\u00fclerinnen ein sportlicher H\u00f6hepunkt vor den Festtagen. Auch dieses Jahr meldeten sich wieder 42 motivierte Teams f\u00fcr das Turnier an, ca. 450 Sch\u00fcler und Sch\u00fclerinnen, welche bis Mitternacht um Punkte rangen.<\/p>\n<p>&nbsp;<\/p>\n<p>Nach 147 Spielen standen die Sieger fest. In der Kategorie Frauen konnte das Team \u201eMitglied aber ohni\u201c bestehend aus Sch\u00fclerinnen der Klassen G4B das Turnier f\u00fcr sich entscheiden, in der Kategorie Mixed ging das Team \u201eChlini Geissli\u201c mit Sch\u00fcler und Sch\u00fclerinnen der Klassen G4C\/G3G\/G1H als Sieger hervor!<\/p>\n<p>&nbsp;<\/p>\n<p>Einmal mehr war die Volleynight 2019 ein gelungener Anlass, der das Jahr an der Kantonsschule Wettingen mit bester Stimmung abrundete.<\/p>\n<p>&nbsp;<\/p>\n<p>Die Fachschaft Sport bedankt sich bei allen Teilnehmern ganz herzlich f\u00fcr die gute Stimmung und die tolle Motivation &#8211; wir freuen uns bereits jetzt auf den n\u00e4chstj\u00e4hrigen Event!<\/p>\n<p>&nbsp;<\/p>\n<p>Wir gratulieren den Siegerteams ganz herzlich zum Erfolg!<\/p>\n<p>&nbsp;<\/p>\n<p>Text: Rico Hirschb\u00fchl<\/p>\n<p>Photos: Martin Rizek[\/vc_column_text][\/vc_column][\/vc_row][vc_row row_type=&#8220;row&#8220; use_row_as_full_screen_section=&#8220;no&#8220; type=&#8220;full_width&#8220; text_align=&#8220;left&#8220; background_animation=&#8220;none&#8220; css_animation=&#8220;&#8220;][vc_column][vc_empty_space][vc_separator type=&#8220;normal&#8220; border_style=&#8220;&#8220;][\/vc_column][\/vc_row][vc_row row_type=&#8220;row&#8220; use_row_as_full_screen_section=&#8220;no&#8220; type=&#8220;full_width&#8220; text_align=&#8220;left&#8220; background_animation=&#8220;none&#8220; css_animation=&#8220;&#8220;][vc_column width=&#8220;5\/6&#8243;][vc_column_text]<\/p>\n<ul>\n<li><a href=\"https:\/\/fs.kswe.ch\/spo\/wp-content\/uploads\/sites\/9\/2019\/12\/VolleyNight2019_Rangliste.pdf\" target=\"_blank\" rel=\"noopener noreferrer\"><span style=\"color: #800000\">Rangliste<\/span><\/a><\/li>\n<\/ul>\n<p>[\/vc_column_text][\/vc_column][vc_column width=&#8220;1\/6&#8243;][vc_column_text]<\/p>\n<ul>\n<li style=\"text-align: right\"><a href=\"https:\/\/fs.kswe.ch\/spo\/volleynight\/\"><span style=\"color: #800000\">zur\u00fcck<\/span><\/a><\/li>\n<\/ul>\n<p>[\/vc_column_text][\/vc_column][\/vc_row][vc_row row_type=&#8220;row&#8220; use_row_as_full_screen_section=&#8220;no&#8220; type=&#8220;full_width&#8220; text_align=&#8220;left&#8220; background_animation=&#8220;none&#8220; css_animation=&#8220;&#8220;][vc_column][vc_empty_space height=&#8220;12px&#8220;][vc_separator type=&#8220;normal&#8220; border_style=&#8220;&#8220;][vc_empty_space][\/vc_column][\/vc_row][vc_row row_type=&#8220;row&#8220; use_row_as_full_screen_section=&#8220;no&#8220; type=&#8220;full_width&#8220; text_align=&#8220;left&#8220; background_animation=&#8220;none&#8220; css_animation=&#8220;&#8220;][vc_column][vc_column_text]Bildergalerie[\/vc_column_text][\/vc_column][\/vc_row][vc_row row_type=&#8220;row&#8220; use_row_as_full_screen_section=&#8220;no&#8220; type=&#8220;full_width&#8220; text_align=&#8220;left&#8220; background_animation=&#8220;none&#8220; css_animation=&#8220;&#8220;][vc_column][vc_empty_space][\/vc_column][\/vc_row][vc_row row_type=&#8220;row&#8220; use_row_as_full_screen_section=&#8220;no&#8220; type=&#8220;full_width&#8220; text_align=&#8220;left&#8220; background_animation=&#8220;none&#8220; css_animation=&#8220;&#8220;][vc_column][vc_gallery type=&#8220;image_grid&#8220; images=&#8220;10241,10240,10239,10238,10237,10236,10235,10234,10233,10232,10231,10230,10229,10228,10227,10226,10225,10224,10223,10222,10221,10220,10219,10218,10217,10216,10215,10214,10213,10212,10211,10210,10209,10208,10207,10206,10205,10204,10203,10202,10201,10200,10199,10198,10197,10196,10195,10194,10193,10192,10191,10190,10189,10188,10187,10186,10185,10184,10183,10182,10181,10180,10179,10178,10177,10176,10175,10174,10173,10172&#8243; img_size=&#8220;full&#8220; onclick=&#8220;&#8220; column_number=&#8220;0&#8243; grayscale=&#8220;no&#8220; space_between_images=&#8220;no&#8220;][\/vc_column][\/vc_row]<\/p>\n<\/div>","protected":false},"excerpt":{"rendered":"<p>[vc_row row_type=&#8220;row&#8220; use_row_as_full_screen_section=&#8220;no&#8220; type=&#8220;full_width&#8220; text_align=&#8220;left&#8220; background_animation=&#8220;none&#8220; css_animation=&#8220;&#8220;][vc_column][vc_empty_space height=&#8220;24px&#8220;][vc_column_text]Volleynight 2019 [\/vc_column_text][\/vc_column][\/vc_row][vc_row row_type=&#8220;row&#8220; use_row_as_full_screen_section=&#8220;no&#8220; type=&#8220;full_width&#8220; text_align=&#8220;left&#8220; background_animation=&#8220;none&#8220; css_animation=&#8220;&#8220;][vc_column][vc_empty_space][\/vc_column][\/vc_row][vc_row row_type=&#8220;row&#8220; use_row_as_full_screen_section=&#8220;no&#8220; type=&#8220;full_width&#8220; text_align=&#8220;left&#8220; background_animation=&#8220;none&#8220; css_animation=&#8220;&#8220;][vc_column][vc_column_text]Am Freitag vor den Weihnachtsferien fand wie jedes Jahr die Volleynight statt. F\u00fcr viele Sch\u00fcler und Sch\u00fclerinnen ein sportlicher H\u00f6hepunkt vor den Festtagen. Auch&#8230;<\/p>\n","protected":false},"author":10,"featured_media":0,"parent":0,"menu_order":0,"comment_status":"closed","ping_status":"closed","template":"","meta":{"footnotes":""},"class_list":["post-10104","page","type-page","status-publish","hentry"],"_links":{"self":[{"href":"https:\/\/fs.kswe.ch\/spo\/wp-json\/wp\/v2\/pages\/10104","targetHints":{"allow":["GET"]}}],"collection":[{"href":"https:\/\/fs.kswe.ch\/spo\/wp-json\/wp\/v2\/pages"}],"about":[{"href":"https:\/\/fs.kswe.ch\/spo\/wp-json\/wp\/v2\/types\/page"}],"author":[{"embeddable":true,"href":"https:\/\/fs.kswe.ch\/spo\/wp-json\/wp\/v2\/users\/10"}],"replies":[{"embeddable":true,"href":"https:\/\/fs.kswe.ch\/spo\/wp-json\/wp\/v2\/comments?post=10104"}],"version-history":[{"count":15,"href":"https:\/\/fs.kswe.ch\/spo\/wp-json\/wp\/v2\/pages\/10104\/revisions"}],"predecessor-version":[{"id":10280,"href":"https:\/\/fs.kswe.ch\/spo\/wp-json\/wp\/v2\/pages\/10104\/revisions\/10280"}],"wp:attachment":[{"href":"https:\/\/fs.kswe.ch\/spo\/wp-json\/wp\/v2\/media?parent=10104"}],"curies":[{"name":"wp","href":"https:\/\/api.w.org\/{rel}","templated":true}]}}