{"id":351,"date":"2019-05-21T15:27:57","date_gmt":"2019-05-21T13:27:57","guid":{"rendered":"https:\/\/fs.kswe.ch\/spa\/?page_id=351"},"modified":"2019-06-24T17:50:13","modified_gmt":"2019-06-24T15:50:13","slug":"ueber-uns","status":"publish","type":"page","link":"https:\/\/fs.kswe.ch\/spa\/ueber-uns\/","title":{"rendered":"\u00dcber uns"},"content":{"rendered":"<p><strong>Miguel Conde<\/strong><\/p>\n<p>A pesar de haber nacido y crecido en Suiza, mi relaci\u00f3n con la cultura espa\u00f1ola desde siempre fue muy fuerte teniendo en cuenta que soy hijo de emigrantes gallegos. Desde ni\u00f1o siempre me identifiqu\u00e9 con todos los aspectos culturales que ofrece el mundo hispanohablante, por lo que ya pronto ten\u00eda decidido que en mi futuro profesional quer\u00eda dedicarme a la ense\u00f1anza de la lengua y cultura hispana. \u00bfQu\u00e9 mejor que compartir su pasi\u00f3n por una lengua y cultura con j\u00f3venes motivados?<\/p>\n<p>Despu\u00e9s de mi carrera universitaria en Z\u00farich y algunas experiencias temporales en otros institutos, llegu\u00e9 en 2011 a Wettingen, donde ense\u00f1o desde entonces Espa\u00f1ol tanto en el &#8222;Freifach&#8220; como en el &#8222;Schwerpunktfach&#8220;.<\/p>\n<p>Del mundo hispanohablante me fascina su gran variedad entre todos los pa\u00edses latinos que, a pesar de ciertas diferencias culturales, se relacionan profundamente a trav\u00e9s de la lengua que tienen en com\u00fan.<\/p>\n<p>Tener la posibilidad de ense\u00f1ar mi lengua materna y compartir todos los aspectos culturales que ofrece la cultura tanto de Espa\u00f1a como de todos los pa\u00edses latinoamericanos a unos estudiantes interesados y motivados, es lo que m\u00e1s satisfacci\u00f3n me da en mi trabajo como profesor de espa\u00f1ol.<\/p>\n<p><strong>Carmelina Perino<\/strong><\/p>\n<p>Me encantan las lenguas latinas. Por eso eleg\u00ed estudiar dos de ellas: franc\u00e9s y espa\u00f1ol en la Universidad de Z\u00farich. Ense\u00f1o estos dos idiomas desde hace seis a\u00f1os en la Kantonsschule Wettingen.<\/p>\n<p>Me encanta poder transmitir mi saber a otras personas y hacerles descubrir la lengua espa\u00f1ola y la cultura hispanohablante. Para m\u00ed, cada idioma es m\u00e1s que un medio de comunicaci\u00f3n. Detr\u00e1s de cada lengua hay un mundo lleno de elementos interesantes y fascinantes a descubrir. Poder hacer este viaje de descubrimiento ling\u00fc\u00edstico y cultural con otras personas en clase es un aspecto de mi trabajo que aprecio mucho. Viajar para vivir y profundizar mis conocimientos de la cultura hispanohablante es un elemento que me llena de felicidad durante mis vacaciones.<\/p>\n<p><strong>Britta Holden<\/strong><\/p>\n<p>Ense\u00f1o Historia y Espa\u00f1ol en la Kantonsschule Wettingen desde hace unos quince a\u00f1os.<\/p>\n<p>Me encanta esta combinaci\u00f3n ya que me permite introducir a los alumnos no solo al idioma sino tambi\u00e9n a la pol\u00edtica, cultura, m\u00fasica, al arte y, claro, sobre todo, a la literatura del mundo hispanohablante y sobre todo latinoamericano. Adem\u00e1s, en el &#8222;Freifach&#8220; es posible organizar de manera espont\u00e1nea un taller de salsa o preparar empanadas juntos con los cursos paralelos &#8211; esto enriquece la ense\u00f1anza con experiencias sensuales y divertidas.<\/p>\n<p>Trabajando con principiantes trato nonobstante de fomentar el inter\u00e9s en las noticias diarias con la meta de hacerles perder el miedo a un vocabulario elevado. Leo y sigo con avidez autores contempor\u00e1neos y llevo a la clase a ver pel\u00edculas espa\u00f1olas y latinoamericanas.<\/p>\n<p>Reci\u00e9n pas\u00e9 cinco meses en el norte de Colombia trabajando con una ONG. Esto me permiti\u00f3 reconectar con el mundo latino. Tengo familia en Argentina y me licenci\u00e9 en literatura latinoamericana moderna, escribiendo mi tesis en parte en la UNAM en la Ciudad de M\u00e9xico.<\/p>\n","protected":false},"excerpt":{"rendered":"<p>Miguel Conde A pesar de haber nacido y crecido en Suiza, mi relaci\u00f3n con la cultura espa\u00f1ola desde siempre fue muy fuerte teniendo en cuenta que soy hijo de emigrantes gallegos. Desde ni\u00f1o siempre me identifiqu\u00e9 con todos los aspectos culturales que ofrece el mundo&#8230;<\/p>\n","protected":false},"author":7,"featured_media":0,"parent":0,"menu_order":4,"comment_status":"closed","ping_status":"closed","template":"","meta":{"footnotes":""},"class_list":["post-351","page","type-page","status-publish","hentry"],"_links":{"self":[{"href":"https:\/\/fs.kswe.ch\/spa\/wp-json\/wp\/v2\/pages\/351","targetHints":{"allow":["GET"]}}],"collection":[{"href":"https:\/\/fs.kswe.ch\/spa\/wp-json\/wp\/v2\/pages"}],"about":[{"href":"https:\/\/fs.kswe.ch\/spa\/wp-json\/wp\/v2\/types\/page"}],"author":[{"embeddable":true,"href":"https:\/\/fs.kswe.ch\/spa\/wp-json\/wp\/v2\/users\/7"}],"replies":[{"embeddable":true,"href":"https:\/\/fs.kswe.ch\/spa\/wp-json\/wp\/v2\/comments?post=351"}],"version-history":[{"count":2,"href":"https:\/\/fs.kswe.ch\/spa\/wp-json\/wp\/v2\/pages\/351\/revisions"}],"predecessor-version":[{"id":429,"href":"https:\/\/fs.kswe.ch\/spa\/wp-json\/wp\/v2\/pages\/351\/revisions\/429"}],"wp:attachment":[{"href":"https:\/\/fs.kswe.ch\/spa\/wp-json\/wp\/v2\/media?parent=351"}],"curies":[{"name":"wp","href":"https:\/\/api.w.org\/{rel}","templated":true}]}}