{"id":346,"date":"2019-05-21T15:22:59","date_gmt":"2019-05-21T13:22:59","guid":{"rendered":"https:\/\/fs.kswe.ch\/spa\/?page_id=346"},"modified":"2019-06-18T23:00:24","modified_gmt":"2019-06-18T21:00:24","slug":"sprachzertifikat-dele","status":"publish","type":"page","link":"https:\/\/fs.kswe.ch\/spa\/informaciones-generales\/sprachzertifikat-dele\/","title":{"rendered":"Sprachzertifikat DELE"},"content":{"rendered":"<p><img fetchpriority=\"high\" decoding=\"async\" class=\"size-full wp-image-417 aligncenter\" src=\"https:\/\/fs.kswe.ch\/spa\/wp-content\/uploads\/sites\/6\/2019\/06\/dele.jpg\" alt=\"\" width=\"246\" height=\"205\" \/><\/p>\n<p>&nbsp;<\/p>\n<p>Die &#8222;Diplomas de Espa\u00f1ol como Lengua Extranjera&#8220; sind international anerkannte Sprachzertifikate zum Nachweis spanischer Sprachkenntnisse. Es wird sowohl von privaten Unternehmen wie auch von \u00f6ffentlichen Bildungseinrichtungen anerkannt.<\/p>\n<p>Genauere Informationen zum DELE findet man auf der Homepage des <strong><a href=\"https:\/\/examenes.cervantes.es\/es\/dele\/que-es\">Instituto de Cervantes<\/a><\/strong>.<\/p>\n<p>An der KSWE bieten wir allen Sch\u00fcler*innen die M\u00f6glichkeit, sich f\u00fcr die DELE Pr\u00fcfungen vorzubereiten.<\/p>\n<p>Wir empfehlen die Pr\u00fcfung am autonomen DELE Pr\u00fcfungszentrum an der Alten Kantonsschule Aarau abzulegen. Alle n\u00f6tigen Informationen zum Anmeldeverfahren befinden sich <strong><a href=\"https:\/\/spanisch.altekanti.ch\/?page_id=196\">hier<\/a><\/strong>.<\/p>\n","protected":false},"excerpt":{"rendered":"<p>&nbsp; Die &#8222;Diplomas de Espa\u00f1ol como Lengua Extranjera&#8220; sind international anerkannte Sprachzertifikate zum Nachweis spanischer Sprachkenntnisse. Es wird sowohl von privaten Unternehmen wie auch von \u00f6ffentlichen Bildungseinrichtungen anerkannt. Genauere Informationen zum DELE findet man auf der Homepage des Instituto de Cervantes. An der KSWE bieten&#8230;<\/p>\n","protected":false},"author":7,"featured_media":0,"parent":271,"menu_order":2,"comment_status":"closed","ping_status":"closed","template":"","meta":{"footnotes":""},"class_list":["post-346","page","type-page","status-publish","hentry"],"_links":{"self":[{"href":"https:\/\/fs.kswe.ch\/spa\/wp-json\/wp\/v2\/pages\/346","targetHints":{"allow":["GET"]}}],"collection":[{"href":"https:\/\/fs.kswe.ch\/spa\/wp-json\/wp\/v2\/pages"}],"about":[{"href":"https:\/\/fs.kswe.ch\/spa\/wp-json\/wp\/v2\/types\/page"}],"author":[{"embeddable":true,"href":"https:\/\/fs.kswe.ch\/spa\/wp-json\/wp\/v2\/users\/7"}],"replies":[{"embeddable":true,"href":"https:\/\/fs.kswe.ch\/spa\/wp-json\/wp\/v2\/comments?post=346"}],"version-history":[{"count":6,"href":"https:\/\/fs.kswe.ch\/spa\/wp-json\/wp\/v2\/pages\/346\/revisions"}],"predecessor-version":[{"id":420,"href":"https:\/\/fs.kswe.ch\/spa\/wp-json\/wp\/v2\/pages\/346\/revisions\/420"}],"up":[{"embeddable":true,"href":"https:\/\/fs.kswe.ch\/spa\/wp-json\/wp\/v2\/pages\/271"}],"wp:attachment":[{"href":"https:\/\/fs.kswe.ch\/spa\/wp-json\/wp\/v2\/media?parent=346"}],"curies":[{"name":"wp","href":"https:\/\/api.w.org\/{rel}","templated":true}]}}