{"id":344,"date":"2019-05-21T15:20:51","date_gmt":"2019-05-21T13:20:51","guid":{"rendered":"https:\/\/fs.kswe.ch\/spa\/?page_id=344"},"modified":"2019-05-24T15:32:11","modified_gmt":"2019-05-24T13:32:11","slug":"spanisch-am-gymnasium","status":"publish","type":"page","link":"https:\/\/fs.kswe.ch\/spa\/informaciones-generales\/spanisch-am-gymnasium\/","title":{"rendered":"Spanisch am Gymnasium"},"content":{"rendered":"<p><strong>Freifach <\/strong>(3 Wochenlektionen)<\/p>\n<p>Das Freifach Spanisch kann ab der 2. Klasse de Gymnasiums besucht werden.<\/p>\n<p>Im ersten Jahr erhalten die Sch\u00fcler*innen einen Einblick in die Sprache und Kultur der spanischsprachigen Welt.<\/p>\n<p>Sie erlernen die korrekte m\u00fcndliche und schriftliche Kommunikationsf\u00e4higkeit und erkunden wesentliche Aspekte der Kultur, Geschichte und Landeskunde Spaniens und der iberoamerikanischen L\u00e4nder.<\/p>\n<p>Im zweiten und dritten Jahr des Freifachs werden die bereits vorhandenen Kenntnisse vertieft und mit neuen erweitert. Zus\u00e4tzlich kommt ab dem zweiten Jahr die Lekt\u00fcre verschiedener literarischer Werken von spanischen und iberoamerikanischen Autoren hinzu.<\/p>\n<p>Grunds\u00e4tzlich steht im Freifach die Freude an der Sprache und das Interesse an der Kultur im Vordergrund, wobei auf verschiedene W\u00fcnsche der Sch\u00fcler*innen eingegangen werden kann.<\/p>\n<p>&nbsp;<\/p>\n<p><strong>Schwerpunktfach\u00a0<\/strong>(6 Wochenlektionen)<\/p>\n<p>Voraussetzung f\u00fcr die Wahl des Schwerpunktfachs Spanisch ist der Besuch des Freifachs im ersten Jahr.<\/p>\n<p>Das Schwerpunktfach Spanisch kann ab der 3. Klasse gew\u00e4hlt werden und erlaubt den Sch\u00fcler*innen, die im Freifach erlernten Kenntnisse in der spanischen Sprache und Kultur zu vertiefen.<\/p>\n<p>Durch die Auseinandersetzung mit Kultur, Geschichte, Literatur und Landeskunde erhalten Sie die Gelegenheit, die wesentlichen Aspekte der iberischen und lateinamerikanischen Welt kennenzulernen.<\/p>\n<p>Musik, Film, Feste und Traditionen, Politik und aktuelles Geschehen sind nur einige der Bereiche, die im Unterricht angesprochen werden.<\/p>\n<p>Um die bestm\u00f6glichen Lernerfolge zu erreichen, wird auf eine ungezwungene und begeisternde Lernumgebung geachtet. Es ist dabei erw\u00fcnscht, dass auch die Sch\u00fclerinnen und Sch\u00fcler ihre W\u00fcnsche und Vorstellungen einbringen k\u00f6nnen und teil an der Gestaltung des Unterrichts haben.<\/p>\n","protected":false},"excerpt":{"rendered":"<p>Freifach (3 Wochenlektionen) Das Freifach Spanisch kann ab der 2. Klasse de Gymnasiums besucht werden. Im ersten Jahr erhalten die Sch\u00fcler*innen einen Einblick in die Sprache und Kultur der spanischsprachigen Welt. Sie erlernen die korrekte m\u00fcndliche und schriftliche Kommunikationsf\u00e4higkeit und erkunden wesentliche Aspekte der Kultur,&#8230;<\/p>\n","protected":false},"author":7,"featured_media":0,"parent":271,"menu_order":1,"comment_status":"closed","ping_status":"closed","template":"","meta":{"footnotes":""},"class_list":["post-344","page","type-page","status-publish","hentry"],"_links":{"self":[{"href":"https:\/\/fs.kswe.ch\/spa\/wp-json\/wp\/v2\/pages\/344","targetHints":{"allow":["GET"]}}],"collection":[{"href":"https:\/\/fs.kswe.ch\/spa\/wp-json\/wp\/v2\/pages"}],"about":[{"href":"https:\/\/fs.kswe.ch\/spa\/wp-json\/wp\/v2\/types\/page"}],"author":[{"embeddable":true,"href":"https:\/\/fs.kswe.ch\/spa\/wp-json\/wp\/v2\/users\/7"}],"replies":[{"embeddable":true,"href":"https:\/\/fs.kswe.ch\/spa\/wp-json\/wp\/v2\/comments?post=344"}],"version-history":[{"count":6,"href":"https:\/\/fs.kswe.ch\/spa\/wp-json\/wp\/v2\/pages\/344\/revisions"}],"predecessor-version":[{"id":400,"href":"https:\/\/fs.kswe.ch\/spa\/wp-json\/wp\/v2\/pages\/344\/revisions\/400"}],"up":[{"embeddable":true,"href":"https:\/\/fs.kswe.ch\/spa\/wp-json\/wp\/v2\/pages\/271"}],"wp:attachment":[{"href":"https:\/\/fs.kswe.ch\/spa\/wp-json\/wp\/v2\/media?parent=344"}],"curies":[{"name":"wp","href":"https:\/\/api.w.org\/{rel}","templated":true}]}}