{"id":277,"date":"2018-11-29T10:58:16","date_gmt":"2018-11-29T09:58:16","guid":{"rendered":"https:\/\/fs.kswe.ch\/spa\/?page_id=277"},"modified":"2019-05-24T15:38:55","modified_gmt":"2019-05-24T13:38:55","slug":"proyectos","status":"publish","type":"page","link":"https:\/\/fs.kswe.ch\/spa\/informaciones-generales\/proyectos\/","title":{"rendered":"Variowoche"},"content":{"rendered":"<p><strong>Ita\u00f1ol &#8211; Espaliano<\/strong><\/p>\n<p>Was ist Ita\u00f1ol und Espaliano? Dieser Begriff umfasst alles, was die italienische und spanische\u00a0Sprache und Kultur gemeinsam haben, den Charakter zweier L\u00e4nder im s\u00fcdeurop\u00e4ischen Raum.\u00a0Was haben sie nun gemeinsam?<\/p>\n<p>W\u00e4hrend der Variowoche bieten wir einen Kurs an, der einen allgemeinen\u00a0Einblick in die Sinnesart Italiens und Spaniens, deren Bewohner\u00a0und deren Lebensart erm\u00f6glicht. Ziel des Kurses ist es\u00a0den Sch\u00fcler*innen\u00a0die Gelegenheit zu geben, sich ein Bild \u00fcber die Bedeutung\u00a0der italienischen und spanischen Kultur und deren Einfluss in unserer\u00a0Gesellschaft zu machen. Im Mittelpunkt stehen Italien und\u00a0Spanien in ihrer ganzen Vielfalt und Gemeinsamkeit.<\/p>\n<p>Film, Musik, Tanz, Gastronomie, Sport, Geschichte\u2026. sind nur einige der Themen, die\u00a0angesprochen werden. Nebst dem Kennenlernen verschiedener Klassiker der Filmgeschichte und\u00a0bemerkenswerter Pers\u00f6nlichkeiten aus der italienischen und spanischsprachigen Musikbranche,\u00a0haben die Sch\u00fcler*innen\u00a0die M\u00f6glichkeit, einen richtigen italienisch-spanischen Abend\u00a0zu geniessen und selbst authentische\u00a0Tapas und Antipasti zuzubereiten.\u00a0Weiter haben sie die Gelegenheit,\u00a0an einem Tanz-Workshop selbst das\u00a0Tanzbein zu schwingen und die Welt\u00a0der s\u00fcdl\u00e4ndischen Tanztradition kennenzulernen.<\/p>\n<p>Der Kurs richtet sich an Italien- und Spanienliebhaber und vielseitig interessierte Sch\u00fcler*innen mit oder ohne Italienisch- bzw. Spanischkenntnisse.<\/p>\n","protected":false},"excerpt":{"rendered":"<p>Ita\u00f1ol &#8211; Espaliano Was ist Ita\u00f1ol und Espaliano? Dieser Begriff umfasst alles, was die italienische und spanische\u00a0Sprache und Kultur gemeinsam haben, den Charakter zweier L\u00e4nder im s\u00fcdeurop\u00e4ischen Raum.\u00a0Was haben sie nun gemeinsam? W\u00e4hrend der Variowoche bieten wir einen Kurs an, der einen allgemeinen\u00a0Einblick in die&#8230;<\/p>\n","protected":false},"author":2,"featured_media":0,"parent":271,"menu_order":4,"comment_status":"closed","ping_status":"closed","template":"","meta":{"footnotes":""},"class_list":["post-277","page","type-page","status-publish","hentry"],"_links":{"self":[{"href":"https:\/\/fs.kswe.ch\/spa\/wp-json\/wp\/v2\/pages\/277","targetHints":{"allow":["GET"]}}],"collection":[{"href":"https:\/\/fs.kswe.ch\/spa\/wp-json\/wp\/v2\/pages"}],"about":[{"href":"https:\/\/fs.kswe.ch\/spa\/wp-json\/wp\/v2\/types\/page"}],"author":[{"embeddable":true,"href":"https:\/\/fs.kswe.ch\/spa\/wp-json\/wp\/v2\/users\/2"}],"replies":[{"embeddable":true,"href":"https:\/\/fs.kswe.ch\/spa\/wp-json\/wp\/v2\/comments?post=277"}],"version-history":[{"count":5,"href":"https:\/\/fs.kswe.ch\/spa\/wp-json\/wp\/v2\/pages\/277\/revisions"}],"predecessor-version":[{"id":403,"href":"https:\/\/fs.kswe.ch\/spa\/wp-json\/wp\/v2\/pages\/277\/revisions\/403"}],"up":[{"embeddable":true,"href":"https:\/\/fs.kswe.ch\/spa\/wp-json\/wp\/v2\/pages\/271"}],"wp:attachment":[{"href":"https:\/\/fs.kswe.ch\/spa\/wp-json\/wp\/v2\/media?parent=277"}],"curies":[{"name":"wp","href":"https:\/\/api.w.org\/{rel}","templated":true}]}}