{"id":30,"date":"2024-09-17T23:00:48","date_gmt":"2024-09-17T21:00:48","guid":{"rendered":"http:\/\/stockholm2.select-themes.com\/?page_id=30"},"modified":"2024-09-18T22:16:28","modified_gmt":"2024-09-18T20:16:28","slug":"home","status":"publish","type":"page","link":"https:\/\/fs.kswe.ch\/mus\/","title":{"rendered":"Blog"},"content":{"rendered":"\t\t<div data-elementor-type=\"wp-page\" data-elementor-id=\"30\" class=\"elementor elementor-30\">\n\t\t\t\t\t\t<section class=\"elementor-section elementor-top-section elementor-element elementor-element-109b5d6 elementor-section-boxed elementor-section-height-default elementor-section-height-default\" data-id=\"109b5d6\" data-element_type=\"section\">\n\t\t\t\t\t\t<div class=\"elementor-container elementor-column-gap-default\">\n\t\t\t\t\t<div class=\"elementor-column elementor-col-100 elementor-top-column elementor-element elementor-element-1793c12\" data-id=\"1793c12\" data-element_type=\"column\">\n\t\t\t<div class=\"elementor-widget-wrap elementor-element-populated\">\n\t\t\t\t\t\t<section class=\"elementor-section elementor-inner-section elementor-element elementor-element-180be63 elementor-section-boxed elementor-section-height-default elementor-section-height-default\" data-id=\"180be63\" data-element_type=\"section\">\n\t\t\t\t\t\t<div class=\"elementor-container elementor-column-gap-default\">\n\t\t\t\t\t<div class=\"elementor-column elementor-col-50 elementor-inner-column elementor-element elementor-element-8786fb1\" data-id=\"8786fb1\" data-element_type=\"column\">\n\t\t\t<div class=\"elementor-widget-wrap elementor-element-populated\">\n\t\t\t\t\t\t<div class=\"elementor-element elementor-element-8136f31 elementor-widget__width-initial elementor-widget elementor-widget-image\" data-id=\"8136f31\" data-element_type=\"widget\" data-widget_type=\"image.default\">\n\t\t\t\t<div class=\"elementor-widget-container\">\n\t\t\t\t\t\t\t\t\t\t\t\t\t\t\t<img fetchpriority=\"high\" decoding=\"async\" width=\"430\" height=\"430\" src=\"https:\/\/fs.kswe.ch\/mus\/wp-content\/uploads\/sites\/18\/2024\/09\/mus.png\" class=\"attachment-large size-large wp-image-703\" alt=\"\" srcset=\"https:\/\/fs.kswe.ch\/mus\/wp-content\/uploads\/sites\/18\/2024\/09\/mus.png 430w, https:\/\/fs.kswe.ch\/mus\/wp-content\/uploads\/sites\/18\/2024\/09\/mus-300x300.png 300w, https:\/\/fs.kswe.ch\/mus\/wp-content\/uploads\/sites\/18\/2024\/09\/mus-150x150.png 150w\" sizes=\"(max-width: 430px) 100vw, 430px\" \/>\t\t\t\t\t\t\t\t\t\t\t\t\t\t\t<\/div>\n\t\t\t\t<\/div>\n\t\t\t\t\t<\/div>\n\t\t<\/div>\n\t\t\t\t<div class=\"elementor-column elementor-col-50 elementor-inner-column elementor-element elementor-element-a3995cf\" data-id=\"a3995cf\" data-element_type=\"column\">\n\t\t\t<div class=\"elementor-widget-wrap elementor-element-populated\">\n\t\t\t\t\t\t<div class=\"elementor-element elementor-element-7866b48 elementor-widget elementor-widget-heading\" data-id=\"7866b48\" data-element_type=\"widget\" data-widget_type=\"heading.default\">\n\t\t\t\t<div class=\"elementor-widget-container\">\n\t\t\t\t\t<h2 class=\"elementor-heading-title elementor-size-default\">Musik an der KSWE bedeutet:<\/h2>\t\t\t\t<\/div>\n\t\t\t\t<\/div>\n\t\t\t\t<div class=\"elementor-element elementor-element-b8c4751 elementor-widget elementor-widget-text-editor\" data-id=\"b8c4751\" data-element_type=\"widget\" data-widget_type=\"text-editor.default\">\n\t\t\t\t<div class=\"elementor-widget-container\">\n\t\t\t\t\t\t\t\t\t<ul><li>in verschiedene Musikstile eintauchen<\/li><li>den Wissensdurst stillen<\/li><li>in Ensembles proben<\/li><li>praktisch erfahren<\/li><li>sich vernetzen<\/li><li>sich pers\u00f6nlich entfalten<\/li><li>die Zeit vergessen<\/li><li>\u00fcben, \u00fcben \u00fcben<\/li><li>sich in Werke vertiefen<\/li><li>fokussiert bleiben<\/li><\/ul>\t\t\t\t\t\t\t\t<\/div>\n\t\t\t\t<\/div>\n\t\t\t\t\t<\/div>\n\t\t<\/div>\n\t\t\t\t\t<\/div>\n\t\t<\/section>\n\t\t\t\t\t<\/div>\n\t\t<\/div>\n\t\t\t\t\t<\/div>\n\t\t<\/section>\n\t\t\t\t<\/div>\n\t\t","protected":false},"excerpt":{"rendered":"<p>Musik an der KSWE bedeutet: in verschiedene Musikstile eintauchen den Wissensdurst stillen in Ensembles proben praktisch erfahren sich vernetzen sich pers\u00f6nlich entfalten die Zeit vergessen \u00fcben, \u00fcben \u00fcben sich in Werke vertiefen fokussiert bleiben<\/p>\n","protected":false},"author":28,"featured_media":0,"parent":0,"menu_order":0,"comment_status":"closed","ping_status":"closed","template":"","meta":{"footnotes":""},"class_list":["post-30","page","type-page","status-publish","hentry"],"_links":{"self":[{"href":"https:\/\/fs.kswe.ch\/mus\/wp-json\/wp\/v2\/pages\/30","targetHints":{"allow":["GET"]}}],"collection":[{"href":"https:\/\/fs.kswe.ch\/mus\/wp-json\/wp\/v2\/pages"}],"about":[{"href":"https:\/\/fs.kswe.ch\/mus\/wp-json\/wp\/v2\/types\/page"}],"author":[{"embeddable":true,"href":"https:\/\/fs.kswe.ch\/mus\/wp-json\/wp\/v2\/users\/28"}],"replies":[{"embeddable":true,"href":"https:\/\/fs.kswe.ch\/mus\/wp-json\/wp\/v2\/comments?post=30"}],"version-history":[{"count":18,"href":"https:\/\/fs.kswe.ch\/mus\/wp-json\/wp\/v2\/pages\/30\/revisions"}],"predecessor-version":[{"id":786,"href":"https:\/\/fs.kswe.ch\/mus\/wp-json\/wp\/v2\/pages\/30\/revisions\/786"}],"wp:attachment":[{"href":"https:\/\/fs.kswe.ch\/mus\/wp-json\/wp\/v2\/media?parent=30"}],"curies":[{"name":"wp","href":"https:\/\/api.w.org\/{rel}","templated":true}]}}