{"id":280,"date":"2024-09-17T23:00:25","date_gmt":"2024-09-17T21:00:25","guid":{"rendered":"http:\/\/mus.fs.kswe.ch\/?page_id=280"},"modified":"2024-09-27T10:26:08","modified_gmt":"2024-09-27T08:26:08","slug":"konzerte","status":"publish","type":"page","link":"https:\/\/fs.kswe.ch\/mus\/konzerte\/","title":{"rendered":"Konzerte \/ Anl\u00e4sse"},"content":{"rendered":"<header class=\"entry-header\">\n<h1>Konzerte \/ Anl\u00e4sse<\/h1>\n<p>An der Kantonsschule Wettingen erh\u00e4ltst du \u00fcber das Jahr verteilt mehrere M\u00f6glichkeiten, musizierend oder zuh\u00f6rend an Konzerten teilzunehmen.<\/p>\n<\/header>\n<div class=\"entry-content\"><\/div>\n<div class=\"entry-content\">\n<ul>\n<li>Semesterkonzerte<\/li>\n<li>Sonafe<\/li>\n<li>Weihnachtsfeier<\/li>\n<li>Chorkonzerte<\/li>\n<li>Battle of the Bands<\/li>\n<li>Orchesterkonzerte<\/li>\n<li>Musiknacht<\/li>\n<li>etc.<\/li>\n<\/ul>\n<p>Im Newsletter oder unter www.kswe.ch Terminkalender findest du die aktuellen Daten.<\/p>\n<p>&nbsp;<\/p>\n<\/div>\n<div class=\"entry-content\">\n<p><img decoding=\"async\" class=\"alignnone wp-image-719\" src=\"http:\/\/fs.kswe.ch\/mus\/wp-content\/uploads\/sites\/18\/2024\/09\/Jamsession-Unvermeidbar-300x225.jpeg\" alt=\"\" width=\"215\" height=\"161\" srcset=\"https:\/\/fs.kswe.ch\/mus\/wp-content\/uploads\/sites\/18\/2024\/09\/Jamsession-Unvermeidbar-300x225.jpeg 300w, https:\/\/fs.kswe.ch\/mus\/wp-content\/uploads\/sites\/18\/2024\/09\/Jamsession-Unvermeidbar-700x525.jpeg 700w, https:\/\/fs.kswe.ch\/mus\/wp-content\/uploads\/sites\/18\/2024\/09\/Jamsession-Unvermeidbar-768x576.jpeg 768w, https:\/\/fs.kswe.ch\/mus\/wp-content\/uploads\/sites\/18\/2024\/09\/Jamsession-Unvermeidbar-800x600.jpeg 800w, https:\/\/fs.kswe.ch\/mus\/wp-content\/uploads\/sites\/18\/2024\/09\/Jamsession-Unvermeidbar-400x300.jpeg 400w, https:\/\/fs.kswe.ch\/mus\/wp-content\/uploads\/sites\/18\/2024\/09\/Jamsession-Unvermeidbar.jpeg 1024w\" sizes=\"(max-width: 215px) 100vw, 215px\" \/> \u00a0<img decoding=\"async\" class=\"alignnone wp-image-723\" src=\"http:\/\/fs.kswe.ch\/mus\/wp-content\/uploads\/sites\/18\/2024\/09\/Aulakonzert-300x208.png\" alt=\"\" width=\"232\" height=\"161\" srcset=\"https:\/\/fs.kswe.ch\/mus\/wp-content\/uploads\/sites\/18\/2024\/09\/Aulakonzert-300x208.png 300w, https:\/\/fs.kswe.ch\/mus\/wp-content\/uploads\/sites\/18\/2024\/09\/Aulakonzert-700x484.png 700w, https:\/\/fs.kswe.ch\/mus\/wp-content\/uploads\/sites\/18\/2024\/09\/Aulakonzert-768x531.png 768w, https:\/\/fs.kswe.ch\/mus\/wp-content\/uploads\/sites\/18\/2024\/09\/Aulakonzert-1100x761.png 1100w, https:\/\/fs.kswe.ch\/mus\/wp-content\/uploads\/sites\/18\/2024\/09\/Aulakonzert-434x300.png 434w, https:\/\/fs.kswe.ch\/mus\/wp-content\/uploads\/sites\/18\/2024\/09\/Aulakonzert.png 1288w\" sizes=\"(max-width: 232px) 100vw, 232px\" \/> \u00a0 <img decoding=\"async\" class=\"alignnone wp-image-721\" src=\"http:\/\/fs.kswe.ch\/mus\/wp-content\/uploads\/sites\/18\/2024\/09\/Chorkonzert-2-2024-300x197.jpg\" alt=\"\" width=\"246\" height=\"162\" srcset=\"https:\/\/fs.kswe.ch\/mus\/wp-content\/uploads\/sites\/18\/2024\/09\/Chorkonzert-2-2024-300x197.jpg 300w, https:\/\/fs.kswe.ch\/mus\/wp-content\/uploads\/sites\/18\/2024\/09\/Chorkonzert-2-2024-700x460.jpg 700w, https:\/\/fs.kswe.ch\/mus\/wp-content\/uploads\/sites\/18\/2024\/09\/Chorkonzert-2-2024-768x505.jpg 768w, https:\/\/fs.kswe.ch\/mus\/wp-content\/uploads\/sites\/18\/2024\/09\/Chorkonzert-2-2024-1536x1010.jpg 1536w, https:\/\/fs.kswe.ch\/mus\/wp-content\/uploads\/sites\/18\/2024\/09\/Chorkonzert-2-2024-2048x1347.jpg 2048w, https:\/\/fs.kswe.ch\/mus\/wp-content\/uploads\/sites\/18\/2024\/09\/Chorkonzert-2-2024-1100x723.jpg 1100w, https:\/\/fs.kswe.ch\/mus\/wp-content\/uploads\/sites\/18\/2024\/09\/Chorkonzert-2-2024-456x300.jpg 456w, https:\/\/fs.kswe.ch\/mus\/wp-content\/uploads\/sites\/18\/2024\/09\/Chorkonzert-2-2024-1800x1184.jpg 1800w\" sizes=\"(max-width: 246px) 100vw, 246px\" \/> \u00a0<img loading=\"lazy\" decoding=\"async\" class=\"alignnone wp-image-722\" src=\"http:\/\/fs.kswe.ch\/mus\/wp-content\/uploads\/sites\/18\/2024\/09\/Badenfahrt24_5-300x220.jpg\" alt=\"\" width=\"221\" height=\"162\" srcset=\"https:\/\/fs.kswe.ch\/mus\/wp-content\/uploads\/sites\/18\/2024\/09\/Badenfahrt24_5-300x220.jpg 300w, https:\/\/fs.kswe.ch\/mus\/wp-content\/uploads\/sites\/18\/2024\/09\/Badenfahrt24_5-410x300.jpg 410w, https:\/\/fs.kswe.ch\/mus\/wp-content\/uploads\/sites\/18\/2024\/09\/Badenfahrt24_5.jpg 459w\" sizes=\"(max-width: 221px) 100vw, 221px\" \/><\/p>\n<\/div>\n<p>&nbsp;<\/p>\n","protected":false},"excerpt":{"rendered":"<p>Konzerte \/ Anl\u00e4sse An der Kantonsschule Wettingen erh\u00e4ltst du \u00fcber das Jahr verteilt mehrere M\u00f6glichkeiten, musizierend oder zuh\u00f6rend an Konzerten teilzunehmen. Semesterkonzerte Sonafe Weihnachtsfeier Chorkonzerte Battle of the Bands Orchesterkonzerte Musiknacht etc. Im Newsletter oder unter www.kswe.ch Terminkalender findest du die aktuellen Daten. &nbsp; \u00a0&#8230;<\/p>\n","protected":false},"author":2,"featured_media":0,"parent":0,"menu_order":9,"comment_status":"closed","ping_status":"closed","template":"","meta":{"footnotes":""},"class_list":["post-280","page","type-page","status-publish","hentry"],"_links":{"self":[{"href":"https:\/\/fs.kswe.ch\/mus\/wp-json\/wp\/v2\/pages\/280","targetHints":{"allow":["GET"]}}],"collection":[{"href":"https:\/\/fs.kswe.ch\/mus\/wp-json\/wp\/v2\/pages"}],"about":[{"href":"https:\/\/fs.kswe.ch\/mus\/wp-json\/wp\/v2\/types\/page"}],"author":[{"embeddable":true,"href":"https:\/\/fs.kswe.ch\/mus\/wp-json\/wp\/v2\/users\/2"}],"replies":[{"embeddable":true,"href":"https:\/\/fs.kswe.ch\/mus\/wp-json\/wp\/v2\/comments?post=280"}],"version-history":[{"count":13,"href":"https:\/\/fs.kswe.ch\/mus\/wp-json\/wp\/v2\/pages\/280\/revisions"}],"predecessor-version":[{"id":764,"href":"https:\/\/fs.kswe.ch\/mus\/wp-json\/wp\/v2\/pages\/280\/revisions\/764"}],"wp:attachment":[{"href":"https:\/\/fs.kswe.ch\/mus\/wp-json\/wp\/v2\/media?parent=280"}],"curies":[{"name":"wp","href":"https:\/\/api.w.org\/{rel}","templated":true}]}}