{"id":30,"date":"2016-03-01T11:19:48","date_gmt":"2016-03-01T11:19:48","guid":{"rendered":"http:\/\/stockholm2.select-themes.com\/?page_id=30"},"modified":"2020-09-29T21:29:05","modified_gmt":"2020-09-29T19:29:05","slug":"home","status":"publish","type":"page","link":"https:\/\/fs.kswe.ch\/mat\/","title":{"rendered":"Mathematik an der KSWE"},"content":{"rendered":"<div class=\"wpb-content-wrapper\"><p>[vc_row row_type=&#8220;row&#8220; use_row_as_full_screen_section=&#8220;no&#8220; type=&#8220;grid&#8220; text_align=&#8220;left&#8220; background_animation=&#8220;none&#8220; css_animation=&#8220;&#8220;][vc_column css=&#8220;.vc_custom_1601293030455{background-color: #ffffff !important;}&#8220;]<div class=\"lvca-portfolio-wrap lvca-gapless-grid\"><div id=\"lvca-portfolio-69eb52c8d7061\" \n                    class=\"lvca-portfolio js-isotope lvca-fitRows lvca-grid-container  lvca-grid-desktop-3 lvca-grid-tablet-2 lvca-grid-mobile-1\"\n                    data-gutter=\"25\"\n                    data-tablet_gutter=\"10\"\n                    data-tablet_width=\"800\"\n                    data-mobile_gutter=\"10\"\n                    data-mobile_width=\"480\"\n                    data-isotope-options='{ \"itemSelector\": \".lvca-portfolio-item\", \"layoutMode\": \"fitRows\" }'><div data-id=\"id-447\" class=\"lvca-grid-item lvca-portfolio-item  term-1\"><article id=\"post-447\" class=\"post-447 post type-post status-publish format-standard has-post-thumbnail hentry category-allgemein\"><div class=\"lvca-project-image\"><a href=\"https:\/\/fs.kswe.ch\/mat\/grundlagenfach-mathematik\/\" ><img fetchpriority=\"high\" decoding=\"async\" width=\"1100\" height=\"619\" src=\"https:\/\/fs.kswe.ch\/mat\/wp-content\/uploads\/sites\/2\/2020\/09\/math-problem-16-9-1100x619.jpg\" class=\"attachment-blog_image_in_grid size-blog_image_in_grid wp-post-image\" alt=\"\" srcset=\"https:\/\/fs.kswe.ch\/mat\/wp-content\/uploads\/sites\/2\/2020\/09\/math-problem-16-9-1100x619.jpg 1100w, https:\/\/fs.kswe.ch\/mat\/wp-content\/uploads\/sites\/2\/2020\/09\/math-problem-16-9-300x169.jpg 300w, https:\/\/fs.kswe.ch\/mat\/wp-content\/uploads\/sites\/2\/2020\/09\/math-problem-16-9-768x432.jpg 768w, https:\/\/fs.kswe.ch\/mat\/wp-content\/uploads\/sites\/2\/2020\/09\/math-problem-16-9-700x394.jpg 700w, https:\/\/fs.kswe.ch\/mat\/wp-content\/uploads\/sites\/2\/2020\/09\/math-problem-16-9-732x412.jpg 732w, https:\/\/fs.kswe.ch\/mat\/wp-content\/uploads\/sites\/2\/2020\/09\/math-problem-16-9-1800x1013.jpg 1800w\" sizes=\"(max-width: 1100px) 100vw, 1100px\" \/><\/a><\/div><div class=\"lvca-entry-text-wrap \"><h3 class=\"entry-title\"><a href=\"https:\/\/fs.kswe.ch\/mat\/grundlagenfach-mathematik\/\" title=\"Grundlagenfach\"  rel=\"bookmark\">Grundlagenfach<\/a><\/h3><div class=\"entry-summary\">Das Grundlagenfach Mathematik ist sowohl im Gymnasium als auch in der FMS ein Pflichtfach. Im Gymnasium umfasst es im ersten und vierten Jahr vier Wochenlektionen und im zweiten und dritten Jahr drei Wochenlektionen. An der FMS werden w\u00e4hrend drei Jahren drei Wochenlektionen besucht. Mathematik an...<\/div><\/div><\/article><!-- .hentry --><\/div><div data-id=\"id-467\" class=\"lvca-grid-item lvca-portfolio-item  term-1\"><article id=\"post-467\" class=\"post-467 post type-post status-publish format-standard has-post-thumbnail hentry category-allgemein\"><div class=\"lvca-project-image\"><a href=\"https:\/\/fs.kswe.ch\/mat\/akzentfach-mathematik-amat\/\" ><img decoding=\"async\" width=\"761\" height=\"428\" src=\"https:\/\/fs.kswe.ch\/mat\/wp-content\/uploads\/sites\/2\/2020\/09\/golden-spiral1.jpg\" class=\"attachment-blog_image_in_grid size-blog_image_in_grid wp-post-image\" alt=\"\" srcset=\"https:\/\/fs.kswe.ch\/mat\/wp-content\/uploads\/sites\/2\/2020\/09\/golden-spiral1.jpg 761w, https:\/\/fs.kswe.ch\/mat\/wp-content\/uploads\/sites\/2\/2020\/09\/golden-spiral1-300x169.jpg 300w, https:\/\/fs.kswe.ch\/mat\/wp-content\/uploads\/sites\/2\/2020\/09\/golden-spiral1-700x394.jpg 700w, https:\/\/fs.kswe.ch\/mat\/wp-content\/uploads\/sites\/2\/2020\/09\/golden-spiral1-732x412.jpg 732w\" sizes=\"(max-width: 761px) 100vw, 761px\" \/><\/a><\/div><div class=\"lvca-entry-text-wrap \"><h3 class=\"entry-title\"><a href=\"https:\/\/fs.kswe.ch\/mat\/akzentfach-mathematik-amat\/\" title=\"Akzentfach\"  rel=\"bookmark\">Akzentfach<\/a><\/h3><div class=\"entry-summary\">Pr\u00e4sentation der Infoabende Der Unterricht vermittelt eine vertiefte Zusatzbildung zum Grundlagenfach Mathematik. Er dient als Vorbereitung f\u00fcr das Schwerpunktfach Physik und Anwendungen der Mathematik und bringt aber auch Vorteile f\u00fcr Sch\u00fcler*innen, die sp\u00e4ter ein anderes Schwerpunktfach w\u00e4hlen. F\u00fcr wen ist das Fach geeignet? Das Akzentfach...<\/div><\/div><\/article><!-- .hentry --><\/div><div data-id=\"id-443\" class=\"lvca-grid-item lvca-portfolio-item  term-1\"><article id=\"post-443\" class=\"post-443 post type-post status-publish format-gallery has-post-thumbnail hentry category-allgemein post_format-post-format-gallery\"><div class=\"lvca-project-image\"><a href=\"https:\/\/fs.kswe.ch\/mat\/schwerpunktfach-mathematik-spam\/\" ><img decoding=\"async\" width=\"474\" height=\"266\" src=\"https:\/\/fs.kswe.ch\/mat\/wp-content\/uploads\/sites\/2\/2020\/09\/OIP.jpg\" class=\"attachment-blog_image_in_grid size-blog_image_in_grid wp-post-image\" alt=\"\" srcset=\"https:\/\/fs.kswe.ch\/mat\/wp-content\/uploads\/sites\/2\/2020\/09\/OIP.jpg 474w, https:\/\/fs.kswe.ch\/mat\/wp-content\/uploads\/sites\/2\/2020\/09\/OIP-300x168.jpg 300w\" sizes=\"(max-width: 474px) 100vw, 474px\" \/><\/a><\/div><div class=\"lvca-entry-text-wrap \"><h3 class=\"entry-title\"><a href=\"https:\/\/fs.kswe.ch\/mat\/schwerpunktfach-mathematik-spam\/\" title=\"Schwerpunktfach\"  rel=\"bookmark\">Schwerpunktfach<\/a><\/h3><div class=\"entry-summary\">Das Schwerpunktfach Physik und Anwendungen der Mathematik richtet sich an alle, die ihre Kompetenzen in den beiden F\u00e4chern vertiefen oder sp\u00e4ter Mathematik, Informatik, eine Natur- oder Ingenieurwissenschaft studieren m\u00f6chten. Empfohlene Vorbildung: Akzentfach Mathematik oder Freifach Mathematik in der 1. und 2. Klasse. F\u00fcr wen ist...<\/div><\/div><\/article><!-- .hentry --><\/div><div data-id=\"id-469\" class=\"lvca-grid-item lvca-portfolio-item  term-1\"><article id=\"post-469\" class=\"post-469 post type-post status-publish format-standard has-post-thumbnail hentry category-allgemein\"><div class=\"lvca-project-image\"><a href=\"https:\/\/fs.kswe.ch\/mat\/freifach-mathematik-2\/\" ><img loading=\"lazy\" decoding=\"async\" width=\"1100\" height=\"618\" src=\"https:\/\/fs.kswe.ch\/mat\/wp-content\/uploads\/sites\/2\/2021\/03\/GameTheory-content-1100x618.jpg\" class=\"attachment-blog_image_in_grid size-blog_image_in_grid wp-post-image\" alt=\"\" srcset=\"https:\/\/fs.kswe.ch\/mat\/wp-content\/uploads\/sites\/2\/2021\/03\/GameTheory-content-1100x618.jpg 1100w, https:\/\/fs.kswe.ch\/mat\/wp-content\/uploads\/sites\/2\/2021\/03\/GameTheory-content-300x169.jpg 300w, https:\/\/fs.kswe.ch\/mat\/wp-content\/uploads\/sites\/2\/2021\/03\/GameTheory-content-700x394.jpg 700w, https:\/\/fs.kswe.ch\/mat\/wp-content\/uploads\/sites\/2\/2021\/03\/GameTheory-content-768x432.jpg 768w, https:\/\/fs.kswe.ch\/mat\/wp-content\/uploads\/sites\/2\/2021\/03\/GameTheory-content-732x412.jpg 732w, https:\/\/fs.kswe.ch\/mat\/wp-content\/uploads\/sites\/2\/2021\/03\/GameTheory-content-1536x864.jpg 1536w, https:\/\/fs.kswe.ch\/mat\/wp-content\/uploads\/sites\/2\/2021\/03\/GameTheory-content.jpg 1560w\" sizes=\"(max-width: 1100px) 100vw, 1100px\" \/><\/a><\/div><div class=\"lvca-entry-text-wrap \"><h3 class=\"entry-title\"><a href=\"https:\/\/fs.kswe.ch\/mat\/freifach-mathematik-2\/\" title=\"Freifach\"  rel=\"bookmark\">Freifach<\/a><\/h3><div class=\"entry-summary\">Sie haben Spass an Mathematik? M\u00f6chten Sie wissen, wie Sie Nachrichten perfekt verschl\u00fcsseln k\u00f6nnen? M\u00f6chten Sie etwas erfahren \u00fcber das Geburtstagsproblem, das Unendliche oder Gruppenzugeh\u00f6rigkeit? In den ersten zwei Jahren des Gymnasiums kann das Freifach Mathematik besucht werden. Ausschreibung des Freifaches Mathematik &nbsp;<\/div><\/div><\/article><!-- .hentry --><\/div><div data-id=\"id-460\" class=\"lvca-grid-item lvca-portfolio-item  term-1\"><article id=\"post-460\" class=\"post-460 post type-post status-publish format-gallery has-post-thumbnail hentry category-allgemein post_format-post-format-gallery\"><div class=\"lvca-project-image\"><a href=\"https:\/\/fs.kswe.ch\/mat\/ergaenzungsfach-angewandte-mathematik-eanm\/\" ><img loading=\"lazy\" decoding=\"async\" width=\"818\" height=\"466\" src=\"https:\/\/fs.kswe.ch\/mat\/wp-content\/uploads\/sites\/2\/2018\/11\/eanm.jpg\" class=\"attachment-blog_image_in_grid size-blog_image_in_grid wp-post-image\" alt=\"\" srcset=\"https:\/\/fs.kswe.ch\/mat\/wp-content\/uploads\/sites\/2\/2018\/11\/eanm.jpg 818w, https:\/\/fs.kswe.ch\/mat\/wp-content\/uploads\/sites\/2\/2018\/11\/eanm-300x171.jpg 300w, https:\/\/fs.kswe.ch\/mat\/wp-content\/uploads\/sites\/2\/2018\/11\/eanm-768x438.jpg 768w, https:\/\/fs.kswe.ch\/mat\/wp-content\/uploads\/sites\/2\/2018\/11\/eanm-700x399.jpg 700w, https:\/\/fs.kswe.ch\/mat\/wp-content\/uploads\/sites\/2\/2018\/11\/eanm-732x417.jpg 732w, https:\/\/fs.kswe.ch\/mat\/wp-content\/uploads\/sites\/2\/2018\/11\/eanm-345x198.jpg 345w\" sizes=\"(max-width: 818px) 100vw, 818px\" \/><\/a><\/div><div class=\"lvca-entry-text-wrap \"><h3 class=\"entry-title\"><a href=\"https:\/\/fs.kswe.ch\/mat\/ergaenzungsfach-angewandte-mathematik-eanm\/\" title=\"Erg\u00e4nzungsfach\"  rel=\"bookmark\">Erg\u00e4nzungsfach<\/a><\/h3><div class=\"entry-summary\">Mathematik als Stolperstein? Das muss nicht sein! Ist es Architektur oder eher Psychologie? Werden Sie vielleicht Biologe oder Ingenieurin? Oder lieber etwas mit Sprachen? Oder doch \u00d6konomie? Was immer Sie studieren: Mathematik ist dabei. Wir erleichtern Ihnen den Einstieg, indem wir Themen, die am Anfang...<\/div><\/div><\/article><!-- .hentry --><\/div><div data-id=\"id-464\" class=\"lvca-grid-item lvca-portfolio-item  term-1\"><article id=\"post-464\" class=\"post-464 post type-post status-publish format-gallery has-post-thumbnail hentry category-allgemein post_format-post-format-gallery\"><div class=\"lvca-project-image\"><a href=\"https:\/\/fs.kswe.ch\/mat\/maturaarbeit-mathematik\/\" ><img loading=\"lazy\" decoding=\"async\" width=\"1100\" height=\"619\" src=\"https:\/\/fs.kswe.ch\/mat\/wp-content\/uploads\/sites\/2\/2019\/07\/DSC4208-1-1100x619.jpg\" class=\"attachment-blog_image_in_grid size-blog_image_in_grid wp-post-image\" alt=\"\" srcset=\"https:\/\/fs.kswe.ch\/mat\/wp-content\/uploads\/sites\/2\/2019\/07\/DSC4208-1-1100x619.jpg 1100w, https:\/\/fs.kswe.ch\/mat\/wp-content\/uploads\/sites\/2\/2019\/07\/DSC4208-1-300x169.jpg 300w, https:\/\/fs.kswe.ch\/mat\/wp-content\/uploads\/sites\/2\/2019\/07\/DSC4208-1-768x432.jpg 768w, https:\/\/fs.kswe.ch\/mat\/wp-content\/uploads\/sites\/2\/2019\/07\/DSC4208-1-700x394.jpg 700w, https:\/\/fs.kswe.ch\/mat\/wp-content\/uploads\/sites\/2\/2019\/07\/DSC4208-1-732x412.jpg 732w, https:\/\/fs.kswe.ch\/mat\/wp-content\/uploads\/sites\/2\/2019\/07\/DSC4208-1-1800x1013.jpg 1800w, https:\/\/fs.kswe.ch\/mat\/wp-content\/uploads\/sites\/2\/2019\/07\/DSC4208-1.jpg 2000w\" sizes=\"(max-width: 1100px) 100vw, 1100px\" \/><\/a><\/div><div class=\"lvca-entry-text-wrap \"><h3 class=\"entry-title\"><a href=\"https:\/\/fs.kswe.ch\/mat\/maturaarbeit-mathematik\/\" title=\"Maturaarbeit\"  rel=\"bookmark\">Maturaarbeit<\/a><\/h3><div class=\"entry-summary\">Es besteht die M\u00f6glichkeit, in Mathematik eine Maturaarbeit zu schreiben. H\u00e4ufig wird eine Kombination mit den F\u00e4chern Physik oder Informatik gemacht, es sind aber auch andere Kombinationen denkbar. Wenden Sie sich an Ihre Lehrperson, falls Sie sich f\u00fcr eine Maturaarbeit in diesem Bereich interessieren.<\/div><\/div><\/article><!-- .hentry --><\/div><div data-id=\"id-482\" class=\"lvca-grid-item lvca-portfolio-item  term-1\"><article id=\"post-482\" class=\"post-482 post type-post status-publish format-standard has-post-thumbnail hentry category-allgemein\"><div class=\"lvca-project-image\"><a href=\"https:\/\/fs.kswe.ch\/mat\/mathematik-olympiaden-smo-und-imo\/\" ><img loading=\"lazy\" decoding=\"async\" width=\"899\" height=\"507\" src=\"https:\/\/fs.kswe.ch\/mat\/wp-content\/uploads\/sites\/2\/2020\/09\/190944-131-7D082864.jpg\" class=\"attachment-blog_image_in_grid size-blog_image_in_grid wp-post-image\" alt=\"\" srcset=\"https:\/\/fs.kswe.ch\/mat\/wp-content\/uploads\/sites\/2\/2020\/09\/190944-131-7D082864.jpg 899w, https:\/\/fs.kswe.ch\/mat\/wp-content\/uploads\/sites\/2\/2020\/09\/190944-131-7D082864-300x169.jpg 300w, https:\/\/fs.kswe.ch\/mat\/wp-content\/uploads\/sites\/2\/2020\/09\/190944-131-7D082864-768x433.jpg 768w, https:\/\/fs.kswe.ch\/mat\/wp-content\/uploads\/sites\/2\/2020\/09\/190944-131-7D082864-700x395.jpg 700w, https:\/\/fs.kswe.ch\/mat\/wp-content\/uploads\/sites\/2\/2020\/09\/190944-131-7D082864-732x413.jpg 732w\" sizes=\"(max-width: 899px) 100vw, 899px\" \/><\/a><\/div><div class=\"lvca-entry-text-wrap \"><h3 class=\"entry-title\"><a href=\"https:\/\/fs.kswe.ch\/mat\/mathematik-olympiaden-smo-und-imo\/\" title=\"Mathematikolympiade\"  rel=\"bookmark\">Mathematikolympiade<\/a><\/h3><div class=\"entry-summary\">Die schweizerische Mathematikolympiade SMO findet jedes Jahr in der Schweiz statt und dient der Qualifikation f\u00fcr die internationale Mathematikolympiade IMO, welche jedes Jahr in einem anderen Land stattfindet. Auch an unserer Schule gibt es einen Vorbereitungskurs. Informationen zu der Schweizerischen Mathematikolympiade finden Sie hier. Informationen...<\/div><\/div><\/article><!-- .hentry --><\/div><div data-id=\"id-494\" class=\"lvca-grid-item lvca-portfolio-item  term-1\"><article id=\"post-494\" class=\"post-494 post type-post status-publish format-gallery has-post-thumbnail hentry category-allgemein post_format-post-format-gallery\"><div class=\"lvca-project-image\"><a href=\"https:\/\/fs.kswe.ch\/mat\/kaenguru-der-mathematik\/\" ><img loading=\"lazy\" decoding=\"async\" width=\"600\" height=\"337\" src=\"https:\/\/fs.kswe.ch\/mat\/wp-content\/uploads\/sites\/2\/2020\/09\/2011-Logo-neu_klein-antique.png\" class=\"attachment-blog_image_in_grid size-blog_image_in_grid wp-post-image\" alt=\"\" srcset=\"https:\/\/fs.kswe.ch\/mat\/wp-content\/uploads\/sites\/2\/2020\/09\/2011-Logo-neu_klein-antique.png 600w, https:\/\/fs.kswe.ch\/mat\/wp-content\/uploads\/sites\/2\/2020\/09\/2011-Logo-neu_klein-antique-300x169.png 300w\" sizes=\"(max-width: 600px) 100vw, 600px\" \/><\/a><\/div><div class=\"lvca-entry-text-wrap \"><h3 class=\"entry-title\"><a href=\"https:\/\/fs.kswe.ch\/mat\/kaenguru-der-mathematik\/\" title=\"K\u00e4nguru der Mathematik\"  rel=\"bookmark\">K\u00e4nguru der Mathematik<\/a><\/h3><div class=\"entry-summary\">Das K\u00e4nguru der Mathematik ist ein mathematischer Multiple-Choice-Wettbewerb f\u00fcr rund 6 Millionen Teilnehmende in vielen europ\u00e4ischen und aussereurop\u00e4ischen L\u00e4ndern. Es ist ein Wettbewerb, der einmal j\u00e4hrlich am dritten Donnerstag im M\u00e4rz in allen Teilnehmerl\u00e4ndern gleichzeitig stattfindet; er wird als Klausurwettbewerb an den Schulen geschrieben. Auch...<\/div><\/div><\/article><!-- .hentry --><\/div><div data-id=\"id-527\" class=\"lvca-grid-item lvca-portfolio-item  term-1\"><article id=\"post-527\" class=\"post-527 post type-post status-publish format-gallery has-post-thumbnail hentry category-allgemein post_format-post-format-gallery\"><div class=\"lvca-project-image\"><a href=\"https:\/\/fs.kswe.ch\/mat\/adventskalender-mathematik\/\" ><img loading=\"lazy\" decoding=\"async\" width=\"1100\" height=\"620\" src=\"https:\/\/fs.kswe.ch\/mat\/wp-content\/uploads\/sites\/2\/2020\/09\/wand-kalender-vorlage-2018-ausdrucken-free-printable-diy-interior-blog-6-min-1100x620.jpg\" class=\"attachment-blog_image_in_grid size-blog_image_in_grid wp-post-image\" alt=\"\" srcset=\"https:\/\/fs.kswe.ch\/mat\/wp-content\/uploads\/sites\/2\/2020\/09\/wand-kalender-vorlage-2018-ausdrucken-free-printable-diy-interior-blog-6-min-1100x620.jpg 1100w, https:\/\/fs.kswe.ch\/mat\/wp-content\/uploads\/sites\/2\/2020\/09\/wand-kalender-vorlage-2018-ausdrucken-free-printable-diy-interior-blog-6-min-300x169.jpg 300w, https:\/\/fs.kswe.ch\/mat\/wp-content\/uploads\/sites\/2\/2020\/09\/wand-kalender-vorlage-2018-ausdrucken-free-printable-diy-interior-blog-6-min-768x433.jpg 768w, https:\/\/fs.kswe.ch\/mat\/wp-content\/uploads\/sites\/2\/2020\/09\/wand-kalender-vorlage-2018-ausdrucken-free-printable-diy-interior-blog-6-min-700x394.jpg 700w, https:\/\/fs.kswe.ch\/mat\/wp-content\/uploads\/sites\/2\/2020\/09\/wand-kalender-vorlage-2018-ausdrucken-free-printable-diy-interior-blog-6-min-732x412.jpg 732w, https:\/\/fs.kswe.ch\/mat\/wp-content\/uploads\/sites\/2\/2020\/09\/wand-kalender-vorlage-2018-ausdrucken-free-printable-diy-interior-blog-6-min.jpg 1186w\" sizes=\"(max-width: 1100px) 100vw, 1100px\" \/><\/a><\/div><div class=\"lvca-entry-text-wrap \"><h3 class=\"entry-title\"><a href=\"https:\/\/fs.kswe.ch\/mat\/adventskalender-mathematik\/\" title=\"Adventskalender\"  rel=\"bookmark\">Adventskalender<\/a><\/h3><div class=\"entry-summary\">Zum vierten Mal wird die Adventszeit an der Kanti Wettingen dieses Jahr begleitet von einem mathematischen Adventskalender. Jeden Tag gibt es ein R\u00e4tsel zu l\u00f6sen. Die L\u00f6sungen k\u00f6nnen abgeben werden und unter den korrekten L\u00f6sungen wird jede Woche ein*e Gewinner*in ausgelost. Als Gewinn winkt pro...<\/div><\/div><\/article><!-- .hentry --><\/div><\/div><!-- .lvca-portfolio --><\/div><!-- .lvca-portfolio-wrap -->[\/vc_column][\/vc_row]<\/p>\n<\/div>","protected":false},"excerpt":{"rendered":"<p>[vc_row row_type=&#8220;row&#8220; use_row_as_full_screen_section=&#8220;no&#8220; type=&#8220;grid&#8220; text_align=&#8220;left&#8220; background_animation=&#8220;none&#8220; css_animation=&#8220;&#8220;][vc_column css=&#8220;.vc_custom_1601293030455{background-color: #ffffff !important;}&#8220;][\/vc_column][\/vc_row]<\/p>\n","protected":false},"author":1,"featured_media":0,"parent":0,"menu_order":0,"comment_status":"closed","ping_status":"closed","template":"","meta":{"footnotes":""},"class_list":["post-30","page","type-page","status-publish","hentry"],"_links":{"self":[{"href":"https:\/\/fs.kswe.ch\/mat\/wp-json\/wp\/v2\/pages\/30","targetHints":{"allow":["GET"]}}],"collection":[{"href":"https:\/\/fs.kswe.ch\/mat\/wp-json\/wp\/v2\/pages"}],"about":[{"href":"https:\/\/fs.kswe.ch\/mat\/wp-json\/wp\/v2\/types\/page"}],"author":[{"embeddable":true,"href":"https:\/\/fs.kswe.ch\/mat\/wp-json\/wp\/v2\/users\/1"}],"replies":[{"embeddable":true,"href":"https:\/\/fs.kswe.ch\/mat\/wp-json\/wp\/v2\/comments?post=30"}],"version-history":[{"count":72,"href":"https:\/\/fs.kswe.ch\/mat\/wp-json\/wp\/v2\/pages\/30\/revisions"}],"predecessor-version":[{"id":795,"href":"https:\/\/fs.kswe.ch\/mat\/wp-json\/wp\/v2\/pages\/30\/revisions\/795"}],"wp:attachment":[{"href":"https:\/\/fs.kswe.ch\/mat\/wp-json\/wp\/v2\/media?parent=30"}],"curies":[{"name":"wp","href":"https:\/\/api.w.org\/{rel}","templated":true}]}}