{"id":535,"date":"2019-04-24T12:56:36","date_gmt":"2019-04-24T10:56:36","guid":{"rendered":"https:\/\/fs.kswe.ch\/eng\/?page_id=535"},"modified":"2019-04-24T14:35:54","modified_gmt":"2019-04-24T12:35:54","slug":"sprachaufenthalte","status":"publish","type":"page","link":"https:\/\/fs.kswe.ch\/eng\/sprachaufenthalte\/","title":{"rendered":"Sprachaufenthalte"},"content":{"rendered":"<h1>Sprachaufenthalte<\/h1>\n<p>Sprachaufenthalte m\u00fcssen Sie selbst organisieren, wir unterst\u00fctzen sie aber dabei. Je nach Anbieter k\u00f6nnen Sie nach Kanada, Australien, Neuseeland, S\u00fcdafrika, &#8230; wherever you want to go.<\/p>\n<p><img fetchpriority=\"high\" decoding=\"async\" class=\"alignnone size-medium wp-image-493\" src=\"https:\/\/fs.kswe.ch\/eng\/wp-content\/uploads\/sites\/12\/2019\/03\/IMG_0757-225x300.jpg\" alt=\"\" width=\"225\" height=\"300\" srcset=\"https:\/\/fs.kswe.ch\/eng\/wp-content\/uploads\/sites\/12\/2019\/03\/IMG_0757-225x300.jpg 225w, https:\/\/fs.kswe.ch\/eng\/wp-content\/uploads\/sites\/12\/2019\/03\/IMG_0757-768x1024.jpg 768w, https:\/\/fs.kswe.ch\/eng\/wp-content\/uploads\/sites\/12\/2019\/03\/IMG_0757-700x933.jpg 700w, https:\/\/fs.kswe.ch\/eng\/wp-content\/uploads\/sites\/12\/2019\/03\/IMG_0757-1800x2400.jpg 1800w, https:\/\/fs.kswe.ch\/eng\/wp-content\/uploads\/sites\/12\/2019\/03\/IMG_0757-600x800.jpg 600w, https:\/\/fs.kswe.ch\/eng\/wp-content\/uploads\/sites\/12\/2019\/03\/IMG_0757-1100x1467.jpg 1100w\" sizes=\"(max-width: 225px) 100vw, 225px\" \/><\/p>\n<h3>Exkursionen und Studienreisen<\/h3>\n<p>W\u00e4hrend der Variowoche im September finden ab und zu Reisen in englischsprachige Gebiete statt. Das Ziel ist es, mit der englischen Sprache auch ausserhalb des Unterrichtes in Kontakt zu kommen und die erworbenen Sprachfertigkeiten anzuwenden und zu erweitern.<\/p>\n<h3><\/h3>\n<p>&nbsp;<\/p>\n","protected":false},"excerpt":{"rendered":"<p>Sprachaufenthalte Sprachaufenthalte m\u00fcssen Sie selbst organisieren, wir unterst\u00fctzen sie aber dabei. Je nach Anbieter k\u00f6nnen Sie nach Kanada, Australien, Neuseeland, S\u00fcdafrika, &#8230; wherever you want to go. Exkursionen und Studienreisen W\u00e4hrend der Variowoche im September finden ab und zu Reisen in englischsprachige Gebiete statt. Das&#8230;<\/p>\n","protected":false},"author":15,"featured_media":0,"parent":0,"menu_order":0,"comment_status":"closed","ping_status":"closed","template":"","meta":{"footnotes":""},"class_list":["post-535","page","type-page","status-publish","hentry"],"_links":{"self":[{"href":"https:\/\/fs.kswe.ch\/eng\/wp-json\/wp\/v2\/pages\/535","targetHints":{"allow":["GET"]}}],"collection":[{"href":"https:\/\/fs.kswe.ch\/eng\/wp-json\/wp\/v2\/pages"}],"about":[{"href":"https:\/\/fs.kswe.ch\/eng\/wp-json\/wp\/v2\/types\/page"}],"author":[{"embeddable":true,"href":"https:\/\/fs.kswe.ch\/eng\/wp-json\/wp\/v2\/users\/15"}],"replies":[{"embeddable":true,"href":"https:\/\/fs.kswe.ch\/eng\/wp-json\/wp\/v2\/comments?post=535"}],"version-history":[{"count":2,"href":"https:\/\/fs.kswe.ch\/eng\/wp-json\/wp\/v2\/pages\/535\/revisions"}],"predecessor-version":[{"id":551,"href":"https:\/\/fs.kswe.ch\/eng\/wp-json\/wp\/v2\/pages\/535\/revisions\/551"}],"wp:attachment":[{"href":"https:\/\/fs.kswe.ch\/eng\/wp-json\/wp\/v2\/media?parent=535"}],"curies":[{"name":"wp","href":"https:\/\/api.w.org\/{rel}","templated":true}]}}